{"id":453,"date":"2025-07-25T08:15:07","date_gmt":"2025-07-25T11:15:07","guid":{"rendered":"https:\/\/www.ufmg.br\/espacodoconhecimento\/novo\/?page_id=453"},"modified":"2025-07-25T08:22:20","modified_gmt":"2025-07-25T11:22:20","slug":"contato-e-imprensa","status":"publish","type":"page","link":"https:\/\/www.ufmg.br\/espacodoconhecimento\/contato-e-imprensa\/","title":{"rendered":"Contato e Imprensa"},"content":{"rendered":"\n<p><br><strong>Recep\u00e7\u00e3o:<\/strong>&nbsp;(31) 3409-8350<\/p>\n\n\n\n<div class=\"wp-block-group\"><div class=\"wp-block-group__inner-container is-layout-constrained wp-block-group-is-layout-constrained\">\n<p><em>(Atendimento de ter\u00e7a a domingo, de 10h \u00e0s 17h)<\/em><\/p>\n<\/div><\/div>\n\n\n\n<div style=\"height:35px\" aria-hidden=\"true\" class=\"wp-block-spacer\"><\/div>\n\n\n\n<p><strong>Agendamento de visitas em grupo:&nbsp;<\/strong>(31) 3409-8360<\/p>\n\n\n\n<p>E-mail: agendamento.conhecimento@gmail.com<\/p>\n\n\n\n<p><em>(Atendimento de ter\u00e7a a sexta, de 10h \u00e0s 16h)<\/em><\/p>\n\n\n\n<div style=\"height:35px\" aria-hidden=\"true\" class=\"wp-block-spacer\"><\/div>\n\n\n\n<h3 class=\"wp-block-heading\"><strong>Contato da Assessoria de Comunica\u00e7\u00e3o<\/strong><\/h3>\n\n\n\n<p><strong>Fernando Silva<\/strong><\/p>\n\n\n\n<p><em>(atendimento de ter\u00e7a a sexta, de 9h \u00e0s 15h)<\/em><\/p>\n\n\n\n<p>espacoufmg.comunicacao@gmail.com<\/p>\n\n\n\n<p>(31) 3409-8383<\/p>\n","protected":false},"excerpt":{"rendered":"<p>Recep\u00e7\u00e3o:&nbsp;(31) 3409-8350 (Atendimento de ter\u00e7a a domingo, de 10h \u00e0s 17h) Agendamento de visitas em grupo:&nbsp;(31) 3409-8360 E-mail: agendamento.conhecimento@gmail.com (Atendimento de ter\u00e7a a sexta, de 10h \u00e0s 16h) Contato da Assessoria de Comunica\u00e7\u00e3o Fernando Silva (atendimento de ter\u00e7a a sexta, de 9h \u00e0s 15h) espacoufmg.comunicacao@gmail.com (31) 3409-8383<\/p>\n","protected":false},"author":3,"featured_media":0,"parent":0,"menu_order":0,"comment_status":"closed","ping_status":"closed","template":"","meta":{"_acf_changed":false,"footnotes":""},"class_list":["post-453","page","type-page","status-publish","hentry"],"acf":[],"_links":{"self":[{"href":"https:\/\/www.ufmg.br\/espacodoconhecimento\/wp-json\/wp\/v2\/pages\/453"}],"collection":[{"href":"https:\/\/www.ufmg.br\/espacodoconhecimento\/wp-json\/wp\/v2\/pages"}],"about":[{"href":"https:\/\/www.ufmg.br\/espacodoconhecimento\/wp-json\/wp\/v2\/types\/page"}],"author":[{"embeddable":true,"href":"https:\/\/www.ufmg.br\/espacodoconhecimento\/wp-json\/wp\/v2\/users\/3"}],"replies":[{"embeddable":true,"href":"https:\/\/www.ufmg.br\/espacodoconhecimento\/wp-json\/wp\/v2\/comments?post=453"}],"version-history":[{"count":7,"href":"https:\/\/www.ufmg.br\/espacodoconhecimento\/wp-json\/wp\/v2\/pages\/453\/revisions"}],"predecessor-version":[{"id":463,"href":"https:\/\/www.ufmg.br\/espacodoconhecimento\/wp-json\/wp\/v2\/pages\/453\/revisions\/463"}],"wp:attachment":[{"href":"https:\/\/www.ufmg.br\/espacodoconhecimento\/wp-json\/wp\/v2\/media?parent=453"}],"curies":[{"name":"wp","href":"https:\/\/api.w.org\/{rel}","templated":true}]}}