{"id":7107,"date":"2025-11-28T11:56:14","date_gmt":"2025-11-28T14:56:14","guid":{"rendered":"https:\/\/www.ufmg.br\/espacodoconhecimento\/novo\/?page_id=7107"},"modified":"2025-11-28T13:04:56","modified_gmt":"2025-11-28T16:04:56","slug":"sol-nossa-estrela-viva","status":"publish","type":"page","link":"https:\/\/www.ufmg.br\/espacodoconhecimento\/planetario\/sinopses-planetario\/sol-nossa-estrela-viva\/","title":{"rendered":"Sol: Nossa Estrela Viva"},"content":{"rendered":"<figure class=\"wp-block-post-featured-image\"><img loading=\"lazy\" decoding=\"async\" width=\"1409\" height=\"548\" src=\"https:\/\/www.ufmg.br\/espacodoconhecimento\/wp-content\/uploads\/2025\/11\/Sol-Nossa-Estrela-3-1.jpg\" class=\"attachment-post-thumbnail size-post-thumbnail wp-post-image\" alt=\"\" style=\"object-fit:cover;\" srcset=\"https:\/\/www.ufmg.br\/espacodoconhecimento\/wp-content\/uploads\/2025\/11\/Sol-Nossa-Estrela-3-1.jpg 1409w, https:\/\/www.ufmg.br\/espacodoconhecimento\/wp-content\/uploads\/2025\/11\/Sol-Nossa-Estrela-3-1-300x117.jpg 300w, https:\/\/www.ufmg.br\/espacodoconhecimento\/wp-content\/uploads\/2025\/11\/Sol-Nossa-Estrela-3-1-1024x398.jpg 1024w, https:\/\/www.ufmg.br\/espacodoconhecimento\/wp-content\/uploads\/2025\/11\/Sol-Nossa-Estrela-3-1-768x299.jpg 768w\" sizes=\"(max-width: 1409px) 100vw, 1409px\" \/><\/figure>\n\n\n<div style=\"height:37px\" aria-hidden=\"true\" class=\"wp-block-spacer\"><\/div>\n\n\n\n<p>O Sol brilha sobre o nosso mundo h\u00e1 quatro bilh\u00f5es e meio de anos. Ele \u00e9 a estrela mais pr\u00f3xima de n\u00f3s e a fonte de energia do nosso planeta, que impulsiona os ventos, o clima e toda a vida na Terra. Descubra mais sobre a import\u00e2ncia e os principais segredos da nossa estrela nesta sess\u00e3o de planet\u00e1rio, atrav\u00e9s de uma experi\u00eancia imersiva e com imagens impressionantes da superf\u00edcie violenta do Sol.<\/p>\n\n\n\n<div style=\"height:37px\" aria-hidden=\"true\" class=\"wp-block-spacer\"><\/div>\n\n\n\n<p><strong>T\u00edtulo original:<\/strong>&nbsp;The Sun, Our Living Star<\/p>\n\n\n\n<p><strong>Dura\u00e7\u00e3o:<\/strong>&nbsp;25 min<\/p>\n\n\n\n<p><strong>Pa\u00eds de origem:<\/strong>&nbsp;Alemanha<\/p>\n\n\n\n<p><strong>Produtor:<\/strong>&nbsp;European Southern Observatory (ESO)<\/p>\n\n\n\n<p><strong>Diretor:&nbsp;<\/strong>Theofanis Matsopoulos<\/p>\n\n\n\n<p><strong>Ano:<\/strong>&nbsp;2018<\/p>\n\n\n\n<p><strong>Classifica\u00e7\u00e3o:<\/strong>&nbsp;Livre<\/p>\n\n\n\n<p><strong>Recomenda\u00e7\u00e3o:<\/strong>&nbsp;a partir de 12 anos de idade. S\u00e3o abordados conceitos e teorias que&nbsp;exigem abstra\u00e7\u00e3o<\/p>\n","protected":false},"excerpt":{"rendered":"<p>O Sol brilha sobre o nosso mundo h\u00e1 quatro bilh\u00f5es e meio de anos. Ele \u00e9 a estrela mais pr\u00f3xima de n\u00f3s e a fonte de energia do nosso planeta, que impulsiona os ventos, o clima e toda a vida na Terra. Descubra mais sobre a import\u00e2ncia e os principais segredos da nossa estrela nesta [&hellip;]<\/p>\n","protected":false},"author":3,"featured_media":7108,"parent":265,"menu_order":0,"comment_status":"closed","ping_status":"closed","template":"","meta":{"_acf_changed":false,"footnotes":""},"class_list":["post-7107","page","type-page","status-publish","has-post-thumbnail","hentry"],"acf":[],"_links":{"self":[{"href":"https:\/\/www.ufmg.br\/espacodoconhecimento\/wp-json\/wp\/v2\/pages\/7107"}],"collection":[{"href":"https:\/\/www.ufmg.br\/espacodoconhecimento\/wp-json\/wp\/v2\/pages"}],"about":[{"href":"https:\/\/www.ufmg.br\/espacodoconhecimento\/wp-json\/wp\/v2\/types\/page"}],"author":[{"embeddable":true,"href":"https:\/\/www.ufmg.br\/espacodoconhecimento\/wp-json\/wp\/v2\/users\/3"}],"replies":[{"embeddable":true,"href":"https:\/\/www.ufmg.br\/espacodoconhecimento\/wp-json\/wp\/v2\/comments?post=7107"}],"version-history":[{"count":2,"href":"https:\/\/www.ufmg.br\/espacodoconhecimento\/wp-json\/wp\/v2\/pages\/7107\/revisions"}],"predecessor-version":[{"id":7111,"href":"https:\/\/www.ufmg.br\/espacodoconhecimento\/wp-json\/wp\/v2\/pages\/7107\/revisions\/7111"}],"up":[{"embeddable":true,"href":"https:\/\/www.ufmg.br\/espacodoconhecimento\/wp-json\/wp\/v2\/pages\/265"}],"wp:featuredmedia":[{"embeddable":true,"href":"https:\/\/www.ufmg.br\/espacodoconhecimento\/wp-json\/wp\/v2\/media\/7108"}],"wp:attachment":[{"href":"https:\/\/www.ufmg.br\/espacodoconhecimento\/wp-json\/wp\/v2\/media?parent=7107"}],"curies":[{"name":"wp","href":"https:\/\/api.w.org\/{rel}","templated":true}]}}