{"id":7118,"date":"2025-11-28T12:54:55","date_gmt":"2025-11-28T15:54:55","guid":{"rendered":"https:\/\/www.ufmg.br\/espacodoconhecimento\/novo\/?page_id=7118"},"modified":"2025-11-28T13:12:04","modified_gmt":"2025-11-28T16:12:04","slug":"arqueoastronomia-maia-observadores-do-universo","status":"publish","type":"page","link":"https:\/\/www.ufmg.br\/espacodoconhecimento\/planetario\/sinopses-planetario\/arqueoastronomia-maia-observadores-do-universo\/","title":{"rendered":"Arqueoastronomia Maia &#8211; Observadores do Universo"},"content":{"rendered":"\n<div style=\"height:36px\" aria-hidden=\"true\" class=\"wp-block-spacer\"><\/div>\n\n\n<figure class=\"wp-block-post-featured-image\"><img loading=\"lazy\" decoding=\"async\" width=\"1280\" height=\"516\" src=\"https:\/\/www.ufmg.br\/espacodoconhecimento\/wp-content\/uploads\/2025\/11\/poster-1.jpg\" class=\"attachment-post-thumbnail size-post-thumbnail wp-post-image\" alt=\"\" style=\"object-fit:cover;\" srcset=\"https:\/\/www.ufmg.br\/espacodoconhecimento\/wp-content\/uploads\/2025\/11\/poster-1.jpg 1280w, https:\/\/www.ufmg.br\/espacodoconhecimento\/wp-content\/uploads\/2025\/11\/poster-1-300x121.jpg 300w, https:\/\/www.ufmg.br\/espacodoconhecimento\/wp-content\/uploads\/2025\/11\/poster-1-1024x413.jpg 1024w, https:\/\/www.ufmg.br\/espacodoconhecimento\/wp-content\/uploads\/2025\/11\/poster-1-768x310.jpg 768w\" sizes=\"(max-width: 1280px) 100vw, 1280px\" \/><\/figure>\n\n\n<div style=\"height:36px\" aria-hidden=\"true\" class=\"wp-block-spacer\"><\/div>\n\n\n\n<p>Em uma festa de cores e sons, a sess\u00e3o faz uma viagem por seis templos maias: San Gervasio, Chich\u00e9n Itz\u00e1, Uxmal, Edzn\u00e1, Palenque e Bonampak, nos quais o espectador mergulha em um mundo de conhecimento maia sobre a import\u00e2ncia das orienta\u00e7\u00f5es de seus templos em rela\u00e7\u00e3o ao movimento de alguns astros como o Sol, a Lua e V\u00eanus.<\/p>\n\n\n\n<div style=\"height:36px\" aria-hidden=\"true\" class=\"wp-block-spacer\"><\/div>\n\n\n\n<p><strong>Dura\u00e7\u00e3o:<\/strong> 20 min<br><strong>Classifica\u00e7\u00e3o:<\/strong>&nbsp;08 anos<br><strong>Produtor:<\/strong> Frutos Digitales<br><strong>Ano:<\/strong> 2017<\/p>\n","protected":false},"excerpt":{"rendered":"<p>Em uma festa de cores e sons, a sess\u00e3o faz uma viagem por seis templos maias: San Gervasio, Chich\u00e9n Itz\u00e1, Uxmal, Edzn\u00e1, Palenque e Bonampak, nos quais o espectador mergulha em um mundo de conhecimento maia sobre a import\u00e2ncia das orienta\u00e7\u00f5es de seus templos em rela\u00e7\u00e3o ao movimento de alguns astros como o Sol, a [&hellip;]<\/p>\n","protected":false},"author":3,"featured_media":7119,"parent":265,"menu_order":0,"comment_status":"closed","ping_status":"closed","template":"","meta":{"_acf_changed":false,"footnotes":""},"class_list":["post-7118","page","type-page","status-publish","has-post-thumbnail","hentry"],"acf":[],"_links":{"self":[{"href":"https:\/\/www.ufmg.br\/espacodoconhecimento\/wp-json\/wp\/v2\/pages\/7118"}],"collection":[{"href":"https:\/\/www.ufmg.br\/espacodoconhecimento\/wp-json\/wp\/v2\/pages"}],"about":[{"href":"https:\/\/www.ufmg.br\/espacodoconhecimento\/wp-json\/wp\/v2\/types\/page"}],"author":[{"embeddable":true,"href":"https:\/\/www.ufmg.br\/espacodoconhecimento\/wp-json\/wp\/v2\/users\/3"}],"replies":[{"embeddable":true,"href":"https:\/\/www.ufmg.br\/espacodoconhecimento\/wp-json\/wp\/v2\/comments?post=7118"}],"version-history":[{"count":1,"href":"https:\/\/www.ufmg.br\/espacodoconhecimento\/wp-json\/wp\/v2\/pages\/7118\/revisions"}],"predecessor-version":[{"id":7120,"href":"https:\/\/www.ufmg.br\/espacodoconhecimento\/wp-json\/wp\/v2\/pages\/7118\/revisions\/7120"}],"up":[{"embeddable":true,"href":"https:\/\/www.ufmg.br\/espacodoconhecimento\/wp-json\/wp\/v2\/pages\/265"}],"wp:featuredmedia":[{"embeddable":true,"href":"https:\/\/www.ufmg.br\/espacodoconhecimento\/wp-json\/wp\/v2\/media\/7119"}],"wp:attachment":[{"href":"https:\/\/www.ufmg.br\/espacodoconhecimento\/wp-json\/wp\/v2\/media?parent=7118"}],"curies":[{"name":"wp","href":"https:\/\/api.w.org\/{rel}","templated":true}]}}