{"id":7124,"date":"2025-11-28T13:11:10","date_gmt":"2025-11-28T16:11:10","guid":{"rendered":"https:\/\/www.ufmg.br\/espacodoconhecimento\/novo\/?page_id=7124"},"modified":"2025-12-02T12:05:58","modified_gmt":"2025-12-02T15:05:58","slug":"dois-pedacinhos-de-vidro-2","status":"publish","type":"page","link":"https:\/\/www.ufmg.br\/espacodoconhecimento\/planetario\/sinopses-planetario\/dois-pedacinhos-de-vidro-2\/","title":{"rendered":"Dois Pedacinhos de Vidro"},"content":{"rendered":"\n<div style=\"height:36px\" aria-hidden=\"true\" class=\"wp-block-spacer\"><\/div>\n\n\n<figure class=\"wp-block-post-featured-image\"><img loading=\"lazy\" decoding=\"async\" width=\"1920\" height=\"775\" src=\"https:\/\/www.ufmg.br\/espacodoconhecimento\/wp-content\/uploads\/2025\/11\/Dois-pedacinhos-de-vidro-1.jpg\" class=\"attachment-post-thumbnail size-post-thumbnail wp-post-image\" alt=\"\" style=\"object-fit:cover;\" srcset=\"https:\/\/www.ufmg.br\/espacodoconhecimento\/wp-content\/uploads\/2025\/11\/Dois-pedacinhos-de-vidro-1.jpg 1920w, https:\/\/www.ufmg.br\/espacodoconhecimento\/wp-content\/uploads\/2025\/11\/Dois-pedacinhos-de-vidro-1-300x121.jpg 300w, https:\/\/www.ufmg.br\/espacodoconhecimento\/wp-content\/uploads\/2025\/11\/Dois-pedacinhos-de-vidro-1-1024x413.jpg 1024w, https:\/\/www.ufmg.br\/espacodoconhecimento\/wp-content\/uploads\/2025\/11\/Dois-pedacinhos-de-vidro-1-768x310.jpg 768w, https:\/\/www.ufmg.br\/espacodoconhecimento\/wp-content\/uploads\/2025\/11\/Dois-pedacinhos-de-vidro-1-1536x620.jpg 1536w\" sizes=\"(max-width: 1920px) 100vw, 1920px\" \/><\/figure>\n\n\n<div style=\"height:36px\" aria-hidden=\"true\" class=\"wp-block-spacer\"><\/div>\n\n\n\n<p>A partir de uma noite de observa\u00e7\u00e3o astron\u00f4mica, o filme conta a hist\u00f3ria do telesc\u00f3pio, desde a luneta de Galileu at\u00e9 os modernos instrumentos de observa\u00e7\u00e3o astron\u00f4micos. S\u00e3o apresentados os diversos tipos de telesc\u00f3pios, a partir do funcionamento e da observa\u00e7\u00e3o que cada um permite, sempre destacando a import\u00e2ncia deles para o conhecimento que temos do Universo hoje.<\/p>\n\n\n\n<div style=\"height:36px\" aria-hidden=\"true\" class=\"wp-block-spacer\"><\/div>\n\n\n\n<p><strong>T\u00edtulo original:<\/strong>\u00a0Two Small Pieces of Glass<\/p>\n\n\n\n<p><strong>Dura\u00e7\u00e3o:<\/strong>\u00a030 minutos<br><\/p>\n\n\n\n<p><strong>Pa\u00eds de origem:<\/strong>\u00a0Estados Unidos<br><\/p>\n\n\n\n<p><strong>Produ\u00e7\u00e3o:<\/strong>\u00a0Imiloa Astronomy Center,\u00a0Buhl Planetarium at the Carnegie Science Center\u00a0e\u00a0Interstellar Studios<br><\/p>\n\n\n\n<p><strong>Ano:<\/strong>2009<br><\/p>\n\n\n\n<p><strong>Classifica\u00e7\u00e3o<\/strong>: livre<br><\/p>\n\n\n\n<p><strong>Recomenda\u00e7\u00e3o<\/strong>: a partir de 12 anos de idade. S\u00e3o abordados conceitos e teorias\u00a0que exigem abstra\u00e7\u00e3o.<\/p>\n","protected":false},"excerpt":{"rendered":"<p>A partir de uma noite de observa\u00e7\u00e3o astron\u00f4mica, o filme conta a hist\u00f3ria do telesc\u00f3pio, desde a luneta de Galileu at\u00e9 os modernos instrumentos de observa\u00e7\u00e3o astron\u00f4micos. S\u00e3o apresentados os diversos tipos de telesc\u00f3pios, a partir do funcionamento e da observa\u00e7\u00e3o que cada um permite, sempre destacando a import\u00e2ncia deles para o conhecimento que temos [&hellip;]<\/p>\n","protected":false},"author":3,"featured_media":7125,"parent":265,"menu_order":0,"comment_status":"closed","ping_status":"closed","template":"","meta":{"_acf_changed":false,"footnotes":""},"class_list":["post-7124","page","type-page","status-publish","has-post-thumbnail","hentry"],"acf":[],"_links":{"self":[{"href":"https:\/\/www.ufmg.br\/espacodoconhecimento\/wp-json\/wp\/v2\/pages\/7124"}],"collection":[{"href":"https:\/\/www.ufmg.br\/espacodoconhecimento\/wp-json\/wp\/v2\/pages"}],"about":[{"href":"https:\/\/www.ufmg.br\/espacodoconhecimento\/wp-json\/wp\/v2\/types\/page"}],"author":[{"embeddable":true,"href":"https:\/\/www.ufmg.br\/espacodoconhecimento\/wp-json\/wp\/v2\/users\/3"}],"replies":[{"embeddable":true,"href":"https:\/\/www.ufmg.br\/espacodoconhecimento\/wp-json\/wp\/v2\/comments?post=7124"}],"version-history":[{"count":2,"href":"https:\/\/www.ufmg.br\/espacodoconhecimento\/wp-json\/wp\/v2\/pages\/7124\/revisions"}],"predecessor-version":[{"id":7291,"href":"https:\/\/www.ufmg.br\/espacodoconhecimento\/wp-json\/wp\/v2\/pages\/7124\/revisions\/7291"}],"up":[{"embeddable":true,"href":"https:\/\/www.ufmg.br\/espacodoconhecimento\/wp-json\/wp\/v2\/pages\/265"}],"wp:featuredmedia":[{"embeddable":true,"href":"https:\/\/www.ufmg.br\/espacodoconhecimento\/wp-json\/wp\/v2\/media\/7125"}],"wp:attachment":[{"href":"https:\/\/www.ufmg.br\/espacodoconhecimento\/wp-json\/wp\/v2\/media?parent=7124"}],"curies":[{"name":"wp","href":"https:\/\/api.w.org\/{rel}","templated":true}]}}