{"id":7133,"date":"2025-11-28T13:33:14","date_gmt":"2025-11-28T16:33:14","guid":{"rendered":"https:\/\/www.ufmg.br\/espacodoconhecimento\/novo\/?page_id=7133"},"modified":"2025-12-16T15:54:23","modified_gmt":"2025-12-16T18:54:23","slug":"era-uma-vez-no-ceu-andromeda-e-perseu-sessao-comentada","status":"publish","type":"page","link":"https:\/\/www.ufmg.br\/espacodoconhecimento\/planetario\/sinopses-planetario\/era-uma-vez-no-ceu-andromeda-e-perseu-sessao-comentada\/","title":{"rendered":"Era Uma Vez no C\u00e9u: Andr\u00f4meda e Perseu (sess\u00e3o comentada)"},"content":{"rendered":"\n<div style=\"height:36px\" aria-hidden=\"true\" class=\"wp-block-spacer\"><\/div>\n\n\n<figure class=\"wp-block-post-featured-image\"><img loading=\"lazy\" decoding=\"async\" width=\"2048\" height=\"824\" src=\"https:\/\/www.ufmg.br\/espacodoconhecimento\/wp-content\/uploads\/2025\/11\/Era-Uma-Vez-no-Ceu-Andromeda-e-Perseu-Creditos-Fernando-Silva.png\" class=\"attachment-post-thumbnail size-post-thumbnail wp-post-image\" alt=\"\" style=\"object-fit:cover;\" srcset=\"https:\/\/www.ufmg.br\/espacodoconhecimento\/wp-content\/uploads\/2025\/11\/Era-Uma-Vez-no-Ceu-Andromeda-e-Perseu-Creditos-Fernando-Silva.png 2048w, https:\/\/www.ufmg.br\/espacodoconhecimento\/wp-content\/uploads\/2025\/11\/Era-Uma-Vez-no-Ceu-Andromeda-e-Perseu-Creditos-Fernando-Silva-300x121.png 300w, https:\/\/www.ufmg.br\/espacodoconhecimento\/wp-content\/uploads\/2025\/11\/Era-Uma-Vez-no-Ceu-Andromeda-e-Perseu-Creditos-Fernando-Silva-1024x412.png 1024w, https:\/\/www.ufmg.br\/espacodoconhecimento\/wp-content\/uploads\/2025\/11\/Era-Uma-Vez-no-Ceu-Andromeda-e-Perseu-Creditos-Fernando-Silva-768x309.png 768w, https:\/\/www.ufmg.br\/espacodoconhecimento\/wp-content\/uploads\/2025\/11\/Era-Uma-Vez-no-Ceu-Andromeda-e-Perseu-Creditos-Fernando-Silva-1536x618.png 1536w\" sizes=\"(max-width: 2048px) 100vw, 2048px\" \/><\/figure>\n\n\n<div style=\"height:36px\" aria-hidden=\"true\" class=\"wp-block-spacer\"><\/div>\n\n\n\n<p>Sess\u00e3o direcionada ao p\u00fablico infantil, com conta\u00e7\u00e3o da hist\u00f3ria da princesa Andr\u00f4meda e do her\u00f3i Perseu a partir de constela\u00e7\u00f5es que podem ser reconhecidas no c\u00e9u noturno. Al\u00e9m disso, os planetas do Sistema Solar ser\u00e3o identificados da maneira como s\u00e3o vistos a olho nu da superf\u00edcie terrestre, com a apresenta\u00e7\u00e3o de algumas curiosidades sobre eles.<\/p>\n\n\n\n<div style=\"height:36px\" aria-hidden=\"true\" class=\"wp-block-spacer\"><\/div>\n\n\n\n<p><strong>Dura\u00e7\u00e3o: <\/strong>Aproximadamente 30 min<strong><br>Classifica\u00e7\u00e3o<\/strong>: livre<\/p>\n","protected":false},"excerpt":{"rendered":"<p>Sess\u00e3o direcionada ao p\u00fablico infantil, com conta\u00e7\u00e3o da hist\u00f3ria da princesa Andr\u00f4meda e do her\u00f3i Perseu a partir de constela\u00e7\u00f5es que podem ser reconhecidas no c\u00e9u noturno. Al\u00e9m disso, os planetas do Sistema Solar ser\u00e3o identificados da maneira como s\u00e3o vistos a olho nu da superf\u00edcie terrestre, com a apresenta\u00e7\u00e3o de algumas curiosidades sobre eles. [&hellip;]<\/p>\n","protected":false},"author":3,"featured_media":7134,"parent":265,"menu_order":0,"comment_status":"closed","ping_status":"closed","template":"","meta":{"_acf_changed":false,"footnotes":""},"class_list":["post-7133","page","type-page","status-publish","has-post-thumbnail","hentry"],"acf":[],"_links":{"self":[{"href":"https:\/\/www.ufmg.br\/espacodoconhecimento\/wp-json\/wp\/v2\/pages\/7133"}],"collection":[{"href":"https:\/\/www.ufmg.br\/espacodoconhecimento\/wp-json\/wp\/v2\/pages"}],"about":[{"href":"https:\/\/www.ufmg.br\/espacodoconhecimento\/wp-json\/wp\/v2\/types\/page"}],"author":[{"embeddable":true,"href":"https:\/\/www.ufmg.br\/espacodoconhecimento\/wp-json\/wp\/v2\/users\/3"}],"replies":[{"embeddable":true,"href":"https:\/\/www.ufmg.br\/espacodoconhecimento\/wp-json\/wp\/v2\/comments?post=7133"}],"version-history":[{"count":3,"href":"https:\/\/www.ufmg.br\/espacodoconhecimento\/wp-json\/wp\/v2\/pages\/7133\/revisions"}],"predecessor-version":[{"id":7809,"href":"https:\/\/www.ufmg.br\/espacodoconhecimento\/wp-json\/wp\/v2\/pages\/7133\/revisions\/7809"}],"up":[{"embeddable":true,"href":"https:\/\/www.ufmg.br\/espacodoconhecimento\/wp-json\/wp\/v2\/pages\/265"}],"wp:featuredmedia":[{"embeddable":true,"href":"https:\/\/www.ufmg.br\/espacodoconhecimento\/wp-json\/wp\/v2\/media\/7134"}],"wp:attachment":[{"href":"https:\/\/www.ufmg.br\/espacodoconhecimento\/wp-json\/wp\/v2\/media?parent=7133"}],"curies":[{"name":"wp","href":"https:\/\/api.w.org\/{rel}","templated":true}]}}