{"id":7247,"date":"2025-12-02T10:44:06","date_gmt":"2025-12-02T13:44:06","guid":{"rendered":"https:\/\/www.ufmg.br\/espacodoconhecimento\/?page_id=7247"},"modified":"2025-12-02T12:29:26","modified_gmt":"2025-12-02T15:29:26","slug":"perdendo-o-ceu-escuro-sessao-comentada","status":"publish","type":"page","link":"https:\/\/www.ufmg.br\/espacodoconhecimento\/planetario\/sinopses-planetario\/perdendo-o-ceu-escuro-sessao-comentada\/","title":{"rendered":"Perdendo o C\u00e9u Escuro"},"content":{"rendered":"\n<figure class=\"wp-block-image size-full\"><img loading=\"lazy\" decoding=\"async\" width=\"768\" height=\"310\" src=\"https:\/\/www.ufmg.br\/espacodoconhecimento\/wp-content\/uploads\/2025\/12\/IMG_3543-2-768x310-1.jpg\" alt=\"\" class=\"wp-image-7248\" srcset=\"https:\/\/www.ufmg.br\/espacodoconhecimento\/wp-content\/uploads\/2025\/12\/IMG_3543-2-768x310-1.jpg 768w, https:\/\/www.ufmg.br\/espacodoconhecimento\/wp-content\/uploads\/2025\/12\/IMG_3543-2-768x310-1-300x121.jpg 300w\" sizes=\"(max-width: 768px) 100vw, 768px\" \/><\/figure>\n\n\n\n<div style=\"height:36px\" aria-hidden=\"true\" class=\"wp-block-spacer\"><\/div>\n\n\n\n<p>Esta sess\u00e3o aborda a perda de visibilidade da luz das estrelas, devido \u00e0 polui\u00e7\u00e3o luminosa presente nos grandes centros urbanos, al\u00e9m de mostrar exemplos de objetos celestes que conseguimos identificar apenas em locais sem nenhuma ilumina\u00e7\u00e3o artificial.<\/p>\n\n\n\n<div style=\"height:36px\" aria-hidden=\"true\" class=\"wp-block-spacer\"><\/div>\n\n\n\n<p><strong>Dura\u00e7\u00e3o<\/strong>: Aproximadamente 30 min<\/p>\n\n\n\n<p><strong>Classifica\u00e7\u00e3o<\/strong>: livre<\/p>\n\n\n\n<p><strong>Recomenda\u00e7\u00e3o<\/strong>:&nbsp;a partir de 12 anos de idade. S\u00e3o abordados conceitos e teorias que exigem abstra\u00e7\u00e3o.<\/p>\n\n\n\n<div style=\"height:36px\" aria-hidden=\"true\" class=\"wp-block-spacer\"><\/div>\n","protected":false},"excerpt":{"rendered":"<p>Esta sess\u00e3o aborda a perda de visibilidade da luz das estrelas, devido \u00e0 polui\u00e7\u00e3o luminosa presente nos grandes centros urbanos, al\u00e9m de mostrar exemplos de objetos celestes que conseguimos identificar apenas em locais sem nenhuma ilumina\u00e7\u00e3o artificial. Dura\u00e7\u00e3o: Aproximadamente 30 min Classifica\u00e7\u00e3o: livre Recomenda\u00e7\u00e3o:&nbsp;a partir de 12 anos de idade. S\u00e3o abordados conceitos e teorias [&hellip;]<\/p>\n","protected":false},"author":3,"featured_media":0,"parent":265,"menu_order":0,"comment_status":"closed","ping_status":"closed","template":"","meta":{"_acf_changed":false,"footnotes":""},"class_list":["post-7247","page","type-page","status-publish","hentry"],"acf":[],"_links":{"self":[{"href":"https:\/\/www.ufmg.br\/espacodoconhecimento\/wp-json\/wp\/v2\/pages\/7247"}],"collection":[{"href":"https:\/\/www.ufmg.br\/espacodoconhecimento\/wp-json\/wp\/v2\/pages"}],"about":[{"href":"https:\/\/www.ufmg.br\/espacodoconhecimento\/wp-json\/wp\/v2\/types\/page"}],"author":[{"embeddable":true,"href":"https:\/\/www.ufmg.br\/espacodoconhecimento\/wp-json\/wp\/v2\/users\/3"}],"replies":[{"embeddable":true,"href":"https:\/\/www.ufmg.br\/espacodoconhecimento\/wp-json\/wp\/v2\/comments?post=7247"}],"version-history":[{"count":2,"href":"https:\/\/www.ufmg.br\/espacodoconhecimento\/wp-json\/wp\/v2\/pages\/7247\/revisions"}],"predecessor-version":[{"id":7315,"href":"https:\/\/www.ufmg.br\/espacodoconhecimento\/wp-json\/wp\/v2\/pages\/7247\/revisions\/7315"}],"up":[{"embeddable":true,"href":"https:\/\/www.ufmg.br\/espacodoconhecimento\/wp-json\/wp\/v2\/pages\/265"}],"wp:attachment":[{"href":"https:\/\/www.ufmg.br\/espacodoconhecimento\/wp-json\/wp\/v2\/media?parent=7247"}],"curies":[{"name":"wp","href":"https:\/\/api.w.org\/{rel}","templated":true}]}}