{"id":7254,"date":"2025-12-02T10:49:48","date_gmt":"2025-12-02T13:49:48","guid":{"rendered":"https:\/\/www.ufmg.br\/espacodoconhecimento\/?page_id=7254"},"modified":"2025-12-02T10:49:48","modified_gmt":"2025-12-02T13:49:48","slug":"marcacoes-do-tempo","status":"publish","type":"page","link":"https:\/\/www.ufmg.br\/espacodoconhecimento\/planetario\/sinopses-planetario\/marcacoes-do-tempo\/","title":{"rendered":"\u00a0Marca\u00e7\u00f5es do Tempo"},"content":{"rendered":"<figure class=\"wp-block-post-featured-image\"><img loading=\"lazy\" decoding=\"async\" width=\"768\" height=\"310\" src=\"https:\/\/www.ufmg.br\/espacodoconhecimento\/wp-content\/uploads\/2025\/12\/IMG_3563-2-768x310-1.jpg\" class=\"attachment-post-thumbnail size-post-thumbnail wp-post-image\" alt=\"\" style=\"object-fit:cover;\" srcset=\"https:\/\/www.ufmg.br\/espacodoconhecimento\/wp-content\/uploads\/2025\/12\/IMG_3563-2-768x310-1.jpg 768w, https:\/\/www.ufmg.br\/espacodoconhecimento\/wp-content\/uploads\/2025\/12\/IMG_3563-2-768x310-1-300x121.jpg 300w\" sizes=\"(max-width: 768px) 100vw, 768px\" \/><\/figure>\n\n\n<div style=\"height:36px\" aria-hidden=\"true\" class=\"wp-block-spacer\"><\/div>\n\n\n\n<p>Os espectadores s\u00e3o levados a uma viagem ao Sol, onde conhecem os solst\u00edcios e as diferentes posi\u00e7\u00f5es do Astro-Rei durante o ano. A sess\u00e3o tamb\u00e9m aborda a forma como algumas culturas observam as constela\u00e7\u00f5es em diferentes per\u00edodos da hist\u00f3ria da humanidade.<\/p>\n\n\n\n<div style=\"height:36px\" aria-hidden=\"true\" class=\"wp-block-spacer\"><\/div>\n\n\n\n<p><strong>Dura\u00e7\u00e3o:&nbsp;<\/strong>30 min<strong><br>Classifica\u00e7\u00e3o:<\/strong>&nbsp;livre<\/p>\n","protected":false},"excerpt":{"rendered":"<p>Os espectadores s\u00e3o levados a uma viagem ao Sol, onde conhecem os solst\u00edcios e as diferentes posi\u00e7\u00f5es do Astro-Rei durante o ano. A sess\u00e3o tamb\u00e9m aborda a forma como algumas culturas observam as constela\u00e7\u00f5es em diferentes per\u00edodos da hist\u00f3ria da humanidade. Dura\u00e7\u00e3o:&nbsp;30 minClassifica\u00e7\u00e3o:&nbsp;livre<\/p>\n","protected":false},"author":3,"featured_media":7256,"parent":265,"menu_order":0,"comment_status":"closed","ping_status":"closed","template":"","meta":{"_acf_changed":false,"footnotes":""},"class_list":["post-7254","page","type-page","status-publish","has-post-thumbnail","hentry"],"acf":[],"_links":{"self":[{"href":"https:\/\/www.ufmg.br\/espacodoconhecimento\/wp-json\/wp\/v2\/pages\/7254"}],"collection":[{"href":"https:\/\/www.ufmg.br\/espacodoconhecimento\/wp-json\/wp\/v2\/pages"}],"about":[{"href":"https:\/\/www.ufmg.br\/espacodoconhecimento\/wp-json\/wp\/v2\/types\/page"}],"author":[{"embeddable":true,"href":"https:\/\/www.ufmg.br\/espacodoconhecimento\/wp-json\/wp\/v2\/users\/3"}],"replies":[{"embeddable":true,"href":"https:\/\/www.ufmg.br\/espacodoconhecimento\/wp-json\/wp\/v2\/comments?post=7254"}],"version-history":[{"count":1,"href":"https:\/\/www.ufmg.br\/espacodoconhecimento\/wp-json\/wp\/v2\/pages\/7254\/revisions"}],"predecessor-version":[{"id":7257,"href":"https:\/\/www.ufmg.br\/espacodoconhecimento\/wp-json\/wp\/v2\/pages\/7254\/revisions\/7257"}],"up":[{"embeddable":true,"href":"https:\/\/www.ufmg.br\/espacodoconhecimento\/wp-json\/wp\/v2\/pages\/265"}],"wp:featuredmedia":[{"embeddable":true,"href":"https:\/\/www.ufmg.br\/espacodoconhecimento\/wp-json\/wp\/v2\/media\/7256"}],"wp:attachment":[{"href":"https:\/\/www.ufmg.br\/espacodoconhecimento\/wp-json\/wp\/v2\/media?parent=7254"}],"curies":[{"name":"wp","href":"https:\/\/api.w.org\/{rel}","templated":true}]}}