{"id":7258,"date":"2025-12-02T10:53:47","date_gmt":"2025-12-02T13:53:47","guid":{"rendered":"https:\/\/www.ufmg.br\/espacodoconhecimento\/?page_id=7258"},"modified":"2025-12-02T10:53:47","modified_gmt":"2025-12-02T13:53:47","slug":"inconfidencias","status":"publish","type":"page","link":"https:\/\/www.ufmg.br\/espacodoconhecimento\/planetario\/sinopses-planetario\/inconfidencias\/","title":{"rendered":"Inconfid\u00eancias"},"content":{"rendered":"<figure class=\"wp-block-post-featured-image\"><img loading=\"lazy\" decoding=\"async\" width=\"768\" height=\"309\" src=\"https:\/\/www.ufmg.br\/espacodoconhecimento\/wp-content\/uploads\/2025\/12\/capa-programacao-1-768x309-1.png\" class=\"attachment-post-thumbnail size-post-thumbnail wp-post-image\" alt=\"\" style=\"object-fit:cover;\" srcset=\"https:\/\/www.ufmg.br\/espacodoconhecimento\/wp-content\/uploads\/2025\/12\/capa-programacao-1-768x309-1.png 768w, https:\/\/www.ufmg.br\/espacodoconhecimento\/wp-content\/uploads\/2025\/12\/capa-programacao-1-768x309-1-300x121.png 300w\" sizes=\"(max-width: 768px) 100vw, 768px\" \/><\/figure>\n\n\n<div style=\"height:36px\" aria-hidden=\"true\" class=\"wp-block-spacer\"><\/div>\n\n\n\n<p>Inconfid\u00eancias prop\u00f5e uma reflex\u00e3o sobre a atividade mineradora no estado de Minas Gerais e seus impactos ao longo dos anos. O filme, produzido em formato fulldome, impulsiona discuss\u00f5es que contemplam uma mobiliza\u00e7\u00e3o global de sensibiliza\u00e7\u00e3o e a\u00e7\u00e3o para os desafios ambientais da atualidade.<\/p>\n\n\n\n<div style=\"height:36px\" aria-hidden=\"true\" class=\"wp-block-spacer\"><\/div>\n\n\n\n<p><strong>Dura\u00e7\u00e3o<\/strong>: 41 min<br><strong>Classifica\u00e7\u00e3o<\/strong>: 12 anos<br><strong>Produtor<\/strong>: N\u00facleo de Audiovisual do Espa\u00e7o do Conhecimento UFMG<br><strong>Ano<\/strong>: 2020<\/p>\n","protected":false},"excerpt":{"rendered":"<p>Inconfid\u00eancias prop\u00f5e uma reflex\u00e3o sobre a atividade mineradora no estado de Minas Gerais e seus impactos ao longo dos anos. O filme, produzido em formato fulldome, impulsiona discuss\u00f5es que contemplam uma mobiliza\u00e7\u00e3o global de sensibiliza\u00e7\u00e3o e a\u00e7\u00e3o para os desafios ambientais da atualidade. Dura\u00e7\u00e3o: 41 minClassifica\u00e7\u00e3o: 12 anosProdutor: N\u00facleo de Audiovisual do Espa\u00e7o do Conhecimento [&hellip;]<\/p>\n","protected":false},"author":3,"featured_media":7259,"parent":265,"menu_order":0,"comment_status":"closed","ping_status":"closed","template":"","meta":{"_acf_changed":false,"footnotes":""},"class_list":["post-7258","page","type-page","status-publish","has-post-thumbnail","hentry"],"acf":[],"_links":{"self":[{"href":"https:\/\/www.ufmg.br\/espacodoconhecimento\/wp-json\/wp\/v2\/pages\/7258"}],"collection":[{"href":"https:\/\/www.ufmg.br\/espacodoconhecimento\/wp-json\/wp\/v2\/pages"}],"about":[{"href":"https:\/\/www.ufmg.br\/espacodoconhecimento\/wp-json\/wp\/v2\/types\/page"}],"author":[{"embeddable":true,"href":"https:\/\/www.ufmg.br\/espacodoconhecimento\/wp-json\/wp\/v2\/users\/3"}],"replies":[{"embeddable":true,"href":"https:\/\/www.ufmg.br\/espacodoconhecimento\/wp-json\/wp\/v2\/comments?post=7258"}],"version-history":[{"count":1,"href":"https:\/\/www.ufmg.br\/espacodoconhecimento\/wp-json\/wp\/v2\/pages\/7258\/revisions"}],"predecessor-version":[{"id":7260,"href":"https:\/\/www.ufmg.br\/espacodoconhecimento\/wp-json\/wp\/v2\/pages\/7258\/revisions\/7260"}],"up":[{"embeddable":true,"href":"https:\/\/www.ufmg.br\/espacodoconhecimento\/wp-json\/wp\/v2\/pages\/265"}],"wp:featuredmedia":[{"embeddable":true,"href":"https:\/\/www.ufmg.br\/espacodoconhecimento\/wp-json\/wp\/v2\/media\/7259"}],"wp:attachment":[{"href":"https:\/\/www.ufmg.br\/espacodoconhecimento\/wp-json\/wp\/v2\/media?parent=7258"}],"curies":[{"name":"wp","href":"https:\/\/api.w.org\/{rel}","templated":true}]}}