{"id":7270,"date":"2025-12-02T11:00:49","date_gmt":"2025-12-02T14:00:49","guid":{"rendered":"https:\/\/www.ufmg.br\/espacodoconhecimento\/?page_id=7270"},"modified":"2025-12-02T11:00:49","modified_gmt":"2025-12-02T14:00:49","slug":"reverberacoes","status":"publish","type":"page","link":"https:\/\/www.ufmg.br\/espacodoconhecimento\/planetario\/sinopses-planetario\/reverberacoes\/","title":{"rendered":"Reverbera\u00e7\u00f5es"},"content":{"rendered":"<figure class=\"wp-block-post-featured-image\"><img loading=\"lazy\" decoding=\"async\" width=\"768\" height=\"310\" src=\"https:\/\/www.ufmg.br\/espacodoconhecimento\/wp-content\/uploads\/2025\/12\/Reverberacoes-Creditos-Nucleo-de-Audiovisual-do-Espaco-do-Conhecimento-UFMG-4-1-768x310-1.jpg\" class=\"attachment-post-thumbnail size-post-thumbnail wp-post-image\" alt=\"\" style=\"object-fit:cover;\" srcset=\"https:\/\/www.ufmg.br\/espacodoconhecimento\/wp-content\/uploads\/2025\/12\/Reverberacoes-Creditos-Nucleo-de-Audiovisual-do-Espaco-do-Conhecimento-UFMG-4-1-768x310-1.jpg 768w, https:\/\/www.ufmg.br\/espacodoconhecimento\/wp-content\/uploads\/2025\/12\/Reverberacoes-Creditos-Nucleo-de-Audiovisual-do-Espaco-do-Conhecimento-UFMG-4-1-768x310-1-300x121.jpg 300w\" sizes=\"(max-width: 768px) 100vw, 768px\" \/><\/figure>\n\n\n<div style=\"height:36px\" aria-hidden=\"true\" class=\"wp-block-spacer\"><\/div>\n\n\n\n<p>Inspirado na exposi\u00e7\u00e3o tempor\u00e1ria&nbsp;<em>Energia em Movimento<\/em>, realizada em parceria com a Petrobras, o filme apresenta uma narrativa l\u00fadica e experimental ao explorar a rela\u00e7\u00e3o do movimento com express\u00f5es art\u00edsticas diversas. Partindo dos conceitos de for\u00e7a e ritmo presentes na m\u00fasica percussiva, a fotografia, a dan\u00e7a e a anima\u00e7\u00e3o s\u00e3o convidadas a abordar outras ideias relacionadas \u00e0 energia e ao movimento, tais como a lat\u00eancia, o equil\u00edbrio, a tradu\u00e7\u00e3o, a atra\u00e7\u00e3o e a automa\u00e7\u00e3o. Para al\u00e9m da no\u00e7\u00e3o presente na exposi\u00e7\u00e3o tempor\u00e1ria, o filme buscou transcender o conceito de movimento para o sentir.<\/p>\n\n\n\n<div style=\"height:36px\" aria-hidden=\"true\" class=\"wp-block-spacer\"><\/div>\n\n\n\n<p><strong>Dura\u00e7\u00e3o:<\/strong>&nbsp;08 min<br><strong>Classifica\u00e7\u00e3o:<\/strong>&nbsp;livre<br><strong>Produtor:<\/strong>&nbsp;Espa\u00e7o do Conhecimento UFMG<br><strong>Ano:<\/strong>&nbsp;2019<\/p>\n","protected":false},"excerpt":{"rendered":"<p>Inspirado na exposi\u00e7\u00e3o tempor\u00e1ria&nbsp;Energia em Movimento, realizada em parceria com a Petrobras, o filme apresenta uma narrativa l\u00fadica e experimental ao explorar a rela\u00e7\u00e3o do movimento com express\u00f5es art\u00edsticas diversas. Partindo dos conceitos de for\u00e7a e ritmo presentes na m\u00fasica percussiva, a fotografia, a dan\u00e7a e a anima\u00e7\u00e3o s\u00e3o convidadas a abordar outras ideias relacionadas [&hellip;]<\/p>\n","protected":false},"author":3,"featured_media":7271,"parent":265,"menu_order":0,"comment_status":"closed","ping_status":"closed","template":"","meta":{"_acf_changed":false,"footnotes":""},"class_list":["post-7270","page","type-page","status-publish","has-post-thumbnail","hentry"],"acf":[],"_links":{"self":[{"href":"https:\/\/www.ufmg.br\/espacodoconhecimento\/wp-json\/wp\/v2\/pages\/7270"}],"collection":[{"href":"https:\/\/www.ufmg.br\/espacodoconhecimento\/wp-json\/wp\/v2\/pages"}],"about":[{"href":"https:\/\/www.ufmg.br\/espacodoconhecimento\/wp-json\/wp\/v2\/types\/page"}],"author":[{"embeddable":true,"href":"https:\/\/www.ufmg.br\/espacodoconhecimento\/wp-json\/wp\/v2\/users\/3"}],"replies":[{"embeddable":true,"href":"https:\/\/www.ufmg.br\/espacodoconhecimento\/wp-json\/wp\/v2\/comments?post=7270"}],"version-history":[{"count":1,"href":"https:\/\/www.ufmg.br\/espacodoconhecimento\/wp-json\/wp\/v2\/pages\/7270\/revisions"}],"predecessor-version":[{"id":7272,"href":"https:\/\/www.ufmg.br\/espacodoconhecimento\/wp-json\/wp\/v2\/pages\/7270\/revisions\/7272"}],"up":[{"embeddable":true,"href":"https:\/\/www.ufmg.br\/espacodoconhecimento\/wp-json\/wp\/v2\/pages\/265"}],"wp:featuredmedia":[{"embeddable":true,"href":"https:\/\/www.ufmg.br\/espacodoconhecimento\/wp-json\/wp\/v2\/media\/7271"}],"wp:attachment":[{"href":"https:\/\/www.ufmg.br\/espacodoconhecimento\/wp-json\/wp\/v2\/media?parent=7270"}],"curies":[{"name":"wp","href":"https:\/\/api.w.org\/{rel}","templated":true}]}}