{"id":7273,"date":"2025-12-02T11:08:35","date_gmt":"2025-12-02T14:08:35","guid":{"rendered":"https:\/\/www.ufmg.br\/espacodoconhecimento\/?page_id=7273"},"modified":"2025-12-02T11:08:35","modified_gmt":"2025-12-02T14:08:35","slug":"astronomia-indigena-com-libras-2","status":"publish","type":"page","link":"https:\/\/www.ufmg.br\/espacodoconhecimento\/planetario\/sinopses-planetario\/astronomia-indigena-com-libras-2\/","title":{"rendered":"Astronomia Ind\u00edgena com Libras"},"content":{"rendered":"<figure class=\"wp-block-post-featured-image\"><img loading=\"lazy\" decoding=\"async\" width=\"768\" height=\"309\" src=\"https:\/\/www.ufmg.br\/espacodoconhecimento\/wp-content\/uploads\/2025\/12\/astronomia-indigena-com-libras-768x309-1.png\" class=\"attachment-post-thumbnail size-post-thumbnail wp-post-image\" alt=\"\" style=\"object-fit:cover;\" srcset=\"https:\/\/www.ufmg.br\/espacodoconhecimento\/wp-content\/uploads\/2025\/12\/astronomia-indigena-com-libras-768x309-1.png 768w, https:\/\/www.ufmg.br\/espacodoconhecimento\/wp-content\/uploads\/2025\/12\/astronomia-indigena-com-libras-768x309-1-300x121.png 300w\" sizes=\"(max-width: 768px) 100vw, 768px\" \/><\/figure>\n\n\n<div style=\"height:34px\" aria-hidden=\"true\" class=\"wp-block-spacer\"><\/div>\n\n\n\n<p>A sess\u00e3o aborda as formas de olhar e interpretar o c\u00e9u a partir da perspectiva dos povos da etnia ind\u00edgena guarani. \u00c9 um filme que estimula o di\u00e1logo entre o conhecimento cient\u00edfico e o conhecimento presente nas explica\u00e7\u00f5es hist\u00f3ricas e costumes ind\u00edgenas, acess\u00edvel na L\u00edngua Brasileira de Sinais.&nbsp;<\/p>\n\n\n\n<div style=\"height:34px\" aria-hidden=\"true\" class=\"wp-block-spacer\"><\/div>\n\n\n\n<p><strong>Dura\u00e7\u00e3o:<\/strong>&nbsp;15min<br><strong>Classifica\u00e7\u00e3o:<\/strong>&nbsp;livre<br><strong>Produtor:&nbsp;<\/strong>Espa\u00e7o do Conhecimento UFMG<br><strong>Ano:&nbsp;<\/strong>2016<\/p>\n","protected":false},"excerpt":{"rendered":"<p>A sess\u00e3o aborda as formas de olhar e interpretar o c\u00e9u a partir da perspectiva dos povos da etnia ind\u00edgena guarani. \u00c9 um filme que estimula o di\u00e1logo entre o conhecimento cient\u00edfico e o conhecimento presente nas explica\u00e7\u00f5es hist\u00f3ricas e costumes ind\u00edgenas, acess\u00edvel na L\u00edngua Brasileira de Sinais.&nbsp; Dura\u00e7\u00e3o:&nbsp;15minClassifica\u00e7\u00e3o:&nbsp;livreProdutor:&nbsp;Espa\u00e7o do Conhecimento UFMGAno:&nbsp;2016<\/p>\n","protected":false},"author":3,"featured_media":7274,"parent":265,"menu_order":0,"comment_status":"closed","ping_status":"closed","template":"","meta":{"_acf_changed":false,"footnotes":""},"class_list":["post-7273","page","type-page","status-publish","has-post-thumbnail","hentry"],"acf":[],"_links":{"self":[{"href":"https:\/\/www.ufmg.br\/espacodoconhecimento\/wp-json\/wp\/v2\/pages\/7273"}],"collection":[{"href":"https:\/\/www.ufmg.br\/espacodoconhecimento\/wp-json\/wp\/v2\/pages"}],"about":[{"href":"https:\/\/www.ufmg.br\/espacodoconhecimento\/wp-json\/wp\/v2\/types\/page"}],"author":[{"embeddable":true,"href":"https:\/\/www.ufmg.br\/espacodoconhecimento\/wp-json\/wp\/v2\/users\/3"}],"replies":[{"embeddable":true,"href":"https:\/\/www.ufmg.br\/espacodoconhecimento\/wp-json\/wp\/v2\/comments?post=7273"}],"version-history":[{"count":1,"href":"https:\/\/www.ufmg.br\/espacodoconhecimento\/wp-json\/wp\/v2\/pages\/7273\/revisions"}],"predecessor-version":[{"id":7275,"href":"https:\/\/www.ufmg.br\/espacodoconhecimento\/wp-json\/wp\/v2\/pages\/7273\/revisions\/7275"}],"up":[{"embeddable":true,"href":"https:\/\/www.ufmg.br\/espacodoconhecimento\/wp-json\/wp\/v2\/pages\/265"}],"wp:featuredmedia":[{"embeddable":true,"href":"https:\/\/www.ufmg.br\/espacodoconhecimento\/wp-json\/wp\/v2\/media\/7274"}],"wp:attachment":[{"href":"https:\/\/www.ufmg.br\/espacodoconhecimento\/wp-json\/wp\/v2\/media?parent=7273"}],"curies":[{"name":"wp","href":"https:\/\/api.w.org\/{rel}","templated":true}]}}