{"id":7366,"date":"2025-12-02T13:49:42","date_gmt":"2025-12-02T16:49:42","guid":{"rendered":"https:\/\/www.ufmg.br\/espacodoconhecimento\/?page_id=7366"},"modified":"2025-12-04T13:54:48","modified_gmt":"2025-12-04T16:54:48","slug":"convivencia-trabalho-e-pandemia","status":"publish","type":"page","link":"https:\/\/www.ufmg.br\/espacodoconhecimento\/podcast-papo-em-pauta\/convivencia-trabalho-e-pandemia\/","title":{"rendered":"Conviv\u00eancia, trabalho e pandemia"},"content":{"rendered":"\n<figure class=\"wp-block-image size-large\"><img loading=\"lazy\" decoding=\"async\" width=\"1024\" height=\"413\" src=\"https:\/\/www.ufmg.br\/espacodoconhecimento\/wp-content\/uploads\/2025\/07\/Papo-em-Pauta-janeiro_Banner-2-1024x413.jpg\" alt=\"\" class=\"wp-image-877\" srcset=\"https:\/\/www.ufmg.br\/espacodoconhecimento\/wp-content\/uploads\/2025\/07\/Papo-em-Pauta-janeiro_Banner-2-1024x413.jpg 1024w, https:\/\/www.ufmg.br\/espacodoconhecimento\/wp-content\/uploads\/2025\/07\/Papo-em-Pauta-janeiro_Banner-2-300x121.jpg 300w, https:\/\/www.ufmg.br\/espacodoconhecimento\/wp-content\/uploads\/2025\/07\/Papo-em-Pauta-janeiro_Banner-2-768x310.jpg 768w, https:\/\/www.ufmg.br\/espacodoconhecimento\/wp-content\/uploads\/2025\/07\/Papo-em-Pauta-janeiro_Banner-2-1536x620.jpg 1536w, https:\/\/www.ufmg.br\/espacodoconhecimento\/wp-content\/uploads\/2025\/07\/Papo-em-Pauta-janeiro_Banner-2-2048x826.jpg 2048w\" sizes=\"(max-width: 1024px) 100vw, 1024px\" \/><\/figure>\n\n\n\n<div style=\"height:34px\" aria-hidden=\"true\" class=\"wp-block-spacer\"><\/div>\n\n\n\n<p><em>22 de janeiro de 2022<\/em><\/p>\n\n\n\n<p>N\u00e3o h\u00e1 receita para viver em sociedade. Mas uma maneira de deixar essa experi\u00eancia mais leve \u00e9 compreender a condi\u00e7\u00e3o humana. A pandemia e isolamento social tem reconfigurado a vida de boa parte das pessoas mundo afora, al\u00e9m do&nbsp; modo como as rela\u00e7\u00f5es de trabalho e at\u00e9 afetivas ocorrem. Durante os \u00faltimos quase 2 anos,&nbsp; h\u00e1 exatos 22 meses desde que a&nbsp; OMS declarou&nbsp; a pandemia do coronav\u00edrus [em mar\u00e7o de 2020],&nbsp; o home-office e o teletrabalho se tornaram uma pr\u00e1tica muito comum. Com isso, diversas&nbsp; vantagens e desvantagens foram pontuadas por especialistas de v\u00e1rias \u00e1reas.&nbsp;&nbsp;<\/p>\n\n\n\n<p>No livro \u2018No caos da conviv\u00eancia: Ideias pr\u00e1ticas sobre a arte de lidar com os outros\u2019, os autores \u00c2ngela Marques e Luiz S\u00e1 Martinho, professores universit\u00e1rios,&nbsp; sugerem atos que impulsionam uma experi\u00eancia de conv\u00edvio em sociedade mais leve, compreendendo a condi\u00e7\u00e3o humana de maneira mais abrangente, pontuando&nbsp; varia\u00e7\u00f5es de humor, acolhimento, possibilidades, limites, \u00e2nimos e fragilidades.&nbsp;<\/p>\n\n\n\n<p>Esse \u00e9 o pano de fundo da primeira transmiss\u00e3o do Papo em Pauta em 2022. Trata-se de um&nbsp; ciclo de palestras sobre sa\u00fade, cultura e bem estar, fruto de parceria entre o Espa\u00e7o do Conhecimento UFMG e o Instituto Unimed-BH. Nesta edi\u00e7\u00e3o o tema ser\u00e1 <strong>Conviv\u00eancia, trabalho e pandemia: novas territorialidades e afetos<\/strong>. Durante a conversa, os convidados \u00c2ngela Marques, professora do Departamento de Comunica\u00e7\u00e3o Social da UFMG e Lu\u00eds S\u00e1 Martino, professor titular do Programa de P\u00f3s Gradua\u00e7\u00e3o em Comunica\u00e7\u00e3o da C\u00e1sper L\u00edbero, v\u00e3o bater um papo&nbsp; com o p\u00fablico baseando-se no livro publicado em 2020, pela editora Vozes Nobilis.&nbsp;<\/p>\n\n\n\n<p>Durante a live, o p\u00fablico poder\u00e1 participar enviando coment\u00e1rios e perguntas pelo chat.&nbsp;A pr\u00f3xima edi\u00e7\u00e3o do<strong> Papo em Pauta<\/strong> acontece no <strong>dia 25 de janeiro,&nbsp; \u00e0s 19h,<\/strong> <strong>com transmiss\u00e3o ao vivo pelo canal<\/strong><a href=\"http:\/\/www.youtube.com\/espacoufmg\"> <strong><mark style=\"background-color:rgba(0, 0, 0, 0);color:#810e13\" class=\"has-inline-color\">www.youtube.com\/espacoufmg<\/mark><\/strong><\/a>. Acompanhe mais informa\u00e7\u00f5es nas redes sociais do museu!<\/p>\n\n\n\n<div style=\"height:34px\" aria-hidden=\"true\" class=\"wp-block-spacer\"><\/div>\n\n\n\n<figure class=\"wp-block-embed is-type-video is-provider-youtube wp-block-embed-youtube wp-embed-aspect-16-9 wp-has-aspect-ratio\"><div class=\"wp-block-embed__wrapper\">\n<iframe loading=\"lazy\" title=\"Papo em Pauta | Conviv\u00eancia, trabalho e pandemia: novas territorialidades e afetos\" width=\"500\" height=\"281\" src=\"https:\/\/www.youtube.com\/embed\/aKMT59dUsr4?feature=oembed\" frameborder=\"0\" allow=\"accelerometer; autoplay; clipboard-write; encrypted-media; gyroscope; picture-in-picture; web-share\" referrerpolicy=\"strict-origin-when-cross-origin\" allowfullscreen><\/iframe>\n<\/div><\/figure>\n\n\n\n<p><\/p>\n","protected":false},"excerpt":{"rendered":"<p>22 de janeiro de 2022 N\u00e3o h\u00e1 receita para viver em sociedade. Mas uma maneira de deixar essa experi\u00eancia mais leve \u00e9 compreender a condi\u00e7\u00e3o humana. A pandemia e isolamento social tem reconfigurado a vida de boa parte das pessoas mundo afora, al\u00e9m do&nbsp; modo como as rela\u00e7\u00f5es de trabalho e at\u00e9 afetivas ocorrem. Durante [&hellip;]<\/p>\n","protected":false},"author":3,"featured_media":0,"parent":282,"menu_order":0,"comment_status":"closed","ping_status":"closed","template":"","meta":{"_acf_changed":false,"footnotes":""},"class_list":["post-7366","page","type-page","status-publish","hentry"],"acf":[],"_links":{"self":[{"href":"https:\/\/www.ufmg.br\/espacodoconhecimento\/wp-json\/wp\/v2\/pages\/7366"}],"collection":[{"href":"https:\/\/www.ufmg.br\/espacodoconhecimento\/wp-json\/wp\/v2\/pages"}],"about":[{"href":"https:\/\/www.ufmg.br\/espacodoconhecimento\/wp-json\/wp\/v2\/types\/page"}],"author":[{"embeddable":true,"href":"https:\/\/www.ufmg.br\/espacodoconhecimento\/wp-json\/wp\/v2\/users\/3"}],"replies":[{"embeddable":true,"href":"https:\/\/www.ufmg.br\/espacodoconhecimento\/wp-json\/wp\/v2\/comments?post=7366"}],"version-history":[{"count":3,"href":"https:\/\/www.ufmg.br\/espacodoconhecimento\/wp-json\/wp\/v2\/pages\/7366\/revisions"}],"predecessor-version":[{"id":7447,"href":"https:\/\/www.ufmg.br\/espacodoconhecimento\/wp-json\/wp\/v2\/pages\/7366\/revisions\/7447"}],"up":[{"embeddable":true,"href":"https:\/\/www.ufmg.br\/espacodoconhecimento\/wp-json\/wp\/v2\/pages\/282"}],"wp:attachment":[{"href":"https:\/\/www.ufmg.br\/espacodoconhecimento\/wp-json\/wp\/v2\/media?parent=7366"}],"curies":[{"name":"wp","href":"https:\/\/api.w.org\/{rel}","templated":true}]}}