{"id":7370,"date":"2025-12-02T13:54:19","date_gmt":"2025-12-02T16:54:19","guid":{"rendered":"https:\/\/www.ufmg.br\/espacodoconhecimento\/?page_id=7370"},"modified":"2025-12-04T13:59:02","modified_gmt":"2025-12-04T16:59:02","slug":"protecao-e-cuidado","status":"publish","type":"page","link":"https:\/\/www.ufmg.br\/espacodoconhecimento\/podcast-papo-em-pauta\/protecao-e-cuidado\/","title":{"rendered":"Prote\u00e7\u00e3o e cuidado"},"content":{"rendered":"\n<figure class=\"wp-block-image size-large\"><img loading=\"lazy\" decoding=\"async\" width=\"1024\" height=\"413\" src=\"https:\/\/www.ufmg.br\/espacodoconhecimento\/wp-content\/uploads\/2025\/07\/Papo-em-Pauta_Banner-2-1024x413.jpg\" alt=\"\" class=\"wp-image-886\" srcset=\"https:\/\/www.ufmg.br\/espacodoconhecimento\/wp-content\/uploads\/2025\/07\/Papo-em-Pauta_Banner-2-1024x413.jpg 1024w, https:\/\/www.ufmg.br\/espacodoconhecimento\/wp-content\/uploads\/2025\/07\/Papo-em-Pauta_Banner-2-300x121.jpg 300w, https:\/\/www.ufmg.br\/espacodoconhecimento\/wp-content\/uploads\/2025\/07\/Papo-em-Pauta_Banner-2-768x310.jpg 768w, https:\/\/www.ufmg.br\/espacodoconhecimento\/wp-content\/uploads\/2025\/07\/Papo-em-Pauta_Banner-2-1536x620.jpg 1536w, https:\/\/www.ufmg.br\/espacodoconhecimento\/wp-content\/uploads\/2025\/07\/Papo-em-Pauta_Banner-2-2048x826.jpg 2048w\" sizes=\"(max-width: 1024px) 100vw, 1024px\" \/><\/figure>\n\n\n\n<div style=\"height:34px\" aria-hidden=\"true\" class=\"wp-block-spacer\"><\/div>\n\n\n\n<p><em>09  de novembro de 2021<\/em><\/p>\n\n\n\n<p><strong>No dia 09 de novembro<\/strong>, o Espa\u00e7o do Conhecimento, em parceria com o Instituto Unimed-BH, UFMG promover\u00e1 mais uma edi\u00e7\u00e3o do Papo em Pauta e o lan\u00e7amento do ebook Fora da Caixa: Vacinas &#8211; uma publica\u00e7\u00e3o para educadores, ter\u00e7a-feira, \u00e0s 19h, no canal <a href=\"http:\/\/www.youtube.com\/espacoufmg\" target=\"_blank\" rel=\"noreferrer noopener\"><mark style=\"background-color:rgba(0, 0, 0, 0);color:#810e13\" class=\"has-inline-color\">www.youtube.com\/espacoufmg<\/mark><\/a>.&nbsp;O projeto iniciado em&nbsp; junho, realiza agora a 2\u00aa edi\u00e7\u00e3o. <\/p>\n\n\n\n<p>Na abertura, um bate papo sobre o tema \u201dprote\u00e7\u00e3o e cuidado: a import\u00e2ncia das vacinas para a sa\u00fade coletiva\u201d. O convidado \u00e9<strong> Fl\u00e1vio Guimar\u00e3es da Fonseca<\/strong>, professor do Departamento de Microbiologia do Instituto de Ci\u00eancias Biol\u00f3gicas da UFMG, presidente da Sociedade Brasileira de Virologia, pesquisador associado do CT-Vacinas e integrante do Comit\u00ea Permanente de Enfrentamento do Novo Coronav\u00edrus da UFMG. A media\u00e7\u00e3o ficar\u00e1 a cargo da professora Camila Mantovani, Coordenadora do N\u00facleo de Comunica\u00e7\u00e3o e Design do Espa\u00e7o do Conhecimento.<strong> O p\u00fablico poder\u00e1 participar enviando coment\u00e1rios e perguntas pelo chat, para enriquecer o debate.<\/strong><\/p>\n\n\n\n<div style=\"height:12px\" aria-hidden=\"true\" class=\"wp-block-spacer\"><\/div>\n\n\n\n<h3 class=\"wp-block-heading\">Fora da Caixa: Vacinas &#8211; uma publica\u00e7\u00e3o para educadores<\/h3>\n\n\n\n<p>A escolha do tema Vacinas se deu por diversos motivos, conforme explicado no texto de apresenta\u00e7\u00e3o. \u201cUm dos principais \u00e9 a atual pandemia da Covid-19 e a queda nos \u00edndices de vacina\u00e7\u00e3o que vem ocorrendo desde 2014, segundo dados do Minist\u00e9rio da Sa\u00fade, o que levou aos surtos de sarampo verificados no pa\u00eds em 2016 e, posteriormente, em 2018. Desse modo, as quest\u00f5es mais sens\u00edveis do tema se referem \u00e0 recusa vacinal, um fen\u00f4meno complexo cujas causas variam de acordo com as condi\u00e7\u00f5es da \u00e9poca e do local\u201d.<\/p>\n\n\n\n<p>Segundo a professora&nbsp; Diomira Maria Cicci Pinto Faria, Diretora do Espa\u00e7o do Conhecimento, \u201ccom este livreto, reafirmamos o compromisso do Espa\u00e7o do Conhecimento UFMG com a divulga\u00e7\u00e3o cient\u00edfica e com a democratiza\u00e7\u00e3o do conhecimento acad\u00eamico. Buscamos ainda contribuir com a miss\u00e3o da UFMG de formar cidad\u00e3os cr\u00edticos e \u00e9ticos, comprometidos com a transforma\u00e7\u00e3o da sociedade no sentido da redu\u00e7\u00e3o das desigualdades\u201d, conclui.<\/p>\n\n\n\n<div style=\"height:34px\" aria-hidden=\"true\" class=\"wp-block-spacer\"><\/div>\n\n\n\n<figure class=\"wp-block-embed is-type-video is-provider-youtube wp-block-embed-youtube wp-embed-aspect-16-9 wp-has-aspect-ratio\"><div class=\"wp-block-embed__wrapper\">\n<iframe loading=\"lazy\" title=\"Papo em Pauta | Prote\u00e7\u00e3o e cuidado: a import\u00e2ncia das vacinas para a sa\u00fade coletiva\" width=\"500\" height=\"281\" src=\"https:\/\/www.youtube.com\/embed\/GkQKQYFow8w?feature=oembed\" frameborder=\"0\" allow=\"accelerometer; autoplay; clipboard-write; encrypted-media; gyroscope; picture-in-picture; web-share\" referrerpolicy=\"strict-origin-when-cross-origin\" allowfullscreen><\/iframe>\n<\/div><\/figure>\n\n\n\n<div style=\"height:34px\" aria-hidden=\"true\" class=\"wp-block-spacer\"><\/div>\n\n\n\n<p><\/p>\n\n\n\n<div style=\"height:34px\" aria-hidden=\"true\" class=\"wp-block-spacer\"><\/div>\n\n\n\n<p><\/p>\n","protected":false},"excerpt":{"rendered":"<p>09 de novembro de 2021 No dia 09 de novembro, o Espa\u00e7o do Conhecimento, em parceria com o Instituto Unimed-BH, UFMG promover\u00e1 mais uma edi\u00e7\u00e3o do Papo em Pauta e o lan\u00e7amento do ebook Fora da Caixa: Vacinas &#8211; uma publica\u00e7\u00e3o para educadores, ter\u00e7a-feira, \u00e0s 19h, no canal www.youtube.com\/espacoufmg.&nbsp;O projeto iniciado em&nbsp; junho, realiza agora [&hellip;]<\/p>\n","protected":false},"author":3,"featured_media":0,"parent":282,"menu_order":0,"comment_status":"closed","ping_status":"closed","template":"","meta":{"_acf_changed":false,"footnotes":""},"class_list":["post-7370","page","type-page","status-publish","hentry"],"acf":[],"_links":{"self":[{"href":"https:\/\/www.ufmg.br\/espacodoconhecimento\/wp-json\/wp\/v2\/pages\/7370"}],"collection":[{"href":"https:\/\/www.ufmg.br\/espacodoconhecimento\/wp-json\/wp\/v2\/pages"}],"about":[{"href":"https:\/\/www.ufmg.br\/espacodoconhecimento\/wp-json\/wp\/v2\/types\/page"}],"author":[{"embeddable":true,"href":"https:\/\/www.ufmg.br\/espacodoconhecimento\/wp-json\/wp\/v2\/users\/3"}],"replies":[{"embeddable":true,"href":"https:\/\/www.ufmg.br\/espacodoconhecimento\/wp-json\/wp\/v2\/comments?post=7370"}],"version-history":[{"count":3,"href":"https:\/\/www.ufmg.br\/espacodoconhecimento\/wp-json\/wp\/v2\/pages\/7370\/revisions"}],"predecessor-version":[{"id":7455,"href":"https:\/\/www.ufmg.br\/espacodoconhecimento\/wp-json\/wp\/v2\/pages\/7370\/revisions\/7455"}],"up":[{"embeddable":true,"href":"https:\/\/www.ufmg.br\/espacodoconhecimento\/wp-json\/wp\/v2\/pages\/282"}],"wp:attachment":[{"href":"https:\/\/www.ufmg.br\/espacodoconhecimento\/wp-json\/wp\/v2\/media?parent=7370"}],"curies":[{"name":"wp","href":"https:\/\/api.w.org\/{rel}","templated":true}]}}