{"id":7372,"date":"2025-12-02T13:55:08","date_gmt":"2025-12-02T16:55:08","guid":{"rendered":"https:\/\/www.ufmg.br\/espacodoconhecimento\/?page_id=7372"},"modified":"2025-12-04T13:58:14","modified_gmt":"2025-12-04T16:58:14","slug":"objetivos-de-desenvolvimento-sustentavel-ods","status":"publish","type":"page","link":"https:\/\/www.ufmg.br\/espacodoconhecimento\/podcast-papo-em-pauta\/objetivos-de-desenvolvimento-sustentavel-ods\/","title":{"rendered":"Objetivos de Desenvolvimento Sustent\u00e1vel (ODS)"},"content":{"rendered":"\n<figure class=\"wp-block-image size-large\"><img loading=\"lazy\" decoding=\"async\" width=\"1024\" height=\"413\" src=\"https:\/\/www.ufmg.br\/espacodoconhecimento\/wp-content\/uploads\/2025\/07\/banner-e-thumbnail-papo-em-pauta-02-1024x413.jpg\" alt=\"\" class=\"wp-image-887\" srcset=\"https:\/\/www.ufmg.br\/espacodoconhecimento\/wp-content\/uploads\/2025\/07\/banner-e-thumbnail-papo-em-pauta-02-1024x413.jpg 1024w, https:\/\/www.ufmg.br\/espacodoconhecimento\/wp-content\/uploads\/2025\/07\/banner-e-thumbnail-papo-em-pauta-02-300x121.jpg 300w, https:\/\/www.ufmg.br\/espacodoconhecimento\/wp-content\/uploads\/2025\/07\/banner-e-thumbnail-papo-em-pauta-02-768x310.jpg 768w, https:\/\/www.ufmg.br\/espacodoconhecimento\/wp-content\/uploads\/2025\/07\/banner-e-thumbnail-papo-em-pauta-02-1536x620.jpg 1536w, https:\/\/www.ufmg.br\/espacodoconhecimento\/wp-content\/uploads\/2025\/07\/banner-e-thumbnail-papo-em-pauta-02-2048x826.jpg 2048w\" sizes=\"(max-width: 1024px) 100vw, 1024px\" \/><\/figure>\n\n\n\n<div style=\"height:34px\" aria-hidden=\"true\" class=\"wp-block-spacer\"><\/div>\n\n\n\n<p><em>08 de junho de 2021<\/em><\/p>\n\n\n\n<p>O Espa\u00e7o do Conhecimento UFMG lan\u00e7ar\u00e1 no dia <strong>8 de junho<\/strong>, em parceria com o Instituto Unimed-BH, o projeto <strong>Papo em Pauta<\/strong>, ciclo de palestras que trar\u00e1 tem\u00e1ticas relacionadas a sa\u00fade, bem-estar, cultura, cidadania e outros assuntos pertinentes na atualidade. O Espa\u00e7o do Conhecimento tem uma longa trajet\u00f3ria na promo\u00e7\u00e3o de debates sobre as mais diversas \u00e1reas de conhecimento dentro do projeto Caf\u00e9 Controverso, realizado de 2012 a 2019. A partir deste ano, com o Papo em Pauta, o museu volta a realizar esses f\u00f3runs, sempre com a presen\u00e7a de especialistas e a participa\u00e7\u00e3o do p\u00fablico, colocando em pauta assuntos que est\u00e3o em discuss\u00e3o dentro e fora da universidade. Devido \u00e0 pandemia, o projeto ser\u00e1 iniciado em ambiente virtual, em lives transmitidas pelo YouTube.<\/p>\n\n\n\n<p>A palestra de abertura traz o tema &#8220;<strong>Objetivos de Desenvolvimento Sustent\u00e1vel (ODS): um compromisso com o futuro<\/strong>&#8220;, e acontecer\u00e1 no dia <strong>8 de junho, ter\u00e7a-feira, \u00e0s 19h, no canal www.youtube.com\/espacoufmg<\/strong>. Os convidados s\u00e3o <strong>Henrique Zeferino<\/strong>, professor do departamento de Rela\u00e7\u00f5es Internacionais da Universidade Federal da Para\u00edba (UFPB) e Coordenador do N\u00facleo de Pol\u00edticas P\u00fablicas e Desenvolvimento Sustent\u00e1vel, e <strong>Rafael Tello<\/strong>,&nbsp;economista, fundador e diretor da Watu Sustentabilidade, coordenador da Rede Desafio 2030 e do Hub ODS MG e professor de sustentabilidade estrat\u00e9gica e aplicada da Funda\u00e7\u00e3o Dom Cabral (FDC), HSM Educa\u00e7\u00e3o e Skema Business School. A media\u00e7\u00e3o ser\u00e1 de <strong>Sibelle Corn\u00e9lio Diniz<\/strong>, economista, professora da Faculdade de Ci\u00eancias Econ\u00f4micas da UFMG e coordenadora do N\u00facleo de A\u00e7\u00f5es Educativas e Acessibilidade do Espa\u00e7o do Conhecimento UFMG.<\/p>\n\n\n\n<p><strong>Henrique Zeferino<\/strong> trar\u00e1 uma discuss\u00e3o sobre o contexto geral dos ODS &#8211; origem, caracter\u00edsticas e import\u00e2ncia, abordando a import\u00e2ncia da Ci\u00eancia, Tecnologia e Inova\u00e7\u00e3o para a implementa\u00e7\u00e3o dos ODS, com foco no papel das universidades.<\/p>\n\n\n\n<p><strong>Rafael Tello<\/strong> apresentar\u00e1 um recorte da proje\u00e7\u00e3o das ODS em Minas Gerais e a atua\u00e7\u00e3o da Rede Desafio 2030. O p\u00fablico poder\u00e1 participar enviando coment\u00e1rios e perguntas para discuss\u00e3o, pelo chat.<\/p>\n\n\n\n<figure class=\"wp-block-embed is-type-video is-provider-youtube wp-block-embed-youtube wp-embed-aspect-16-9 wp-has-aspect-ratio\"><div class=\"wp-block-embed__wrapper\">\n<iframe loading=\"lazy\" title=\"Papo em Pauta | Objetivos de Desenvolvimento Sustent\u00e1vel (ODS): um compromisso com o futuro\" width=\"500\" height=\"281\" src=\"https:\/\/www.youtube.com\/embed\/OHRVtcqf7BA?feature=oembed\" frameborder=\"0\" allow=\"accelerometer; autoplay; clipboard-write; encrypted-media; gyroscope; picture-in-picture; web-share\" referrerpolicy=\"strict-origin-when-cross-origin\" allowfullscreen><\/iframe>\n<\/div><\/figure>\n","protected":false},"excerpt":{"rendered":"<p>08 de junho de 2021 O Espa\u00e7o do Conhecimento UFMG lan\u00e7ar\u00e1 no dia 8 de junho, em parceria com o Instituto Unimed-BH, o projeto Papo em Pauta, ciclo de palestras que trar\u00e1 tem\u00e1ticas relacionadas a sa\u00fade, bem-estar, cultura, cidadania e outros assuntos pertinentes na atualidade. O Espa\u00e7o do Conhecimento tem uma longa trajet\u00f3ria na promo\u00e7\u00e3o [&hellip;]<\/p>\n","protected":false},"author":3,"featured_media":0,"parent":282,"menu_order":0,"comment_status":"closed","ping_status":"closed","template":"","meta":{"_acf_changed":false,"footnotes":""},"class_list":["post-7372","page","type-page","status-publish","hentry"],"acf":[],"_links":{"self":[{"href":"https:\/\/www.ufmg.br\/espacodoconhecimento\/wp-json\/wp\/v2\/pages\/7372"}],"collection":[{"href":"https:\/\/www.ufmg.br\/espacodoconhecimento\/wp-json\/wp\/v2\/pages"}],"about":[{"href":"https:\/\/www.ufmg.br\/espacodoconhecimento\/wp-json\/wp\/v2\/types\/page"}],"author":[{"embeddable":true,"href":"https:\/\/www.ufmg.br\/espacodoconhecimento\/wp-json\/wp\/v2\/users\/3"}],"replies":[{"embeddable":true,"href":"https:\/\/www.ufmg.br\/espacodoconhecimento\/wp-json\/wp\/v2\/comments?post=7372"}],"version-history":[{"count":3,"href":"https:\/\/www.ufmg.br\/espacodoconhecimento\/wp-json\/wp\/v2\/pages\/7372\/revisions"}],"predecessor-version":[{"id":7453,"href":"https:\/\/www.ufmg.br\/espacodoconhecimento\/wp-json\/wp\/v2\/pages\/7372\/revisions\/7453"}],"up":[{"embeddable":true,"href":"https:\/\/www.ufmg.br\/espacodoconhecimento\/wp-json\/wp\/v2\/pages\/282"}],"wp:attachment":[{"href":"https:\/\/www.ufmg.br\/espacodoconhecimento\/wp-json\/wp\/v2\/media?parent=7372"}],"curies":[{"name":"wp","href":"https:\/\/api.w.org\/{rel}","templated":true}]}}