{"id":7597,"date":"2025-12-09T13:44:50","date_gmt":"2025-12-09T16:44:50","guid":{"rendered":"https:\/\/www.ufmg.br\/espacodoconhecimento\/?page_id=7597"},"modified":"2025-12-09T14:12:48","modified_gmt":"2025-12-09T17:12:48","slug":"calendario-astronomico-solsticio-a-solsticio-2017-2018","status":"publish","type":"page","link":"https:\/\/www.ufmg.br\/espacodoconhecimento\/calendario-astronomico\/calendario-astronomico-solsticio-a-solsticio-2017-2018\/","title":{"rendered":"Calend\u00e1rio Astron\u00f4mico Solst\u00edcio a Solst\u00edcio 2017-2018"},"content":{"rendered":"\n<div style=\"height:37px\" aria-hidden=\"true\" class=\"wp-block-spacer\"><\/div>\n\n\n\n<figure class=\"wp-block-gallery has-nested-images columns-default is-cropped wp-block-gallery-1 is-layout-flex wp-block-gallery-is-layout-flex\">\n<figure class=\"wp-block-image size-large\"><img loading=\"lazy\" decoding=\"async\" width=\"1024\" height=\"412\" data-id=\"7598\" src=\"https:\/\/www.ufmg.br\/espacodoconhecimento\/wp-content\/uploads\/2025\/12\/calendario-astronomico-2017-2018-1024x412-1.png\" alt=\"\" class=\"wp-image-7598\" srcset=\"https:\/\/www.ufmg.br\/espacodoconhecimento\/wp-content\/uploads\/2025\/12\/calendario-astronomico-2017-2018-1024x412-1.png 1024w, https:\/\/www.ufmg.br\/espacodoconhecimento\/wp-content\/uploads\/2025\/12\/calendario-astronomico-2017-2018-1024x412-1-300x121.png 300w, https:\/\/www.ufmg.br\/espacodoconhecimento\/wp-content\/uploads\/2025\/12\/calendario-astronomico-2017-2018-1024x412-1-768x309.png 768w\" sizes=\"(max-width: 1024px) 100vw, 1024px\" \/><\/figure>\n<\/figure>\n\n\n\n<p><mark style=\"background-color:rgba(0, 0, 0, 0)\" class=\"has-inline-color has-black-color\"><em>Explore o fascinante mundo da astronomia<\/em><\/mark><\/p>\n\n\n\n<div style=\"height:37px\" aria-hidden=\"true\" class=\"wp-block-spacer\"><\/div>\n\n\n\n<div data-wp-interactive=\"core\/file\" class=\"wp-block-file\"><object data-wp-bind--hidden=\"!state.hasPdfPreview\"  class=\"wp-block-file__embed\" data=\"https:\/\/www.ufmg.br\/espacodoconhecimento\/wp-content\/uploads\/2025\/12\/CalendarioAstronomico-17-18_ECUFMG.pdf\" type=\"application\/pdf\" style=\"width:100%;height:600px\" aria-label=\"Incorporado de &lt;strong&gt;Clique e confira!&lt;\/strong&gt;.\"><\/object><a id=\"wp-block-file--media-6527b160-a32b-4c8f-8bf2-ccbc610ddf1f\" href=\"https:\/\/www.ufmg.br\/espacodoconhecimento\/wp-content\/uploads\/2025\/12\/CalendarioAstronomico-17-18_ECUFMG.pdf\"><strong>Clique e confira!<\/strong><\/a><a href=\"https:\/\/www.ufmg.br\/espacodoconhecimento\/wp-content\/uploads\/2025\/12\/CalendarioAstronomico-17-18_ECUFMG.pdf\" class=\"wp-block-file__button wp-element-button\" download aria-describedby=\"wp-block-file--media-6527b160-a32b-4c8f-8bf2-ccbc610ddf1f\">Baixar<\/a><\/div>\n\n\n\n<div style=\"height:37px\" aria-hidden=\"true\" class=\"wp-block-spacer\"><\/div>\n\n\n\n<p>Descubra o fascinante mundo da astronomia com o incr\u00edvel Calend\u00e1rio Astron\u00f4mico 2017-2018! Diferente dos exemplares tradicionais, o Calend\u00e1rio Astron\u00f4mico do Espa\u00e7o come\u00e7a em junho, o m\u00eas do Solst\u00edcio de Inverno, que marca o in\u00edcio da temporada perfeita para contemplar o c\u00e9u noturno com noites mais longas.<\/p>\n\n\n\n<p>Ao longo de todo o ano, voc\u00ea ficar\u00e1 por dentro dos eventos astron\u00f4micos mais impressionantes, desde as misteriosas chuvas de meteoros at\u00e9 os belos eclipses lunares e aproxima\u00e7\u00f5es de planetas. Com explica\u00e7\u00f5es detalhadas e programa\u00e7\u00f5es mensais, h\u00e1 a possibilidade de planejamento de suas pr\u00f3prias aventuras astron\u00f4micas, al\u00e9m de aproveitar cada evento celestial.<\/p>\n\n\n\n<p>O calend\u00e1rio \u00e9 indicado tanto para os apaixonados por astronomia quanto para aqueles que est\u00e3o apenas come\u00e7ando a explorar o fascinante mundo do espa\u00e7o.<\/p>\n\n\n\n<p>N\u00e3o perca a oportunidade de desvendar os mist\u00e9rios do cosmos e ter o universo na palma da sua m\u00e3o. Visite o arquivo e explore o fascinante mundo da astronomia com o Calend\u00e1rio Astron\u00f4mico do Espa\u00e7o!<\/p>\n\n\n\n<p><\/p>\n","protected":false},"excerpt":{"rendered":"<p>Explore o fascinante mundo da astronomia Descubra o fascinante mundo da astronomia com o incr\u00edvel Calend\u00e1rio Astron\u00f4mico 2017-2018! Diferente dos exemplares tradicionais, o Calend\u00e1rio Astron\u00f4mico do Espa\u00e7o come\u00e7a em junho, o m\u00eas do Solst\u00edcio de Inverno, que marca o in\u00edcio da temporada perfeita para contemplar o c\u00e9u noturno com noites mais longas. Ao longo de [&hellip;]<\/p>\n","protected":false},"author":3,"featured_media":0,"parent":284,"menu_order":0,"comment_status":"closed","ping_status":"closed","template":"","meta":{"_acf_changed":false,"footnotes":""},"class_list":["post-7597","page","type-page","status-publish","hentry"],"acf":[],"_links":{"self":[{"href":"https:\/\/www.ufmg.br\/espacodoconhecimento\/wp-json\/wp\/v2\/pages\/7597"}],"collection":[{"href":"https:\/\/www.ufmg.br\/espacodoconhecimento\/wp-json\/wp\/v2\/pages"}],"about":[{"href":"https:\/\/www.ufmg.br\/espacodoconhecimento\/wp-json\/wp\/v2\/types\/page"}],"author":[{"embeddable":true,"href":"https:\/\/www.ufmg.br\/espacodoconhecimento\/wp-json\/wp\/v2\/users\/3"}],"replies":[{"embeddable":true,"href":"https:\/\/www.ufmg.br\/espacodoconhecimento\/wp-json\/wp\/v2\/comments?post=7597"}],"version-history":[{"count":4,"href":"https:\/\/www.ufmg.br\/espacodoconhecimento\/wp-json\/wp\/v2\/pages\/7597\/revisions"}],"predecessor-version":[{"id":7635,"href":"https:\/\/www.ufmg.br\/espacodoconhecimento\/wp-json\/wp\/v2\/pages\/7597\/revisions\/7635"}],"up":[{"embeddable":true,"href":"https:\/\/www.ufmg.br\/espacodoconhecimento\/wp-json\/wp\/v2\/pages\/284"}],"wp:attachment":[{"href":"https:\/\/www.ufmg.br\/espacodoconhecimento\/wp-json\/wp\/v2\/media?parent=7597"}],"curies":[{"name":"wp","href":"https:\/\/api.w.org\/{rel}","templated":true}]}}