{"id":785,"date":"2025-07-29T13:10:05","date_gmt":"2025-07-29T16:10:05","guid":{"rendered":"https:\/\/www.ufmg.br\/espacodoconhecimento\/novo\/?page_id=785"},"modified":"2025-07-29T13:26:07","modified_gmt":"2025-07-29T16:26:07","slug":"roteiro-para-submissao-de-propostas-planetario-e-fachada-digital","status":"publish","type":"page","link":"https:\/\/www.ufmg.br\/espacodoconhecimento\/roteiro-para-submissao-de-propostas-planetario-e-fachada-digital\/","title":{"rendered":"Roteiro para submiss\u00e3o de propostas: Planet\u00e1rio e Fachada Digital"},"content":{"rendered":"\n<h4 class=\"wp-block-heading\"><strong>FORMA DE PARTICIPA\u00c7\u00c3O E INSCRI\u00c7\u00c3O<br><\/strong><\/h4>\n\n\n\n<div style=\"height:35px\" aria-hidden=\"true\" class=\"wp-block-spacer\"><\/div>\n\n\n\n<p>\u2013 A submiss\u00e3o de propostas \u00e9 aberta a qualquer pessoa f\u00edsica maior de 18 anos, representante legal de pessoa f\u00edsica menor de 18 anos ou representante legal de pessoa jur\u00eddica.<\/p>\n\n\n\n<div style=\"height:35px\" aria-hidden=\"true\" class=\"wp-block-spacer\"><\/div>\n\n\n\n<p>\u2013 A inscri\u00e7\u00e3o de grupos ou coletivos dever\u00e1 ser feita por um dos seus membros, ficando ele respons\u00e1vel pelo di\u00e1logo entre o grupo e o Espa\u00e7o do Conhecimento UFMG.<\/p>\n\n\n\n<div style=\"height:35px\" aria-hidden=\"true\" class=\"wp-block-spacer\"><\/div>\n\n\n\n<p>\u2013 A submiss\u00e3o de propostas dever\u00e1 ser feita exclusivamente online, atrav\u00e9s de formul\u00e1rio disponibilizado no site do Espa\u00e7o do Conhecimento UFMG.<\/p>\n\n\n\n<div style=\"height:35px\" aria-hidden=\"true\" class=\"wp-block-spacer\"><\/div>\n\n\n\n<p>\u2013 O proponente deve estar ciente das disposi\u00e7\u00f5es do Regulamento Interno da Comiss\u00e3o Curatorial do Planet\u00e1rio e da Fachada Digital.<\/p>\n\n\n\n<div style=\"height:35px\" aria-hidden=\"true\" class=\"wp-block-spacer\"><\/div>\n\n\n\n<p><strong>AVALIA\u00c7\u00c3O E SELE\u00c7\u00c3O<br><\/strong>\u2013 As propostas ser\u00e3o avaliadas e selecionadas pela Comiss\u00e3o Curatorial do Planet\u00e1rio e da Fachada Digital, de acordo com as diretrizes e crit\u00e9rios estabelecidos em seu Regulamento.<\/p>\n\n\n\n<div style=\"height:35px\" aria-hidden=\"true\" class=\"wp-block-spacer\"><\/div>\n\n\n\n<p><strong>DATAS E PRAZOS<br><\/strong>\u2013 As propostas podem ser encaminhadas a qualquer momento ao longo do ano, sendo avaliadas na reuni\u00e3o subsequente da Comiss\u00e3o Curatorial do Planet\u00e1rio e da Fachada Digital, conforme calend\u00e1rio disponibilizado abaixo.<\/p>\n\n\n\n<div style=\"height:35px\" aria-hidden=\"true\" class=\"wp-block-spacer\"><\/div>\n\n\n<div class=\"wp-block-image\">\n<figure class=\"alignleft\"><a href=\"https:\/\/www.ufmg.br\/espacodoconhecimento\/wp-content\/uploads\/2017\/02\/submiss\u00e3o-de-propostas-planet\u00e1rio-e-fachada-digital-2025-1.png\"><img decoding=\"async\" src=\"https:\/\/www.ufmg.br\/espacodoconhecimento\/wp-content\/uploads\/2017\/02\/submiss\u00e3o-de-propostas-planet\u00e1rio-e-fachada-digital-2025-1-1024x694.png\" alt=\"\" class=\"wp-image-25793\"\/><\/a><\/figure><\/div>\n\n\n<div style=\"height:35px\" aria-hidden=\"true\" class=\"wp-block-spacer\"><\/div>\n\n\n\n<p>\u2013 O proponente poder\u00e1 indicar qualquer data para a realiza\u00e7\u00e3o da proposta. No entanto, o pleno acolhimento da proposta na data sugerida levar\u00e1 em conta: a disponibilidade do proponente e da equipe do Espa\u00e7o do Conhecimento UFMG para finalizar o conte\u00fado proposto, inseri-lo na programa\u00e7\u00e3o sem preju\u00edzo de outras a\u00e7\u00f5es j\u00e1 programadas e realizar o trabalho paralelo de divulga\u00e7\u00e3o ampla da a\u00e7\u00e3o junto \u00e0 imprensa.<\/p>\n\n\n\n<div style=\"height:35px\" aria-hidden=\"true\" class=\"wp-block-spacer\"><\/div>\n\n\n\n<p>\u2013 Caso a proposta tenha m\u00e9ritos reconhecidos, mas n\u00e3o possa ser acolhida nas datas sugeridas pelo proponente, a Comiss\u00e3o Curatorial poder\u00e1 indicar, como ressalva, a possibilidade de realiza\u00e7\u00e3o da proposta em outras datas. Recomenda-se, portanto, o m\u00e1ximo de anteced\u00eancia poss\u00edvel para a submiss\u00e3o de propostas.<\/p>\n\n\n\n<div style=\"height:35px\" aria-hidden=\"true\" class=\"wp-block-spacer\"><\/div>\n\n\n\n<p><strong>REALIZA\u00c7\u00c3O DAS A\u00c7\u00d5ES<\/strong><\/p>\n\n\n\n<div style=\"height:35px\" aria-hidden=\"true\" class=\"wp-block-spacer\"><\/div>\n\n\n\n<p>\u2013 Toda atividade de desenvolvimento das propostas realizada no interior do Espa\u00e7o do Conhecimento UFMG, em uso de seus equipamentos e estrutura, dever\u00e1 ser acompanhada por membro designado da equipe do Espa\u00e7o e seguir condi\u00e7\u00f5es pr\u00e9-estabelecidas.<\/p>\n\n\n\n<div style=\"height:35px\" aria-hidden=\"true\" class=\"wp-block-spacer\"><\/div>\n\n\n\n<p>\u2013 Dependendo de sua natureza, um projeto poder\u00e1 ser exibido tamb\u00e9m nos televisores do caf\u00e9, no t\u00e9rreo do pr\u00e9dio.<\/p>\n\n\n\n<div style=\"height:35px\" aria-hidden=\"true\" class=\"wp-block-spacer\"><\/div>\n\n\n\n<p>\u2013 O Espa\u00e7o do Conhecimento UFMG se reserva o direito de cancelar a exibi\u00e7\u00e3o de qualquer conte\u00fado, seja por problemas t\u00e9cnicos nos equipamentos, descumprimento do proponente dos prazos estabelecidos ou m\u00e1 finaliza\u00e7\u00e3o t\u00e9cnica dos conte\u00fados.<\/p>\n\n\n\n<div style=\"height:35px\" aria-hidden=\"true\" class=\"wp-block-spacer\"><\/div>\n\n\n\n<p><strong>BENEF\u00cdCIOS DAS PROPOSTAS SELECIONADAS<\/strong><\/p>\n\n\n\n<div style=\"height:35px\" aria-hidden=\"true\" class=\"wp-block-spacer\"><\/div>\n\n\n\n<p>\u2013 Uso das m\u00eddias indicadas (Planet\u00e1rio fulldome e Fachada Digital) para realiza\u00e7\u00e3o da exposi\u00e7\u00e3o e\/ou exibi\u00e7\u00e3o da obra proposta, em condi\u00e7\u00f5es, per\u00edodos e dura\u00e7\u00e3o previamente acordados.<\/p>\n\n\n\n<div style=\"height:35px\" aria-hidden=\"true\" class=\"wp-block-spacer\"><\/div>\n\n\n\n<p>\u2013 Apoio da equipe do Espa\u00e7o do Conhecimento na finaliza\u00e7\u00e3o e formata\u00e7\u00e3o final do material para exibi\u00e7\u00e3o, estabelecido dentro de suas possibilidades e de acordo com as demandas de cada proposta.<\/p>\n\n\n\n<div style=\"height:35px\" aria-hidden=\"true\" class=\"wp-block-spacer\"><\/div>\n\n\n\n<p>\u2013 Divulga\u00e7\u00e3o e registro da a\u00e7\u00e3o realizada.<\/p>\n\n\n\n<div style=\"height:35px\" aria-hidden=\"true\" class=\"wp-block-spacer\"><\/div>\n\n\n\n<p>\u2013 Emiss\u00e3o de certificado comprobat\u00f3rio da a\u00e7\u00e3o realizada.<\/p>\n\n\n\n<div style=\"height:35px\" aria-hidden=\"true\" class=\"wp-block-spacer\"><\/div>\n\n\n\n<p>\u2013 O Espa\u00e7o do Conhecimento UFMG n\u00e3o oferece qualquer tipo de remunera\u00e7\u00e3o ou compensa\u00e7\u00e3o financeira pela realiza\u00e7\u00e3o das propostas acolhidas.<\/p>\n\n\n\n<div style=\"height:35px\" aria-hidden=\"true\" class=\"wp-block-spacer\"><\/div>\n\n\n\n<p><strong>OBRIGA\u00c7\u00d5ES DOS PROPONENTES<\/strong><\/p>\n\n\n\n<div style=\"height:35px\" aria-hidden=\"true\" class=\"wp-block-spacer\"><\/div>\n\n\n\n<p>\u2013 Efetivar o proposto, observando os per\u00edodos e condi\u00e7\u00f5es acordados ap\u00f3s sua aprova\u00e7\u00e3o, bem como zelar pela qualidade na execu\u00e7\u00e3o.<\/p>\n\n\n\n<div style=\"height:35px\" aria-hidden=\"true\" class=\"wp-block-spacer\"><\/div>\n\n\n\n<p>\u2013 Oferecer suporte para eventual necessidade de manuten\u00e7\u00e3o ou ajustes no trabalho apresentado durante todo o per\u00edodo de exibi\u00e7\u00e3o.<\/p>\n\n\n\n<div style=\"height:35px\" aria-hidden=\"true\" class=\"wp-block-spacer\"><\/div>\n\n\n\n<p>\u2013 Autorizar uso de imagem \u2013 dos autores e do trabalho desenvolvido \u2013 para fins de divulga\u00e7\u00e3o institucional do Espa\u00e7o do Conhecimento UFMG e de seus parceiros, em quaisquer m\u00eddias e em qualquer momento.<\/p>\n\n\n\n<div style=\"height:35px\" aria-hidden=\"true\" class=\"wp-block-spacer\"><\/div>\n\n\n\n<p>\u2013 Respeitar as instru\u00e7\u00f5es e condi\u00e7\u00f5es de uso dos equipamentos e estrutura do Espa\u00e7o do Conhecimento UFMG.<\/p>\n\n\n\n<div style=\"height:35px\" aria-hidden=\"true\" class=\"wp-block-spacer\"><\/div>\n\n\n\n<p>\u2013 Responsabilizar-se, j\u00e1 no ato da submiss\u00e3o da proposta, pela autoria e originalidade da proposta, bem como sobre os direitos de uso das imagens, sons, textos, softwares e quaisquer outros materiais e ferramentas protegidos por direito autoral, direito de uso de imagem ou patente, que venham a ser utilizados em seu desenvolvimento.<\/p>\n\n\n\n<div style=\"height:35px\" aria-hidden=\"true\" class=\"wp-block-spacer\"><\/div>\n\n\n\n<p><strong>CARACTER\u00cdSTICAS T\u00c9CNICAS DAS M\u00cdDIAS<\/strong><\/p>\n\n\n\n<div style=\"height:35px\" aria-hidden=\"true\" class=\"wp-block-spacer\"><\/div>\n\n\n\n<p>O Planet\u00e1rio digital fulldome \u00e9 descrito pelas seguintes caracter\u00edsticas:<\/p>\n\n\n\n<p>\u2013 Dimens\u00f5es f\u00edsicas: c\u00fapula de 9 m de di\u00e2metro, em formato semi esf\u00e9rico.<\/p>\n\n\n\n<div style=\"height:35px\" aria-hidden=\"true\" class=\"wp-block-spacer\"><\/div>\n\n\n\n<p>\u2013 Dimens\u00f5es digitais anam\u00f3rficas da imagem projetada: 2048 x 2048 pixels, no formato fulldome master.<\/p>\n\n\n\n<div style=\"height:35px\" aria-hidden=\"true\" class=\"wp-block-spacer\"><\/div>\n\n\n\n<p>\u2013 Capacidade: 65 pessoas (cadeiras dispostas em sentido unidirecional).<\/p>\n\n\n\n<div style=\"height:35px\" aria-hidden=\"true\" class=\"wp-block-spacer\"><\/div>\n\n\n\n<p>\u2013 Sistema de proje\u00e7\u00e3o: composto por dois projetores digitais localizados no centro da sala e um projetor \u00f3ptico-mec\u00e2nico Carl Zeiss ZKP-4. Um conjunto de computadores \u00e9 respons\u00e1vel pela execu\u00e7\u00e3o linear de v\u00eddeo e \u00e1udio e pela opera\u00e7\u00e3o do projetor \u00f3ptico-mec\u00e2nico por meio de softwares propriet\u00e1rios.<\/p>\n\n\n\n<div style=\"height:35px\" aria-hidden=\"true\" class=\"wp-block-spacer\"><\/div>\n\n\n\n<p>\u2013 Sistema de som: composto por seis caixas ac\u00fasticas (um sub-woofer), distribu\u00eddas no entorno do domo. O sistema dispon\u00edvel permite apenas a exibi\u00e7\u00e3o linear de v\u00eddeos. Assim, propostas de car\u00e1ter interativo e\/ou n\u00e3o linear (como games, instala\u00e7\u00f5es interativas, simuladores, etc.) poder\u00e3o fazer uso do sistema de som e do espa\u00e7o de exibi\u00e7\u00e3o, mas ser\u00e3o necess\u00e1rias solu\u00e7\u00f5es alternativas para a proje\u00e7\u00e3o no domo.<\/p>\n\n\n\n<div style=\"height:35px\" aria-hidden=\"true\" class=\"wp-block-spacer\"><\/div>\n\n\n\n<p><strong>A Fachada Digital \u00e9 descrita pelas seguintes caracter\u00edsticas:<\/strong><\/p>\n\n\n\n<div style=\"height:35px\" aria-hidden=\"true\" class=\"wp-block-spacer\"><\/div>\n\n\n\n<p>\u2013 Dimens\u00f5es f\u00edsicas: 8m x 4,5m (cobrindo parte da fachada do edif\u00edcio do Espa\u00e7o do Conhecimento UFMG voltada para a Pra\u00e7a da Liberdade).<\/p>\n\n\n\n<div style=\"height:35px\" aria-hidden=\"true\" class=\"wp-block-spacer\"><\/div>\n\n\n\n<p>\u2013 Dimens\u00f5es digitais anam\u00f3rficas da imagem projetada: 1024 x 768 pixels.<\/p>\n\n\n\n<div style=\"height:35px\" aria-hidden=\"true\" class=\"wp-block-spacer\"><\/div>\n\n\n\n<p>\u2013 Propor\u00e7\u00e3o da imagem projetada: 16:9 (1,77).<\/p>\n\n\n\n<div style=\"height:35px\" aria-hidden=\"true\" class=\"wp-block-spacer\"><\/div>\n\n\n\n<p>\u2013 Layout: devido \u00e0s caracter\u00edsticas t\u00e9cnicas e arquitet\u00f4nicas da fachada, a imagem \u00e9 segmentada em um grid de 4 colunas por 3 linhas, formando doze se\u00e7\u00f5es, cada uma com 2m x 1,5m (dimens\u00f5es digitais anam\u00f3ficas de 256 x 256 pixels).<\/p>\n\n\n\n<div style=\"height:35px\" aria-hidden=\"true\" class=\"wp-block-spacer\"><\/div>\n\n\n\n<p>\u2013 Sistema de proje\u00e7\u00e3o: composto por 12 projetores de alta pot\u00eancia, integrados por sistema de divis\u00e3o e distribui\u00e7\u00e3o da imagem. Um computador \u00e9 utilizado para gerenciamento do conte\u00fado, sendo poss\u00edvel a utiliza\u00e7\u00e3o de players e softwares diversos.<\/p>\n\n\n\n<div style=\"height:35px\" aria-hidden=\"true\" class=\"wp-block-spacer\"><\/div>\n\n\n\n<p>\u2013 Sistema de som: composto por cinco caixas ac\u00fasticas (sendo um sub-woofer) de 600 watts de pot\u00eancia localizadas na base e no topo do edif\u00edcio do Espa\u00e7o do Conhecimento UFMG.<\/p>\n\n\n\n<div style=\"height:35px\" aria-hidden=\"true\" class=\"wp-block-spacer\"><\/div>\n\n\n\n<p>\u2013 A proje\u00e7\u00e3o de imagens apenas \u00e9 poss\u00edvel no per\u00edodo noturno, quando est\u00e3o garantidas as condi\u00e7\u00f5es de visibilidade das proje\u00e7\u00f5es.<\/p>\n","protected":false},"excerpt":{"rendered":"<p>FORMA DE PARTICIPA\u00c7\u00c3O E INSCRI\u00c7\u00c3O \u2013 A submiss\u00e3o de propostas \u00e9 aberta a qualquer pessoa f\u00edsica maior de 18 anos, representante legal de pessoa f\u00edsica menor de 18 anos ou representante legal de pessoa jur\u00eddica. \u2013 A inscri\u00e7\u00e3o de grupos ou coletivos dever\u00e1 ser feita por um dos seus membros, ficando ele respons\u00e1vel pelo di\u00e1logo [&hellip;]<\/p>\n","protected":false},"author":3,"featured_media":0,"parent":0,"menu_order":0,"comment_status":"closed","ping_status":"closed","template":"","meta":{"_acf_changed":false,"footnotes":""},"class_list":["post-785","page","type-page","status-publish","hentry"],"acf":[],"_links":{"self":[{"href":"https:\/\/www.ufmg.br\/espacodoconhecimento\/wp-json\/wp\/v2\/pages\/785"}],"collection":[{"href":"https:\/\/www.ufmg.br\/espacodoconhecimento\/wp-json\/wp\/v2\/pages"}],"about":[{"href":"https:\/\/www.ufmg.br\/espacodoconhecimento\/wp-json\/wp\/v2\/types\/page"}],"author":[{"embeddable":true,"href":"https:\/\/www.ufmg.br\/espacodoconhecimento\/wp-json\/wp\/v2\/users\/3"}],"replies":[{"embeddable":true,"href":"https:\/\/www.ufmg.br\/espacodoconhecimento\/wp-json\/wp\/v2\/comments?post=785"}],"version-history":[{"count":3,"href":"https:\/\/www.ufmg.br\/espacodoconhecimento\/wp-json\/wp\/v2\/pages\/785\/revisions"}],"predecessor-version":[{"id":792,"href":"https:\/\/www.ufmg.br\/espacodoconhecimento\/wp-json\/wp\/v2\/pages\/785\/revisions\/792"}],"wp:attachment":[{"href":"https:\/\/www.ufmg.br\/espacodoconhecimento\/wp-json\/wp\/v2\/media?parent=785"}],"curies":[{"name":"wp","href":"https:\/\/api.w.org\/{rel}","templated":true}]}}