{"id":793,"date":"2025-07-29T13:31:05","date_gmt":"2025-07-29T16:31:05","guid":{"rendered":"https:\/\/www.ufmg.br\/espacodoconhecimento\/novo\/?page_id=793"},"modified":"2025-07-29T13:31:05","modified_gmt":"2025-07-29T16:31:05","slug":"regulamento-interno-da-comissao-curatorial-do-planetario-e-da-fachada-digital","status":"publish","type":"page","link":"https:\/\/www.ufmg.br\/espacodoconhecimento\/regulamento-interno-da-comissao-curatorial-do-planetario-e-da-fachada-digital\/","title":{"rendered":"Regulamento Interno da Comiss\u00e3o Curatorial do Planet\u00e1rio e da Fachada Digital"},"content":{"rendered":"\n<p><\/p>\n\n\n\n<div style=\"height:35px\" aria-hidden=\"true\" class=\"wp-block-spacer\"><\/div>\n\n\n\n<p>O Espa\u00e7o do Conhecimento UFMG \u00e9 um equipamento vinculado \u00e0 Pr\u00f3-Reitoria de Cultura da UFMG, criado e mantido a partir de parceria firmada entre a Universidade Federal de Minas Gerais e o governo do Estado de Minas Gerais. Integrando o Circuito Liberdade, o Espa\u00e7o do Conhecimento UFMG \u00e9 um espa\u00e7o cultural diferenciado, que conjuga cultura, ci\u00eancia e arte. Sua miss\u00e3o n\u00e3o se limita \u00e0 difus\u00e3o do conhecimento cient\u00edfico, mas tamb\u00e9m \u00e0 produ\u00e7\u00e3o de diversos saberes, trabalhando no sentido de propor linguagens que combinam, inovam e fruem conte\u00fados. Para tanto, o Espa\u00e7o do Conhecimento UFMG conta, dentre outros dispositivos, com o Planet\u00e1rio e a Fachada Digital.<\/p>\n\n\n\n<div style=\"height:35px\" aria-hidden=\"true\" class=\"wp-block-spacer\"><\/div>\n\n\n\n<p><strong>Art. 1\u00ba \u2013 <\/strong>O Planet\u00e1rio do Espa\u00e7o do Conhecimento UFMG possui um sistema h\u00edbrido de proje\u00e7\u00e3o composto por um projetor \u00f3ptico-mec\u00e2nico e dois projetores digitais. Este sistema permite a proje\u00e7\u00e3o simulada da ab\u00f3bada celeste e a exibi\u00e7\u00e3o de conte\u00fado audiovisual pr\u00e9-renderizado no padr\u00e3o <em>Fulldome<\/em>, cobrindo todo o espa\u00e7o da tela em formato de c\u00fapula com imagens em alta defini\u00e7\u00e3o acompanhadas de \u00e1udio espacializado. Dentre as possibilidades de uso do equipamento se encontram as tradicionais apresenta\u00e7\u00f5es de astronomia, a proje\u00e7\u00e3o de document\u00e1rios e v\u00eddeos imersivos com propostas e temas variados, al\u00e9m de performances art\u00edsticas e interativas.<\/p>\n\n\n\n<div style=\"height:35px\" aria-hidden=\"true\" class=\"wp-block-spacer\"><\/div>\n\n\n\n<p><strong>Art. 2\u00ba \u2013 <\/strong>A Fachada Digital prop\u00f5e uma interface entre o museu e a cidade. Trata-se de uma m\u00eddia situada no espa\u00e7o p\u00fablico e que, portanto, deve zelar pela qualidade dos conte\u00fados exibidos, ponderando-se, inclusive, sobre os ritmos e tempos de exposi\u00e7\u00e3o de cada um deles, a fim de evitar contribuir para a polui\u00e7\u00e3o sonora e visual do entorno da Pra\u00e7a da Liberdade. O sistema de proje\u00e7\u00e3o da Fachada Digital \u00e9 composto por 12 projetores de alta pot\u00eancia, integrados por sistema de divis\u00e3o e distribui\u00e7\u00e3o da imagem. O sistema de som que acompanha a proje\u00e7\u00e3o \u00e9 composto por caixas ac\u00fasticas localizadas na base e no topo do edif\u00edcio. O funcionamento da Fachada Digital \u00e9 prioritariamente noturno, em geral no per\u00edodo de 18h \u00e0s 22h.<\/p>\n\n\n\n<div style=\"height:35px\" aria-hidden=\"true\" class=\"wp-block-spacer\"><\/div>\n\n\n\n<p><strong>Art. 3\u00ba \u2013 <\/strong>Para a consecu\u00e7\u00e3o das finalidades descritas nos artigos 1\u00ba e 2\u00ba deste regulamento, criou-se a Comiss\u00e3o Curatorial do Planet\u00e1rio e da Fachada Digital com representa\u00e7\u00e3o dos(as) Diretores(as) Titular e Adjunto do Espa\u00e7o do Conhecimento UFMG, de 2 docentes Coordenadores(as) dos N\u00facleos de Astronomia e de Audiovisual do Espa\u00e7o do Conhecimento UFMG e de 2 docentes da UFMG (e respectivos suplentes) envolvidos em a\u00e7\u00f5es de pesquisa e\/ou de extens\u00e3o que fa\u00e7am interface com as atividades associadas a estas m\u00eddias. A Comiss\u00e3o possui as seguintes atribui\u00e7\u00f5es, dentre outras:<\/p>\n\n\n\n<div style=\"height:35px\" aria-hidden=\"true\" class=\"wp-block-spacer\"><\/div>\n\n\n\n<p>I &#8211; analisar, \u00e0 luz do Regimento Interno do Espa\u00e7o do Conhecimento UFMG e das diretrizes da Comiss\u00e3o Curatorial, propostas de conte\u00fados audiovisuais submetidas ao Espa\u00e7o do Conhecimento UFMG para veicula\u00e7\u00e3o no Planet\u00e1rio, Fachada Digital e demais dispositivos audiovisuais do museu;<\/p>\n\n\n\n<p>II &#8211; elaborar editais visando a utiliza\u00e7\u00e3o do Planet\u00e1rio e da Fachada Digital;<\/p>\n\n\n\n<p>III &#8211; incentivar a produ\u00e7\u00e3o de conte\u00fado para essas m\u00eddias, apoiando-as e divulgando-as;<\/p>\n\n\n\n<p>IV &#8211; avaliar, periodicamente, as produ\u00e7\u00f5es incorporadas por estas m\u00eddias e debater caminhos e possibilidades para o aperfei\u00e7oamento e amplia\u00e7\u00e3o de seu uso.<\/p>\n\n\n\n<div style=\"height:35px\" aria-hidden=\"true\" class=\"wp-block-spacer\"><\/div>\n\n\n\n<p><strong>Art 4\u00ba <\/strong>\u2013 As atividades no Planet\u00e1rio e na Fachada Digital devem ser condizentes com a finalidade do Espa\u00e7o do Conhecimento UFMG, compreendendo a\u00e7\u00f5es integradas de divulga\u00e7\u00e3o cient\u00edfica, cultural e art\u00edstica, especialmente as interdisciplinares, que valorizem:<\/p>\n\n\n\n<div style=\"height:35px\" aria-hidden=\"true\" class=\"wp-block-spacer\"><\/div>\n\n\n\n<ul class=\"wp-block-list\">\n<li>a produ\u00e7\u00e3o cultural oriunda da UFMG e de outras institui\u00e7\u00f5es;<\/li>\n\n\n\n<li>a produ\u00e7\u00e3o de coletivos, em especial aquela oriunda de grupos minorizados, como mulheres, membros de popula\u00e7\u00f5es tradicionais, pessoas LGBTQIA+, pessoas negras e pessoas com defici\u00eancia;<\/li>\n\n\n\n<li>a experimenta\u00e7\u00e3o art\u00edstica e a inova\u00e7\u00e3o de linguagem, m\u00e9todo e t\u00e9cnica na produ\u00e7\u00e3o de conte\u00fados concebidos e desenvolvidos para essas m\u00eddias;<\/li>\n\n\n\n<li>o interc\u00e2mbio com outros planet\u00e1rios, institui\u00e7\u00f5es museais e educativas, e grupos produtores de conte\u00fado audiovisual com tem\u00e1ticas afins, tanto para produ\u00e7\u00e3o colaborativa e promo\u00e7\u00e3o de conte\u00fados de livre circula\u00e7\u00e3o, quanto para difus\u00e3o dos conte\u00fados;<\/li>\n\n\n\n<li>a\u00e7\u00f5es que favore\u00e7am o ensino, a pesquisa e a extens\u00e3o universit\u00e1ria;<\/li>\n\n\n\n<li>a experi\u00eancia do p\u00fablico em di\u00e1logo com as quest\u00f5es urbanas, em especial no caso da Fachada Digital;<\/li>\n\n\n\n<li>propostas que atraiam novos p\u00fablicos para o museu.<\/li>\n<\/ul>\n\n\n\n<div style=\"height:35px\" aria-hidden=\"true\" class=\"wp-block-spacer\"><\/div>\n\n\n\n<p><strong>Por outro lado, n\u00e3o ser\u00e3o consideradas propostas:<\/strong><\/p>\n\n\n\n<div style=\"height:21px\" aria-hidden=\"true\" class=\"wp-block-spacer\"><\/div>\n\n\n\n<ul class=\"wp-block-list\">\n<li>de car\u00e1ter propagand\u00edstico ou comercial alheio \u00e0 finalidade cient\u00edfico-cultural do Espa\u00e7o do Conhecimento UFMG;<\/li>\n\n\n\n<li>de car\u00e1ter institucional alheio \u00e0 finalidade cient\u00edfico-cultural do Espa\u00e7o do Conhecimento UFMG, com exce\u00e7\u00e3o do previsto no Art. 5\u00ba;<\/li>\n\n\n\n<li>de car\u00e1ter ofensivo, preconceituoso e de fomento a discursos de \u00f3dio;<\/li>\n\n\n\n<li>de partidos pol\u00edticos ou promo\u00e7\u00e3o partid\u00e1ria;<\/li>\n\n\n\n<li>que envolvam conte\u00fados sem licen\u00e7a para exibi\u00e7\u00e3o ou veicula\u00e7\u00e3o;<\/li>\n\n\n\n<li>no caso da Fachada Digital, n\u00e3o ser\u00e3o aceitos conte\u00fados que n\u00e3o atendam aos requisitos de classifica\u00e7\u00e3o et\u00e1ria livre.<\/li>\n<\/ul>\n\n\n\n<div style=\"height:35px\" aria-hidden=\"true\" class=\"wp-block-spacer\"><\/div>\n\n\n\n<p><strong>Art. 5\u00ba<\/strong> \u2013 Proje\u00e7\u00f5es de v\u00eddeos institucionais na Fachada Digital e no Planet\u00e1rio somente ser\u00e3o permitidas se oriundas de institui\u00e7\u00f5es parceiras, mantenedoras ou patrocinadoras, devidamente previstas em projetos de parceria e de patroc\u00ednio ao Espa\u00e7o do Conhecimento UFMG, desde que aprovadas pela Comiss\u00e3o Curatorial.<\/p>\n\n\n\n<div style=\"height:35px\" aria-hidden=\"true\" class=\"wp-block-spacer\"><\/div>\n\n\n\n<p><strong>Art. 6\u00ba <\/strong>\u2013 As propostas para o Planet\u00e1rio e para a Fachada Digital podem ser apresentadas por qualquer pessoa f\u00edsica maior de 18 anos, por representante legal de pessoa f\u00edsica menor de 18 anos ou por representante legal de pessoa jur\u00eddica.<\/p>\n\n\n\n<div style=\"height:35px\" aria-hidden=\"true\" class=\"wp-block-spacer\"><\/div>\n\n\n\n<p><strong>Art. 7\u00ba<\/strong> &#8211; A submiss\u00e3o de propostas ser\u00e1 feita com o m\u00ednimo de 30 dias de anteced\u00eancia da data desejada para exibi\u00e7\u00e3o, por meio de chamadas tem\u00e1ticas ou em\u00a0 entradas, cujas datas ser\u00e3o determinadas anualmente..<\/p>\n\n\n\n<div style=\"height:35px\" aria-hidden=\"true\" class=\"wp-block-spacer\"><\/div>\n\n\n\n<p><strong>Art 8\u00ba \u00a0\u2013 <\/strong>O envio de propostas dever\u00e1 se realizar de acordo com roteiro e formul\u00e1rio disponibilizados no site do Espa\u00e7o do Conhecimento UFMG (www.ufmg.br\/espacodoconhecimento\/descubra\/fachada-digital\/).<\/p>\n\n\n\n<div style=\"height:35px\" aria-hidden=\"true\" class=\"wp-block-spacer\"><\/div>\n\n\n\n<p><strong>Art. 9\u00ba<\/strong> \u2013 As propostas submetidas em entradas anuais ser\u00e3o encaminhadas \u00e0 Comiss\u00e3o Curatorial do Planet\u00e1rio e da Fachada Digital, que avaliar\u00e1 a proposta na primeira reuni\u00e3o subsequente \u00e0 data da submiss\u00e3o e ter\u00e1 at\u00e9 20 dias para indicar\u00e1 um dos seguintes resultados, devidamente comunicado e justificado ao proponente: I \u2013 proposta aceita; II \u2013 proposta aceita com ressalvas; III \u2013 proposta recusada.<\/p>\n\n\n\n<div style=\"height:35px\" aria-hidden=\"true\" class=\"wp-block-spacer\"><\/div>\n\n\n\n<p><strong>\u00a71\u00ba &#8211;<\/strong> As propostas que forem submetidas antes de sua conclus\u00e3o podem ser pr\u00e9-aprovadas pela comiss\u00e3o, mas a aprova\u00e7\u00e3o definitiva depender\u00e1 do envio do material final conclu\u00eddo.<\/p>\n\n\n\n<div style=\"height:35px\" aria-hidden=\"true\" class=\"wp-block-spacer\"><\/div>\n\n\n\n<p><strong>Art. 10 <\/strong>&#8211; As propostas submetidas \u00e0s chamadas tem\u00e1ticas ser\u00e3o encaminhadas a comiss\u00f5es espec\u00edficas, designadas pela Diretoria do Espa\u00e7o do Conhecimento UFMG.<\/p>\n\n\n\n<div style=\"height:35px\" aria-hidden=\"true\" class=\"wp-block-spacer\"><\/div>\n\n\n\n<p><strong>Art. 11 <\/strong>&#8211; Na submiss\u00e3o das propostas, o(a) proponente \u00e9 o \u00fanico respons\u00e1vel pelo cumprimento dos direitos de uso e exibi\u00e7\u00e3o das imagens e sons a serem veiculados. No caso do uso de intelig\u00eancia artificial, o(a) proponente \u00e9 o \u00fanico respons\u00e1vel pelas imagens utilizadas como base para a gera\u00e7\u00e3o do produto final.<\/p>\n","protected":false},"excerpt":{"rendered":"<p>O Espa\u00e7o do Conhecimento UFMG \u00e9 um equipamento vinculado \u00e0 Pr\u00f3-Reitoria de Cultura da UFMG, criado e mantido a partir de parceria firmada entre a Universidade Federal de Minas Gerais e o governo do Estado de Minas Gerais. Integrando o Circuito Liberdade, o Espa\u00e7o do Conhecimento UFMG \u00e9 um espa\u00e7o cultural diferenciado, que conjuga cultura, [&hellip;]<\/p>\n","protected":false},"author":3,"featured_media":0,"parent":0,"menu_order":0,"comment_status":"closed","ping_status":"closed","template":"","meta":{"_acf_changed":false,"footnotes":""},"class_list":["post-793","page","type-page","status-publish","hentry"],"acf":[],"_links":{"self":[{"href":"https:\/\/www.ufmg.br\/espacodoconhecimento\/wp-json\/wp\/v2\/pages\/793"}],"collection":[{"href":"https:\/\/www.ufmg.br\/espacodoconhecimento\/wp-json\/wp\/v2\/pages"}],"about":[{"href":"https:\/\/www.ufmg.br\/espacodoconhecimento\/wp-json\/wp\/v2\/types\/page"}],"author":[{"embeddable":true,"href":"https:\/\/www.ufmg.br\/espacodoconhecimento\/wp-json\/wp\/v2\/users\/3"}],"replies":[{"embeddable":true,"href":"https:\/\/www.ufmg.br\/espacodoconhecimento\/wp-json\/wp\/v2\/comments?post=793"}],"version-history":[{"count":1,"href":"https:\/\/www.ufmg.br\/espacodoconhecimento\/wp-json\/wp\/v2\/pages\/793\/revisions"}],"predecessor-version":[{"id":794,"href":"https:\/\/www.ufmg.br\/espacodoconhecimento\/wp-json\/wp\/v2\/pages\/793\/revisions\/794"}],"wp:attachment":[{"href":"https:\/\/www.ufmg.br\/espacodoconhecimento\/wp-json\/wp\/v2\/media?parent=793"}],"curies":[{"name":"wp","href":"https:\/\/api.w.org\/{rel}","templated":true}]}}