{"id":8387,"date":"2026-01-29T11:04:22","date_gmt":"2026-01-29T14:04:22","guid":{"rendered":"https:\/\/www.ufmg.br\/espacodoconhecimento\/?page_id=8387"},"modified":"2026-01-29T11:04:22","modified_gmt":"2026-01-29T14:04:22","slug":"paisagens-geologicas","status":"publish","type":"page","link":"https:\/\/www.ufmg.br\/espacodoconhecimento\/exposicoes\/demasiado-humano\/paisagens-geologicas\/","title":{"rendered":"Paisagens Geol\u00f3gicas"},"content":{"rendered":"\n<div style=\"height:35px\" aria-hidden=\"true\" class=\"wp-block-spacer\"><\/div>\n\n\n\n<figure class=\"wp-block-image size-full\"><img loading=\"lazy\" decoding=\"async\" width=\"1024\" height=\"412\" src=\"https:\/\/www.ufmg.br\/espacodoconhecimento\/novo\/wp-content\/uploads\/2025\/07\/capa-agendamento-agosto-e-setembro-1024x412-1.png\" alt=\"\" class=\"wp-image-659\" srcset=\"https:\/\/www.ufmg.br\/espacodoconhecimento\/wp-content\/uploads\/2025\/07\/capa-agendamento-agosto-e-setembro-1024x412-1.png 1024w, https:\/\/www.ufmg.br\/espacodoconhecimento\/wp-content\/uploads\/2025\/07\/capa-agendamento-agosto-e-setembro-1024x412-1-300x121.png 300w, https:\/\/www.ufmg.br\/espacodoconhecimento\/wp-content\/uploads\/2025\/07\/capa-agendamento-agosto-e-setembro-1024x412-1-768x309.png 768w\" sizes=\"(max-width: 1024px) 100vw, 1024px\" \/><\/figure>\n\n\n\n<div style=\"height:35px\" aria-hidden=\"true\" class=\"wp-block-spacer\"><\/div>\n\n\n\n<p>O tempo geol\u00f3gico \u00e9 capaz de nos demonstrar as transforma\u00e7\u00f5es da paisagem em todo o planeta Terra. H\u00e1 200 milh\u00f5es de anos, nosso planeta era composto por um \u00fanico continente, que com o tempo se fragmentou, dando origem ao mundo como o conhecemos hoje. Na instala\u00e7\u00e3o, uma s\u00e9rie de anima\u00e7\u00f5es detalha a evolu\u00e7\u00e3o da crosta terrestre e de seus ambientes ao longo dos diferentes \u00c9ons e eras geol\u00f3gicas. Al\u00e9m disso, s\u00e3o reproduzidos diversos tipos de dinossauros e r\u00e9pteis que habitaram essas eras, oferecendo uma vis\u00e3o rica e din\u00e2mica da vida em distintos momentos.<\/p>\n\n\n\n<p><\/p>\n\n\n\n<div style=\"height:19px\" aria-hidden=\"true\" class=\"wp-block-spacer\"><\/div>\n\n\n\n<p><\/p>\n\n\n\n<figure class=\"wp-block-embed is-type-rich is-provider-incorporar-manipulador wp-block-embed-incorporar-manipulador wp-embed-aspect-16-9 wp-has-aspect-ratio\"><div class=\"wp-block-embed__wrapper\">\n<iframe loading=\"lazy\" title=\"paisagens geol\u00f3gicas | demasiado humano\" width=\"500\" height=\"281\" src=\"https:\/\/www.youtube.com\/embed\/M9pkbwyVw00?feature=oembed\" frameborder=\"0\" allow=\"accelerometer; autoplay; clipboard-write; encrypted-media; gyroscope; picture-in-picture; web-share\" referrerpolicy=\"strict-origin-when-cross-origin\" allowfullscreen><\/iframe>\n<\/div><\/figure>\n\n\n\n<p><\/p>\n\n\n\n<div style=\"height:19px\" aria-hidden=\"true\" class=\"wp-block-spacer\"><\/div>\n\n\n\n<p><\/p>\n\n\n\n<p><strong>Projeto Inaugural (2010):&nbsp;<\/strong><\/p>\n\n\n\n<p>Paisagens Geol\u00f3gicas<\/p>\n\n\n\n<p>Consultoria: Karin Elise Bohns Meyer<\/p>\n\n\n\n<p><em>Plataforma Interativa &#8211; V\u00eddeos<\/em><\/p>\n\n\n\n<p>Dire\u00e7\u00e3o e anima\u00e7\u00e3o de personagens 2D: Ant\u00f4nio Fialho<\/p>\n\n\n\n<p>Cen\u00e1rios, anima\u00e7\u00e3o, composi\u00e7\u00e3o e edi\u00e7\u00e3o final: Rafael Guimar\u00e3es<\/p>\n\n\n\n<p>Pintura e anima\u00e7\u00e3o assistente de personagens 2D: Marco T\u00falio Ramos Vieira<\/p>\n\n\n\n<p>Modelagem e anima\u00e7\u00e3o de personagens 3D: Gabriel Brand\u00e3o de Oliveira<\/p>\n\n\n\n<p>Design de som e edi\u00e7\u00e3o: Daniel Werneck (interSignos \u2013 Escola de Belas Artes, UFMG) e Jalver Beth\u00f4nico<\/p>\n\n\n\n<p><em>Interatividade<\/em><\/p>\n\n\n\n<p>Coordena\u00e7\u00e3o, software e hardware: Mar\u00edlia Bergamo<\/p>\n\n\n\n<p>Edi\u00e7\u00e3o dos v\u00eddeos para a programa\u00e7\u00e3o da intera\u00e7\u00e3o: Carlos Falci<\/p>\n\n\n\n<div style=\"height:35px\" aria-hidden=\"true\" class=\"wp-block-spacer\"><\/div>\n\n\n\n<p><strong>Projeto de Renova\u00e7\u00e3o (2024):&nbsp;<\/strong><\/p>\n\n\n\n<p>Consultoria: Jonathan Philippe Barboza e Alexandre Liparini Campos<\/p>\n","protected":false},"excerpt":{"rendered":"<p>O tempo geol\u00f3gico \u00e9 capaz de nos demonstrar as transforma\u00e7\u00f5es da paisagem em todo o planeta Terra. H\u00e1 200 milh\u00f5es de anos, nosso planeta era composto por um \u00fanico continente, que com o tempo se fragmentou, dando origem ao mundo como o conhecemos hoje. Na instala\u00e7\u00e3o, uma s\u00e9rie de anima\u00e7\u00f5es detalha a evolu\u00e7\u00e3o da crosta [&hellip;]<\/p>\n","protected":false},"author":3,"featured_media":0,"parent":254,"menu_order":0,"comment_status":"closed","ping_status":"closed","template":"","meta":{"_acf_changed":false,"footnotes":""},"class_list":["post-8387","page","type-page","status-publish","hentry"],"acf":[],"_links":{"self":[{"href":"https:\/\/www.ufmg.br\/espacodoconhecimento\/wp-json\/wp\/v2\/pages\/8387"}],"collection":[{"href":"https:\/\/www.ufmg.br\/espacodoconhecimento\/wp-json\/wp\/v2\/pages"}],"about":[{"href":"https:\/\/www.ufmg.br\/espacodoconhecimento\/wp-json\/wp\/v2\/types\/page"}],"author":[{"embeddable":true,"href":"https:\/\/www.ufmg.br\/espacodoconhecimento\/wp-json\/wp\/v2\/users\/3"}],"replies":[{"embeddable":true,"href":"https:\/\/www.ufmg.br\/espacodoconhecimento\/wp-json\/wp\/v2\/comments?post=8387"}],"version-history":[{"count":1,"href":"https:\/\/www.ufmg.br\/espacodoconhecimento\/wp-json\/wp\/v2\/pages\/8387\/revisions"}],"predecessor-version":[{"id":8388,"href":"https:\/\/www.ufmg.br\/espacodoconhecimento\/wp-json\/wp\/v2\/pages\/8387\/revisions\/8388"}],"up":[{"embeddable":true,"href":"https:\/\/www.ufmg.br\/espacodoconhecimento\/wp-json\/wp\/v2\/pages\/254"}],"wp:attachment":[{"href":"https:\/\/www.ufmg.br\/espacodoconhecimento\/wp-json\/wp\/v2\/media?parent=8387"}],"curies":[{"name":"wp","href":"https:\/\/api.w.org\/{rel}","templated":true}]}}