{"id":8389,"date":"2026-01-29T11:04:53","date_gmt":"2026-01-29T14:04:53","guid":{"rendered":"https:\/\/www.ufmg.br\/espacodoconhecimento\/?page_id=8389"},"modified":"2026-01-29T12:13:52","modified_gmt":"2026-01-29T15:13:52","slug":"pangeia","status":"publish","type":"page","link":"https:\/\/www.ufmg.br\/espacodoconhecimento\/exposicoes\/demasiado-humano\/pangeia\/","title":{"rendered":"Pangeia"},"content":{"rendered":"\n<div style=\"height:35px\" aria-hidden=\"true\" class=\"wp-block-spacer\"><\/div>\n\n\n\n<figure class=\"wp-block-image size-large\"><img loading=\"lazy\" decoding=\"async\" width=\"1024\" height=\"413\" src=\"https:\/\/www.ufmg.br\/espacodoconhecimento\/novo\/wp-content\/uploads\/2025\/07\/DH-Projeto-Inaugural-ecufmg-2-1-1024x413.jpg\" alt=\"\" class=\"wp-image-675\" srcset=\"https:\/\/www.ufmg.br\/espacodoconhecimento\/wp-content\/uploads\/2025\/07\/DH-Projeto-Inaugural-ecufmg-2-1-1024x413.jpg 1024w, https:\/\/www.ufmg.br\/espacodoconhecimento\/wp-content\/uploads\/2025\/07\/DH-Projeto-Inaugural-ecufmg-2-1-300x121.jpg 300w, https:\/\/www.ufmg.br\/espacodoconhecimento\/wp-content\/uploads\/2025\/07\/DH-Projeto-Inaugural-ecufmg-2-1-768x310.jpg 768w, https:\/\/www.ufmg.br\/espacodoconhecimento\/wp-content\/uploads\/2025\/07\/DH-Projeto-Inaugural-ecufmg-2-1.jpg 1140w\" sizes=\"(max-width: 1024px) 100vw, 1024px\" \/><\/figure>\n\n\n\n<div style=\"height:35px\" aria-hidden=\"true\" class=\"wp-block-spacer\"><\/div>\n\n\n\n<p>Na instala\u00e7\u00e3o do supercontinente &#8220;Pangeia&#8221;, \u00e9 poss\u00edvel encontrar dois intrigantes f\u00f3sseis que despertam a curiosidade e a imagina\u00e7\u00e3o: o Rincossauro e o Prestosuchus chiniquensis. Ambos s\u00e3o arcossauros, criaturas extraordin\u00e1rias que emergiram durante o per\u00edodo geol\u00f3gico do Tri\u00e1ssico. Os arcossauros fazem parte de um grupo de r\u00e9pteis, chamado diapsida, que inclui lagartos, aves e crocodilos. Esses animais se dividem em diferentes linhagens, mas apresentam o mesmo ancestral comum, demonstrando a complexa e admir\u00e1vel hist\u00f3ria evolutiva na Terra.&nbsp;<\/p>\n\n\n\n<p><\/p>\n\n\n\n<div style=\"height:19px\" aria-hidden=\"true\" class=\"wp-block-spacer\"><\/div>\n\n\n\n<p><\/p>\n\n\n\n<figure class=\"wp-block-embed is-type-rich is-provider-incorporar-manipulador wp-block-embed-incorporar-manipulador wp-embed-aspect-16-9 wp-has-aspect-ratio\"><div class=\"wp-block-embed__wrapper\">\n<iframe loading=\"lazy\" title=\"pangeia | demasiado humano\" width=\"500\" height=\"281\" src=\"https:\/\/www.youtube.com\/embed\/lAWJ_BRSKlA?feature=oembed\" frameborder=\"0\" allow=\"accelerometer; autoplay; clipboard-write; encrypted-media; gyroscope; picture-in-picture; web-share\" referrerpolicy=\"strict-origin-when-cross-origin\" allowfullscreen><\/iframe>\n<\/div><\/figure>\n\n\n\n<p><\/p>\n\n\n\n<div style=\"height:19px\" aria-hidden=\"true\" class=\"wp-block-spacer\"><\/div>\n\n\n\n<p><\/p>\n\n\n\n<p><strong>Projeto Inaugural (2010):&nbsp;<\/strong><\/p>\n\n\n\n<p>Consultoria: Karin Elise Bohns Meyer<\/p>\n\n\n\n<p>R\u00e9plicas das ossadas: Laborat\u00f3rio de Paleovertebrados \u2013 Departamento de Paleontologia e Estratigrafia do Instituto de Geoci\u00eancias da Universidade Federal do Rio Grande do Sul<\/p>\n\n\n\n<p>Coordena\u00e7\u00e3o: Cesar Leandro Schultz<\/p>\n\n\n\n<p>Execu\u00e7\u00e3o: Paulo Eduardo Arag\u00e3o de Macedo e T\u00e9o Veiga de Oliveira.<\/p>\n\n\n\n<p>Montagem: Alexandre Liparini<\/p>\n\n\n\n<p>Restaura\u00e7\u00e3o: Mauro Chagas Ferreira<\/p>\n\n\n\n<p>Anima\u00e7\u00f5es e ilustra\u00e7\u00f5es: Instituto de Artes \u2013 Departamento de Artes Visuais \/ Departamento de Paleontologia e Estratigrafia do Instituto de Geoci\u00eancias Universidade Federal do Rio Grande do Sul<\/p>\n\n\n\n<p>N\u00facleo de Escultura Digital \u2013 Coordena\u00e7\u00e3o: Adolfo Luis Schedler Bittencourt<\/p>\n\n\n\n<p>Desenvolvimento de modelos em 3D<\/p>\n\n\n\n<p>Modelagem e texturizac\u00e3o: Adolfo Luis Schedler Bittencourt e Dorothy Ballarini<\/p>\n\n\n\n<p>Anima\u00e7\u00e3o de personagens em 3D<\/p>\n\n\n\n<p>Rig, skin e anima\u00e7\u00e3o: Anderson Sud\u00e1rio, Daniel Arnold, Martin R\u00e9us e Talins Pires de Souza<\/p>\n\n\n\n<p>Shader, Render e Ilumina\u00e7\u00e3o: Adolfo Luis Schedler Bittencourt<\/p>\n\n\n\n<p>Consultoria Cient\u00edfica: Cesar Leandro Schultz e Marina Bento Soares<\/p>\n\n\n\n<p>Ilustra\u00e7\u00e3o de Paisagem: Rafael Guimar\u00e3es<\/p>\n\n\n\n<div style=\"height:35px\" aria-hidden=\"true\" class=\"wp-block-spacer\"><\/div>\n\n\n\n<p><strong>Projeto de Renova\u00e7\u00e3o (2024):&nbsp;<\/strong><\/p>\n\n\n\n<p>Consultoria: Jonathan Philippe Barboza e Alexandre Liparini Campos<\/p>\n","protected":false},"excerpt":{"rendered":"<p>Na instala\u00e7\u00e3o do supercontinente &#8220;Pangeia&#8221;, \u00e9 poss\u00edvel encontrar dois intrigantes f\u00f3sseis que despertam a curiosidade e a imagina\u00e7\u00e3o: o Rincossauro e o Prestosuchus chiniquensis. Ambos s\u00e3o arcossauros, criaturas extraordin\u00e1rias que emergiram durante o per\u00edodo geol\u00f3gico do Tri\u00e1ssico. Os arcossauros fazem parte de um grupo de r\u00e9pteis, chamado diapsida, que inclui lagartos, aves e crocodilos. Esses [&hellip;]<\/p>\n","protected":false},"author":3,"featured_media":0,"parent":254,"menu_order":0,"comment_status":"closed","ping_status":"closed","template":"","meta":{"_acf_changed":false,"footnotes":""},"class_list":["post-8389","page","type-page","status-publish","hentry"],"acf":[],"_links":{"self":[{"href":"https:\/\/www.ufmg.br\/espacodoconhecimento\/wp-json\/wp\/v2\/pages\/8389"}],"collection":[{"href":"https:\/\/www.ufmg.br\/espacodoconhecimento\/wp-json\/wp\/v2\/pages"}],"about":[{"href":"https:\/\/www.ufmg.br\/espacodoconhecimento\/wp-json\/wp\/v2\/types\/page"}],"author":[{"embeddable":true,"href":"https:\/\/www.ufmg.br\/espacodoconhecimento\/wp-json\/wp\/v2\/users\/3"}],"replies":[{"embeddable":true,"href":"https:\/\/www.ufmg.br\/espacodoconhecimento\/wp-json\/wp\/v2\/comments?post=8389"}],"version-history":[{"count":2,"href":"https:\/\/www.ufmg.br\/espacodoconhecimento\/wp-json\/wp\/v2\/pages\/8389\/revisions"}],"predecessor-version":[{"id":8481,"href":"https:\/\/www.ufmg.br\/espacodoconhecimento\/wp-json\/wp\/v2\/pages\/8389\/revisions\/8481"}],"up":[{"embeddable":true,"href":"https:\/\/www.ufmg.br\/espacodoconhecimento\/wp-json\/wp\/v2\/pages\/254"}],"wp:attachment":[{"href":"https:\/\/www.ufmg.br\/espacodoconhecimento\/wp-json\/wp\/v2\/media?parent=8389"}],"curies":[{"name":"wp","href":"https:\/\/api.w.org\/{rel}","templated":true}]}}