{"id":8391,"date":"2026-01-29T11:05:33","date_gmt":"2026-01-29T14:05:33","guid":{"rendered":"https:\/\/www.ufmg.br\/espacodoconhecimento\/?page_id=8391"},"modified":"2026-01-29T11:05:33","modified_gmt":"2026-01-29T14:05:33","slug":"a-era-dos-grandes-mamiferos","status":"publish","type":"page","link":"https:\/\/www.ufmg.br\/espacodoconhecimento\/exposicoes\/demasiado-humano\/a-era-dos-grandes-mamiferos\/","title":{"rendered":"A Era dos Grandes Mam\u00edferos"},"content":{"rendered":"\n<div style=\"height:35px\" aria-hidden=\"true\" class=\"wp-block-spacer\"><\/div>\n\n\n\n<figure class=\"wp-block-image size-full\"><img loading=\"lazy\" decoding=\"async\" width=\"1024\" height=\"413\" src=\"https:\/\/www.ufmg.br\/espacodoconhecimento\/novo\/wp-content\/uploads\/2025\/07\/IMG_7073-1024x413-1.jpg\" alt=\"\" class=\"wp-image-681\" srcset=\"https:\/\/www.ufmg.br\/espacodoconhecimento\/wp-content\/uploads\/2025\/07\/IMG_7073-1024x413-1.jpg 1024w, https:\/\/www.ufmg.br\/espacodoconhecimento\/wp-content\/uploads\/2025\/07\/IMG_7073-1024x413-1-300x121.jpg 300w, https:\/\/www.ufmg.br\/espacodoconhecimento\/wp-content\/uploads\/2025\/07\/IMG_7073-1024x413-1-768x310.jpg 768w\" sizes=\"(max-width: 1024px) 100vw, 1024px\" \/><\/figure>\n\n\n\n<div style=\"height:35px\" aria-hidden=\"true\" class=\"wp-block-spacer\"><\/div>\n\n\n\n<p>H\u00e1 cerca de 65 milh\u00f5es de anos, no final do Cret\u00e1ceo, a Am\u00e9rica do Sul era uma ilha isolada da Am\u00e9rica do Norte. Durante esse per\u00edodo, o continente abrigava marsupiais, edentados, como tatus, tamandu\u00e1s e pregui\u00e7as. Pyrotheria, Astrapotheria, Xenungulata, Toxodontia e Liptoterna.&nbsp;<\/p>\n\n\n\n<p>A instala\u00e7\u00e3o apresenta r\u00e9plicas que reconstituem alguns desses grandes mam\u00edferos que habitaram o Brasil e Minas Gerais durante o Pleistoceno (de 1,8 a 0,01 milh\u00f5es de anos), como o tatu-gigante, o tigre-de-bengala, e a pregui\u00e7a-gigante, extintos no in\u00edcio do Holoceno, h\u00e1 cerca de 9 mil anos.<\/p>\n\n\n\n<p><\/p>\n\n\n\n<div style=\"height:19px\" aria-hidden=\"true\" class=\"wp-block-spacer\"><\/div>\n\n\n\n<p><\/p>\n\n\n\n<figure class=\"wp-block-embed is-type-rich is-provider-incorporar-manipulador wp-block-embed-incorporar-manipulador wp-embed-aspect-16-9 wp-has-aspect-ratio\"><div class=\"wp-block-embed__wrapper\">\n<iframe loading=\"lazy\" title=\"a era dos grandes mam\u00edferos | demasiado humano\" width=\"500\" height=\"281\" src=\"https:\/\/www.youtube.com\/embed\/MM08ZAPLysY?feature=oembed\" frameborder=\"0\" allow=\"accelerometer; autoplay; clipboard-write; encrypted-media; gyroscope; picture-in-picture; web-share\" referrerpolicy=\"strict-origin-when-cross-origin\" allowfullscreen><\/iframe>\n<\/div><\/figure>\n\n\n\n<div style=\"height:20px\" aria-hidden=\"true\" class=\"wp-block-spacer\"><\/div>\n\n\n\n<p><strong>Projeto Inaugural (2010):<\/strong><\/p>\n\n\n\n<p>Consultoria: Karin Elise Bohns Meyer&nbsp;<\/p>\n\n\n\n<p>Modelagem: Marco Prata<\/p>\n\n\n\n<div style=\"height:35px\" aria-hidden=\"true\" class=\"wp-block-spacer\"><\/div>\n\n\n\n<p><strong>Projeto de Renova\u00e7\u00e3o (2024):&nbsp;<\/strong><\/p>\n\n\n\n<p>Consultoria: Alexandre Liparini Campos<\/p>\n","protected":false},"excerpt":{"rendered":"<p>H\u00e1 cerca de 65 milh\u00f5es de anos, no final do Cret\u00e1ceo, a Am\u00e9rica do Sul era uma ilha isolada da Am\u00e9rica do Norte. Durante esse per\u00edodo, o continente abrigava marsupiais, edentados, como tatus, tamandu\u00e1s e pregui\u00e7as. Pyrotheria, Astrapotheria, Xenungulata, Toxodontia e Liptoterna.&nbsp; A instala\u00e7\u00e3o apresenta r\u00e9plicas que reconstituem alguns desses grandes mam\u00edferos que habitaram o [&hellip;]<\/p>\n","protected":false},"author":3,"featured_media":0,"parent":254,"menu_order":0,"comment_status":"closed","ping_status":"closed","template":"","meta":{"_acf_changed":false,"footnotes":""},"class_list":["post-8391","page","type-page","status-publish","hentry"],"acf":[],"_links":{"self":[{"href":"https:\/\/www.ufmg.br\/espacodoconhecimento\/wp-json\/wp\/v2\/pages\/8391"}],"collection":[{"href":"https:\/\/www.ufmg.br\/espacodoconhecimento\/wp-json\/wp\/v2\/pages"}],"about":[{"href":"https:\/\/www.ufmg.br\/espacodoconhecimento\/wp-json\/wp\/v2\/types\/page"}],"author":[{"embeddable":true,"href":"https:\/\/www.ufmg.br\/espacodoconhecimento\/wp-json\/wp\/v2\/users\/3"}],"replies":[{"embeddable":true,"href":"https:\/\/www.ufmg.br\/espacodoconhecimento\/wp-json\/wp\/v2\/comments?post=8391"}],"version-history":[{"count":1,"href":"https:\/\/www.ufmg.br\/espacodoconhecimento\/wp-json\/wp\/v2\/pages\/8391\/revisions"}],"predecessor-version":[{"id":8392,"href":"https:\/\/www.ufmg.br\/espacodoconhecimento\/wp-json\/wp\/v2\/pages\/8391\/revisions\/8392"}],"up":[{"embeddable":true,"href":"https:\/\/www.ufmg.br\/espacodoconhecimento\/wp-json\/wp\/v2\/pages\/254"}],"wp:attachment":[{"href":"https:\/\/www.ufmg.br\/espacodoconhecimento\/wp-json\/wp\/v2\/media?parent=8391"}],"curies":[{"name":"wp","href":"https:\/\/api.w.org\/{rel}","templated":true}]}}