{"id":8395,"date":"2026-01-29T11:06:58","date_gmt":"2026-01-29T14:06:58","guid":{"rendered":"https:\/\/www.ufmg.br\/espacodoconhecimento\/?page_id=8395"},"modified":"2026-02-20T09:13:13","modified_gmt":"2026-02-20T12:13:13","slug":"arvore-humana","status":"publish","type":"page","link":"https:\/\/www.ufmg.br\/espacodoconhecimento\/exposicoes\/demasiado-humano\/arvore-humana\/","title":{"rendered":"\u00c1rvore Humana"},"content":{"rendered":"\n<div style=\"height:35px\" aria-hidden=\"true\" class=\"wp-block-spacer\"><\/div>\n\n\n\n<figure class=\"wp-block-gallery has-nested-images columns-default is-cropped wp-block-gallery-1 is-layout-flex wp-block-gallery-is-layout-flex\">\n<figure class=\"wp-block-image size-full\"><img loading=\"lazy\" decoding=\"async\" width=\"768\" height=\"309\" data-id=\"8451\" src=\"https:\/\/www.ufmg.br\/espacodoconhecimento\/wp-content\/uploads\/2026\/01\/2.png\" alt=\"\" class=\"wp-image-8451\" srcset=\"https:\/\/www.ufmg.br\/espacodoconhecimento\/wp-content\/uploads\/2026\/01\/2.png 768w, https:\/\/www.ufmg.br\/espacodoconhecimento\/wp-content\/uploads\/2026\/01\/2-300x121.png 300w\" sizes=\"(max-width: 768px) 100vw, 768px\" \/><\/figure>\n<\/figure>\n\n\n\n<div style=\"height:35px\" aria-hidden=\"true\" class=\"wp-block-spacer\"><\/div>\n\n\n\n<p>O que nos faz humanas e humanos? Por meio de ilustra\u00e7\u00f5es ricas em detalhes e r\u00e9plicas de artefatos arqueol\u00f3gicos, a instala\u00e7\u00e3o convida o p\u00fablico a refletir sobre a evolu\u00e7\u00e3o da humanidade, na forma de uma \u00e1rvore repleta de galhos n\u00e3o lineares. A nossa esp\u00e9cie, chamada de <em>Homo sapiens<\/em>, \u00e9 uma apenas uma das esp\u00e9cies humanas que j\u00e1 andaram pelo planeta, revelando uma profunda diversidade ao longo do tempo. <\/p>\n\n\n\n<div style=\"height:20px\" aria-hidden=\"true\" class=\"wp-block-spacer\"><\/div>\n\n\n\n<p><strong>Projeto de Renova\u00e7\u00e3o (2025):&nbsp;<\/strong><\/p>\n\n\n\n<p>Curadoria: Mariana Petry Cabral e Andrei Isnardis<\/p>\n\n\n\n<p>Ilustra\u00e7\u00f5es paleontol\u00f3gicas de homin\u00ednios: Julio Lacerda<\/p>\n\n\n\n<p>R\u00e9plicas de artefatos arqueol\u00f3gicos (esculpidos exclusivamente para a exposi\u00e7\u00e3o): Andrei Isnardis e Vinicius Siqueira<\/p>\n","protected":false},"excerpt":{"rendered":"<p>O que nos faz humanas e humanos? Por meio de ilustra\u00e7\u00f5es ricas em detalhes e r\u00e9plicas de artefatos arqueol\u00f3gicos, a instala\u00e7\u00e3o convida o p\u00fablico a refletir sobre a evolu\u00e7\u00e3o da humanidade, na forma de uma \u00e1rvore repleta de galhos n\u00e3o lineares. A nossa esp\u00e9cie, chamada de Homo sapiens, \u00e9 uma apenas uma das esp\u00e9cies humanas [&hellip;]<\/p>\n","protected":false},"author":3,"featured_media":0,"parent":254,"menu_order":0,"comment_status":"closed","ping_status":"closed","template":"","meta":{"_acf_changed":false,"footnotes":""},"class_list":["post-8395","page","type-page","status-publish","hentry"],"acf":[],"_links":{"self":[{"href":"https:\/\/www.ufmg.br\/espacodoconhecimento\/wp-json\/wp\/v2\/pages\/8395"}],"collection":[{"href":"https:\/\/www.ufmg.br\/espacodoconhecimento\/wp-json\/wp\/v2\/pages"}],"about":[{"href":"https:\/\/www.ufmg.br\/espacodoconhecimento\/wp-json\/wp\/v2\/types\/page"}],"author":[{"embeddable":true,"href":"https:\/\/www.ufmg.br\/espacodoconhecimento\/wp-json\/wp\/v2\/users\/3"}],"replies":[{"embeddable":true,"href":"https:\/\/www.ufmg.br\/espacodoconhecimento\/wp-json\/wp\/v2\/comments?post=8395"}],"version-history":[{"count":5,"href":"https:\/\/www.ufmg.br\/espacodoconhecimento\/wp-json\/wp\/v2\/pages\/8395\/revisions"}],"predecessor-version":[{"id":8751,"href":"https:\/\/www.ufmg.br\/espacodoconhecimento\/wp-json\/wp\/v2\/pages\/8395\/revisions\/8751"}],"up":[{"embeddable":true,"href":"https:\/\/www.ufmg.br\/espacodoconhecimento\/wp-json\/wp\/v2\/pages\/254"}],"wp:attachment":[{"href":"https:\/\/www.ufmg.br\/espacodoconhecimento\/wp-json\/wp\/v2\/media?parent=8395"}],"curies":[{"name":"wp","href":"https:\/\/api.w.org\/{rel}","templated":true}]}}