{"id":8407,"date":"2026-01-29T11:10:19","date_gmt":"2026-01-29T14:10:19","guid":{"rendered":"https:\/\/www.ufmg.br\/espacodoconhecimento\/?page_id=8407"},"modified":"2026-02-11T11:50:20","modified_gmt":"2026-02-11T14:50:20","slug":"o-rio-e-os-seus-seres","status":"publish","type":"page","link":"https:\/\/www.ufmg.br\/espacodoconhecimento\/exposicoes\/demasiado-humano\/o-rio-e-os-seus-seres\/","title":{"rendered":"O Rio e os Seus Seres"},"content":{"rendered":"\n<div style=\"height:35px\" aria-hidden=\"true\" class=\"wp-block-spacer\"><\/div>\n\n\n\n<figure class=\"wp-block-gallery has-nested-images columns-default is-cropped wp-block-gallery-1 is-layout-flex wp-block-gallery-is-layout-flex\">\n<figure class=\"wp-block-image size-full\"><img loading=\"lazy\" decoding=\"async\" width=\"768\" height=\"309\" data-id=\"8468\" src=\"https:\/\/www.ufmg.br\/espacodoconhecimento\/wp-content\/uploads\/2026\/01\/4.png\" alt=\"\" class=\"wp-image-8468\" srcset=\"https:\/\/www.ufmg.br\/espacodoconhecimento\/wp-content\/uploads\/2026\/01\/4.png 768w, https:\/\/www.ufmg.br\/espacodoconhecimento\/wp-content\/uploads\/2026\/01\/4-300x121.png 300w\" sizes=\"(max-width: 768px) 100vw, 768px\" \/><\/figure>\n<\/figure>\n\n\n\n<div style=\"height:35px\" aria-hidden=\"true\" class=\"wp-block-spacer\"><\/div>\n\n\n\n<p><strong><em>\u201cN\u00e3o tenho d\u00favida de que a conflu\u00eancia \u00e9 a energia que est\u00e1 nos movendo;<\/em><\/strong><\/p>\n\n\n\n<p><strong><em>Para o compartilhamento, para reconhecimento, para o respeito.<\/em><\/strong><\/p>\n\n\n\n<p><strong><em>Um rio n\u00e3o deixa de ser um rio porque conflui com outro rio;<\/em><\/strong><\/p>\n\n\n\n<p><strong><em>Ao contr\u00e1rio, ele passa a ser ele mesmo e outros rios, ele se fortalece\u2026\u201d<\/em><\/strong><\/p>\n\n\n\n<div style=\"height:20px\" aria-hidden=\"true\" class=\"wp-block-spacer\"><\/div>\n\n\n\n<p>Por meio de uma instala\u00e7\u00e3o interativa, com frases de Nego Bispo e Ailton Krenak, e ilustra\u00e7\u00f5es de peixes do rio Catrimani, o p\u00fablico \u00e9 convidado a refletir sobre a ideia de conflu\u00eancia e os seres que habitam os cursos d&#8217;\u00e1gua.<\/p>\n\n\n\n<div style=\"height:20px\" aria-hidden=\"true\" class=\"wp-block-spacer\"><\/div>\n\n\n\n<p><strong>Projeto de Renova\u00e7\u00e3o (2026):&nbsp;<\/strong><\/p>\n\n\n\n<p>Curadoria: Deborah de Magalh\u00e3es Lima e Karenina Vieira Andrade<\/p>\n\n\n\n<p>Ilustra\u00e7\u00f5es (peixes): Livro Yurip\u00eb siki: peixes do rio Catrimani<br>Kassua Adnaldo Yanomami <em>et al<\/em>. (Orgs.)<\/p>\n","protected":false},"excerpt":{"rendered":"<p>\u201cN\u00e3o tenho d\u00favida de que a conflu\u00eancia \u00e9 a energia que est\u00e1 nos movendo; Para o compartilhamento, para reconhecimento, para o respeito. Um rio n\u00e3o deixa de ser um rio porque conflui com outro rio; Ao contr\u00e1rio, ele passa a ser ele mesmo e outros rios, ele se fortalece\u2026\u201d Por meio de uma instala\u00e7\u00e3o interativa, [&hellip;]<\/p>\n","protected":false},"author":3,"featured_media":0,"parent":254,"menu_order":0,"comment_status":"closed","ping_status":"closed","template":"","meta":{"_acf_changed":false,"footnotes":""},"class_list":["post-8407","page","type-page","status-publish","hentry"],"acf":[],"_links":{"self":[{"href":"https:\/\/www.ufmg.br\/espacodoconhecimento\/wp-json\/wp\/v2\/pages\/8407"}],"collection":[{"href":"https:\/\/www.ufmg.br\/espacodoconhecimento\/wp-json\/wp\/v2\/pages"}],"about":[{"href":"https:\/\/www.ufmg.br\/espacodoconhecimento\/wp-json\/wp\/v2\/types\/page"}],"author":[{"embeddable":true,"href":"https:\/\/www.ufmg.br\/espacodoconhecimento\/wp-json\/wp\/v2\/users\/3"}],"replies":[{"embeddable":true,"href":"https:\/\/www.ufmg.br\/espacodoconhecimento\/wp-json\/wp\/v2\/comments?post=8407"}],"version-history":[{"count":4,"href":"https:\/\/www.ufmg.br\/espacodoconhecimento\/wp-json\/wp\/v2\/pages\/8407\/revisions"}],"predecessor-version":[{"id":8644,"href":"https:\/\/www.ufmg.br\/espacodoconhecimento\/wp-json\/wp\/v2\/pages\/8407\/revisions\/8644"}],"up":[{"embeddable":true,"href":"https:\/\/www.ufmg.br\/espacodoconhecimento\/wp-json\/wp\/v2\/pages\/254"}],"wp:attachment":[{"href":"https:\/\/www.ufmg.br\/espacodoconhecimento\/wp-json\/wp\/v2\/media?parent=8407"}],"curies":[{"name":"wp","href":"https:\/\/api.w.org\/{rel}","templated":true}]}}