{"id":8409,"date":"2026-01-29T11:10:44","date_gmt":"2026-01-29T14:10:44","guid":{"rendered":"https:\/\/www.ufmg.br\/espacodoconhecimento\/?page_id=8409"},"modified":"2026-01-29T11:10:44","modified_gmt":"2026-01-29T14:10:44","slug":"cosmologias","status":"publish","type":"page","link":"https:\/\/www.ufmg.br\/espacodoconhecimento\/exposicoes\/demasiado-humano\/cosmologias\/","title":{"rendered":"Cosmologias"},"content":{"rendered":"\n<div style=\"height:35px\" aria-hidden=\"true\" class=\"wp-block-spacer\"><\/div>\n\n\n\n<figure class=\"wp-block-image size-large\"><img loading=\"lazy\" decoding=\"async\" width=\"1024\" height=\"412\" src=\"https:\/\/www.ufmg.br\/espacodoconhecimento\/novo\/wp-content\/uploads\/2025\/07\/capa-programacao-8-1024x412.png\" alt=\"\" class=\"wp-image-726\" srcset=\"https:\/\/www.ufmg.br\/espacodoconhecimento\/wp-content\/uploads\/2025\/07\/capa-programacao-8-1024x412.png 1024w, https:\/\/www.ufmg.br\/espacodoconhecimento\/wp-content\/uploads\/2025\/07\/capa-programacao-8-300x121.png 300w, https:\/\/www.ufmg.br\/espacodoconhecimento\/wp-content\/uploads\/2025\/07\/capa-programacao-8-768x309.png 768w, https:\/\/www.ufmg.br\/espacodoconhecimento\/wp-content\/uploads\/2025\/07\/capa-programacao-8-1536x618.png 1536w, https:\/\/www.ufmg.br\/espacodoconhecimento\/wp-content\/uploads\/2025\/07\/capa-programacao-8.png 2048w\" sizes=\"(max-width: 1024px) 100vw, 1024px\" \/><\/figure>\n\n\n\n<div style=\"height:35px\" aria-hidden=\"true\" class=\"wp-block-spacer\"><\/div>\n\n\n\n<p>A mem\u00f3ria de um povo pode ser guardada nas hist\u00f3rias que narram, de v\u00e1rias formas, as rela\u00e7\u00f5es entre os seres e a natureza, seus significados, os acontecimentos e as mudan\u00e7as. Esses saberes baseados na experi\u00eancia de tantos, por muitos anos, podem, ent\u00e3o, ser conhecidos pelos que aprendem a ouvi-los.&nbsp;<\/p>\n\n\n\n<p>Cada povo tem sua narrativa sobre a origem do mundo. Cada cultura conta sua hist\u00f3ria de acordo com suas tradi\u00e7\u00f5es, seja pelo caminho da escrita, da ci\u00eancia e da racionalidade, seja atrav\u00e9s da oralidade e de uma compreens\u00e3o ampliada do Cosmos.<\/p>\n\n\n\n<p>Os judeus e os crist\u00e3os encontram sua fonte de conhecimento na B\u00edblia; os maias, no Popol Vuh; os gregos, em Homero&#8230; Os que n\u00e3o escreveram suas hist\u00f3rias encontram-nas em falas, cantos e ritos que tamb\u00e9m podem ser registrados de diferentes formas.&nbsp;<\/p>\n\n\n\n<p>Na instala\u00e7\u00e3o, o p\u00fablico pode apreciar esculturas constru\u00eddas em papel enquanto ouve narra\u00e7\u00f5es sobre seis diferentes cosmologias: Yor\u00f9b\u00e1, Maxakali, Grega, Maia-quich\u00e9, Judaico-crist\u00e3 e Latina.<\/p>\n\n\n\n<p><\/p>\n\n\n\n<div style=\"height:19px\" aria-hidden=\"true\" class=\"wp-block-spacer\"><\/div>\n\n\n\n<p><\/p>\n\n\n\n<figure class=\"wp-block-embed is-type-rich is-provider-incorporar-manipulador wp-block-embed-incorporar-manipulador wp-embed-aspect-16-9 wp-has-aspect-ratio\"><div class=\"wp-block-embed__wrapper\">\n<iframe loading=\"lazy\" title=\"cosmologias  | demasiado humano\" width=\"500\" height=\"281\" src=\"https:\/\/www.youtube.com\/embed\/-BUFm7nJT2Q?feature=oembed\" frameborder=\"0\" allow=\"accelerometer; autoplay; clipboard-write; encrypted-media; gyroscope; picture-in-picture; web-share\" referrerpolicy=\"strict-origin-when-cross-origin\" allowfullscreen><\/iframe>\n<\/div><\/figure>\n\n\n\n<p><\/p>\n\n\n\n<div style=\"height:19px\" aria-hidden=\"true\" class=\"wp-block-spacer\"><\/div>\n\n\n\n<p><\/p>\n\n\n\n<p><strong>Projeto Inaugural (2010):&nbsp;<\/strong><\/p>\n\n\n\n<p>Consultoria: Adriana Vidotte, Jacyntho Lins Brand\u00e3o, Maria In\u00eas de Almeida, Olusegun Michael Akinruli, Bernardo Jefferson e Miriam Campolina<\/p>\n\n\n\n<p>Esculturas em papel<\/p>\n\n\n\n<p>Cria\u00e7\u00e3o, projeto e montagem: Marcelo Bicalho<\/p>\n\n\n\n<p>Assistente de arte e montagem: M\u00e1rcia Sobral<\/p>\n\n\n\n<p>Auxiliares de montagem: Diogo Moreira e Vivianne Nardi<\/p>\n\n\n\n<p>\u00c1udio<\/p>\n\n\n\n<p>Locu\u00e7\u00e3o: Olusegun Michael Akinruli [Yor\u00f9b\u00e1]; Isael Maxakali, Rafael Maxakali e Suely Maxakali [Maxakali]; Ruth Moya [Maia-Quich\u00e9]; Maria Clara Xavier [Grego]; Rabino Leonardo Alanati [Hebraico]; Mateus Alves [Latim]<\/p>\n\n\n\n<p>Grava\u00e7\u00f5es: R\u00e1dio UFMG \/ InterSignos \u2013 EBA \u2013 UFMG<\/p>\n\n\n\n<p>Edi\u00e7\u00e3o de som: Jalver Beth\u00f4nico<\/p>\n\n\n\n<div style=\"height:35px\" aria-hidden=\"true\" class=\"wp-block-spacer\"><\/div>\n\n\n\n<p><strong>Projeto de Renova\u00e7\u00e3o (2024):&nbsp;<\/strong><\/p>\n\n\n\n<p>Consultoria: Wellington Luiz Silva<\/p>\n","protected":false},"excerpt":{"rendered":"<p>A mem\u00f3ria de um povo pode ser guardada nas hist\u00f3rias que narram, de v\u00e1rias formas, as rela\u00e7\u00f5es entre os seres e a natureza, seus significados, os acontecimentos e as mudan\u00e7as. Esses saberes baseados na experi\u00eancia de tantos, por muitos anos, podem, ent\u00e3o, ser conhecidos pelos que aprendem a ouvi-los.&nbsp; Cada povo tem sua narrativa sobre [&hellip;]<\/p>\n","protected":false},"author":3,"featured_media":0,"parent":254,"menu_order":0,"comment_status":"closed","ping_status":"closed","template":"","meta":{"_acf_changed":false,"footnotes":""},"class_list":["post-8409","page","type-page","status-publish","hentry"],"acf":[],"_links":{"self":[{"href":"https:\/\/www.ufmg.br\/espacodoconhecimento\/wp-json\/wp\/v2\/pages\/8409"}],"collection":[{"href":"https:\/\/www.ufmg.br\/espacodoconhecimento\/wp-json\/wp\/v2\/pages"}],"about":[{"href":"https:\/\/www.ufmg.br\/espacodoconhecimento\/wp-json\/wp\/v2\/types\/page"}],"author":[{"embeddable":true,"href":"https:\/\/www.ufmg.br\/espacodoconhecimento\/wp-json\/wp\/v2\/users\/3"}],"replies":[{"embeddable":true,"href":"https:\/\/www.ufmg.br\/espacodoconhecimento\/wp-json\/wp\/v2\/comments?post=8409"}],"version-history":[{"count":2,"href":"https:\/\/www.ufmg.br\/espacodoconhecimento\/wp-json\/wp\/v2\/pages\/8409\/revisions"}],"predecessor-version":[{"id":8442,"href":"https:\/\/www.ufmg.br\/espacodoconhecimento\/wp-json\/wp\/v2\/pages\/8409\/revisions\/8442"}],"up":[{"embeddable":true,"href":"https:\/\/www.ufmg.br\/espacodoconhecimento\/wp-json\/wp\/v2\/pages\/254"}],"wp:attachment":[{"href":"https:\/\/www.ufmg.br\/espacodoconhecimento\/wp-json\/wp\/v2\/media?parent=8409"}],"curies":[{"name":"wp","href":"https:\/\/api.w.org\/{rel}","templated":true}]}}