{"id":8411,"date":"2026-01-29T11:11:07","date_gmt":"2026-01-29T14:11:07","guid":{"rendered":"https:\/\/www.ufmg.br\/espacodoconhecimento\/?page_id=8411"},"modified":"2026-02-11T11:19:55","modified_gmt":"2026-02-11T14:19:55","slug":"des-envolvimento","status":"publish","type":"page","link":"https:\/\/www.ufmg.br\/espacodoconhecimento\/exposicoes\/demasiado-humano\/des-envolvimento\/","title":{"rendered":"Des-envolvimento"},"content":{"rendered":"\n<div style=\"height:35px\" aria-hidden=\"true\" class=\"wp-block-spacer\"><\/div>\n\n\n\n<figure class=\"wp-block-gallery has-nested-images columns-default is-cropped wp-block-gallery-1 is-layout-flex wp-block-gallery-is-layout-flex\">\n<figure class=\"wp-block-image size-full\"><img loading=\"lazy\" decoding=\"async\" width=\"768\" height=\"309\" data-id=\"8467\" src=\"https:\/\/www.ufmg.br\/espacodoconhecimento\/wp-content\/uploads\/2026\/01\/3.png\" alt=\"\" class=\"wp-image-8467\" srcset=\"https:\/\/www.ufmg.br\/espacodoconhecimento\/wp-content\/uploads\/2026\/01\/3.png 768w, https:\/\/www.ufmg.br\/espacodoconhecimento\/wp-content\/uploads\/2026\/01\/3-300x121.png 300w\" sizes=\"(max-width: 768px) 100vw, 768px\" \/><\/figure>\n<\/figure>\n\n\n\n<div style=\"height:35px\" aria-hidden=\"true\" class=\"wp-block-spacer\"><\/div>\n\n\n\n<p><em><strong>Apesar de serem criaturas da natureza, os humanistas se descolam da natureza e se tornam criadores. Humanismo \u00e9 uma palavra companheira da palavra des-envolvimento, cuja ideia \u00e9 tratar os seres humanos como seres que querem ser criadores e n\u00e3o criaturas da natureza, que querem superar a natureza. Des-envolvimento \u00e9 sin\u00f4nimo de desconectar, tirar do cosmo, quebrar a originalidade<\/strong><\/em> (Ant\u00f4nio Bispo dos Santos).<\/p>\n\n\n\n<div style=\"height:20px\" aria-hidden=\"true\" class=\"wp-block-spacer\"><\/div>\n\n\n\n<p>Por meio de imagens e v\u00eddeos, a instala\u00e7\u00e3o apresenta aspectos, reverbera\u00e7\u00f5es e impactos socioambientais causados pelo des-envolvimento.<\/p>\n\n\n\n<div style=\"height:20px\" aria-hidden=\"true\" class=\"wp-block-spacer\"><\/div>\n\n\n\n<p><strong>Projeto de Renova\u00e7\u00e3o (2026):&nbsp;<\/strong><\/p>\n\n\n\n<p>Curadoria: Deborah Lima e Renata Marquez<\/p>\n\n\n\n<p>V\u00eddeo Mundo Des-envolvido: Montagem Espa\u00e7o do Conhecimento UFMG<\/p>\n","protected":false},"excerpt":{"rendered":"<p>Apesar de serem criaturas da natureza, os humanistas se descolam da natureza e se tornam criadores. Humanismo \u00e9 uma palavra companheira da palavra des-envolvimento, cuja ideia \u00e9 tratar os seres humanos como seres que querem ser criadores e n\u00e3o criaturas da natureza, que querem superar a natureza. Des-envolvimento \u00e9 sin\u00f4nimo de desconectar, tirar do cosmo, [&hellip;]<\/p>\n","protected":false},"author":3,"featured_media":0,"parent":254,"menu_order":0,"comment_status":"closed","ping_status":"closed","template":"","meta":{"_acf_changed":false,"footnotes":""},"class_list":["post-8411","page","type-page","status-publish","hentry"],"acf":[],"_links":{"self":[{"href":"https:\/\/www.ufmg.br\/espacodoconhecimento\/wp-json\/wp\/v2\/pages\/8411"}],"collection":[{"href":"https:\/\/www.ufmg.br\/espacodoconhecimento\/wp-json\/wp\/v2\/pages"}],"about":[{"href":"https:\/\/www.ufmg.br\/espacodoconhecimento\/wp-json\/wp\/v2\/types\/page"}],"author":[{"embeddable":true,"href":"https:\/\/www.ufmg.br\/espacodoconhecimento\/wp-json\/wp\/v2\/users\/3"}],"replies":[{"embeddable":true,"href":"https:\/\/www.ufmg.br\/espacodoconhecimento\/wp-json\/wp\/v2\/comments?post=8411"}],"version-history":[{"count":3,"href":"https:\/\/www.ufmg.br\/espacodoconhecimento\/wp-json\/wp\/v2\/pages\/8411\/revisions"}],"predecessor-version":[{"id":8637,"href":"https:\/\/www.ufmg.br\/espacodoconhecimento\/wp-json\/wp\/v2\/pages\/8411\/revisions\/8637"}],"up":[{"embeddable":true,"href":"https:\/\/www.ufmg.br\/espacodoconhecimento\/wp-json\/wp\/v2\/pages\/254"}],"wp:attachment":[{"href":"https:\/\/www.ufmg.br\/espacodoconhecimento\/wp-json\/wp\/v2\/media?parent=8411"}],"curies":[{"name":"wp","href":"https:\/\/api.w.org\/{rel}","templated":true}]}}