{"id":8413,"date":"2026-01-29T11:11:42","date_gmt":"2026-01-29T14:11:42","guid":{"rendered":"https:\/\/www.ufmg.br\/espacodoconhecimento\/?page_id=8413"},"modified":"2026-02-11T11:20:19","modified_gmt":"2026-02-11T14:20:19","slug":"saberes-tradicionais","status":"publish","type":"page","link":"https:\/\/www.ufmg.br\/espacodoconhecimento\/exposicoes\/demasiado-humano\/saberes-tradicionais\/","title":{"rendered":"Saberes Tradicionais"},"content":{"rendered":"\n<div style=\"height:35px\" aria-hidden=\"true\" class=\"wp-block-spacer\"><\/div>\n\n\n\n<figure class=\"wp-block-gallery has-nested-images columns-default is-cropped wp-block-gallery-1 is-layout-flex wp-block-gallery-is-layout-flex\">\n<figure class=\"wp-block-image size-full\"><img loading=\"lazy\" decoding=\"async\" width=\"768\" height=\"309\" data-id=\"8466\" src=\"https:\/\/www.ufmg.br\/espacodoconhecimento\/wp-content\/uploads\/2026\/01\/2-1.png\" alt=\"\" class=\"wp-image-8466\" srcset=\"https:\/\/www.ufmg.br\/espacodoconhecimento\/wp-content\/uploads\/2026\/01\/2-1.png 768w, https:\/\/www.ufmg.br\/espacodoconhecimento\/wp-content\/uploads\/2026\/01\/2-1-300x121.png 300w\" sizes=\"(max-width: 768px) 100vw, 768px\" \/><figcaption class=\"wp-element-caption\"> Saberes Tradicionais<\/figcaption><\/figure>\n<\/figure>\n\n\n\n<div style=\"height:35px\" aria-hidden=\"true\" class=\"wp-block-spacer\"><\/div>\n\n\n\n<p>A instala\u00e7\u00e3o convida o p\u00fablico a conhecer o Programa de Forma\u00e7\u00e3o Transversal em Saberes Tradicionais da UFMG e a titula\u00e7\u00e3o por Not\u00f3rio Saber, que visam ampliar o reconhecimento e a realiza\u00e7\u00e3o de experi\u00eancias pluriepist\u00eamicas de ensino e pesquisa no ambiente da Universidade. <\/p>\n\n\n\n<div style=\"height:20px\" aria-hidden=\"true\" class=\"wp-block-spacer\"><\/div>\n\n\n\n<p><strong>Projeto de Renova\u00e7\u00e3o (2026):&nbsp;<\/strong><\/p>\n\n\n\n<p>Curadoria: Deborah Lima e Renata Marquez<\/p>\n\n\n\n<p>V\u00eddeo O Encantar das Folhas: Dire\u00e7\u00e3o C\u00e9sar Guimar\u00e3es e Pedro Aspahan<br>Forma\u00e7\u00e3o Transversal em Saberes Tradicionais<\/p>\n\n\n\n<p>Retratos de mestres e mestras dos Saberes Tradicionais: Joelson Ferreira de Oliveira<br>Cacique Nailton Patax\u00f3<br>Mestras Xakriab\u00e1 Lourdes Evarista, Rosa Bezerra e Isabel Bezerra<br>Japira Patax\u00f3<br>Joelson Ferreira de Oliveira<br>Solange Brito<br>Silvio da Siqueira (Seu Badu)<br>Cacique Nailton Patax\u00f3<br>Mestras Xakriab\u00e1 Lourdes Evarista, Rosa Bezerra e Isabel Bezerra<br>Rosemiro Ferreira da Silva (Seu L\u00edrio)<br>Maria da Gl\u00f3ria de Jesus<\/p>\n\n\n\n<p>Laborat\u00f3rio de Cria\u00e7\u00e3o Audiovisual dos Saberes Tradicionais<br>Forma\u00e7\u00e3o Transversal em Saberes Tradicionais UFMG<\/p>\n","protected":false},"excerpt":{"rendered":"<p>A instala\u00e7\u00e3o convida o p\u00fablico a conhecer o Programa de Forma\u00e7\u00e3o Transversal em Saberes Tradicionais da UFMG e a titula\u00e7\u00e3o por Not\u00f3rio Saber, que visam ampliar o reconhecimento e a realiza\u00e7\u00e3o de experi\u00eancias pluriepist\u00eamicas de ensino e pesquisa no ambiente da Universidade. Projeto de Renova\u00e7\u00e3o (2026):&nbsp; Curadoria: Deborah Lima e Renata Marquez V\u00eddeo O Encantar [&hellip;]<\/p>\n","protected":false},"author":3,"featured_media":0,"parent":254,"menu_order":0,"comment_status":"closed","ping_status":"closed","template":"","meta":{"_acf_changed":false,"footnotes":""},"class_list":["post-8413","page","type-page","status-publish","hentry"],"acf":[],"_links":{"self":[{"href":"https:\/\/www.ufmg.br\/espacodoconhecimento\/wp-json\/wp\/v2\/pages\/8413"}],"collection":[{"href":"https:\/\/www.ufmg.br\/espacodoconhecimento\/wp-json\/wp\/v2\/pages"}],"about":[{"href":"https:\/\/www.ufmg.br\/espacodoconhecimento\/wp-json\/wp\/v2\/types\/page"}],"author":[{"embeddable":true,"href":"https:\/\/www.ufmg.br\/espacodoconhecimento\/wp-json\/wp\/v2\/users\/3"}],"replies":[{"embeddable":true,"href":"https:\/\/www.ufmg.br\/espacodoconhecimento\/wp-json\/wp\/v2\/comments?post=8413"}],"version-history":[{"count":3,"href":"https:\/\/www.ufmg.br\/espacodoconhecimento\/wp-json\/wp\/v2\/pages\/8413\/revisions"}],"predecessor-version":[{"id":8638,"href":"https:\/\/www.ufmg.br\/espacodoconhecimento\/wp-json\/wp\/v2\/pages\/8413\/revisions\/8638"}],"up":[{"embeddable":true,"href":"https:\/\/www.ufmg.br\/espacodoconhecimento\/wp-json\/wp\/v2\/pages\/254"}],"wp:attachment":[{"href":"https:\/\/www.ufmg.br\/espacodoconhecimento\/wp-json\/wp\/v2\/media?parent=8413"}],"curies":[{"name":"wp","href":"https:\/\/api.w.org\/{rel}","templated":true}]}}