{"id":8415,"date":"2026-01-29T11:13:34","date_gmt":"2026-01-29T14:13:34","guid":{"rendered":"https:\/\/www.ufmg.br\/espacodoconhecimento\/?page_id=8415"},"modified":"2026-02-11T11:20:36","modified_gmt":"2026-02-11T14:20:36","slug":"roca-mae-do-mundo","status":"publish","type":"page","link":"https:\/\/www.ufmg.br\/espacodoconhecimento\/exposicoes\/demasiado-humano\/roca-mae-do-mundo\/","title":{"rendered":"Ro\u00e7a M\u00e3e do Mundo"},"content":{"rendered":"\n<div style=\"height:35px\" aria-hidden=\"true\" class=\"wp-block-spacer\"><\/div>\n\n\n\n<figure class=\"wp-block-gallery has-nested-images columns-default is-cropped wp-block-gallery-1 is-layout-flex wp-block-gallery-is-layout-flex\">\n<figure class=\"wp-block-image size-full\"><img loading=\"lazy\" decoding=\"async\" width=\"768\" height=\"309\" data-id=\"8464\" src=\"https:\/\/www.ufmg.br\/espacodoconhecimento\/wp-content\/uploads\/2026\/01\/6.png\" alt=\"\" class=\"wp-image-8464\" srcset=\"https:\/\/www.ufmg.br\/espacodoconhecimento\/wp-content\/uploads\/2026\/01\/6.png 768w, https:\/\/www.ufmg.br\/espacodoconhecimento\/wp-content\/uploads\/2026\/01\/6-300x121.png 300w\" sizes=\"(max-width: 768px) 100vw, 768px\" \/><\/figure>\n<\/figure>\n\n\n\n<div style=\"height:35px\" aria-hidden=\"true\" class=\"wp-block-spacer\"><\/div>\n\n\n\n<p>A ro\u00e7a \u00e9 m\u00e3e do mundo e nos convida a evocar a paix\u00e3o pelo que a conflu\u00eancia afro-ind\u00edgena produz, produziu e produzir\u00e1, a partir da terra e com ela, nas aldeias, nos quilombos e na cidade. <\/p>\n\n\n\n<div style=\"height:20px\" aria-hidden=\"true\" class=\"wp-block-spacer\"><\/div>\n\n\n\n<p>Em um ambiente interativo, repleto de cores, sons, artes e saberes, o p\u00fablico pode se aproximar da ro\u00e7a, bem como das pessoas, animais e esp\u00edritos que vivem envolvidas com o planeta Terra.<\/p>\n\n\n\n<div style=\"height:20px\" aria-hidden=\"true\" class=\"wp-block-spacer\"><\/div>\n\n\n\n<p><strong>Projeto de Renova\u00e7\u00e3o (2026):&nbsp;<\/strong><\/p>\n\n\n\n<p>Curadoria: Deborah Lima e Renata Marquez<\/p>\n\n\n\n<p>V\u00eddeo Puk hep m\u00eem\u00e3ti y\u00f5g hem\u00e9n \/ Mel, rem\u00e9dio da floresta: Projeto H\u00e3mhi, Terra Viva <\/p>\n\n\n\n<p>V\u00eddeo Mada komo \/ \u00c4deeja &#8211; Viviane Ye\u2019kwana: Acervo Espa\u00e7o do Conhecimento UFMG<\/p>\n","protected":false},"excerpt":{"rendered":"<p>A ro\u00e7a \u00e9 m\u00e3e do mundo e nos convida a evocar a paix\u00e3o pelo que a conflu\u00eancia afro-ind\u00edgena produz, produziu e produzir\u00e1, a partir da terra e com ela, nas aldeias, nos quilombos e na cidade. Em um ambiente interativo, repleto de cores, sons, artes e saberes, o p\u00fablico pode se aproximar da ro\u00e7a, bem [&hellip;]<\/p>\n","protected":false},"author":3,"featured_media":0,"parent":254,"menu_order":0,"comment_status":"closed","ping_status":"closed","template":"","meta":{"_acf_changed":false,"footnotes":""},"class_list":["post-8415","page","type-page","status-publish","hentry"],"acf":[],"_links":{"self":[{"href":"https:\/\/www.ufmg.br\/espacodoconhecimento\/wp-json\/wp\/v2\/pages\/8415"}],"collection":[{"href":"https:\/\/www.ufmg.br\/espacodoconhecimento\/wp-json\/wp\/v2\/pages"}],"about":[{"href":"https:\/\/www.ufmg.br\/espacodoconhecimento\/wp-json\/wp\/v2\/types\/page"}],"author":[{"embeddable":true,"href":"https:\/\/www.ufmg.br\/espacodoconhecimento\/wp-json\/wp\/v2\/users\/3"}],"replies":[{"embeddable":true,"href":"https:\/\/www.ufmg.br\/espacodoconhecimento\/wp-json\/wp\/v2\/comments?post=8415"}],"version-history":[{"count":3,"href":"https:\/\/www.ufmg.br\/espacodoconhecimento\/wp-json\/wp\/v2\/pages\/8415\/revisions"}],"predecessor-version":[{"id":8639,"href":"https:\/\/www.ufmg.br\/espacodoconhecimento\/wp-json\/wp\/v2\/pages\/8415\/revisions\/8639"}],"up":[{"embeddable":true,"href":"https:\/\/www.ufmg.br\/espacodoconhecimento\/wp-json\/wp\/v2\/pages\/254"}],"wp:attachment":[{"href":"https:\/\/www.ufmg.br\/espacodoconhecimento\/wp-json\/wp\/v2\/media?parent=8415"}],"curies":[{"name":"wp","href":"https:\/\/api.w.org\/{rel}","templated":true}]}}