{"id":8417,"date":"2026-01-29T11:14:03","date_gmt":"2026-01-29T14:14:03","guid":{"rendered":"https:\/\/www.ufmg.br\/espacodoconhecimento\/?page_id=8417"},"modified":"2026-02-11T11:20:57","modified_gmt":"2026-02-11T14:20:57","slug":"sonhar-a-terra","status":"publish","type":"page","link":"https:\/\/www.ufmg.br\/espacodoconhecimento\/exposicoes\/demasiado-humano\/sonhar-a-terra\/","title":{"rendered":"Sonhar a Terra"},"content":{"rendered":"\n<div style=\"height:35px\" aria-hidden=\"true\" class=\"wp-block-spacer\"><\/div>\n\n\n\n<figure class=\"wp-block-gallery has-nested-images columns-default is-cropped wp-block-gallery-1 is-layout-flex wp-block-gallery-is-layout-flex\">\n<figure class=\"wp-block-image size-full\"><img loading=\"lazy\" decoding=\"async\" width=\"768\" height=\"309\" data-id=\"8463\" src=\"https:\/\/www.ufmg.br\/espacodoconhecimento\/wp-content\/uploads\/2026\/01\/5.png\" alt=\"\" class=\"wp-image-8463\" srcset=\"https:\/\/www.ufmg.br\/espacodoconhecimento\/wp-content\/uploads\/2026\/01\/5.png 768w, https:\/\/www.ufmg.br\/espacodoconhecimento\/wp-content\/uploads\/2026\/01\/5-300x121.png 300w\" sizes=\"(max-width: 768px) 100vw, 768px\" \/><\/figure>\n<\/figure>\n\n\n\n<div style=\"height:35px\" aria-hidden=\"true\" class=\"wp-block-spacer\"><\/div>\n\n\n\n<p><em><strong>A Terra sonha com a possibilidade de transforma\u00e7\u00e3o dos corpos que constituem essa humanidade. Ela nos sonha nos termos dela, n\u00e3o nos termos humanos. Acreditar que existe esse fluxo de amor entre n\u00f3s e a Terra \u00e9 o que me anima a continuar circulando e encontrando cientistas e paj\u00e9s, meus amigos, que confirmam que a Terra sonha e que alguns de n\u00f3s somos sonhos da Terra.<\/strong><\/em> (Ailton Krenak).<\/p>\n\n\n\n<div style=\"height:20px\" aria-hidden=\"true\" class=\"wp-block-spacer\"><\/div>\n\n\n\n<p>Em um ambiente imersivo, formado por paisagens sonoras e proje\u00e7\u00f5es da floresta Yanomami, o p\u00fablico \u00e9 convidado a deitar em redes e imaginar novas possibilidades de futuro, que possam suspender o c\u00e9u e sonhar a Terra, provocando momentos de reflex\u00e3o e contempla\u00e7\u00e3o.<\/p>\n\n\n\n<div style=\"height:20px\" aria-hidden=\"true\" class=\"wp-block-spacer\"><\/div>\n\n\n\n<p><strong>Projeto de Renova\u00e7\u00e3o (2026):&nbsp;<\/strong><\/p>\n\n\n\n<p>Curadoria: Deborah Lima e Renata Marquez<\/p>\n","protected":false},"excerpt":{"rendered":"<p>A Terra sonha com a possibilidade de transforma\u00e7\u00e3o dos corpos que constituem essa humanidade. Ela nos sonha nos termos dela, n\u00e3o nos termos humanos. Acreditar que existe esse fluxo de amor entre n\u00f3s e a Terra \u00e9 o que me anima a continuar circulando e encontrando cientistas e paj\u00e9s, meus amigos, que confirmam que a [&hellip;]<\/p>\n","protected":false},"author":3,"featured_media":0,"parent":254,"menu_order":0,"comment_status":"closed","ping_status":"closed","template":"","meta":{"_acf_changed":false,"footnotes":""},"class_list":["post-8417","page","type-page","status-publish","hentry"],"acf":[],"_links":{"self":[{"href":"https:\/\/www.ufmg.br\/espacodoconhecimento\/wp-json\/wp\/v2\/pages\/8417"}],"collection":[{"href":"https:\/\/www.ufmg.br\/espacodoconhecimento\/wp-json\/wp\/v2\/pages"}],"about":[{"href":"https:\/\/www.ufmg.br\/espacodoconhecimento\/wp-json\/wp\/v2\/types\/page"}],"author":[{"embeddable":true,"href":"https:\/\/www.ufmg.br\/espacodoconhecimento\/wp-json\/wp\/v2\/users\/3"}],"replies":[{"embeddable":true,"href":"https:\/\/www.ufmg.br\/espacodoconhecimento\/wp-json\/wp\/v2\/comments?post=8417"}],"version-history":[{"count":3,"href":"https:\/\/www.ufmg.br\/espacodoconhecimento\/wp-json\/wp\/v2\/pages\/8417\/revisions"}],"predecessor-version":[{"id":8640,"href":"https:\/\/www.ufmg.br\/espacodoconhecimento\/wp-json\/wp\/v2\/pages\/8417\/revisions\/8640"}],"up":[{"embeddable":true,"href":"https:\/\/www.ufmg.br\/espacodoconhecimento\/wp-json\/wp\/v2\/pages\/254"}],"wp:attachment":[{"href":"https:\/\/www.ufmg.br\/espacodoconhecimento\/wp-json\/wp\/v2\/media?parent=8417"}],"curies":[{"name":"wp","href":"https:\/\/api.w.org\/{rel}","templated":true}]}}