{"id":8419,"date":"2026-01-29T11:14:30","date_gmt":"2026-01-29T14:14:30","guid":{"rendered":"https:\/\/www.ufmg.br\/espacodoconhecimento\/?page_id=8419"},"modified":"2026-02-11T11:22:06","modified_gmt":"2026-02-11T14:22:06","slug":"o-aleph","status":"publish","type":"page","link":"https:\/\/www.ufmg.br\/espacodoconhecimento\/exposicoes\/demasiado-humano\/o-aleph\/","title":{"rendered":"O Aleph"},"content":{"rendered":"\n<figure class=\"wp-block-gallery has-nested-images columns-default is-cropped wp-block-gallery-1 is-layout-flex wp-block-gallery-is-layout-flex\">\n<figure class=\"wp-block-image size-full\"><img loading=\"lazy\" decoding=\"async\" width=\"768\" height=\"309\" data-id=\"8572\" src=\"https:\/\/www.ufmg.br\/espacodoconhecimento\/wp-content\/uploads\/2026\/02\/Untitled-design-3.png\" alt=\"\" class=\"wp-image-8572\" srcset=\"https:\/\/www.ufmg.br\/espacodoconhecimento\/wp-content\/uploads\/2026\/02\/Untitled-design-3.png 768w, https:\/\/www.ufmg.br\/espacodoconhecimento\/wp-content\/uploads\/2026\/02\/Untitled-design-3-300x121.png 300w\" sizes=\"(max-width: 768px) 100vw, 768px\" \/><\/figure>\n<\/figure>\n\n\n\n<div style=\"height:35px\" aria-hidden=\"true\" class=\"wp-block-spacer\"><\/div>\n\n\n\n<p>A instala\u00e7\u00e3o \u00e9 inspirada no conto O Aleph, do escritor argentino Jorge Luis Borges, no qual o personagem encontra um ponto de onde se pode ver simultaneamente todos os acontecimentos do universo. Consiste numa escada que se dirige metaforicamente ao infinito. Embaixo dela, uma v\u00eddeo-instala\u00e7\u00e3o com um caleidosc\u00f3pio infinito de imagens remete \u00e0 busca ilus\u00f3ria pela totalidade do conhecimento e questiona sobre as formas de compreender o mundo.<\/p>\n\n\n\n<div style=\"height:19px\" aria-hidden=\"true\" class=\"wp-block-spacer\"><\/div>\n\n\n\n<figure class=\"wp-block-embed is-type-rich is-provider-incorporar-manipulador wp-block-embed-incorporar-manipulador wp-embed-aspect-16-9 wp-has-aspect-ratio\"><div class=\"wp-block-embed__wrapper\">\n<iframe loading=\"lazy\" title=\"o aleph | demasiado humano\" width=\"500\" height=\"281\" src=\"https:\/\/www.youtube.com\/embed\/bZBCQte6XrA?feature=oembed\" frameborder=\"0\" allow=\"accelerometer; autoplay; clipboard-write; encrypted-media; gyroscope; picture-in-picture; web-share\" referrerpolicy=\"strict-origin-when-cross-origin\" allowfullscreen><\/iframe>\n<\/div><\/figure>\n\n\n\n<div style=\"height:19px\" aria-hidden=\"true\" class=\"wp-block-spacer\"><\/div>\n\n\n\n<p><strong>Projeto Inaugural (2010)<\/strong><\/p>\n\n\n\n<p>Consultoria Ricardo Hiroshi Caldeira Takahashi<\/p>\n\n\n\n<p>V\u00eddeo<\/p>\n\n\n\n<p>Cria\u00e7\u00e3o e produ\u00e7\u00e3o: CEDECOM \u2013 UFMG<\/p>\n\n\n\n<p>Dire\u00e7\u00e3o: Osger Machado<\/p>\n\n\n\n<p>Produ\u00e7\u00e3o: Arthemis Brant, Cris Proc\u00f3pio, Thays Kiryu e Silvia Dalben<\/p>\n\n\n\n<p>Edi\u00e7\u00e3o: Allan Marques, Elton Lizardo, Osger Machado e Thays Kiryu<\/p>\n\n\n\n<p>Trilha: Paulo C\u00e9sar Ribas<\/p>\n","protected":false},"excerpt":{"rendered":"<p>A instala\u00e7\u00e3o \u00e9 inspirada no conto O Aleph, do escritor argentino Jorge Luis Borges, no qual o personagem encontra um ponto de onde se pode ver simultaneamente todos os acontecimentos do universo. Consiste numa escada que se dirige metaforicamente ao infinito. Embaixo dela, uma v\u00eddeo-instala\u00e7\u00e3o com um caleidosc\u00f3pio infinito de imagens remete \u00e0 busca ilus\u00f3ria [&hellip;]<\/p>\n","protected":false},"author":3,"featured_media":0,"parent":254,"menu_order":0,"comment_status":"closed","ping_status":"closed","template":"","meta":{"_acf_changed":false,"footnotes":""},"class_list":["post-8419","page","type-page","status-publish","hentry"],"acf":[],"_links":{"self":[{"href":"https:\/\/www.ufmg.br\/espacodoconhecimento\/wp-json\/wp\/v2\/pages\/8419"}],"collection":[{"href":"https:\/\/www.ufmg.br\/espacodoconhecimento\/wp-json\/wp\/v2\/pages"}],"about":[{"href":"https:\/\/www.ufmg.br\/espacodoconhecimento\/wp-json\/wp\/v2\/types\/page"}],"author":[{"embeddable":true,"href":"https:\/\/www.ufmg.br\/espacodoconhecimento\/wp-json\/wp\/v2\/users\/3"}],"replies":[{"embeddable":true,"href":"https:\/\/www.ufmg.br\/espacodoconhecimento\/wp-json\/wp\/v2\/comments?post=8419"}],"version-history":[{"count":3,"href":"https:\/\/www.ufmg.br\/espacodoconhecimento\/wp-json\/wp\/v2\/pages\/8419\/revisions"}],"predecessor-version":[{"id":8642,"href":"https:\/\/www.ufmg.br\/espacodoconhecimento\/wp-json\/wp\/v2\/pages\/8419\/revisions\/8642"}],"up":[{"embeddable":true,"href":"https:\/\/www.ufmg.br\/espacodoconhecimento\/wp-json\/wp\/v2\/pages\/254"}],"wp:attachment":[{"href":"https:\/\/www.ufmg.br\/espacodoconhecimento\/wp-json\/wp\/v2\/media?parent=8419"}],"curies":[{"name":"wp","href":"https:\/\/api.w.org\/{rel}","templated":true}]}}