{"id":8646,"date":"2026-02-11T12:42:32","date_gmt":"2026-02-11T15:42:32","guid":{"rendered":"https:\/\/www.ufmg.br\/espacodoconhecimento\/?page_id=8646"},"modified":"2026-02-11T12:49:03","modified_gmt":"2026-02-11T15:49:03","slug":"edital-de-selecao-nucleo-de-acoes-educativas-e-acessibilidade-bolsas-pbext-e-acao-afirmativa-fev-2026","status":"publish","type":"page","link":"https:\/\/www.ufmg.br\/espacodoconhecimento\/trabalhe-conosco\/edital-de-selecao-nucleo-de-acoes-educativas-e-acessibilidade-bolsas-pbext-e-acao-afirmativa-fev-2026\/","title":{"rendered":"EDITAL DE SELE\u00c7\u00c3O \u2013 N\u00facleo de A\u00e7\u00f5es Educativas e Acessibilidade | Bolsas PBEXT e A\u00e7\u00e3o Afirmativa (fev\/2026)"},"content":{"rendered":"\n<div style=\"height:40px\" aria-hidden=\"true\" class=\"wp-block-spacer\"><\/div>\n\n\n\n<figure class=\"wp-block-gallery has-nested-images columns-default is-cropped wp-block-gallery-1 is-layout-flex wp-block-gallery-is-layout-flex\">\n<figure class=\"wp-block-image size-large\"><img loading=\"lazy\" decoding=\"async\" width=\"1024\" height=\"412\" data-id=\"8656\" src=\"https:\/\/www.ufmg.br\/espacodoconhecimento\/wp-content\/uploads\/2026\/02\/educativo-noticia-1024x412-1-1.png\" alt=\"\" class=\"wp-image-8656\" srcset=\"https:\/\/www.ufmg.br\/espacodoconhecimento\/wp-content\/uploads\/2026\/02\/educativo-noticia-1024x412-1-1.png 1024w, https:\/\/www.ufmg.br\/espacodoconhecimento\/wp-content\/uploads\/2026\/02\/educativo-noticia-1024x412-1-1-300x121.png 300w, https:\/\/www.ufmg.br\/espacodoconhecimento\/wp-content\/uploads\/2026\/02\/educativo-noticia-1024x412-1-1-768x309.png 768w\" sizes=\"(max-width: 1024px) 100vw, 1024px\" \/><\/figure>\n<\/figure>\n\n\n\n<div style=\"height:40px\" aria-hidden=\"true\" class=\"wp-block-spacer\"><\/div>\n\n\n\n<p><strong><mark style=\"background-color:rgba(0, 0, 0, 0);color:#ff914d\" class=\"has-inline-color\">BOLSA DE EXTENS\u00c3O<\/mark><\/strong><\/p>\n\n\n\n<p><strong><mark style=\"background-color:rgba(0, 0, 0, 0);color:#ff914d\" class=\"has-inline-color\">N\u00facleo de A\u00e7\u00f5es Educativas e Acessibilidade<\/mark><\/strong><\/p>\n\n\n\n<div style=\"height:20px\" aria-hidden=\"true\" class=\"wp-block-spacer\"><\/div>\n\n\n\n<p><em>04 de fevereiro de 2026<\/em><\/p>\n\n\n\n<p>Est\u00e3o abertas as inscri\u00e7\u00f5es para bolsistas de extens\u00e3o no N\u00facleo de A\u00e7\u00f5es Educativas e Acessibilidade do museu!<\/p>\n\n\n\n<p><strong>Vagas:&nbsp;20 (vinte) vagas<\/strong>&nbsp;para atuar no n\u00facleo de A\u00e7\u00f5es Educativas e Acessibilidade do museu, sendo:<\/p>\n\n\n\n<p>\u2013&nbsp;<strong>09 (nove) vagas para bolsa PBEXT<\/strong>;<strong>&nbsp;<\/strong><\/p>\n\n\n\n<p>\u2013 <strong>11 (onze) vagas para bolsa PBEXT A\u00e7\u00e3o Afirmativa<\/strong>. <\/p>\n\n\n\n<p>As bolsas&nbsp;<strong><em>PBEXT A\u00e7\u00e3o Afirmativa<\/em><\/strong>&nbsp;s\u00e3o destinadas, exclusivamente, a estudantes que ingressaram na UFMG pelo sistema de cotas e\/ou classificados socioeconomicamente no n\u00edvel I, II ou III pela Funda\u00e7\u00e3o Universit\u00e1ria Mendes Pimentel (FUMP); estudantes m\u00e3es com crian\u00e7a cursando o Ensino Infantil ou Fundamental na rede p\u00fablica de ensino; estudantes travestis e transexuais; estudantes com defici\u00eancia; estudantes ind\u00edgenas e quilombolas; estudantes refugiados. O candidato a essa bolsa deve apresentar qualquer documento que comprove uma das condi\u00e7\u00f5es descritas acima no momento da inscri\u00e7\u00e3o.<\/p>\n\n\n\n<p><strong>Inscri\u00e7\u00f5es<\/strong>:&nbsp;As inscri\u00e7\u00f5es ser\u00e3o realizadas de <strong>04 a 19 de fevereiro de 2026<\/strong>, atrav\u00e9s do formul\u00e1rio dispon\u00edvel no endere\u00e7o:&nbsp;<a href=\"https:\/\/forms.gle\/xH4j1gWhsES45HaA7\" target=\"_blank\" rel=\"noreferrer noopener\">https:\/\/forms.gle\/xH4j1gWhsES45HaA7<\/a><\/p>\n\n\n\n<p><strong>Per\u00edodo de vig\u00eancia da bolsa<\/strong>: at\u00e9 28\/02\/2027<\/p>\n\n\n\n<p><strong>Valor da bolsa<\/strong>: R$ 700,00<\/p>\n\n\n\n<p><strong>Carga-hor\u00e1ria<\/strong>: 20 horas semanais<\/p>\n\n\n\n<p><strong>Pr\u00e9-requisitos:<\/strong><\/p>\n\n\n\n<p>\u2013 Estar matriculado <em>preferencialmente <\/em>em cursos de licenciatura da UFMG. Ser\u00e3o aceitas tamb\u00e9m inscri\u00e7\u00f5es de outros cursos de gradua\u00e7\u00e3o;<\/p>\n\n\n\n<p>\u2013 Ter disponibilidade de 20 horas semanais para dedica\u00e7\u00e3o \u00e0s atividades de extens\u00e3o (media\u00e7\u00e3o de exposi\u00e7\u00f5es, participa\u00e7\u00e3o em oficinas e outras atividades);<\/p>\n\n\n\n<p>\u2013 N\u00e3o ter v\u00ednculo empregat\u00edcio ou ac\u00famulo de bolsas no per\u00edodo de desenvolvimento do projeto;<\/p>\n\n\n\n<p>\u2013 Estar dispon\u00edvel para assumir a bolsa em&nbsp;<strong>mar\u00e7o de 2026<\/strong>;<\/p>\n\n\n\n<p>\u2013 Caso seja selecionado para a bolsa, possuir conta banc\u00e1ria ativa, do tipo conta-corrente, da qual seja o \u00fanico titular.<\/p>\n\n\n\n<p>No ato da inscri\u00e7\u00e3o o(a) candidato(a) deve indicar a qual modalidade de bolsa concorrer\u00e1: bolsas<strong>&nbsp;PBEXT&nbsp;<\/strong>ou&nbsp;<strong>bolsas PBEXT A\u00e7\u00e3o Afirmativa.<\/strong><\/p>\n\n\n\n<p><strong>Documentos para inscri\u00e7\u00e3o:<\/strong><\/p>\n\n\n\n<p>O(a) candidato(a) deve informar, pelo formul\u00e1rio, nome, curso, per\u00edodo, n\u00famero de matr\u00edcula, telefone para contato, disponibilidade de turno para dedica\u00e7\u00e3o \u00e0s atividades presenciais (manh\u00e3, tarde, noite, fim de semana) e os seguintes anexos:<\/p>\n\n\n\n<ul class=\"wp-block-list\">\n<li>Link do Curr\u00edculo <em>Lattes <\/em>atualizado, necess\u00e1rio para a inscri\u00e7\u00e3o dos selecionados no sistema de fomento da UFMG;<\/li>\n\n\n\n<li>Plano de estudo SIGA (gerado em pdf pelo site&nbsp;<a href=\"https:\/\/sistemas.ufmg.br\/aluno-grad\/home.seam\" target=\"_blank\" rel=\"noreferrer noopener\">https:\/\/sistemas.ufmg.br\/aluno-grad\/home.seam<\/a>&nbsp;&gt; Siga UFMG: Siga UFMG: acesso para alunos de gradua\u00e7\u00e3o &gt; Minhas matr\u00edculas &gt; Minhas atividades em curso e cursadas);<\/li>\n\n\n\n<li>Reda\u00e7\u00e3o de 1 a 2 laudas sobre o tema \u201cSua percep\u00e7\u00e3o sobre o Espa\u00e7o do Conhecimento UFMG e seu interesse em atuar como bolsista no N\u00facleo de A\u00e7\u00f5es Educativas e Media\u00e7\u00e3o do Museu\u201d.<\/li>\n<\/ul>\n\n\n\n<p><\/p>\n\n\n\n<p><strong>Sele\u00e7\u00e3o:<\/strong><\/p>\n\n\n\n<p>\u2013 1\u00aa etapa: Ser\u00e3o avaliados: o curr\u00edculo, o plano de estudo e a reda\u00e7\u00e3o, enviados na inscri\u00e7\u00e3o. Na an\u00e1lise do curr\u00edculo ser\u00e1 valorizada <em>preferencialmente <\/em>as experi\u00eancias pr\u00e9vias de atua\u00e7\u00e3o em museus, espa\u00e7os de educa\u00e7\u00e3o formal e n\u00e3o formal e outras institui\u00e7\u00f5es culturais.<\/p>\n\n\n\n<p>\u2013 2\u00aa etapa: Os candidatos aprovados na 1\u00aa etapa ser\u00e3o chamados para&nbsp;<strong>Entrevista<\/strong>&nbsp;e&nbsp;<strong>Apresenta\u00e7\u00e3o,&nbsp;<\/strong>cujo tema e agendamento ser\u00e3o detalhados via e-mail.<\/p>\n\n\n\n<p><strong>Resultados:<\/strong><\/p>\n\n\n\n<p>O resultado ser\u00e1 divulgado at\u00e9 o dia 09 de mar\u00e7o de 2026,&nbsp;no <a href=\"https:\/\/www.ufmg.br\/espacodoconhecimento\/trabalhe-conosco\/\" target=\"_blank\" rel=\"noreferrer noopener\">site do museu<\/a>.<\/p>\n\n\n\n<p><strong>Acesse as informa\u00e7\u00f5es completas no Edital:&nbsp;<\/strong><\/p>\n\n\n\n<p><\/p>\n\n\n\n<div data-wp-interactive=\"core\/file\" class=\"wp-block-file\"><object data-wp-bind--hidden=\"!state.hasPdfPreview\"  class=\"wp-block-file__embed\" data=\"https:\/\/www.ufmg.br\/espacodoconhecimento\/wp-content\/uploads\/2026\/02\/Edital-02-2026-Nucleo-Educativo-1.pdf\" type=\"application\/pdf\" style=\"width:100%;height:600px\" aria-label=\"Incorporado de Edital 02-2026 - N\u00facleo Educativo.\"><\/object><a id=\"wp-block-file--media-7d77faf6-5a0d-4032-94a6-8f1deff70d17\" href=\"https:\/\/www.ufmg.br\/espacodoconhecimento\/wp-content\/uploads\/2026\/02\/Edital-02-2026-Nucleo-Educativo-1.pdf\">Edital 02-2026 &#8211; N\u00facleo Educativo<\/a><a href=\"https:\/\/www.ufmg.br\/espacodoconhecimento\/wp-content\/uploads\/2026\/02\/Edital-02-2026-Nucleo-Educativo-1.pdf\" class=\"wp-block-file__button wp-element-button\" download aria-describedby=\"wp-block-file--media-7d77faf6-5a0d-4032-94a6-8f1deff70d17\">Baixar<\/a><\/div>\n","protected":false},"excerpt":{"rendered":"<p>BOLSA DE EXTENS\u00c3O N\u00facleo de A\u00e7\u00f5es Educativas e Acessibilidade 04 de fevereiro de 2026 Est\u00e3o abertas as inscri\u00e7\u00f5es para bolsistas de extens\u00e3o no N\u00facleo de A\u00e7\u00f5es Educativas e Acessibilidade do museu! Vagas:&nbsp;20 (vinte) vagas&nbsp;para atuar no n\u00facleo de A\u00e7\u00f5es Educativas e Acessibilidade do museu, sendo: \u2013&nbsp;09 (nove) vagas para bolsa PBEXT;&nbsp; \u2013 11 (onze) vagas [&hellip;]<\/p>\n","protected":false},"author":3,"featured_media":0,"parent":243,"menu_order":0,"comment_status":"closed","ping_status":"closed","template":"","meta":{"_acf_changed":false,"footnotes":""},"class_list":["post-8646","page","type-page","status-publish","hentry"],"acf":[],"_links":{"self":[{"href":"https:\/\/www.ufmg.br\/espacodoconhecimento\/wp-json\/wp\/v2\/pages\/8646"}],"collection":[{"href":"https:\/\/www.ufmg.br\/espacodoconhecimento\/wp-json\/wp\/v2\/pages"}],"about":[{"href":"https:\/\/www.ufmg.br\/espacodoconhecimento\/wp-json\/wp\/v2\/types\/page"}],"author":[{"embeddable":true,"href":"https:\/\/www.ufmg.br\/espacodoconhecimento\/wp-json\/wp\/v2\/users\/3"}],"replies":[{"embeddable":true,"href":"https:\/\/www.ufmg.br\/espacodoconhecimento\/wp-json\/wp\/v2\/comments?post=8646"}],"version-history":[{"count":3,"href":"https:\/\/www.ufmg.br\/espacodoconhecimento\/wp-json\/wp\/v2\/pages\/8646\/revisions"}],"predecessor-version":[{"id":8659,"href":"https:\/\/www.ufmg.br\/espacodoconhecimento\/wp-json\/wp\/v2\/pages\/8646\/revisions\/8659"}],"up":[{"embeddable":true,"href":"https:\/\/www.ufmg.br\/espacodoconhecimento\/wp-json\/wp\/v2\/pages\/243"}],"wp:attachment":[{"href":"https:\/\/www.ufmg.br\/espacodoconhecimento\/wp-json\/wp\/v2\/media?parent=8646"}],"curies":[{"name":"wp","href":"https:\/\/api.w.org\/{rel}","templated":true}]}}