{"id":8662,"date":"2026-02-11T12:57:57","date_gmt":"2026-02-11T15:57:57","guid":{"rendered":"https:\/\/www.ufmg.br\/espacodoconhecimento\/?page_id=8662"},"modified":"2026-02-11T12:57:57","modified_gmt":"2026-02-11T15:57:57","slug":"edital-de-selecao-nucleo-de-comunicacao-e-design-estagio-design-jan-2024","status":"publish","type":"page","link":"https:\/\/www.ufmg.br\/espacodoconhecimento\/trabalhe-conosco\/edital-de-selecao-nucleo-de-comunicacao-e-design-estagio-design-jan-2024\/","title":{"rendered":"EDITAL DE SELE\u00c7\u00c3O \u2013 N\u00facleo de Comunica\u00e7\u00e3o e Design | Est\u00e1gio Design (jan\/2024)"},"content":{"rendered":"\n<p><\/p>\n\n\n\n<div style=\"height:34px\" aria-hidden=\"true\" class=\"wp-block-spacer\"><\/div>\n\n\n\n<figure class=\"wp-block-gallery has-nested-images columns-default is-cropped wp-block-gallery-1 is-layout-flex wp-block-gallery-is-layout-flex\">\n<figure class=\"wp-block-image size-large\"><img loading=\"lazy\" decoding=\"async\" width=\"768\" height=\"309\" data-id=\"8663\" src=\"https:\/\/www.ufmg.br\/espacodoconhecimento\/wp-content\/uploads\/2026\/02\/comunicacao-noticia-768x309-1.png\" alt=\"\" class=\"wp-image-8663\" srcset=\"https:\/\/www.ufmg.br\/espacodoconhecimento\/wp-content\/uploads\/2026\/02\/comunicacao-noticia-768x309-1.png 768w, https:\/\/www.ufmg.br\/espacodoconhecimento\/wp-content\/uploads\/2026\/02\/comunicacao-noticia-768x309-1-300x121.png 300w\" sizes=\"(max-width: 768px) 100vw, 768px\" \/><\/figure>\n<\/figure>\n\n\n\n<div style=\"height:34px\" aria-hidden=\"true\" class=\"wp-block-spacer\"><\/div>\n\n\n\n<h3 class=\"wp-block-heading\"><mark style=\"background-color:rgba(0, 0, 0, 0);color:#c44a95\" class=\"has-inline-color\">Edital &#8211; Est\u00e1gio Design 2024<\/mark><\/h3>\n\n\n\n<p><\/p>\n\n\n\n<p><em>18 de janeiro de 2024<\/em><\/p>\n\n\n\n<div style=\"height:34px\" aria-hidden=\"true\" class=\"wp-block-spacer\"><\/div>\n\n\n\n<p>O Espa\u00e7o do Conhecimento UFMG \u00e9 um museu diferenciado, que conjuga cultura, ci\u00eancia e arte. Sua miss\u00e3o n\u00e3o se limita \u00e0 difus\u00e3o do conhecimento cient\u00edfico, mas tamb\u00e9m \u00e0 produ\u00e7\u00e3o de diversos saberes, ao propor linguagens que combinam conte\u00fados, de forma l\u00fadica. O Espa\u00e7o integra o Circuito Liberdade, em Belo Horizonte, considerado um dos maiores complexos culturais do pa\u00eds.<\/p>\n\n\n\n<div style=\"height:34px\" aria-hidden=\"true\" class=\"wp-block-spacer\"><\/div>\n\n\n\n<p>________________<\/p>\n\n\n\n<div style=\"height:34px\" aria-hidden=\"true\" class=\"wp-block-spacer\"><\/div>\n\n\n\n<p><strong>N\u00facleo de Comunica\u00e7\u00e3o e Design<\/strong><\/p>\n\n\n\n<p>Est\u00e3o abertas as inscri\u00e7\u00f5es de est\u00e1gio para o preenchimento de 1 (uma) vaga para atuar no N\u00facleo de Comunica\u00e7\u00e3o e Design, sendo relativa a fun\u00e7\u00e3o de estagi\u00e1rio(a) de Design do Espa\u00e7o do Conhecimento UFMG.&nbsp; Al\u00e9m do(a) candidato(a) selecionado(a) para o preenchimento da vaga, haver\u00e1 tamb\u00e9m a forma\u00e7\u00e3o de cadastro de reserva, para suprir vagas que surjam posteriormente.<\/p>\n\n\n\n<div style=\"height:34px\" aria-hidden=\"true\" class=\"wp-block-spacer\"><\/div>\n\n\n\n<p><strong>Descri\u00e7\u00e3o das atividades<\/strong><\/p>\n\n\n\n<p>O(a) selecionado(a) ir\u00e1 auxiliar&nbsp;&nbsp;na cria\u00e7\u00e3o de identidade visual para diversos projetos do Museu, produ\u00e7\u00e3o de pe\u00e7as gr\u00e1ficas para impress\u00e3o e redes sociais, cria\u00e7\u00e3o de gifs, anima\u00e7\u00f5es, conte\u00fados interativos, diagrama\u00e7\u00e3o de cartazes, cartilhas, folders, livretos, revistas, cat\u00e1logos, dentre outras publica\u00e7\u00f5es impressas e digitais.<\/p>\n\n\n\n<div style=\"height:34px\" aria-hidden=\"true\" class=\"wp-block-spacer\"><\/div>\n\n\n\n<p><strong>Requisitos<\/strong><\/p>\n\n\n\n<p>\u2013 O(a) candidato(a) deve estar matriculado(a) nos cursos de Design, Arquitetura e Urbanismo, Artes Visuais, Publicidade e Propaganda e afins, de qualquer institui\u00e7\u00e3o superior de ensino reconhecida pelo MEC.<\/p>\n\n\n\n<p>\u2013 Ter conhecimento avan\u00e7ado em Illustrator, Indesign e Photoshop;<\/p>\n\n\n\n<p>\u2013 Ilustra\u00e7\u00e3o e edi\u00e7\u00e3o de v\u00eddeo\/anima\u00e7\u00e3o ser\u00e3o considerados diferenciais;<\/p>\n\n\n\n<p>\u2013 Ter disponibilidade de 6h di\u00e1rias (presencial) carga hor\u00e1ria de 30 horas semanais.<\/p>\n\n\n\n<p>\u2013 \u00c9 necess\u00e1rio estar dispon\u00edvel para assumir&nbsp;a vaga em&nbsp;01 de&nbsp;Mar\u00e7o&nbsp;de 2024.<\/p>\n\n\n\n<p>\u2013 N\u00e3o ter v\u00ednculo empregat\u00edcio ou ac\u00famulo de bolsas no per\u00edodo de desenvolvimento do est\u00e1gio;<\/p>\n\n\n\n<p>\u2013 Caso seja selecionado(a) para o est\u00e1gio, abrir imediatamente conta&nbsp; no Santander, da qual seja o(a) \u00fanico(a) titular.&nbsp;<\/p>\n\n\n\n<div style=\"height:34px\" aria-hidden=\"true\" class=\"wp-block-spacer\"><\/div>\n\n\n\n<p><strong>Remunera\u00e7\u00e3o<\/strong><\/p>\n\n\n\n<p>A remunera\u00e7\u00e3o \u00e9 de&nbsp;R$810,00, al\u00e9m de vale-alimenta\u00e7\u00e3o de R$190,00 e aux\u00edlio transporte.<\/p>\n\n\n\n<div style=\"height:34px\" aria-hidden=\"true\" class=\"wp-block-spacer\"><\/div>\n\n\n\n<p><strong>Inscri\u00e7\u00f5es prorrogadas!<\/strong><\/p>\n\n\n\n<p>As inscri\u00e7\u00f5es est\u00e3o abertas&nbsp;de&nbsp;<strong>18 de janeiro&nbsp;at\u00e9 \u00e0s 12h do dia&nbsp;01 de fevereiro de 2024<\/strong>. Os interessados devem enviar a documenta\u00e7\u00e3o para o e-mail&nbsp;<a href=\"mailto:selecaoespacoufmg@gmail.com\" target=\"_blank\" rel=\"noreferrer noopener\"><mark style=\"background-color:rgba(0, 0, 0, 0);color:#c44a95\" class=\"has-inline-color\">selecaoespacoufmg@gmail.com.<\/mark><\/a><\/p>\n\n\n\n<div style=\"height:34px\" aria-hidden=\"true\" class=\"wp-block-spacer\"><\/div>\n\n\n\n<p><strong>Documentos necess\u00e1rios para inscri\u00e7\u00e3o<\/strong><\/p>\n\n\n\n<p>\u2013 Curriculum Vitae;<\/p>\n\n\n\n<p>\u2013 Link do Curr\u00edculo Lattes atualizado;<\/p>\n\n\n\n<p>\u2013 Hist\u00f3rico escolar da gradua\u00e7\u00e3o;<\/p>\n\n\n\n<p>\u2013 Portf\u00f3lio (obrigat\u00f3rio)<\/p>\n\n\n\n<p>\u2013 Reda\u00e7\u00e3o de at\u00e9 2 laudas tendo como tema \u201cSua percep\u00e7\u00e3o sobre o Espa\u00e7o do Conhecimento UFMG e seu interesse em atuar como estagi\u00e1rio do N\u00facleo de Comunica\u00e7\u00e3o e Design\u201d&nbsp; (fonte: Times New Roman, tamanho 12; texto com espa\u00e7o 1,5 entre linhas, par\u00e1grafo: \u00e0 esquerda com recuo de 2 cm, envio no formato pdf)<\/p>\n\n\n\n<p>Os documentos enviados ser\u00e3o avaliados e os candidatos selecionados ser\u00e3o informados sobre o hor\u00e1rio da entrevista, a ser agendada por email.<\/p>\n\n\n\n<div style=\"height:34px\" aria-hidden=\"true\" class=\"wp-block-spacer\"><\/div>\n\n\n\n<p><strong>Segunda etapa do processo seletivo<\/strong><\/p>\n\n\n\n<p>A segunda parte do processo de sele\u00e7\u00e3o ser\u00e1 realizada&nbsp;<strong>nos dias&nbsp;<\/strong><strong>01 e 02&nbsp;<\/strong><strong>de F<\/strong><strong>evereiro<\/strong>&nbsp;e consistir\u00e1 em entrevista individual com todos os candidatos cujo curr\u00edculo foi previamente selecionado (o contato ser\u00e1 feito aos candidatos pelo e-mail informado data e hor\u00e1rio), e um teste pr\u00e1tico.<\/p>\n\n\n\n<div style=\"height:34px\" aria-hidden=\"true\" class=\"wp-block-spacer\"><\/div>\n\n\n\n<p><strong>Resultado<\/strong><\/p>\n\n\n\n<p>O resultado final ser\u00e1 divulgado&nbsp;<strong>no dia&nbsp;06&nbsp;de Fevereiro<\/strong>, <strong><mark style=\"background-color:rgba(0, 0, 0, 0)\" class=\"has-inline-color has-black-color\">no&nbsp;site do museu&nbsp;<\/mark><\/strong> e por e-mail. Mais informa\u00e7\u00f5es, envie um e-mail para&nbsp;<a href=\"mailto:selecaoespacoufmg@gmail.com\" target=\"_blank\" rel=\"noreferrer noopener\"><mark style=\"background-color:rgba(0, 0, 0, 0);color:#c44a95\" class=\"has-inline-color\">selecaoespacoufmg@gmail.com<\/mark><\/a><\/p>\n\n\n\n<div style=\"height:34px\" aria-hidden=\"true\" class=\"wp-block-spacer\"><\/div>\n\n\n\n<p><strong>In\u00edcio das atividades<\/strong>:&nbsp;Mar\u00e7o de 2024.<\/p>\n","protected":false},"excerpt":{"rendered":"<p>Edital &#8211; Est\u00e1gio Design 2024 18 de janeiro de 2024 O Espa\u00e7o do Conhecimento UFMG \u00e9 um museu diferenciado, que conjuga cultura, ci\u00eancia e arte. Sua miss\u00e3o n\u00e3o se limita \u00e0 difus\u00e3o do conhecimento cient\u00edfico, mas tamb\u00e9m \u00e0 produ\u00e7\u00e3o de diversos saberes, ao propor linguagens que combinam conte\u00fados, de forma l\u00fadica. O Espa\u00e7o integra o [&hellip;]<\/p>\n","protected":false},"author":3,"featured_media":0,"parent":243,"menu_order":0,"comment_status":"closed","ping_status":"closed","template":"","meta":{"_acf_changed":false,"footnotes":""},"class_list":["post-8662","page","type-page","status-publish","hentry"],"acf":[],"_links":{"self":[{"href":"https:\/\/www.ufmg.br\/espacodoconhecimento\/wp-json\/wp\/v2\/pages\/8662"}],"collection":[{"href":"https:\/\/www.ufmg.br\/espacodoconhecimento\/wp-json\/wp\/v2\/pages"}],"about":[{"href":"https:\/\/www.ufmg.br\/espacodoconhecimento\/wp-json\/wp\/v2\/types\/page"}],"author":[{"embeddable":true,"href":"https:\/\/www.ufmg.br\/espacodoconhecimento\/wp-json\/wp\/v2\/users\/3"}],"replies":[{"embeddable":true,"href":"https:\/\/www.ufmg.br\/espacodoconhecimento\/wp-json\/wp\/v2\/comments?post=8662"}],"version-history":[{"count":1,"href":"https:\/\/www.ufmg.br\/espacodoconhecimento\/wp-json\/wp\/v2\/pages\/8662\/revisions"}],"predecessor-version":[{"id":8664,"href":"https:\/\/www.ufmg.br\/espacodoconhecimento\/wp-json\/wp\/v2\/pages\/8662\/revisions\/8664"}],"up":[{"embeddable":true,"href":"https:\/\/www.ufmg.br\/espacodoconhecimento\/wp-json\/wp\/v2\/pages\/243"}],"wp:attachment":[{"href":"https:\/\/www.ufmg.br\/espacodoconhecimento\/wp-json\/wp\/v2\/media?parent=8662"}],"curies":[{"name":"wp","href":"https:\/\/api.w.org\/{rel}","templated":true}]}}