{"id":8666,"date":"2026-02-11T13:06:19","date_gmt":"2026-02-11T16:06:19","guid":{"rendered":"https:\/\/www.ufmg.br\/espacodoconhecimento\/?page_id=8666"},"modified":"2026-02-11T13:06:19","modified_gmt":"2026-02-11T16:06:19","slug":"resultado-nucleo-de-comunicacao-e-design-estagio-de-design-fev-2024","status":"publish","type":"page","link":"https:\/\/www.ufmg.br\/espacodoconhecimento\/resultado-nucleo-de-comunicacao-e-design-estagio-de-design-fev-2024\/","title":{"rendered":"RESULTADO \u2013 N\u00facleo de Comunica\u00e7\u00e3o e Design | Est\u00e1gio de Design (fev\/2024)"},"content":{"rendered":"\n<p><\/p>\n\n\n\n<h3 class=\"wp-block-heading\"><mark style=\"background-color:rgba(0, 0, 0, 0);color:#c44a95\" class=\"has-inline-color\">Resultado da sele\u00e7\u00e3o de est\u00e1gio de design no N\u00facleo de Comunica\u00e7\u00e3o e Design<\/mark><\/h3>\n\n\n\n<div style=\"height:34px\" aria-hidden=\"true\" class=\"wp-block-spacer\"><\/div>\n\n\n\n<figure class=\"wp-block-gallery has-nested-images columns-default is-cropped wp-block-gallery-1 is-layout-flex wp-block-gallery-is-layout-flex\">\n<figure class=\"wp-block-image size-large\"><img loading=\"lazy\" decoding=\"async\" width=\"768\" height=\"309\" data-id=\"8665\" src=\"https:\/\/www.ufmg.br\/espacodoconhecimento\/wp-content\/uploads\/2026\/02\/comunicacao-noticia-768x309-2.png\" alt=\"\" class=\"wp-image-8665\" srcset=\"https:\/\/www.ufmg.br\/espacodoconhecimento\/wp-content\/uploads\/2026\/02\/comunicacao-noticia-768x309-2.png 768w, https:\/\/www.ufmg.br\/espacodoconhecimento\/wp-content\/uploads\/2026\/02\/comunicacao-noticia-768x309-2-300x121.png 300w\" sizes=\"(max-width: 768px) 100vw, 768px\" \/><\/figure>\n<\/figure>\n\n\n\n<div style=\"height:34px\" aria-hidden=\"true\" class=\"wp-block-spacer\"><\/div>\n\n\n\n<p>O N\u00facleo de Comunica\u00e7\u00e3o e Design do Espa\u00e7o do Conhecimento UFMG informa o resultado da sele\u00e7\u00e3o de Est\u00e1gio em Design:<\/p>\n\n\n\n<div style=\"height:34px\" aria-hidden=\"true\" class=\"wp-block-spacer\"><\/div>\n\n\n\n<p><strong>Selecionada<\/strong><\/p>\n\n\n\n<p>B\u00e1rbara Moreira da Silva<\/p>\n\n\n\n<div style=\"height:34px\" aria-hidden=\"true\" class=\"wp-block-spacer\"><\/div>\n\n\n\n<p><strong>Cadastro de reserva<\/strong><\/p>\n\n\n\n<p>Pablo Bianchini Pena<\/p>\n\n\n\n<div style=\"height:34px\" aria-hidden=\"true\" class=\"wp-block-spacer\"><\/div>\n\n\n\n<p><\/p>\n","protected":false},"excerpt":{"rendered":"<p>Resultado da sele\u00e7\u00e3o de est\u00e1gio de design no N\u00facleo de Comunica\u00e7\u00e3o e Design O N\u00facleo de Comunica\u00e7\u00e3o e Design do Espa\u00e7o do Conhecimento UFMG informa o resultado da sele\u00e7\u00e3o de Est\u00e1gio em Design: Selecionada B\u00e1rbara Moreira da Silva Cadastro de reserva Pablo Bianchini Pena<\/p>\n","protected":false},"author":3,"featured_media":0,"parent":0,"menu_order":0,"comment_status":"closed","ping_status":"closed","template":"","meta":{"_acf_changed":false,"footnotes":""},"class_list":["post-8666","page","type-page","status-publish","hentry"],"acf":[],"_links":{"self":[{"href":"https:\/\/www.ufmg.br\/espacodoconhecimento\/wp-json\/wp\/v2\/pages\/8666"}],"collection":[{"href":"https:\/\/www.ufmg.br\/espacodoconhecimento\/wp-json\/wp\/v2\/pages"}],"about":[{"href":"https:\/\/www.ufmg.br\/espacodoconhecimento\/wp-json\/wp\/v2\/types\/page"}],"author":[{"embeddable":true,"href":"https:\/\/www.ufmg.br\/espacodoconhecimento\/wp-json\/wp\/v2\/users\/3"}],"replies":[{"embeddable":true,"href":"https:\/\/www.ufmg.br\/espacodoconhecimento\/wp-json\/wp\/v2\/comments?post=8666"}],"version-history":[{"count":1,"href":"https:\/\/www.ufmg.br\/espacodoconhecimento\/wp-json\/wp\/v2\/pages\/8666\/revisions"}],"predecessor-version":[{"id":8669,"href":"https:\/\/www.ufmg.br\/espacodoconhecimento\/wp-json\/wp\/v2\/pages\/8666\/revisions\/8669"}],"wp:attachment":[{"href":"https:\/\/www.ufmg.br\/espacodoconhecimento\/wp-json\/wp\/v2\/media?parent=8666"}],"curies":[{"name":"wp","href":"https:\/\/api.w.org\/{rel}","templated":true}]}}