{"id":9028,"date":"2026-03-03T12:21:01","date_gmt":"2026-03-03T15:21:01","guid":{"rendered":"https:\/\/www.ufmg.br\/espacodoconhecimento\/?page_id=9028"},"modified":"2026-03-03T12:24:18","modified_gmt":"2026-03-03T15:24:18","slug":"edital-de-selecao-nucleo-de-comunicacao-e-design-estagio-em-comunicacao-mar-2026","status":"publish","type":"page","link":"https:\/\/www.ufmg.br\/espacodoconhecimento\/trabalhe-conosco\/edital-de-selecao-nucleo-de-comunicacao-e-design-estagio-em-comunicacao-mar-2026\/","title":{"rendered":"Edital de Sele\u00e7\u00e3o &#8211; N\u00facleo de Comunica\u00e7\u00e3o e Design | Est\u00e1gio em Comunica\u00e7\u00e3o (mar\/2026)"},"content":{"rendered":"\n<div style=\"height:45px\" aria-hidden=\"true\" class=\"wp-block-spacer\"><\/div>\n\n\n\n<figure class=\"wp-block-image size-large\"><img loading=\"lazy\" decoding=\"async\" width=\"1024\" height=\"412\" src=\"https:\/\/www.ufmg.br\/espacodoconhecimento\/wp-content\/uploads\/2025\/08\/comunicacao-noticia-1024x412.png\" alt=\"\" class=\"wp-image-2826\" srcset=\"https:\/\/www.ufmg.br\/espacodoconhecimento\/wp-content\/uploads\/2025\/08\/comunicacao-noticia-1024x412.png 1024w, https:\/\/www.ufmg.br\/espacodoconhecimento\/wp-content\/uploads\/2025\/08\/comunicacao-noticia-300x121.png 300w, https:\/\/www.ufmg.br\/espacodoconhecimento\/wp-content\/uploads\/2025\/08\/comunicacao-noticia-768x309.png 768w, https:\/\/www.ufmg.br\/espacodoconhecimento\/wp-content\/uploads\/2025\/08\/comunicacao-noticia-1536x618.png 1536w, https:\/\/www.ufmg.br\/espacodoconhecimento\/wp-content\/uploads\/2025\/08\/comunicacao-noticia.png 2048w\" sizes=\"(max-width: 1024px) 100vw, 1024px\" \/><\/figure>\n\n\n\n<div style=\"height:45px\" aria-hidden=\"true\" class=\"wp-block-spacer\"><\/div>\n\n\n\n<p><strong><mark style=\"background-color:rgba(0, 0, 0, 0);color:#e9426c\" class=\"has-inline-color\">VAGA DE EST\u00c1GIO<\/mark><\/strong><\/p>\n\n\n\n<p><strong><mark style=\"background-color:rgba(0, 0, 0, 0);color:#e9426c\" class=\"has-inline-color\">N\u00facleo de Comunica\u00e7\u00e3o e Design do Espa\u00e7o do Conhecimento UFMG<\/mark><\/strong><\/p>\n\n\n\n<div style=\"height:30px\" aria-hidden=\"true\" class=\"wp-block-spacer\"><\/div>\n\n\n\n<p><em>03 de mar\u00e7o de 2026<\/em><\/p>\n\n\n\n<div style=\"height:30px\" aria-hidden=\"true\" class=\"wp-block-spacer\"><\/div>\n\n\n\n<p>Est\u00e3o abertas as inscri\u00e7\u00f5es para <strong>sele\u00e7\u00e3o de pessoa estagi\u00e1ria<\/strong> em Comunica\u00e7\u00e3o no Espa\u00e7o do Conhecimento UFMG!<\/p>\n\n\n\n<div style=\"height:30px\" aria-hidden=\"true\" class=\"wp-block-spacer\"><\/div>\n\n\n\n<p><strong>Inscri\u00e7\u00f5es<\/strong>: As inscri\u00e7\u00f5es est\u00e3o abertas de <strong>03 a 10 de mar\u00e7o de 2026<\/strong>, \u00e0s 23h59, via&nbsp;formul\u00e1rio online: <a href=\"https:\/\/forms.gle\/t5m3aZgGG6RCQ5129\" target=\"_blank\" rel=\"noreferrer noopener\">https:\/\/forms.gle\/t5m3aZgGG6RCQ5129<\/a><\/p>\n\n\n\n<p><strong>Remunera\u00e7\u00e3o<\/strong>: R$810,00, al\u00e9m de vale-alimenta\u00e7\u00e3o e aux\u00edlio transporte<\/p>\n\n\n\n<p><strong>Carga-hor\u00e1ria<\/strong>: 30 horas semanais<\/p>\n\n\n\n<div style=\"height:30px\" aria-hidden=\"true\" class=\"wp-block-spacer\"><\/div>\n\n\n\n<p><strong>Pr\u00e9-requisitos:<\/strong><\/p>\n\n\n\n<ul class=\"wp-block-list\">\n<li>Estar matriculado(a) em qualquer curso da \u00e1rea da Comunica\u00e7\u00e3o (Rela\u00e7\u00f5es P\u00fablicas, Jornalismo, Publicidade e Propaganda, Comunica\u00e7\u00e3o Integrada e afins) de qualquer institui\u00e7\u00e3o superior de ensino reconhecida pelo MEC;<\/li>\n\n\n\n<li>Ter disponibilidade de 6h di\u00e1rias (presencial), totalizando carga hor\u00e1ria de 30h semanais;<\/li>\n\n\n\n<li>\u00c9 necess\u00e1rio estar dispon\u00edvel para assumir a vaga em <strong>01 de abril de 2026<\/strong>.<\/li>\n<\/ul>\n\n\n\n<div style=\"height:30px\" aria-hidden=\"true\" class=\"wp-block-spacer\"><\/div>\n\n\n\n<p><strong>Descri\u00e7\u00e3o de atividades:<\/strong><\/p>\n\n\n\n<p>A pessoa selecionada atuar\u00e1 na Assessoria de Comunica\u00e7\u00e3o, incluindo a produ\u00e7\u00e3o de conte\u00fado para m\u00eddias sociais. Suas responsabilidades incluir\u00e3o:<\/p>\n\n\n\n<ul class=\"wp-block-list\">\n<li>Reda\u00e7\u00e3o e publica\u00e7\u00e3o de posts em diferentes formatos;<\/li>\n\n\n\n<li>Apoio na cria\u00e7\u00e3o de Reels, TikTok e Shorts;<\/li>\n\n\n\n<li>Intera\u00e7\u00e3o com o p\u00fablico virtual, respondendo a coment\u00e1rios e mensagens;<\/li>\n\n\n\n<li>Pesquisa de tend\u00eancias e boas pr\u00e1ticas em m\u00eddias sociais;<\/li>\n\n\n\n<li>Produ\u00e7\u00e3o de textos para o Blog do Espa\u00e7o;<\/li>\n\n\n\n<li>Apoio na reda\u00e7\u00e3o de releases para a imprensa e Jornal Interno;<\/li>\n\n\n\n<li>Apoio em eventos do museu.<\/li>\n<\/ul>\n\n\n\n<div style=\"height:30px\" aria-hidden=\"true\" class=\"wp-block-spacer\"><\/div>\n\n\n\n<p><strong>Documentos para inscri\u00e7\u00e3o:<\/strong><\/p>\n\n\n\n<ul class=\"wp-block-list\">\n<li>Curriculum Vitae;<\/li>\n\n\n\n<li>Portf\u00f3lio;<\/li>\n\n\n\n<li>Hist\u00f3rico escolar da gradua\u00e7\u00e3o;<\/li>\n\n\n\n<li>Reda\u00e7\u00e3o de at\u00e9 2 laudas sobre o tema \u201cSua percep\u00e7\u00e3o sobre o Espa\u00e7o do Conhecimento UFMG e seu interesse em atuar como pessoa estagi\u00e1ria do N\u00facleo de Comunica\u00e7\u00e3o e Design\u201d\u00a0\u00a0<\/li>\n<\/ul>\n\n\n\n<p><em>(Fonte: Times New Roman; Tamanho 12; Texto com espa\u00e7o 1,5 entre linhas; Par\u00e1grafo \u00e0 esquerda com recuo de 2 cm; Envio no formato PDF).&nbsp;<\/em><\/p>\n\n\n\n<p>A equipe de Comunica\u00e7\u00e3o e Design do museu incentiva a submiss\u00e3o de reda\u00e7\u00f5es originais, sendo de responsabilidade dos autores e autoras o texto redigido, com base nas boas pr\u00e1ticas comunicacionais.<\/p>\n\n\n\n<div style=\"height:30px\" aria-hidden=\"true\" class=\"wp-block-spacer\"><\/div>\n\n\n\n<p><strong>Sele\u00e7\u00e3o:<\/strong><\/p>\n\n\n\n<p>\u2013 Os documentos enviados na inscri\u00e7\u00e3o ser\u00e3o avaliados e os candidatos selecionados ser\u00e3o informados sobre o hor\u00e1rio da entrevista presencial que acontecer\u00e1 no Espa\u00e7o do Conhecimento UFMG, entre os dias <strong>12 e 13 de mar\u00e7o<\/strong>, a ser agendada por e-mail.<\/p>\n\n\n\n<div style=\"height:30px\" aria-hidden=\"true\" class=\"wp-block-spacer\"><\/div>\n\n\n\n<p><strong>Resultados:<\/strong><\/p>\n\n\n\n<p>Caso ocorra a sele\u00e7\u00e3o, o resultado final ser\u00e1 divulgado em mar\u00e7o, <a href=\"https:\/\/www.ufmg.br\/espacodoconhecimento\/trabalhe-conosco\/\" target=\"_blank\" rel=\"noreferrer noopener\">no site do museu<\/a> e por e-mail. Para mais informa\u00e7\u00f5es, entre em contato com espacoufmg.comunicacao@gmail.com<\/p>\n","protected":false},"excerpt":{"rendered":"<p>VAGA DE EST\u00c1GIO N\u00facleo de Comunica\u00e7\u00e3o e Design do Espa\u00e7o do Conhecimento UFMG 03 de mar\u00e7o de 2026 Est\u00e3o abertas as inscri\u00e7\u00f5es para sele\u00e7\u00e3o de pessoa estagi\u00e1ria em Comunica\u00e7\u00e3o no Espa\u00e7o do Conhecimento UFMG! Inscri\u00e7\u00f5es: As inscri\u00e7\u00f5es est\u00e3o abertas de 03 a 10 de mar\u00e7o de 2026, \u00e0s 23h59, via&nbsp;formul\u00e1rio online: https:\/\/forms.gle\/t5m3aZgGG6RCQ5129 Remunera\u00e7\u00e3o: R$810,00, al\u00e9m [&hellip;]<\/p>\n","protected":false},"author":3,"featured_media":0,"parent":243,"menu_order":0,"comment_status":"closed","ping_status":"closed","template":"","meta":{"_acf_changed":false,"footnotes":""},"class_list":["post-9028","page","type-page","status-publish","hentry"],"acf":[],"_links":{"self":[{"href":"https:\/\/www.ufmg.br\/espacodoconhecimento\/wp-json\/wp\/v2\/pages\/9028"}],"collection":[{"href":"https:\/\/www.ufmg.br\/espacodoconhecimento\/wp-json\/wp\/v2\/pages"}],"about":[{"href":"https:\/\/www.ufmg.br\/espacodoconhecimento\/wp-json\/wp\/v2\/types\/page"}],"author":[{"embeddable":true,"href":"https:\/\/www.ufmg.br\/espacodoconhecimento\/wp-json\/wp\/v2\/users\/3"}],"replies":[{"embeddable":true,"href":"https:\/\/www.ufmg.br\/espacodoconhecimento\/wp-json\/wp\/v2\/comments?post=9028"}],"version-history":[{"count":4,"href":"https:\/\/www.ufmg.br\/espacodoconhecimento\/wp-json\/wp\/v2\/pages\/9028\/revisions"}],"predecessor-version":[{"id":9035,"href":"https:\/\/www.ufmg.br\/espacodoconhecimento\/wp-json\/wp\/v2\/pages\/9028\/revisions\/9035"}],"up":[{"embeddable":true,"href":"https:\/\/www.ufmg.br\/espacodoconhecimento\/wp-json\/wp\/v2\/pages\/243"}],"wp:attachment":[{"href":"https:\/\/www.ufmg.br\/espacodoconhecimento\/wp-json\/wp\/v2\/media?parent=9028"}],"curies":[{"name":"wp","href":"https:\/\/api.w.org\/{rel}","templated":true}]}}