{"id":9131,"date":"2026-03-10T09:20:59","date_gmt":"2026-03-10T12:20:59","guid":{"rendered":"https:\/\/www.ufmg.br\/espacodoconhecimento\/?page_id=9131"},"modified":"2026-03-12T06:34:28","modified_gmt":"2026-03-12T09:34:28","slug":"resultado-nucleo-de-comunicacao-e-design-bolsas-pbext-e-pbext-acao-afirmativa-fev-2026","status":"publish","type":"page","link":"https:\/\/www.ufmg.br\/espacodoconhecimento\/trabalhe-conosco\/resultado-nucleo-de-comunicacao-e-design-bolsas-pbext-e-pbext-acao-afirmativa-fev-2026\/","title":{"rendered":"Resultado \u2013 N\u00facleo de Comunica\u00e7\u00e3o e Design | Bolsas PBEXT e PBEXT A\u00e7\u00e3o Afirmativa (fev\/2026)"},"content":{"rendered":"\n<figure class=\"wp-block-image size-full\"><img loading=\"lazy\" decoding=\"async\" width=\"768\" height=\"309\" src=\"https:\/\/www.ufmg.br\/espacodoconhecimento\/wp-content\/uploads\/2026\/02\/comunicacao-noticia-4-768x309-1.png\" alt=\"\" class=\"wp-image-8673\" srcset=\"https:\/\/www.ufmg.br\/espacodoconhecimento\/wp-content\/uploads\/2026\/02\/comunicacao-noticia-4-768x309-1.png 768w, https:\/\/www.ufmg.br\/espacodoconhecimento\/wp-content\/uploads\/2026\/02\/comunicacao-noticia-4-768x309-1-300x121.png 300w\" sizes=\"(max-width: 768px) 100vw, 768px\" \/><\/figure>\n\n\n\n<div style=\"height:50px\" aria-hidden=\"true\" class=\"wp-block-spacer\"><\/div>\n\n\n\n<p><strong><mark style=\"background-color:rgba(0, 0, 0, 0);color:#e9426c\" class=\"has-inline-color\">RESULTADO<\/mark><\/strong><\/p>\n\n\n\n<p><strong><mark style=\"background-color:rgba(0, 0, 0, 0);color:#e9426c\" class=\"has-inline-color\">BOLSA DE EXTENS\u00c3O<\/mark><\/strong><\/p>\n\n\n\n<p><strong><mark style=\"background-color:rgba(0, 0, 0, 0);color:#e9426c\" class=\"has-inline-color\">N\u00facleo de Comunica\u00e7\u00e3o e Design do Espa\u00e7o do Conhecimento UFMG<\/mark><\/strong><\/p>\n\n\n\n<div style=\"height:30px\" aria-hidden=\"true\" class=\"wp-block-spacer\"><\/div>\n\n\n\n<p><em>10 de mar\u00e7o de 2026<\/em><\/p>\n\n\n\n<div style=\"height:50px\" aria-hidden=\"true\" class=\"wp-block-spacer\"><\/div>\n\n\n\n<p>O N\u00facleo de Comunica\u00e7\u00e3o e Design do Espa\u00e7o do Conhecimento UFMG informa o resultado da sele\u00e7\u00e3o de bolsistas de extens\u00e3o:<\/p>\n\n\n\n<div style=\"height:30px\" aria-hidden=\"true\" class=\"wp-block-spacer\"><\/div>\n\n\n\n<h4 class=\"wp-block-heading\">BOLSA DE COMUNICA\u00c7\u00c3O-\u00c1UDIO (PBEXT A\u00c7\u00c3O AFIRMATIVA)<\/h4>\n\n\n\n<p><\/p>\n\n\n\n<p><strong>Selecionado:<\/strong><\/p>\n\n\n\n<p>Samuel Victor Lacerda de Moura<\/p>\n\n\n\n<div style=\"height:30px\" aria-hidden=\"true\" class=\"wp-block-spacer\"><\/div>\n\n\n\n<hr class=\"wp-block-separator has-alpha-channel-opacity\"\/>\n\n\n\n<div style=\"height:30px\" aria-hidden=\"true\" class=\"wp-block-spacer\"><\/div>\n\n\n\n<h4 class=\"wp-block-heading\">BOLSA DE COMUNICA\u00c7\u00c3O (PBEXT)<\/h4>\n\n\n\n<p><\/p>\n\n\n\n<p><strong>Selecionada:<\/strong><\/p>\n\n\n\n<p>Vit\u00f3ria Stefany da Silva<\/p>\n\n\n\n<p><\/p>\n\n\n\n<p><strong>Classificado (cadastro de reserva):<\/strong><\/p>\n\n\n\n<p>Madison Alex Martins Silva<\/p>\n\n\n\n<div style=\"height:30px\" aria-hidden=\"true\" class=\"wp-block-spacer\"><\/div>\n\n\n\n<hr class=\"wp-block-separator has-alpha-channel-opacity\"\/>\n\n\n\n<div style=\"height:30px\" aria-hidden=\"true\" class=\"wp-block-spacer\"><\/div>\n\n\n\n<h4 class=\"wp-block-heading\">BOLSA DE DESIGN (PBEXT)<\/h4>\n\n\n\n<p><\/p>\n\n\n\n<p><strong>Selecionada:<\/strong><\/p>\n\n\n\n<p>Maria Theresa Marques In\u00e1cio<\/p>\n\n\n\n<p><\/p>\n\n\n\n<p><strong>Classificados (cadastro de reserva):<\/strong><\/p>\n\n\n\n<p>Leonardo Marcondes Braga Cardoso<\/p>\n\n\n\n<div style=\"height:30px\" aria-hidden=\"true\" class=\"wp-block-spacer\"><\/div>\n\n\n\n<hr class=\"wp-block-separator has-alpha-channel-opacity\"\/>\n\n\n\n<div style=\"height:30px\" aria-hidden=\"true\" class=\"wp-block-spacer\"><\/div>\n\n\n\n<h4 class=\"wp-block-heading\">N\u00c3O CLASSIFICADOS<\/h4>\n\n\n\n<p><\/p>\n\n\n\n<p>Dax Bastos Do Esp\u00edrito Santo<\/p>\n\n\n\n<p>Julia Alice Le\u00e3o<\/p>\n\n\n\n<p>Pedro Martins Soares<\/p>\n\n\n\n<p>Rafael Henrique Maia Ribeiro<\/p>\n","protected":false},"excerpt":{"rendered":"<p>RESULTADO BOLSA DE EXTENS\u00c3O N\u00facleo de Comunica\u00e7\u00e3o e Design do Espa\u00e7o do Conhecimento UFMG 10 de mar\u00e7o de 2026 O N\u00facleo de Comunica\u00e7\u00e3o e Design do Espa\u00e7o do Conhecimento UFMG informa o resultado da sele\u00e7\u00e3o de bolsistas de extens\u00e3o: BOLSA DE COMUNICA\u00c7\u00c3O-\u00c1UDIO (PBEXT A\u00c7\u00c3O AFIRMATIVA) Selecionado: Samuel Victor Lacerda de Moura BOLSA DE COMUNICA\u00c7\u00c3O (PBEXT) [&hellip;]<\/p>\n","protected":false},"author":3,"featured_media":0,"parent":243,"menu_order":0,"comment_status":"closed","ping_status":"closed","template":"","meta":{"_acf_changed":false,"footnotes":""},"class_list":["post-9131","page","type-page","status-publish","hentry"],"acf":[],"_links":{"self":[{"href":"https:\/\/www.ufmg.br\/espacodoconhecimento\/wp-json\/wp\/v2\/pages\/9131"}],"collection":[{"href":"https:\/\/www.ufmg.br\/espacodoconhecimento\/wp-json\/wp\/v2\/pages"}],"about":[{"href":"https:\/\/www.ufmg.br\/espacodoconhecimento\/wp-json\/wp\/v2\/types\/page"}],"author":[{"embeddable":true,"href":"https:\/\/www.ufmg.br\/espacodoconhecimento\/wp-json\/wp\/v2\/users\/3"}],"replies":[{"embeddable":true,"href":"https:\/\/www.ufmg.br\/espacodoconhecimento\/wp-json\/wp\/v2\/comments?post=9131"}],"version-history":[{"count":3,"href":"https:\/\/www.ufmg.br\/espacodoconhecimento\/wp-json\/wp\/v2\/pages\/9131\/revisions"}],"predecessor-version":[{"id":9225,"href":"https:\/\/www.ufmg.br\/espacodoconhecimento\/wp-json\/wp\/v2\/pages\/9131\/revisions\/9225"}],"up":[{"embeddable":true,"href":"https:\/\/www.ufmg.br\/espacodoconhecimento\/wp-json\/wp\/v2\/pages\/243"}],"wp:attachment":[{"href":"https:\/\/www.ufmg.br\/espacodoconhecimento\/wp-json\/wp\/v2\/media?parent=9131"}],"curies":[{"name":"wp","href":"https:\/\/api.w.org\/{rel}","templated":true}]}}