{"id":9166,"date":"2026-03-11T14:50:15","date_gmt":"2026-03-11T17:50:15","guid":{"rendered":"https:\/\/www.ufmg.br\/espacodoconhecimento\/?page_id=9166"},"modified":"2026-03-11T14:50:32","modified_gmt":"2026-03-11T17:50:32","slug":"bolsas-de-extensao-nucleo-de-acoes-educativas-e-acessibilidade-do-espaco-do-conhecimento-ufmg","status":"publish","type":"page","link":"https:\/\/www.ufmg.br\/espacodoconhecimento\/bolsas-de-extensao-nucleo-de-acoes-educativas-e-acessibilidade-do-espaco-do-conhecimento-ufmg\/","title":{"rendered":"Bolsas de Extens\u00e3o: N\u00facleo de A\u00e7\u00f5es Educativas e Acessibilidade do Espa\u00e7o do Conhecimento UFMG"},"content":{"rendered":"\n<p><\/p>\n\n\n\n<figure class=\"wp-block-gallery has-nested-images columns-default is-cropped wp-block-gallery-1 is-layout-flex wp-block-gallery-is-layout-flex\">\n<figure class=\"wp-block-image size-large\"><img loading=\"lazy\" decoding=\"async\" width=\"1024\" height=\"512\" data-id=\"8739\" src=\"https:\/\/www.ufmg.br\/espacodoconhecimento\/wp-content\/uploads\/2026\/02\/capa-noticias-1-1024x512.png\" alt=\"\" class=\"wp-image-8739\" srcset=\"https:\/\/www.ufmg.br\/espacodoconhecimento\/wp-content\/uploads\/2026\/02\/capa-noticias-1-1024x512.png 1024w, https:\/\/www.ufmg.br\/espacodoconhecimento\/wp-content\/uploads\/2026\/02\/capa-noticias-1-300x150.png 300w, https:\/\/www.ufmg.br\/espacodoconhecimento\/wp-content\/uploads\/2026\/02\/capa-noticias-1-768x384.png 768w, https:\/\/www.ufmg.br\/espacodoconhecimento\/wp-content\/uploads\/2026\/02\/capa-noticias-1-1536x768.png 1536w, https:\/\/www.ufmg.br\/espacodoconhecimento\/wp-content\/uploads\/2026\/02\/capa-noticias-1.png 2048w\" sizes=\"(max-width: 1024px) 100vw, 1024px\" \/><\/figure>\n<\/figure>\n\n\n\n<div style=\"height:34px\" aria-hidden=\"true\" class=\"wp-block-spacer\"><\/div>\n\n\n\n<p><\/p>\n\n\n\n<p><em>20 de janeiro de 2025<\/em><\/p>\n\n\n\n<div style=\"height:34px\" aria-hidden=\"true\" class=\"wp-block-spacer\"><\/div>\n\n\n\n<p>Est\u00e3o abertas as inscri\u00e7\u00f5es para sele\u00e7\u00e3o de bolsistas de extens\u00e3o no N\u00facleo de A\u00e7\u00f5es Educativas e Acessibilidade do Espa\u00e7o do Conhecimento UFMG.<\/p>\n\n\n\n<div style=\"height:34px\" aria-hidden=\"true\" class=\"wp-block-spacer\"><\/div>\n\n\n\n<p><strong>Vagas:&nbsp;<\/strong><\/p>\n\n\n\n<p>O programa tem <strong>20 (vinte) vagas<\/strong> para atuar no n\u00facleo de A\u00e7\u00f5es Educativas e Acessibilidade, sendo:<\/p>\n\n\n\n<p>\u2013 09 (nove) vagas para&nbsp;bolsas&nbsp;<strong>PBEXT<\/strong>;<\/p>\n\n\n\n<p>\u2013 11 (onze) vagas para bolsas&nbsp;<strong>PBEXT A\u00e7\u00e3o Afirmativa<\/strong>.<\/p>\n\n\n\n<div style=\"height:34px\" aria-hidden=\"true\" class=\"wp-block-spacer\"><\/div>\n\n\n\n<p>As bolsas&nbsp;<strong>PBEXT A\u00e7\u00e3o Afirmativa<\/strong>&nbsp;s\u00e3o destinadas, exclusivamente, a estudantes que ingressaram na UFMG pelo sistema de cotas e\/ou classificados socioeconomicamente no n\u00edvel I, II ou III pela Funda\u00e7\u00e3o Universit\u00e1ria Mendes Pimentel (FUMP), estudantes m\u00e3es com crian\u00e7a cursando o Ensino Infantil ou Fundamental na rede p\u00fablica de ensino, estudantes travestis e transexuais, estudantes com defici\u00eancia, estudantes ind\u00edgenas e quilombolas, estudantes refugiados. O candidato a essa bolsa deve apresentar qualquer documento que comprove uma das condi\u00e7\u00f5es descritas acima no momento da inscri\u00e7\u00e3o.<\/p>\n\n\n\n<div style=\"height:34px\" aria-hidden=\"true\" class=\"wp-block-spacer\"><\/div>\n\n\n\n<p><strong>Pr\u00e9-requisitos:<\/strong><\/p>\n\n\n\n<p>\u2013 Estar matriculado <em>preferencialmente<\/em> em cursos de licenciatura da UFMG. Ser\u00e3o aceitas tamb\u00e9m inscri\u00e7\u00f5es de outros cursos de gradua\u00e7\u00e3o;<\/p>\n\n\n\n<p>\u2013 Ter disponibilidade de <strong>20 horas semanais<\/strong> para dedica\u00e7\u00e3o \u00e0s atividades de extens\u00e3o (media\u00e7\u00e3o de exposi\u00e7\u00f5es, participa\u00e7\u00e3o em oficinas e outras atividades);<\/p>\n\n\n\n<p>\u2013 N\u00e3o ter v\u00ednculo empregat\u00edcio ou ac\u00famulo de bolsas no per\u00edodo de desenvolvimento do projeto;<\/p>\n\n\n\n<p>\u2013 Estar dispon\u00edvel para assumir a bolsa em&nbsp;<strong>mar\u00e7o de 2025<\/strong>;<\/p>\n\n\n\n<p>\u2013 Caso seja selecionado para a bolsa, possuir conta banc\u00e1ria ativa, do tipo conta-corrente, da qual seja o \u00fanico titular<\/p>\n\n\n\n<div style=\"height:34px\" aria-hidden=\"true\" class=\"wp-block-spacer\"><\/div>\n\n\n\n<p><strong>Inscri\u00e7\u00f5es:&nbsp;<\/strong><\/p>\n\n\n\n<p>As inscri\u00e7\u00f5es ser\u00e3o realizadas de <strong>20\/01\/2025 a 28\/01\/2025<\/strong>, por meio do link: <a href=\"https:\/\/forms.gle\/xH4j1gWhsES45HaA7\" target=\"_blank\" rel=\"noreferrer noopener\"><mark style=\"background-color:rgba(0, 0, 0, 0);color:#ff914d\" class=\"has-inline-color\">forms.gle\/xH4j1gWhsES45HaA7<\/mark><\/a><\/p>\n\n\n\n<p><strong>Per\u00edodo de vig\u00eancia da bolsa:<\/strong> at\u00e9 28\/02\/2026<\/p>\n\n\n\n<p><strong>Valor da bolsa:<\/strong> R$ 700,00<\/p>\n\n\n\n<p><strong>Carga-hor\u00e1ria:<\/strong> 20 horas semanais<\/p>\n\n\n\n<div style=\"height:34px\" aria-hidden=\"true\" class=\"wp-block-spacer\"><\/div>\n\n\n\n<p><strong>Resultados:<\/strong><\/p>\n\n\n\n<p>Os resultados finais ser\u00e3o divulgados at\u00e9 o dia&nbsp;<strong>21 de fevereiro de 2025<\/strong>, <strong><mark style=\"background-color:rgba(0, 0, 0, 0)\" class=\"has-inline-color has-black-color\">no&nbsp;site<\/mark><\/strong><mark style=\"background-color:rgba(0, 0, 0, 0);color:#ff914d\" class=\"has-inline-color\">&nbsp;<\/mark>do Espa\u00e7o do Conhecimento UFMG.<\/p>\n\n\n\n<div style=\"height:34px\" aria-hidden=\"true\" class=\"wp-block-spacer\"><\/div>\n\n\n\n<p><strong>Acesse as informa\u00e7\u00f5es completas no Edital:&nbsp;<\/strong><\/p>\n\n\n\n<div style=\"height:34px\" aria-hidden=\"true\" class=\"wp-block-spacer\"><\/div>\n\n\n\n<div data-wp-interactive=\"core\/file\" class=\"wp-block-file\"><object data-wp-bind--hidden=\"!state.hasPdfPreview\"  class=\"wp-block-file__embed\" data=\"https:\/\/www.ufmg.br\/espacodoconhecimento\/wp-content\/uploads\/2025\/08\/Edital-003-2025-Nucleo-Educativo-1.pdf\" type=\"application\/pdf\" style=\"width:100%;height:600px\" aria-label=\"Incorporado de Edital-003-2025-N\u00facleo-Educativo (1).\"><\/object><a id=\"wp-block-file--media-e9b65374-621d-413d-a3b5-0fe0865e5e08\" href=\"https:\/\/www.ufmg.br\/espacodoconhecimento\/wp-content\/uploads\/2025\/08\/Edital-003-2025-Nucleo-Educativo-1.pdf\">Edital-003-2025-N\u00facleo-Educativo (1)<\/a><a href=\"https:\/\/www.ufmg.br\/espacodoconhecimento\/wp-content\/uploads\/2025\/08\/Edital-003-2025-Nucleo-Educativo-1.pdf\" class=\"wp-block-file__button wp-element-button\" download aria-describedby=\"wp-block-file--media-e9b65374-621d-413d-a3b5-0fe0865e5e08\">Baixar<\/a><\/div>\n\n\n\n<div style=\"height:34px\" aria-hidden=\"true\" class=\"wp-block-spacer\"><\/div>\n\n\n\n<hr class=\"wp-block-separator has-alpha-channel-opacity\"\/>\n","protected":false},"excerpt":{"rendered":"<p>20 de janeiro de 2025 Est\u00e3o abertas as inscri\u00e7\u00f5es para sele\u00e7\u00e3o de bolsistas de extens\u00e3o no N\u00facleo de A\u00e7\u00f5es Educativas e Acessibilidade do Espa\u00e7o do Conhecimento UFMG. Vagas:&nbsp; O programa tem 20 (vinte) vagas para atuar no n\u00facleo de A\u00e7\u00f5es Educativas e Acessibilidade, sendo: \u2013 09 (nove) vagas para&nbsp;bolsas&nbsp;PBEXT; \u2013 11 (onze) vagas para bolsas&nbsp;PBEXT [&hellip;]<\/p>\n","protected":false},"author":3,"featured_media":0,"parent":0,"menu_order":0,"comment_status":"closed","ping_status":"closed","template":"","meta":{"_acf_changed":false,"footnotes":""},"class_list":["post-9166","page","type-page","status-publish","hentry"],"acf":[],"_links":{"self":[{"href":"https:\/\/www.ufmg.br\/espacodoconhecimento\/wp-json\/wp\/v2\/pages\/9166"}],"collection":[{"href":"https:\/\/www.ufmg.br\/espacodoconhecimento\/wp-json\/wp\/v2\/pages"}],"about":[{"href":"https:\/\/www.ufmg.br\/espacodoconhecimento\/wp-json\/wp\/v2\/types\/page"}],"author":[{"embeddable":true,"href":"https:\/\/www.ufmg.br\/espacodoconhecimento\/wp-json\/wp\/v2\/users\/3"}],"replies":[{"embeddable":true,"href":"https:\/\/www.ufmg.br\/espacodoconhecimento\/wp-json\/wp\/v2\/comments?post=9166"}],"version-history":[{"count":2,"href":"https:\/\/www.ufmg.br\/espacodoconhecimento\/wp-json\/wp\/v2\/pages\/9166\/revisions"}],"predecessor-version":[{"id":9168,"href":"https:\/\/www.ufmg.br\/espacodoconhecimento\/wp-json\/wp\/v2\/pages\/9166\/revisions\/9168"}],"wp:attachment":[{"href":"https:\/\/www.ufmg.br\/espacodoconhecimento\/wp-json\/wp\/v2\/media?parent=9166"}],"curies":[{"name":"wp","href":"https:\/\/api.w.org\/{rel}","templated":true}]}}