{"id":9169,"date":"2026-03-11T14:51:58","date_gmt":"2026-03-11T17:51:58","guid":{"rendered":"https:\/\/www.ufmg.br\/espacodoconhecimento\/?page_id=9169"},"modified":"2026-03-11T14:51:58","modified_gmt":"2026-03-11T17:51:58","slug":"bolsas-de-extensao-nucleo-de-astronomia-do-espaco-do-conhecimento-ufmg-2","status":"publish","type":"page","link":"https:\/\/www.ufmg.br\/espacodoconhecimento\/bolsas-de-extensao-nucleo-de-astronomia-do-espaco-do-conhecimento-ufmg-2\/","title":{"rendered":"Bolsas de Extens\u00e3o: N\u00facleo de Astronomia do Espa\u00e7o do Conhecimento UFMG"},"content":{"rendered":"\n<p><\/p>\n\n\n\n<div style=\"height:34px\" aria-hidden=\"true\" class=\"wp-block-spacer\"><\/div>\n\n\n\n<h3 class=\"wp-block-heading\"><\/h3>\n\n\n\n<figure class=\"wp-block-gallery has-nested-images columns-default is-cropped wp-block-gallery-1 is-layout-flex wp-block-gallery-is-layout-flex\">\n<figure class=\"wp-block-image size-large\"><img loading=\"lazy\" decoding=\"async\" width=\"1024\" height=\"512\" data-id=\"8740\" src=\"https:\/\/www.ufmg.br\/espacodoconhecimento\/wp-content\/uploads\/2026\/02\/capa-noticias-1024x512.png\" alt=\"\" class=\"wp-image-8740\" srcset=\"https:\/\/www.ufmg.br\/espacodoconhecimento\/wp-content\/uploads\/2026\/02\/capa-noticias-1024x512.png 1024w, https:\/\/www.ufmg.br\/espacodoconhecimento\/wp-content\/uploads\/2026\/02\/capa-noticias-300x150.png 300w, https:\/\/www.ufmg.br\/espacodoconhecimento\/wp-content\/uploads\/2026\/02\/capa-noticias-768x384.png 768w, https:\/\/www.ufmg.br\/espacodoconhecimento\/wp-content\/uploads\/2026\/02\/capa-noticias-1536x768.png 1536w, https:\/\/www.ufmg.br\/espacodoconhecimento\/wp-content\/uploads\/2026\/02\/capa-noticias.png 2048w\" sizes=\"(max-width: 1024px) 100vw, 1024px\" \/><\/figure>\n<\/figure>\n\n\n\n<p><\/p>\n\n\n\n<p><em>20 de janeiro de 2025<\/em><\/p>\n\n\n\n<div style=\"height:34px\" aria-hidden=\"true\" class=\"wp-block-spacer\"><\/div>\n\n\n\n<p>Est\u00e3o abertas as inscri\u00e7\u00f5es para sele\u00e7\u00e3o de bolsistas de extens\u00e3o no N\u00facleo de Astronomia do Espa\u00e7o do Conhecimento UFMG.<\/p>\n\n\n\n<div style=\"height:34px\" aria-hidden=\"true\" class=\"wp-block-spacer\"><\/div>\n\n\n\n<p><strong>Vagas:&nbsp;<\/strong><\/p>\n\n\n\n<p>O programa tem <strong>06 (seis) vagas<\/strong> para atuar no n\u00facleo de Astronomia, sendo:<\/p>\n\n\n\n<p>\u2013 03 (tr\u00eas) vagas para&nbsp;bolsas&nbsp;<strong>PBEXT<\/strong>;<\/p>\n\n\n\n<p>\u2013 03 (tr\u00eas) vagas para bolsas&nbsp;<strong>PBEXT A\u00e7\u00e3o Afirmativa<\/strong>.<\/p>\n\n\n\n<div style=\"height:34px\" aria-hidden=\"true\" class=\"wp-block-spacer\"><\/div>\n\n\n\n<p>As bolsas&nbsp;<strong>PBEXT A\u00e7\u00e3o Afirmativa<\/strong>&nbsp;s\u00e3o destinadas, exclusivamente, a estudantes que ingressaram na UFMG pelo sistema de cotas e\/ou classificados socioeconomicamente no n\u00edvel I, II ou III pela Funda\u00e7\u00e3o Universit\u00e1ria Mendes Pimentel (FUMP), estudantes m\u00e3es com crian\u00e7a cursando o Ensino Infantil ou Fundamental na rede p\u00fablica de ensino, estudantes travestis e transexuais, estudantes com defici\u00eancia, estudantes ind\u00edgenas e quilombolas, estudantes refugiados. O candidato a essa bolsa deve apresentar qualquer documento que comprove uma das condi\u00e7\u00f5es descritas acima no momento da inscri\u00e7\u00e3o.<\/p>\n\n\n\n<div style=\"height:34px\" aria-hidden=\"true\" class=\"wp-block-spacer\"><\/div>\n\n\n\n<p><strong>Pr\u00e9-requisitos:<\/strong><\/p>\n\n\n\n<p>\u2013 Estar matriculado em qualquer curso de gradua\u00e7\u00e3o da UFMG, <em>preferencialmente<\/em> da \u00e1rea de Ci\u00eancias da Natureza (F\u00edsica, Biologia, Qu\u00edmica, Geologia e Geografia);<\/p>\n\n\n\n<p>\u2013 Ter <em>preferencialmente<\/em> experi\u00eancias pr\u00e9vias em atividades com astronomia ou observa\u00e7\u00e3o do c\u00e9u;<\/p>\n\n\n\n<p>\u2013 Ter disponibilidade de <strong>20 horas semanais<\/strong> para dedica\u00e7\u00e3o \u00e0s atividades de extens\u00e3o (media\u00e7\u00e3o de exposi\u00e7\u00f5es, participa\u00e7\u00e3o em oficinas e outras atividades presenciais e remotas);<\/p>\n\n\n\n<p>\u2013 N\u00e3o ter v\u00ednculo empregat\u00edcio ou ac\u00famulo de bolsas no per\u00edodo de desenvolvimento do projeto;<\/p>\n\n\n\n<p>\u2013 Estar dispon\u00edvel para assumir a bolsa em&nbsp;<strong>mar\u00e7o de 2025<\/strong>;<\/p>\n\n\n\n<p>\u2013 Caso seja selecionado para a bolsa, possuir conta banc\u00e1ria ativa, do tipo conta-corrente, da qual seja o \u00fanico titular.<\/p>\n\n\n\n<div style=\"height:34px\" aria-hidden=\"true\" class=\"wp-block-spacer\"><\/div>\n\n\n\n<p><strong>Inscri\u00e7\u00f5es:<\/strong><\/p>\n\n\n\n<p>As inscri\u00e7\u00f5es ser\u00e3o realizadas de <strong>20\/01\/2025 a 31\/01\/2025<\/strong>, por meio do link: <a href=\"https:\/\/forms.gle\/8qtUTiib8tBMygir7\" target=\"_blank\" rel=\"noreferrer noopener\"><mark style=\"background-color:rgba(0, 0, 0, 0);color:#004aad\" class=\"has-inline-color\">forms.gle\/8qtUTiib8tBMygir7<\/mark><\/a><\/p>\n\n\n\n<div style=\"height:34px\" aria-hidden=\"true\" class=\"wp-block-spacer\"><\/div>\n\n\n\n<p><strong>Per\u00edodo de vig\u00eancia da bolsa:<\/strong> at\u00e9 28\/02\/2026<\/p>\n\n\n\n<p><strong>Valor da bolsa:<\/strong> R$ 700,00<\/p>\n\n\n\n<p><strong>Carga-hor\u00e1ria:<\/strong> 20 horas semanais<\/p>\n\n\n\n<div style=\"height:34px\" aria-hidden=\"true\" class=\"wp-block-spacer\"><\/div>\n\n\n\n<p><strong>Resultados:<\/strong><\/p>\n\n\n\n<p>Os resultados finais ser\u00e3o divulgados at\u00e9 o dia&nbsp;<strong>28 de fevereiro de 2025<\/strong>,<strong> <mark style=\"background-color:rgba(0, 0, 0, 0)\" class=\"has-inline-color has-black-color\">no&nbsp;site<\/mark>&nbsp;<\/strong>do Espa\u00e7o do Conhecimento UFMG.<\/p>\n\n\n\n<div style=\"height:34px\" aria-hidden=\"true\" class=\"wp-block-spacer\"><\/div>\n\n\n\n<p><strong>Acesse as informa\u00e7\u00f5es completas no Edital:&nbsp;<\/strong><\/p>\n\n\n\n<div style=\"height:34px\" aria-hidden=\"true\" class=\"wp-block-spacer\"><\/div>\n\n\n\n<div data-wp-interactive=\"core\/file\" class=\"wp-block-file\"><object data-wp-bind--hidden=\"!state.hasPdfPreview\"  class=\"wp-block-file__embed\" data=\"https:\/\/www.ufmg.br\/espacodoconhecimento\/wp-content\/uploads\/2025\/08\/Edital-004-2025-Nucleo-de-Astronomia-1.pdf\" type=\"application\/pdf\" style=\"width:100%;height:600px\" aria-label=\"Incorporado de Edital-004-2025-N\u00facleo-de-Astronomia (1).\"><\/object><a id=\"wp-block-file--media-8fbe9633-41b4-480f-88cf-e3f94046bb1f\" href=\"https:\/\/www.ufmg.br\/espacodoconhecimento\/wp-content\/uploads\/2025\/08\/Edital-004-2025-Nucleo-de-Astronomia-1.pdf\">Edital-004-2025-N\u00facleo-de-Astronomia (1)<\/a><a href=\"https:\/\/www.ufmg.br\/espacodoconhecimento\/wp-content\/uploads\/2025\/08\/Edital-004-2025-Nucleo-de-Astronomia-1.pdf\" class=\"wp-block-file__button wp-element-button\" download aria-describedby=\"wp-block-file--media-8fbe9633-41b4-480f-88cf-e3f94046bb1f\">Baixar<\/a><\/div>\n\n\n\n<div style=\"height:34px\" aria-hidden=\"true\" class=\"wp-block-spacer\"><\/div>\n\n\n\n<hr class=\"wp-block-separator has-alpha-channel-opacity\"\/>\n","protected":false},"excerpt":{"rendered":"<p>20 de janeiro de 2025 Est\u00e3o abertas as inscri\u00e7\u00f5es para sele\u00e7\u00e3o de bolsistas de extens\u00e3o no N\u00facleo de Astronomia do Espa\u00e7o do Conhecimento UFMG. Vagas:&nbsp; O programa tem 06 (seis) vagas para atuar no n\u00facleo de Astronomia, sendo: \u2013 03 (tr\u00eas) vagas para&nbsp;bolsas&nbsp;PBEXT; \u2013 03 (tr\u00eas) vagas para bolsas&nbsp;PBEXT A\u00e7\u00e3o Afirmativa. As bolsas&nbsp;PBEXT A\u00e7\u00e3o Afirmativa&nbsp;s\u00e3o [&hellip;]<\/p>\n","protected":false},"author":3,"featured_media":0,"parent":0,"menu_order":0,"comment_status":"closed","ping_status":"closed","template":"","meta":{"_acf_changed":false,"footnotes":""},"class_list":["post-9169","page","type-page","status-publish","hentry"],"acf":[],"_links":{"self":[{"href":"https:\/\/www.ufmg.br\/espacodoconhecimento\/wp-json\/wp\/v2\/pages\/9169"}],"collection":[{"href":"https:\/\/www.ufmg.br\/espacodoconhecimento\/wp-json\/wp\/v2\/pages"}],"about":[{"href":"https:\/\/www.ufmg.br\/espacodoconhecimento\/wp-json\/wp\/v2\/types\/page"}],"author":[{"embeddable":true,"href":"https:\/\/www.ufmg.br\/espacodoconhecimento\/wp-json\/wp\/v2\/users\/3"}],"replies":[{"embeddable":true,"href":"https:\/\/www.ufmg.br\/espacodoconhecimento\/wp-json\/wp\/v2\/comments?post=9169"}],"version-history":[{"count":1,"href":"https:\/\/www.ufmg.br\/espacodoconhecimento\/wp-json\/wp\/v2\/pages\/9169\/revisions"}],"predecessor-version":[{"id":9170,"href":"https:\/\/www.ufmg.br\/espacodoconhecimento\/wp-json\/wp\/v2\/pages\/9169\/revisions\/9170"}],"wp:attachment":[{"href":"https:\/\/www.ufmg.br\/espacodoconhecimento\/wp-json\/wp\/v2\/media?parent=9169"}],"curies":[{"name":"wp","href":"https:\/\/api.w.org\/{rel}","templated":true}]}}