{"id":9172,"date":"2026-03-11T14:53:06","date_gmt":"2026-03-11T17:53:06","guid":{"rendered":"https:\/\/www.ufmg.br\/espacodoconhecimento\/?page_id=9172"},"modified":"2026-03-11T14:53:06","modified_gmt":"2026-03-11T17:53:06","slug":"bolsas-de-extensao-nucleo-de-comunicacao-e-design-do-espaco-do-conhecimento-ufmg-2","status":"publish","type":"page","link":"https:\/\/www.ufmg.br\/espacodoconhecimento\/bolsas-de-extensao-nucleo-de-comunicacao-e-design-do-espaco-do-conhecimento-ufmg-2\/","title":{"rendered":"Bolsas de Extens\u00e3o: N\u00facleo de Comunica\u00e7\u00e3o e Design do Espa\u00e7o do Conhecimento UFMG"},"content":{"rendered":"\n<p><\/p>\n\n\n\n<div style=\"height:34px\" aria-hidden=\"true\" class=\"wp-block-spacer\"><\/div>\n\n\n\n<h3 class=\"wp-block-heading\"><\/h3>\n\n\n\n<figure class=\"wp-block-gallery has-nested-images columns-default is-cropped wp-block-gallery-1 is-layout-flex wp-block-gallery-is-layout-flex\">\n<figure class=\"wp-block-image size-large\"><img loading=\"lazy\" decoding=\"async\" width=\"768\" height=\"309\" data-id=\"8673\" src=\"https:\/\/www.ufmg.br\/espacodoconhecimento\/wp-content\/uploads\/2026\/02\/comunicacao-noticia-4-768x309-1.png\" alt=\"\" class=\"wp-image-8673\" srcset=\"https:\/\/www.ufmg.br\/espacodoconhecimento\/wp-content\/uploads\/2026\/02\/comunicacao-noticia-4-768x309-1.png 768w, https:\/\/www.ufmg.br\/espacodoconhecimento\/wp-content\/uploads\/2026\/02\/comunicacao-noticia-4-768x309-1-300x121.png 300w\" sizes=\"(max-width: 768px) 100vw, 768px\" \/><\/figure>\n<\/figure>\n\n\n\n<p><\/p>\n\n\n\n<p><em>20 de janeiro de 2025<\/em><\/p>\n\n\n\n<div style=\"height:34px\" aria-hidden=\"true\" class=\"wp-block-spacer\"><\/div>\n\n\n\n<p>Est\u00e3o abertas as inscri\u00e7\u00f5es para sele\u00e7\u00e3o de bolsistas de extens\u00e3o no N\u00facleo de Comunica\u00e7\u00e3o e Design do Espa\u00e7o do Conhecimento UFMG.<\/p>\n\n\n\n<div style=\"height:34px\" aria-hidden=\"true\" class=\"wp-block-spacer\"><\/div>\n\n\n\n<p><strong>Vagas:&nbsp;<\/strong><\/p>\n\n\n\n<p>O programa tem <strong>03 (tr\u00eas) vagas<\/strong> para atuar no N\u00facleo de Comunica\u00e7\u00e3o e Design, sendo:<\/p>\n\n\n\n<div style=\"height:34px\" aria-hidden=\"true\" class=\"wp-block-spacer\"><\/div>\n\n\n\n<ul class=\"wp-block-list\">\n<li><strong>COMUNICA\u00c7\u00c3O:<\/strong><\/li>\n<\/ul>\n\n\n\n<p>\u2013 01 (uma) vaga <strong>PBEXT<\/strong> para Bolsista de Comunica\u00e7\u00e3o<br><em>(Produ\u00e7\u00e3o, grava\u00e7\u00e3o e edi\u00e7\u00e3o de v\u00eddeos curtos para divulga\u00e7\u00e3o de atividades e projetos do museu [TikTok, Reels, Shorts], participa\u00e7\u00e3o e registro de atividades e eventos, produ\u00e7\u00e3o de releases materiais para imprensa, suporte a demandas de comunica\u00e7\u00e3o interna, assessoria de comunica\u00e7\u00e3o e redes sociais)<\/em><\/p>\n\n\n\n<div style=\"height:34px\" aria-hidden=\"true\" class=\"wp-block-spacer\"><\/div>\n\n\n\n<ul class=\"wp-block-list\">\n<li><strong>COMUNICA\u00c7\u00c3O-\u00c1UDIO:<\/strong><\/li>\n<\/ul>\n\n\n\n<p>\u2013 01 (uma) vaga <strong>PBEXT A\u00e7\u00e3o Afirmativa<\/strong> para Bolsista de Comunica\u00e7\u00e3o-\u00c1udio<br><em>(Atua\u00e7\u00e3o em projetos com \u00eanfase na produ\u00e7\u00e3o de podcasts [roteiriza\u00e7\u00e3o\/adapta\u00e7\u00e3o, narra\u00e7\u00e3o e edi\u00e7\u00e3o], capta\u00e7\u00e3o e edi\u00e7\u00e3o de \u00e1udio para exposi\u00e7\u00f5es, mixagem, montagem de trilhas, aux\u00edlio na opera\u00e7\u00e3o de microfones e em mesa de som durante eventos)<\/em><\/p>\n\n\n\n<p><\/p>\n\n\n\n<p>A bolsa&nbsp;<strong><em>PBEXT A\u00e7\u00e3o Afirmativa<\/em><\/strong>&nbsp;\u00e9 destinada, exclusivamente, a estudantes que ingressaram na UFMG pelo sistema de cotas e\/ou classificados socioeconomicamente no n\u00edvel I, II ou III pela Funda\u00e7\u00e3o Universit\u00e1ria Mendes Pimentel (FUMP), estudantes m\u00e3es com crian\u00e7a cursando o Ensino Infantil ou Fundamental na rede p\u00fablica de ensino, estudantes travestis e transexuais, estudantes com defici\u00eancia, estudantes ind\u00edgenas e quilombolas, estudantes refugiados. O candidato a essa bolsa deve apresentar qualquer documento que comprove uma das condi\u00e7\u00f5es descritas acima no momento da inscri\u00e7\u00e3o.<\/p>\n\n\n\n<div style=\"height:34px\" aria-hidden=\"true\" class=\"wp-block-spacer\"><\/div>\n\n\n\n<ul class=\"wp-block-list\">\n<li><strong>DESIGN:<\/strong><\/li>\n<\/ul>\n\n\n\n<p>\u2013 01 (uma) vaga <strong>PBEXT<\/strong> para Bolsista de Design<br><em>(Cria\u00e7\u00e3o de produtos e identidades visuais, produ\u00e7\u00e3o de pe\u00e7as gr\u00e1ficas para impress\u00e3o e redes sociais, gifs, anima\u00e7\u00f5es, ilustra\u00e7\u00f5es, diagrama\u00e7\u00e3o de cartazes, cartilhas, folders, livretos, revistas, cat\u00e1logos, dentre outras publica\u00e7\u00f5es impressas e digitais, desenvolvimento de conte\u00fados interativos e projetos de sinaliza\u00e7\u00e3o)<\/em><\/p>\n\n\n\n<div style=\"height:34px\" aria-hidden=\"true\" class=\"wp-block-spacer\"><\/div>\n\n\n\n<p>______________________<\/p>\n\n\n\n<div style=\"height:34px\" aria-hidden=\"true\" class=\"wp-block-spacer\"><\/div>\n\n\n\n<p><strong>Pr\u00e9-requisitos:<\/strong><\/p>\n\n\n\n<ul class=\"wp-block-list\">\n<li><strong>BOLSA DE COMUNICA\u00c7\u00c3O-\u00c1UDIO PBEXT A\u00c7\u00c3O AFIRMATIVA<\/strong><\/li>\n\n\n\n<li><strong>BOLSA DE COMUNICA\u00c7\u00c3O PBEXT<\/strong><\/li>\n<\/ul>\n\n\n\n<div style=\"height:34px\" aria-hidden=\"true\" class=\"wp-block-spacer\"><\/div>\n\n\n\n<p>\u2013 Estar matriculado(a) em qualquer curso de gradua\u00e7\u00e3o da UFMG, <em>preferencialmente<\/em> no curso de Jornalismo, Rela\u00e7\u00f5es P\u00fablicas ou Publicidade e Propaganda;<\/p>\n\n\n\n<p>\u2013 Ter disponibilidade de <strong>20 horas semanais<\/strong> para dedica\u00e7\u00e3o \u00e0s atividades de extens\u00e3o;<\/p>\n\n\n\n<p>\u2013 N\u00e3o ter v\u00ednculo empregat\u00edcio ou ac\u00famulo de bolsas no per\u00edodo de desenvolvimento do projeto;<\/p>\n\n\n\n<p>\u2013 Estar dispon\u00edvel para assumir a bolsa em&nbsp;<strong>mar\u00e7o de 2025<\/strong>;<\/p>\n\n\n\n<p>\u2013 Caso seja selecionado para a bolsa, possuir conta banc\u00e1ria ativa, do tipo conta-corrente, da qual seja o \u00fanico titular.<\/p>\n\n\n\n<div style=\"height:34px\" aria-hidden=\"true\" class=\"wp-block-spacer\"><\/div>\n\n\n\n<ul class=\"wp-block-list\">\n<li><strong>BOLSA DE DESIGN PBEXT<\/strong><\/li>\n<\/ul>\n\n\n\n<div style=\"height:34px\" aria-hidden=\"true\" class=\"wp-block-spacer\"><\/div>\n\n\n\n<p>\u2013 Estar matriculado(a) nos cursos de Design, Arquitetura e Urbanismo, Artes Visuais, Publicidade e Propaganda, Jornalismo, Rela\u00e7\u00f5es P\u00fablicas e afins. A pessoa candidata deve ter conhecimento em Illustrator, Indesign e Photoshop;<\/p>\n\n\n\n<p>\u2013 Ilustra\u00e7\u00e3o e edi\u00e7\u00e3o de v\u00eddeo\/anima\u00e7\u00e3o ser\u00e3o considerados diferenciais;<\/p>\n\n\n\n<p>\u2013 Ter disponibilidade de <strong>20 horas semanais<\/strong> para dedica\u00e7\u00e3o \u00e0s atividades de extens\u00e3o;<\/p>\n\n\n\n<p>\u2013 N\u00e3o ter v\u00ednculo empregat\u00edcio ou ac\u00famulo de bolsas no per\u00edodo de desenvolvimento do projeto;<\/p>\n\n\n\n<p>\u2013 Estar dispon\u00edvel para assumir a bolsa em&nbsp;<strong>mar\u00e7o de 2025<\/strong>;<\/p>\n\n\n\n<p>\u2013 Caso seja selecionado para a bolsa, possuir conta banc\u00e1ria ativa, do tipo conta-corrente, da qual seja o \u00fanico titular.<\/p>\n\n\n\n<div style=\"height:34px\" aria-hidden=\"true\" class=\"wp-block-spacer\"><\/div>\n\n\n\n<p><strong>Inscri\u00e7\u00f5es:<\/strong><\/p>\n\n\n\n<p>As inscri\u00e7\u00f5es ser\u00e3o realizadas de <strong>20\/01\/2025 a 29\/01\/2025<\/strong>, por meio dos links abaixo:<\/p>\n\n\n\n<blockquote class=\"wp-block-quote is-layout-flow wp-block-quote-is-layout-flow\">\n<p><strong>VAGAS COMUNICA\u00c7\u00c3O-\u00c1UDIO OU COMUNICA\u00c7\u00c3O:&nbsp;<\/strong><a href=\"https:\/\/forms.gle\/MWK3knZQr2hJfbk58\" target=\"_blank\" rel=\"noreferrer noopener\"><mark style=\"background-color:rgba(0, 0, 0, 0);color:#c44a95\" class=\"has-inline-color\">forms.gle\/MWK3knZQr2hJfbk58<\/mark><\/a><\/p>\n\n\n\n<p><strong>VAGA DESIGN:<mark style=\"background-color:rgba(0, 0, 0, 0);color:#c44a95\" class=\"has-inline-color\">&nbsp;<\/mark><\/strong><a href=\"https:\/\/forms.gle\/RTkG81jf6Lo4bqMq5\" target=\"_blank\" rel=\"noreferrer noopener\"><mark style=\"background-color:rgba(0, 0, 0, 0);color:#c44a95\" class=\"has-inline-color\">forms.gle\/RTkG81jf6Lo4bqMq5<\/mark><\/a><\/p>\n\n\n\n<div style=\"height:34px\" aria-hidden=\"true\" class=\"wp-block-spacer\"><\/div>\n<\/blockquote>\n\n\n\n<p><strong>Documentos<\/strong>:<\/p>\n\n\n\n<ul class=\"wp-block-list\">\n<li>Portf\u00f3lio;<\/li>\n\n\n\n<li>Documento de Curriculum Vitae (CV);<\/li>\n\n\n\n<li>Plano de estudo SIGA;<\/li>\n\n\n\n<li>Reda\u00e7\u00e3o de 1 a 2 laudas tendo como tema \u201cSua percep\u00e7\u00e3o sobre o Espa\u00e7o do Conhecimento UFMG e seu interesse em atuar como bolsista no N\u00facleo de Comunica\u00e7\u00e3o e Design do Museu\u201d.<\/li>\n<\/ul>\n\n\n\n<div style=\"height:34px\" aria-hidden=\"true\" class=\"wp-block-spacer\"><\/div>\n\n\n\n<p><strong>Per\u00edodo de vig\u00eancia da bolsa:<\/strong> at\u00e9 28\/02\/2026<\/p>\n\n\n\n<p><strong>Valor da bolsa:<\/strong> R$ 700,00<\/p>\n\n\n\n<p><strong>Carga-hor\u00e1ria:<\/strong> 20 horas semanais<\/p>\n\n\n\n<div style=\"height:34px\" aria-hidden=\"true\" class=\"wp-block-spacer\"><\/div>\n\n\n\n<p><strong>Resultados:<\/strong><\/p>\n\n\n\n<p>Os resultados finais ser\u00e3o divulgados at\u00e9 o dia <strong>21 de fevereiro de 2025<\/strong>, <strong><mark style=\"background-color:rgba(0, 0, 0, 0)\" class=\"has-inline-color has-black-color\">no&nbsp;site<\/mark><\/strong>&nbsp;do Espa\u00e7o do Conhecimento UFMG, e via e-mail.<\/p>\n\n\n\n<div style=\"height:34px\" aria-hidden=\"true\" class=\"wp-block-spacer\"><\/div>\n\n\n\n<p><strong>Acesse as informa\u00e7\u00f5es completas no Edital:&nbsp;<\/strong><\/p>\n\n\n\n<div style=\"height:34px\" aria-hidden=\"true\" class=\"wp-block-spacer\"><\/div>\n\n\n\n<div data-wp-interactive=\"core\/file\" class=\"wp-block-file\"><object data-wp-bind--hidden=\"!state.hasPdfPreview\"  class=\"wp-block-file__embed\" data=\"https:\/\/www.ufmg.br\/espacodoconhecimento\/wp-content\/uploads\/2025\/08\/Edital-2025-Nucleo-de-Comunicacao-e-Design.docx-1.pdf\" type=\"application\/pdf\" style=\"width:100%;height:600px\" aria-label=\"Incorporado de Edital-2025-N\u00facleo-de-Comunica\u00e7\u00e3o-e-Design.docx (1).\"><\/object><a id=\"wp-block-file--media-35d4a7f3-6320-4d6a-8546-f5d5f7442018\" href=\"https:\/\/www.ufmg.br\/espacodoconhecimento\/wp-content\/uploads\/2025\/08\/Edital-2025-Nucleo-de-Comunicacao-e-Design.docx-1.pdf\">Edital-2025-N\u00facleo-de-Comunica\u00e7\u00e3o-e-Design.docx (1)<\/a><a href=\"https:\/\/www.ufmg.br\/espacodoconhecimento\/wp-content\/uploads\/2025\/08\/Edital-2025-Nucleo-de-Comunicacao-e-Design.docx-1.pdf\" class=\"wp-block-file__button wp-element-button\" download aria-describedby=\"wp-block-file--media-35d4a7f3-6320-4d6a-8546-f5d5f7442018\">Baixar<\/a><\/div>\n\n\n\n<div style=\"height:34px\" aria-hidden=\"true\" class=\"wp-block-spacer\"><\/div>\n\n\n\n<hr class=\"wp-block-separator has-alpha-channel-opacity\"\/>\n\n\n\n<p><\/p>\n","protected":false},"excerpt":{"rendered":"<p>20 de janeiro de 2025 Est\u00e3o abertas as inscri\u00e7\u00f5es para sele\u00e7\u00e3o de bolsistas de extens\u00e3o no N\u00facleo de Comunica\u00e7\u00e3o e Design do Espa\u00e7o do Conhecimento UFMG. Vagas:&nbsp; O programa tem 03 (tr\u00eas) vagas para atuar no N\u00facleo de Comunica\u00e7\u00e3o e Design, sendo: \u2013 01 (uma) vaga PBEXT para Bolsista de Comunica\u00e7\u00e3o(Produ\u00e7\u00e3o, grava\u00e7\u00e3o e edi\u00e7\u00e3o de [&hellip;]<\/p>\n","protected":false},"author":3,"featured_media":0,"parent":0,"menu_order":0,"comment_status":"closed","ping_status":"closed","template":"","meta":{"_acf_changed":false,"footnotes":""},"class_list":["post-9172","page","type-page","status-publish","hentry"],"acf":[],"_links":{"self":[{"href":"https:\/\/www.ufmg.br\/espacodoconhecimento\/wp-json\/wp\/v2\/pages\/9172"}],"collection":[{"href":"https:\/\/www.ufmg.br\/espacodoconhecimento\/wp-json\/wp\/v2\/pages"}],"about":[{"href":"https:\/\/www.ufmg.br\/espacodoconhecimento\/wp-json\/wp\/v2\/types\/page"}],"author":[{"embeddable":true,"href":"https:\/\/www.ufmg.br\/espacodoconhecimento\/wp-json\/wp\/v2\/users\/3"}],"replies":[{"embeddable":true,"href":"https:\/\/www.ufmg.br\/espacodoconhecimento\/wp-json\/wp\/v2\/comments?post=9172"}],"version-history":[{"count":1,"href":"https:\/\/www.ufmg.br\/espacodoconhecimento\/wp-json\/wp\/v2\/pages\/9172\/revisions"}],"predecessor-version":[{"id":9173,"href":"https:\/\/www.ufmg.br\/espacodoconhecimento\/wp-json\/wp\/v2\/pages\/9172\/revisions\/9173"}],"wp:attachment":[{"href":"https:\/\/www.ufmg.br\/espacodoconhecimento\/wp-json\/wp\/v2\/media?parent=9172"}],"curies":[{"name":"wp","href":"https:\/\/api.w.org\/{rel}","templated":true}]}}