{"id":9180,"date":"2026-03-11T14:59:16","date_gmt":"2026-03-11T17:59:16","guid":{"rendered":"https:\/\/www.ufmg.br\/espacodoconhecimento\/?page_id=9180"},"modified":"2026-03-11T14:59:16","modified_gmt":"2026-03-11T17:59:16","slug":"resultado-da-selecao-de-bolsistas-de-extensao-nucleo-de-comunicacao-e-design-2025","status":"publish","type":"page","link":"https:\/\/www.ufmg.br\/espacodoconhecimento\/resultado-da-selecao-de-bolsistas-de-extensao-nucleo-de-comunicacao-e-design-2025\/","title":{"rendered":"Resultado da sele\u00e7\u00e3o de bolsistas de extens\u00e3o \u2013 N\u00facleo de Comunica\u00e7\u00e3o e Design (2025)"},"content":{"rendered":"\n<p><\/p>\n\n\n\n<div style=\"height:34px\" aria-hidden=\"true\" class=\"wp-block-spacer\"><\/div>\n\n\n\n<h3 class=\"wp-block-heading\"><\/h3>\n\n\n\n<figure class=\"wp-block-gallery has-nested-images columns-default is-cropped wp-block-gallery-1 is-layout-flex wp-block-gallery-is-layout-flex\">\n<figure class=\"wp-block-image size-large\"><img loading=\"lazy\" decoding=\"async\" width=\"1024\" height=\"512\" data-id=\"8738\" src=\"https:\/\/www.ufmg.br\/espacodoconhecimento\/wp-content\/uploads\/2026\/02\/capa-noticias-2-1024x512.png\" alt=\"\" class=\"wp-image-8738\" srcset=\"https:\/\/www.ufmg.br\/espacodoconhecimento\/wp-content\/uploads\/2026\/02\/capa-noticias-2-1024x512.png 1024w, https:\/\/www.ufmg.br\/espacodoconhecimento\/wp-content\/uploads\/2026\/02\/capa-noticias-2-300x150.png 300w, https:\/\/www.ufmg.br\/espacodoconhecimento\/wp-content\/uploads\/2026\/02\/capa-noticias-2-768x384.png 768w, https:\/\/www.ufmg.br\/espacodoconhecimento\/wp-content\/uploads\/2026\/02\/capa-noticias-2-1536x768.png 1536w, https:\/\/www.ufmg.br\/espacodoconhecimento\/wp-content\/uploads\/2026\/02\/capa-noticias-2.png 2048w\" sizes=\"(max-width: 1024px) 100vw, 1024px\" \/><\/figure>\n<\/figure>\n\n\n\n<p><\/p>\n\n\n\n<p><em>21 de fevereiro de 2025<\/em><\/p>\n\n\n\n<div style=\"height:34px\" aria-hidden=\"true\" class=\"wp-block-spacer\"><\/div>\n\n\n\n<p>O N\u00facleo de Comunica\u00e7\u00e3o e Design do Espa\u00e7o do Conhecimento UFMG informa o resultado da sele\u00e7\u00e3o de bolsistas de extens\u00e3o:<\/p>\n\n\n\n<div style=\"height:34px\" aria-hidden=\"true\" class=\"wp-block-spacer\"><\/div>\n\n\n\n<h4 class=\"wp-block-heading\"><em>BOLSA DE COMUNICA\u00c7\u00c3O-\u00c1UDIO (PBEXT A\u00c7\u00c3O AFIRMATIVA)<\/em><\/h4>\n\n\n\n<div style=\"height:34px\" aria-hidden=\"true\" class=\"wp-block-spacer\"><\/div>\n\n\n\n<p><strong>Selecionado:<\/strong><\/p>\n\n\n\n<p>Samuel Victor Lacerda de Moura<\/p>\n\n\n\n<div style=\"height:34px\" aria-hidden=\"true\" class=\"wp-block-spacer\"><\/div>\n\n\n\n<p><strong>Classificada (cadastro de reserva):<\/strong><\/p>\n\n\n\n<p>Yara Rodrigues Santos<\/p>\n\n\n\n<div style=\"height:34px\" aria-hidden=\"true\" class=\"wp-block-spacer\"><\/div>\n\n\n\n<h4 class=\"wp-block-heading\"><em>BOLSA DE COMUNICA\u00c7\u00c3O (PBEXT)<\/em><\/h4>\n\n\n\n<div style=\"height:34px\" aria-hidden=\"true\" class=\"wp-block-spacer\"><\/div>\n\n\n\n<p><strong>Selecionada:<\/strong><\/p>\n\n\n\n<p>Maria Eduarda Abreu Moura Guimar\u00e3es<\/p>\n\n\n\n<div style=\"height:34px\" aria-hidden=\"true\" class=\"wp-block-spacer\"><\/div>\n\n\n\n<p><strong>Classificada (cadastro de reserva):<\/strong><\/p>\n\n\n\n<p>Vit\u00f3ria Stefany<\/p>\n\n\n\n<div style=\"height:34px\" aria-hidden=\"true\" class=\"wp-block-spacer\"><\/div>\n\n\n\n<h4 class=\"wp-block-heading\"><em>BOLSA DE DESIGN (PBEXT)<\/em><\/h4>\n\n\n\n<div style=\"height:34px\" aria-hidden=\"true\" class=\"wp-block-spacer\"><\/div>\n\n\n\n<p><strong>Selecionado:<\/strong><\/p>\n\n\n\n<p>Julia Felipe Cremadez<\/p>\n\n\n\n<div style=\"height:34px\" aria-hidden=\"true\" class=\"wp-block-spacer\"><\/div>\n\n\n\n<p><strong>Classificados (cadastro de reserva):<\/strong><\/p>\n\n\n\n<p>Maria Theresa Marques In\u00e1cio<br>Alec Daniel Furtado Barros<br>Laura Moreira Costa<\/p>\n\n\n\n<div style=\"height:34px\" aria-hidden=\"true\" class=\"wp-block-spacer\"><\/div>\n\n\n\n<h4 class=\"wp-block-heading\"><em>N\u00c3O CLASSIFICADOS<\/em><\/h4>\n\n\n\n<div style=\"height:34px\" aria-hidden=\"true\" class=\"wp-block-spacer\"><\/div>\n\n\n\n<p>Emerson Patr\u00edcio Santos<br>Guilherme Asafe de Siqueira Meireles<br>Guilherme Martins<br>Ingrid Rodrigues<br>Laura Evelyn<br>Manasse mbuti nzau<br>Math Beserra Moreira<br>Sarah Lima Meireles Costa<\/p>\n\n\n\n<div style=\"height:34px\" aria-hidden=\"true\" class=\"wp-block-spacer\"><\/div>\n\n\n\n<p><strong>Acesse as informa\u00e7\u00f5es sobre o edital em: <\/strong><\/p>\n\n\n\n<div style=\"height:34px\" aria-hidden=\"true\" class=\"wp-block-spacer\"><\/div>\n\n\n\n<div data-wp-interactive=\"core\/file\" class=\"wp-block-file\"><object data-wp-bind--hidden=\"!state.hasPdfPreview\"  class=\"wp-block-file__embed\" data=\"https:\/\/www.ufmg.br\/espacodoconhecimento\/wp-content\/uploads\/2025\/08\/Edital-2025-Nucleo-de-Comunicacao-e-Design.docx.pdf\" type=\"application\/pdf\" style=\"width:100%;height:600px\" aria-label=\"Incorporado de Edital-2025-N\u00facleo-de-Comunica\u00e7\u00e3o-e-Design.docx.\"><\/object><a id=\"wp-block-file--media-7db5c070-005b-4008-9c43-49106f9c6a34\" href=\"https:\/\/www.ufmg.br\/espacodoconhecimento\/wp-content\/uploads\/2025\/08\/Edital-2025-Nucleo-de-Comunicacao-e-Design.docx.pdf\">Edital-2025-N\u00facleo-de-Comunica\u00e7\u00e3o-e-Design.docx<\/a><a href=\"https:\/\/www.ufmg.br\/espacodoconhecimento\/wp-content\/uploads\/2025\/08\/Edital-2025-Nucleo-de-Comunicacao-e-Design.docx.pdf\" class=\"wp-block-file__button wp-element-button\" download aria-describedby=\"wp-block-file--media-7db5c070-005b-4008-9c43-49106f9c6a34\">Baixar<\/a><\/div>\n\n\n\n<div style=\"height:34px\" aria-hidden=\"true\" class=\"wp-block-spacer\"><\/div>\n\n\n\n<hr class=\"wp-block-separator has-alpha-channel-opacity\"\/>\n","protected":false},"excerpt":{"rendered":"<p>21 de fevereiro de 2025 O N\u00facleo de Comunica\u00e7\u00e3o e Design do Espa\u00e7o do Conhecimento UFMG informa o resultado da sele\u00e7\u00e3o de bolsistas de extens\u00e3o: BOLSA DE COMUNICA\u00c7\u00c3O-\u00c1UDIO (PBEXT A\u00c7\u00c3O AFIRMATIVA) Selecionado: Samuel Victor Lacerda de Moura Classificada (cadastro de reserva): Yara Rodrigues Santos BOLSA DE COMUNICA\u00c7\u00c3O (PBEXT) Selecionada: Maria Eduarda Abreu Moura Guimar\u00e3es Classificada [&hellip;]<\/p>\n","protected":false},"author":3,"featured_media":0,"parent":0,"menu_order":0,"comment_status":"closed","ping_status":"closed","template":"","meta":{"_acf_changed":false,"footnotes":""},"class_list":["post-9180","page","type-page","status-publish","hentry"],"acf":[],"_links":{"self":[{"href":"https:\/\/www.ufmg.br\/espacodoconhecimento\/wp-json\/wp\/v2\/pages\/9180"}],"collection":[{"href":"https:\/\/www.ufmg.br\/espacodoconhecimento\/wp-json\/wp\/v2\/pages"}],"about":[{"href":"https:\/\/www.ufmg.br\/espacodoconhecimento\/wp-json\/wp\/v2\/types\/page"}],"author":[{"embeddable":true,"href":"https:\/\/www.ufmg.br\/espacodoconhecimento\/wp-json\/wp\/v2\/users\/3"}],"replies":[{"embeddable":true,"href":"https:\/\/www.ufmg.br\/espacodoconhecimento\/wp-json\/wp\/v2\/comments?post=9180"}],"version-history":[{"count":1,"href":"https:\/\/www.ufmg.br\/espacodoconhecimento\/wp-json\/wp\/v2\/pages\/9180\/revisions"}],"predecessor-version":[{"id":9181,"href":"https:\/\/www.ufmg.br\/espacodoconhecimento\/wp-json\/wp\/v2\/pages\/9180\/revisions\/9181"}],"wp:attachment":[{"href":"https:\/\/www.ufmg.br\/espacodoconhecimento\/wp-json\/wp\/v2\/media?parent=9180"}],"curies":[{"name":"wp","href":"https:\/\/api.w.org\/{rel}","templated":true}]}}