{"id":9184,"date":"2026-03-11T15:02:36","date_gmt":"2026-03-11T18:02:36","guid":{"rendered":"https:\/\/www.ufmg.br\/espacodoconhecimento\/?page_id=9184"},"modified":"2026-03-11T15:02:36","modified_gmt":"2026-03-11T18:02:36","slug":"resultado-vaga-de-estagio-no-nucleo-administrativo-2025","status":"publish","type":"page","link":"https:\/\/www.ufmg.br\/espacodoconhecimento\/resultado-vaga-de-estagio-no-nucleo-administrativo-2025\/","title":{"rendered":"Resultado &#8211; Vaga de Est\u00e1gio no N\u00facleo Administrativo (2025)"},"content":{"rendered":"\n<p><\/p>\n\n\n\n<div style=\"height:34px\" aria-hidden=\"true\" class=\"wp-block-spacer\"><\/div>\n\n\n\n<h3 class=\"wp-block-heading\"><\/h3>\n\n\n\n<figure class=\"wp-block-gallery has-nested-images columns-default is-cropped wp-block-gallery-1 is-layout-flex wp-block-gallery-is-layout-flex\">\n<figure class=\"wp-block-image size-large\"><img loading=\"lazy\" decoding=\"async\" width=\"1024\" height=\"512\" data-id=\"8740\" src=\"https:\/\/www.ufmg.br\/espacodoconhecimento\/wp-content\/uploads\/2026\/02\/capa-noticias-1024x512.png\" alt=\"\" class=\"wp-image-8740\" srcset=\"https:\/\/www.ufmg.br\/espacodoconhecimento\/wp-content\/uploads\/2026\/02\/capa-noticias-1024x512.png 1024w, https:\/\/www.ufmg.br\/espacodoconhecimento\/wp-content\/uploads\/2026\/02\/capa-noticias-300x150.png 300w, https:\/\/www.ufmg.br\/espacodoconhecimento\/wp-content\/uploads\/2026\/02\/capa-noticias-768x384.png 768w, https:\/\/www.ufmg.br\/espacodoconhecimento\/wp-content\/uploads\/2026\/02\/capa-noticias-1536x768.png 1536w, https:\/\/www.ufmg.br\/espacodoconhecimento\/wp-content\/uploads\/2026\/02\/capa-noticias.png 2048w\" sizes=\"(max-width: 1024px) 100vw, 1024px\" \/><\/figure>\n<\/figure>\n\n\n\n<p><\/p>\n\n\n\n<p><em>14 de mar\u00e7o de 2025<\/em><\/p>\n\n\n\n<div style=\"height:34px\" aria-hidden=\"true\" class=\"wp-block-spacer\"><\/div>\n\n\n\n<p>O N\u00facleo Administrativo do Espa\u00e7o do Conhecimento UFMG informa o resultado do processo seletivo para a vaga de est\u00e1gio na recep\u00e7\u00e3o (2025):<\/p>\n\n\n\n<div style=\"height:34px\" aria-hidden=\"true\" class=\"wp-block-spacer\"><\/div>\n\n\n\n<p><strong>Selecionada:<\/strong><\/p>\n\n\n\n<p>BRUNA VI\u00c9GAS SOUZA ROCHA<\/p>\n\n\n\n<div style=\"height:34px\" aria-hidden=\"true\" class=\"wp-block-spacer\"><\/div>\n\n\n\n<p><\/p>\n","protected":false},"excerpt":{"rendered":"<p>14 de mar\u00e7o de 2025 O N\u00facleo Administrativo do Espa\u00e7o do Conhecimento UFMG informa o resultado do processo seletivo para a vaga de est\u00e1gio na recep\u00e7\u00e3o (2025): Selecionada: BRUNA VI\u00c9GAS SOUZA ROCHA<\/p>\n","protected":false},"author":3,"featured_media":0,"parent":0,"menu_order":0,"comment_status":"closed","ping_status":"closed","template":"","meta":{"_acf_changed":false,"footnotes":""},"class_list":["post-9184","page","type-page","status-publish","hentry"],"acf":[],"_links":{"self":[{"href":"https:\/\/www.ufmg.br\/espacodoconhecimento\/wp-json\/wp\/v2\/pages\/9184"}],"collection":[{"href":"https:\/\/www.ufmg.br\/espacodoconhecimento\/wp-json\/wp\/v2\/pages"}],"about":[{"href":"https:\/\/www.ufmg.br\/espacodoconhecimento\/wp-json\/wp\/v2\/types\/page"}],"author":[{"embeddable":true,"href":"https:\/\/www.ufmg.br\/espacodoconhecimento\/wp-json\/wp\/v2\/users\/3"}],"replies":[{"embeddable":true,"href":"https:\/\/www.ufmg.br\/espacodoconhecimento\/wp-json\/wp\/v2\/comments?post=9184"}],"version-history":[{"count":1,"href":"https:\/\/www.ufmg.br\/espacodoconhecimento\/wp-json\/wp\/v2\/pages\/9184\/revisions"}],"predecessor-version":[{"id":9185,"href":"https:\/\/www.ufmg.br\/espacodoconhecimento\/wp-json\/wp\/v2\/pages\/9184\/revisions\/9185"}],"wp:attachment":[{"href":"https:\/\/www.ufmg.br\/espacodoconhecimento\/wp-json\/wp\/v2\/media?parent=9184"}],"curies":[{"name":"wp","href":"https:\/\/api.w.org\/{rel}","templated":true}]}}