{"id":9195,"date":"2026-03-11T15:17:43","date_gmt":"2026-03-11T18:17:43","guid":{"rendered":"https:\/\/www.ufmg.br\/espacodoconhecimento\/?page_id=9195"},"modified":"2026-03-11T15:17:43","modified_gmt":"2026-03-11T18:17:43","slug":"o-espaco-do-conhecimento-ufmg-esta-com-uma-01-vaga-de-estagio-aberta-para-o-nucleo-de-comunicacao-e-design","status":"publish","type":"page","link":"https:\/\/www.ufmg.br\/espacodoconhecimento\/o-espaco-do-conhecimento-ufmg-esta-com-uma-01-vaga-de-estagio-aberta-para-o-nucleo-de-comunicacao-e-design\/","title":{"rendered":"O Espa\u00e7o do Conhecimento UFMG est\u00e1 com uma (01) vaga de est\u00e1gio\u00a0aberta para o\u00a0N\u00facleo de Comunica\u00e7\u00e3o e Design"},"content":{"rendered":"\n<p><\/p>\n\n\n\n<div style=\"height:34px\" aria-hidden=\"true\" class=\"wp-block-spacer\"><\/div>\n\n\n\n<h3 class=\"wp-block-heading\"><\/h3>\n\n\n\n<figure class=\"wp-block-gallery has-nested-images columns-default is-cropped wp-block-gallery-1 is-layout-flex wp-block-gallery-is-layout-flex\">\n<figure class=\"wp-block-image size-large\"><img loading=\"lazy\" decoding=\"async\" width=\"768\" height=\"309\" data-id=\"8663\" src=\"https:\/\/www.ufmg.br\/espacodoconhecimento\/wp-content\/uploads\/2026\/02\/comunicacao-noticia-768x309-1.png\" alt=\"\" class=\"wp-image-8663\" srcset=\"https:\/\/www.ufmg.br\/espacodoconhecimento\/wp-content\/uploads\/2026\/02\/comunicacao-noticia-768x309-1.png 768w, https:\/\/www.ufmg.br\/espacodoconhecimento\/wp-content\/uploads\/2026\/02\/comunicacao-noticia-768x309-1-300x121.png 300w\" sizes=\"(max-width: 768px) 100vw, 768px\" \/><\/figure>\n<\/figure>\n\n\n\n<p><\/p>\n\n\n\n<p><em>29 de abril de 2025<\/em><\/p>\n\n\n\n<div style=\"height:34px\" aria-hidden=\"true\" class=\"wp-block-spacer\"><\/div>\n\n\n\n<p><em>Edital retificado em 08\/05\/25. O resultado final ser\u00e1 divulgado&nbsp;no dia&nbsp;15 de&nbsp;maio de 2025.<\/em><\/p>\n\n\n\n<div style=\"height:34px\" aria-hidden=\"true\" class=\"wp-block-spacer\"><\/div>\n\n\n\n<p>Est\u00e3o abertas as inscri\u00e7\u00f5es de estagi\u00e1rio para preenchimento de uma (01) vaga para atuar no N\u00facleo de Comunica\u00e7\u00e3o e Design, sendo relativa \u00e0 <strong>fun\u00e7\u00e3o de estagi\u00e1rio de Design<\/strong> do Espa\u00e7o do Conhecimento UFMG. Al\u00e9m do(a) candidato(a) selecionado(a) para o preenchimento da vaga, haver\u00e1 tamb\u00e9m a forma\u00e7\u00e3o de cadastro de reserva para suprir vagas que surjam posteriormente.<\/p>\n\n\n\n<div style=\"height:34px\" aria-hidden=\"true\" class=\"wp-block-spacer\"><\/div>\n\n\n\n<p><strong>Descri\u00e7\u00e3o das atividades<\/strong><\/p>\n\n\n\n<p>O(a) selecionado(a) ir\u00e1 auxiliar na cria\u00e7\u00e3o de identidade visual para diversos projetos do museu, como exposi\u00e7\u00f5es, sinaliza\u00e7\u00f5es, produ\u00e7\u00e3o de pe\u00e7as gr\u00e1ficas para impress\u00e3o e redes sociais, cria\u00e7\u00e3o de gifs, anima\u00e7\u00f5es, conte\u00fados interativos, diagrama\u00e7\u00e3o de cartazes, cartilhas, folders, livretos, revistas, cat\u00e1logos, entre outras publica\u00e7\u00f5es impressas e digitais, al\u00e9m da cria\u00e7\u00e3o de diversos produtos, brindes, camisetas, uniformes, etc.<\/p>\n\n\n\n<div style=\"height:34px\" aria-hidden=\"true\" class=\"wp-block-spacer\"><\/div>\n\n\n\n<p><strong>Requisitos<\/strong><\/p>\n\n\n\n<p>\u2013 O candidato deve estar matriculado(a) nos cursos de Design, Arquitetura e Urbanismo, Artes Visuais, Publicidade e Propaganda e afins, de qualquer institui\u00e7\u00e3o superior de ensino reconhecida pelo MEC;<\/p>\n\n\n\n<p>\u2013 Ter conhecimento avan\u00e7ado em Illustrator, Indesign e Photoshop;<\/p>\n\n\n\n<p>\u2013 Ilustra\u00e7\u00e3o e edi\u00e7\u00e3o de v\u00eddeo\/anima\u00e7\u00e3o ser\u00e3o considerados diferenciais;<\/p>\n\n\n\n<p>\u2013 Ter disponibilidade de 6h di\u00e1rias (presencial) &#8211; carga hor\u00e1ria de 30 horas semanais;<\/p>\n\n\n\n<p>\u2013 N\u00e3o ter v\u00ednculo empregat\u00edcio ou ac\u00famulo de bolsas no per\u00edodo de desenvolvimento do est\u00e1gio;<\/p>\n\n\n\n<p>\u2013 Caso seja selecionado(a) para o est\u00e1gio, abrir imediatamente conta no Santander, da qual seja o(a) \u00fanico(a) titular.&nbsp;<\/p>\n\n\n\n<div style=\"height:34px\" aria-hidden=\"true\" class=\"wp-block-spacer\"><\/div>\n\n\n\n<p><strong>Remunera\u00e7\u00e3o<\/strong><\/p>\n\n\n\n<p>A remunera\u00e7\u00e3o \u00e9 de&nbsp;R$810,00, al\u00e9m vale-alimenta\u00e7\u00e3o de R$190,00 e aux\u00edlio transporte de R$230,00.<\/p>\n\n\n\n<div style=\"height:34px\" aria-hidden=\"true\" class=\"wp-block-spacer\"><\/div>\n\n\n\n<p><strong>Inscri\u00e7\u00f5es<\/strong><\/p>\n\n\n\n<p>As inscri\u00e7\u00f5es est\u00e3o abertas&nbsp;<strong>at\u00e9 \u00e0s 23h59 de&nbsp;06 maio de 2025<\/strong>. Os interessados devem enviar a documenta\u00e7\u00e3o para o e-mail&nbsp;<a href=\"mailto:selecaoespacoufmg@gmail.com\" target=\"_blank\" rel=\"noreferrer noopener\"><mark style=\"background-color:rgba(0, 0, 0, 0);color:#c44a95\" class=\"has-inline-color\">selecaoespacoufmg@gmail.com<\/mark><\/a><\/p>\n\n\n\n<div style=\"height:34px\" aria-hidden=\"true\" class=\"wp-block-spacer\"><\/div>\n\n\n\n<p><strong>Documentos necess\u00e1rios para inscri\u00e7\u00e3o<\/strong><\/p>\n\n\n\n<p>\u2013 Curriculum Vitae;<\/p>\n\n\n\n<p>\u2013 Hist\u00f3rico escolar da gradua\u00e7\u00e3o;<\/p>\n\n\n\n<p>\u2013 Portf\u00f3lio (obrigat\u00f3rio);<\/p>\n\n\n\n<p>\u2013 Reda\u00e7\u00e3o de at\u00e9 2 laudas sobre o tema \u201cSua percep\u00e7\u00e3o sobre o Espa\u00e7o do Conhecimento UFMG e seu interesse em atuar como estagi\u00e1rio do N\u00facleo de Comunica\u00e7\u00e3o e Design\u201d (fonte: Times New Roman, tamanho 12; texto com espa\u00e7o 1,5 entre linhas, par\u00e1grafo: \u00e0 esquerda com recuo de 2 cm &#8211; envio no formato PDF).<\/p>\n\n\n\n<p>Os documentos enviados ser\u00e3o avaliados e os candidatos selecionados ser\u00e3o informados sobre o hor\u00e1rio da entrevista, a ser agendada por e-mail.<\/p>\n\n\n\n<div style=\"height:34px\" aria-hidden=\"true\" class=\"wp-block-spacer\"><\/div>\n\n\n\n<p><strong>Segunda etapa do processo seletivo<\/strong><\/p>\n\n\n\n<p>A segunda parte do processo de sele\u00e7\u00e3o consistir\u00e1 em entrevista individual com todos os candidatos cujo curr\u00edculo foi previamente selecionado (o contato ser\u00e1 realizado via e-mail informado data e hor\u00e1rio) e, posteriormente, um teste pr\u00e1tico.<\/p>\n\n\n\n<div style=\"height:34px\" aria-hidden=\"true\" class=\"wp-block-spacer\"><\/div>\n\n\n\n<p><strong>Resultado<\/strong><\/p>\n\n\n\n<p>O resultado final ser\u00e1 divulgado&nbsp;no dia&nbsp;<strong>15 de&nbsp;maio de 2025<\/strong>, no<strong>&nbsp;<mark style=\"background-color:rgba(0, 0, 0, 0)\" class=\"has-inline-color has-black-color\">site do museu<\/mark><\/strong>&nbsp;e por e-mail. Mais informa\u00e7\u00f5es, envie um e-mail para&nbsp;<a href=\"mailto:selecaoespacoufmg@gmail.com\" target=\"_blank\" rel=\"noreferrer noopener\"><mark style=\"background-color:rgba(0, 0, 0, 0);color:#c44a95\" class=\"has-inline-color\">selecaoespacoufmg@gmail.com<\/mark><\/a><\/p>\n\n\n\n<p><\/p>\n","protected":false},"excerpt":{"rendered":"<p>29 de abril de 2025 Edital retificado em 08\/05\/25. O resultado final ser\u00e1 divulgado&nbsp;no dia&nbsp;15 de&nbsp;maio de 2025. Est\u00e3o abertas as inscri\u00e7\u00f5es de estagi\u00e1rio para preenchimento de uma (01) vaga para atuar no N\u00facleo de Comunica\u00e7\u00e3o e Design, sendo relativa \u00e0 fun\u00e7\u00e3o de estagi\u00e1rio de Design do Espa\u00e7o do Conhecimento UFMG. Al\u00e9m do(a) candidato(a) selecionado(a) [&hellip;]<\/p>\n","protected":false},"author":3,"featured_media":0,"parent":0,"menu_order":0,"comment_status":"closed","ping_status":"closed","template":"","meta":{"_acf_changed":false,"footnotes":""},"class_list":["post-9195","page","type-page","status-publish","hentry"],"acf":[],"_links":{"self":[{"href":"https:\/\/www.ufmg.br\/espacodoconhecimento\/wp-json\/wp\/v2\/pages\/9195"}],"collection":[{"href":"https:\/\/www.ufmg.br\/espacodoconhecimento\/wp-json\/wp\/v2\/pages"}],"about":[{"href":"https:\/\/www.ufmg.br\/espacodoconhecimento\/wp-json\/wp\/v2\/types\/page"}],"author":[{"embeddable":true,"href":"https:\/\/www.ufmg.br\/espacodoconhecimento\/wp-json\/wp\/v2\/users\/3"}],"replies":[{"embeddable":true,"href":"https:\/\/www.ufmg.br\/espacodoconhecimento\/wp-json\/wp\/v2\/comments?post=9195"}],"version-history":[{"count":1,"href":"https:\/\/www.ufmg.br\/espacodoconhecimento\/wp-json\/wp\/v2\/pages\/9195\/revisions"}],"predecessor-version":[{"id":9196,"href":"https:\/\/www.ufmg.br\/espacodoconhecimento\/wp-json\/wp\/v2\/pages\/9195\/revisions\/9196"}],"wp:attachment":[{"href":"https:\/\/www.ufmg.br\/espacodoconhecimento\/wp-json\/wp\/v2\/media?parent=9195"}],"curies":[{"name":"wp","href":"https:\/\/api.w.org\/{rel}","templated":true}]}}