{"id":9199,"date":"2026-03-11T15:19:18","date_gmt":"2026-03-11T18:19:18","guid":{"rendered":"https:\/\/www.ufmg.br\/espacodoconhecimento\/?page_id=9199"},"modified":"2026-03-11T15:19:18","modified_gmt":"2026-03-11T18:19:18","slug":"resultado-da-selecao-de-estagio-de-design-no-nucleo-de-comunicacao-e-design","status":"publish","type":"page","link":"https:\/\/www.ufmg.br\/espacodoconhecimento\/resultado-da-selecao-de-estagio-de-design-no-nucleo-de-comunicacao-e-design\/","title":{"rendered":"RESULTADO DA SELE\u00c7\u00c3O DE EST\u00c1GIO DE DESIGN NO N\u00daCLEO DE COMUNICA\u00c7\u00c3O E DESIGN"},"content":{"rendered":"\n<div style=\"height:34px\" aria-hidden=\"true\" class=\"wp-block-spacer\"><\/div>\n\n\n\n<p><\/p>\n\n\n\n<h3 class=\"wp-block-heading\"><\/h3>\n\n\n\n<figure class=\"wp-block-gallery has-nested-images columns-default is-cropped wp-block-gallery-1 is-layout-flex wp-block-gallery-is-layout-flex\">\n<figure class=\"wp-block-image size-large\"><img loading=\"lazy\" decoding=\"async\" width=\"768\" height=\"309\" data-id=\"8663\" src=\"https:\/\/www.ufmg.br\/espacodoconhecimento\/wp-content\/uploads\/2026\/02\/comunicacao-noticia-768x309-1.png\" alt=\"\" class=\"wp-image-8663\" srcset=\"https:\/\/www.ufmg.br\/espacodoconhecimento\/wp-content\/uploads\/2026\/02\/comunicacao-noticia-768x309-1.png 768w, https:\/\/www.ufmg.br\/espacodoconhecimento\/wp-content\/uploads\/2026\/02\/comunicacao-noticia-768x309-1-300x121.png 300w\" sizes=\"(max-width: 768px) 100vw, 768px\" \/><figcaption class=\"wp-element-caption\">Resultado \u2013 N\u00facleo de Comunica\u00e7\u00e3o e Design | Bolsas PBEXT e PBEXT A\u00e7\u00e3o Afirmativa (fev\/2026)<\/figcaption><\/figure>\n<\/figure>\n\n\n\n<p><\/p>\n\n\n\n<p><em>15 de maio de 2025<\/em><\/p>\n\n\n\n<div style=\"height:34px\" aria-hidden=\"true\" class=\"wp-block-spacer\"><\/div>\n\n\n\n<p>O N\u00facleo de Comunica\u00e7\u00e3o e Design do Espa\u00e7o do Conhecimento UFMG informa o resultado da sele\u00e7\u00e3o de Est\u00e1gio em Design:<\/p>\n\n\n\n<div style=\"height:34px\" aria-hidden=\"true\" class=\"wp-block-spacer\"><\/div>\n\n\n\n<p><strong>Selecionada:&nbsp;<\/strong><\/p>\n\n\n\n<p>Catarine de Oliveira Godoy<\/p>\n\n\n\n<div style=\"height:34px\" aria-hidden=\"true\" class=\"wp-block-spacer\"><\/div>\n\n\n\n<p><strong>Classificados:<\/strong><\/p>\n\n\n\n<p>Helo\u00edsa Greg\u00f3rio Cantarela<\/p>\n\n\n\n<p>Alec Daniel<\/p>\n\n\n\n<div style=\"height:34px\" aria-hidden=\"true\" class=\"wp-block-spacer\"><\/div>\n","protected":false},"excerpt":{"rendered":"<p>15 de maio de 2025 O N\u00facleo de Comunica\u00e7\u00e3o e Design do Espa\u00e7o do Conhecimento UFMG informa o resultado da sele\u00e7\u00e3o de Est\u00e1gio em Design: Selecionada:&nbsp; Catarine de Oliveira Godoy Classificados: Helo\u00edsa Greg\u00f3rio Cantarela Alec Daniel<\/p>\n","protected":false},"author":3,"featured_media":0,"parent":0,"menu_order":0,"comment_status":"closed","ping_status":"closed","template":"","meta":{"_acf_changed":false,"footnotes":""},"class_list":["post-9199","page","type-page","status-publish","hentry"],"acf":[],"_links":{"self":[{"href":"https:\/\/www.ufmg.br\/espacodoconhecimento\/wp-json\/wp\/v2\/pages\/9199"}],"collection":[{"href":"https:\/\/www.ufmg.br\/espacodoconhecimento\/wp-json\/wp\/v2\/pages"}],"about":[{"href":"https:\/\/www.ufmg.br\/espacodoconhecimento\/wp-json\/wp\/v2\/types\/page"}],"author":[{"embeddable":true,"href":"https:\/\/www.ufmg.br\/espacodoconhecimento\/wp-json\/wp\/v2\/users\/3"}],"replies":[{"embeddable":true,"href":"https:\/\/www.ufmg.br\/espacodoconhecimento\/wp-json\/wp\/v2\/comments?post=9199"}],"version-history":[{"count":1,"href":"https:\/\/www.ufmg.br\/espacodoconhecimento\/wp-json\/wp\/v2\/pages\/9199\/revisions"}],"predecessor-version":[{"id":9200,"href":"https:\/\/www.ufmg.br\/espacodoconhecimento\/wp-json\/wp\/v2\/pages\/9199\/revisions\/9200"}],"wp:attachment":[{"href":"https:\/\/www.ufmg.br\/espacodoconhecimento\/wp-json\/wp\/v2\/media?parent=9199"}],"curies":[{"name":"wp","href":"https:\/\/api.w.org\/{rel}","templated":true}]}}