{"id":9201,"date":"2026-03-11T15:20:16","date_gmt":"2026-03-11T18:20:16","guid":{"rendered":"https:\/\/www.ufmg.br\/espacodoconhecimento\/?page_id=9201"},"modified":"2026-03-11T15:20:16","modified_gmt":"2026-03-11T18:20:16","slug":"nucleo-de-acoes-educativas-e-acessibilidade-do-espaco-do-conhecimento-ufmg","status":"publish","type":"page","link":"https:\/\/www.ufmg.br\/espacodoconhecimento\/nucleo-de-acoes-educativas-e-acessibilidade-do-espaco-do-conhecimento-ufmg\/","title":{"rendered":"N\u00facleo de A\u00e7\u00f5es Educativas e Acessibilidade do Espa\u00e7o do Conhecimento UFMG"},"content":{"rendered":"\n<p><\/p>\n\n\n\n<div style=\"height:34px\" aria-hidden=\"true\" class=\"wp-block-spacer\"><\/div>\n\n\n\n<h3 class=\"wp-block-heading\"><\/h3>\n\n\n\n<figure class=\"wp-block-gallery has-nested-images columns-default is-cropped wp-block-gallery-1 is-layout-flex wp-block-gallery-is-layout-flex\">\n<figure class=\"wp-block-image size-large\"><img loading=\"lazy\" decoding=\"async\" width=\"1024\" height=\"412\" data-id=\"8656\" src=\"https:\/\/www.ufmg.br\/espacodoconhecimento\/wp-content\/uploads\/2026\/02\/educativo-noticia-1024x412-1-1.png\" alt=\"\" class=\"wp-image-8656\" srcset=\"https:\/\/www.ufmg.br\/espacodoconhecimento\/wp-content\/uploads\/2026\/02\/educativo-noticia-1024x412-1-1.png 1024w, https:\/\/www.ufmg.br\/espacodoconhecimento\/wp-content\/uploads\/2026\/02\/educativo-noticia-1024x412-1-1-300x121.png 300w, https:\/\/www.ufmg.br\/espacodoconhecimento\/wp-content\/uploads\/2026\/02\/educativo-noticia-1024x412-1-1-768x309.png 768w\" sizes=\"(max-width: 1024px) 100vw, 1024px\" \/><\/figure>\n<\/figure>\n\n\n\n<div style=\"height:34px\" aria-hidden=\"true\" class=\"wp-block-spacer\"><\/div>\n\n\n\n<h3 class=\"wp-block-heading\"><\/h3>\n\n\n\n<p><\/p>\n\n\n\n<p><em>30 de maio de 2025<\/em><\/p>\n\n\n\n<div style=\"height:34px\" aria-hidden=\"true\" class=\"wp-block-spacer\"><\/div>\n\n\n\n<p>Est\u00e3o abertas as inscri\u00e7\u00f5es para a sele\u00e7\u00e3o de bolsistas de extens\u00e3o&nbsp;no N\u00facleo de A\u00e7\u00f5es Educativas e Acessibilidade do Espa\u00e7o do Conhecimento UFMG.<\/p>\n\n\n\n<div style=\"height:34px\" aria-hidden=\"true\" class=\"wp-block-spacer\"><\/div>\n\n\n\n<p><strong>Vagas:&nbsp;<\/strong><\/p>\n\n\n\n<div style=\"height:34px\" aria-hidden=\"true\" class=\"wp-block-spacer\"><\/div>\n\n\n\n<p>\u2013&nbsp;03 (tr\u00eas) vagas, na modalidade de bolsa&nbsp;<strong>PBEXT <mark style=\"background-color:rgba(0, 0, 0, 0);color:#ff914d\" class=\"has-inline-color\">(preferencialmente para alunos de licenciaturas)<\/mark><\/strong>.&nbsp;Haver\u00e1 forma\u00e7\u00e3o de cadastro de reserva para suprir vagas que surjam posteriormente.<\/p>\n\n\n\n<p><strong>Inscri\u00e7\u00f5es<\/strong>: As inscri\u00e7\u00f5es ser\u00e3o realizadas at\u00e9 o dia<strong>&nbsp;06 de junho de 2025<\/strong>,&nbsp;atrav\u00e9s do formul\u00e1rio dispon\u00edvel no endere\u00e7o abaixo:&nbsp;<a href=\"https:\/\/forms.gle\/crk3w3DbTgRFR2nA6\" target=\"_blank\" rel=\"noreferrer noopener\"><mark style=\"background-color:rgba(0, 0, 0, 0);color:#ff914d\" class=\"has-inline-color\">https:\/\/forms.gle\/crk3w3DbTgRFR2nA6<\/mark><\/a><\/p>\n\n\n\n<p><strong>Per\u00edodo de vig\u00eancia da bolsa<\/strong>: at\u00e9 28\/02\/2026<\/p>\n\n\n\n<p><strong>Valor da bolsa<\/strong>: R$ 700,00<\/p>\n\n\n\n<p><strong>Carga-hor\u00e1ria<\/strong>: 20 horas semanais<\/p>\n\n\n\n<div style=\"height:34px\" aria-hidden=\"true\" class=\"wp-block-spacer\"><\/div>\n\n\n\n<p><strong>Pr\u00e9-requisitos:<\/strong><\/p>\n\n\n\n<p>\u2013 Estar matriculado&nbsp;<em>preferencialmente<\/em>&nbsp;em cursos de licenciatura da UFMG. Ser\u00e3o aceitas tamb\u00e9m inscri\u00e7\u00f5es de outros cursos de gradua\u00e7\u00e3o;<\/p>\n\n\n\n<p>\u2013 Ter disponibilidade de 20 horas semanais para dedica\u00e7\u00e3o \u00e0s atividades de extens\u00e3o (media\u00e7\u00e3o de exposi\u00e7\u00f5es, participa\u00e7\u00e3o em oficinas e outras atividades);<\/p>\n\n\n\n<p>\u2013 N\u00e3o ter v\u00ednculo empregat\u00edcio ou ac\u00famulo de bolsas no per\u00edodo de desenvolvimento do projeto;<\/p>\n\n\n\n<p>\u2013 Estar dispon\u00edvel para assumir a bolsa em&nbsp;<strong>junho de 2025<\/strong>;<\/p>\n\n\n\n<p>\u2013 Caso seja selecionado para a bolsa, possuir conta banc\u00e1ria ativa, do tipo conta-corrente, da qual seja o \u00fanico titular.<\/p>\n\n\n\n<div style=\"height:34px\" aria-hidden=\"true\" class=\"wp-block-spacer\"><\/div>\n\n\n\n<p><strong>Documentos para inscri\u00e7\u00e3o:<\/strong><\/p>\n\n\n\n<p>O(a) candidato(a) deve informar, pelo formul\u00e1rio, nome, curso, per\u00edodo, n\u00famero de matr\u00edcula, telefone para contato, disponibilidade de turno para dedica\u00e7\u00e3o \u00e0s atividades presenciais (manh\u00e3, tarde, noite, fim de semana) e os seguintes anexos:<\/p>\n\n\n\n<p>\u2013 Link do curr\u00edculo&nbsp;<em>Lattes<\/em>&nbsp;atualizado (necess\u00e1rio para a inscri\u00e7\u00e3o dos selecionados no sistema de fomento da UFMG);<\/p>\n\n\n\n<p>\u2013 Plano de estudo SIGA (gerado em pdf pelo site https:\/\/sistemas.ufmg.br\/aluno-grad\/home.seam &gt; Siga UFMG: Siga UFMG: acesso para alunos de gradua\u00e7\u00e3o &gt; Minhas matr\u00edculas &gt; Minhas atividades em curso e cursadas);<\/p>\n\n\n\n<p>\u2013 Reda\u00e7\u00e3o de 1 a 2 laudas, tendo como tema \u201cSua percep\u00e7\u00e3o sobre o Espa\u00e7o do Conhecimento UFMG e seu interesse em atuar como bolsista no N\u00facleo de A\u00e7\u00f5es Educativas e Acessibilidade do Museu\u201d.<\/p>\n\n\n\n<div style=\"height:34px\" aria-hidden=\"true\" class=\"wp-block-spacer\"><\/div>\n\n\n\n<p><strong>Sele\u00e7\u00e3o:<\/strong><\/p>\n\n\n\n<p>\u2013 1\u00aa etapa: Ser\u00e3o avaliados: o curr\u00edculo, o plano de estudo e a reda\u00e7\u00e3o, enviados na inscri\u00e7\u00e3o. Na an\u00e1lise do curr\u00edculo ser\u00e1 valorizada&nbsp;<em>preferencialmente<\/em>&nbsp;as experi\u00eancias pr\u00e9vias em atua\u00e7\u00e3o em museus, espa\u00e7os de educa\u00e7\u00e3o formal e n\u00e3o formal e outras institui\u00e7\u00f5es culturais;<\/p>\n\n\n\n<p>\u2013 2\u00aa etapa: Os candidatos aprovados na 1\u00aa etapa ser\u00e3o chamados para Entrevista e Apresenta\u00e7\u00e3o, cujo tema e agendamento ser\u00e3o detalhados via e-mail.<\/p>\n\n\n\n<div style=\"height:34px\" aria-hidden=\"true\" class=\"wp-block-spacer\"><\/div>\n\n\n\n<p><strong>Resultados:<\/strong><\/p>\n\n\n\n<p>Os resultados finais ser\u00e3o divulgados at\u00e9 o dia&nbsp;<strong>15 de junho de 2025<\/strong>, <strong>no<mark style=\"background-color:rgba(0, 0, 0, 0);color:#ff914d\" class=\"has-inline-color\">&nbsp;<\/mark><mark style=\"background-color:rgba(0, 0, 0, 0)\" class=\"has-inline-color has-black-color\">site<\/mark><\/strong><mark style=\"background-color:rgba(0, 0, 0, 0)\" class=\"has-inline-color has-black-color\">&nbsp;<\/mark>do Espa\u00e7o do Conhecimento UFMG.<\/p>\n\n\n\n<div style=\"height:34px\" aria-hidden=\"true\" class=\"wp-block-spacer\"><\/div>\n\n\n\n<p><strong>Acesse as informa\u00e7\u00f5es completas no Edital:&nbsp;<\/strong><\/p>\n\n\n\n<div style=\"height:34px\" aria-hidden=\"true\" class=\"wp-block-spacer\"><\/div>\n\n\n\n<div data-wp-interactive=\"core\/file\" class=\"wp-block-file\"><object data-wp-bind--hidden=\"!state.hasPdfPreview\"  class=\"wp-block-file__embed\" data=\"https:\/\/www.ufmg.br\/espacodoconhecimento\/wp-content\/uploads\/2025\/08\/Edital-08-2025-Nucleo-Acoes-Educativas.pdf\" type=\"application\/pdf\" style=\"width:100%;height:600px\" aria-label=\"Incorporado de Edital-08-2025-N\u00facleo-A\u00e7\u00f5es-Educativas.\"><\/object><a id=\"wp-block-file--media-0f76068a-8013-4cda-9cd2-ab6ef7c3c46e\" href=\"https:\/\/www.ufmg.br\/espacodoconhecimento\/wp-content\/uploads\/2025\/08\/Edital-08-2025-Nucleo-Acoes-Educativas.pdf\">Edital-08-2025-N\u00facleo-A\u00e7\u00f5es-Educativas<\/a><a href=\"https:\/\/www.ufmg.br\/espacodoconhecimento\/wp-content\/uploads\/2025\/08\/Edital-08-2025-Nucleo-Acoes-Educativas.pdf\" class=\"wp-block-file__button wp-element-button\" download aria-describedby=\"wp-block-file--media-0f76068a-8013-4cda-9cd2-ab6ef7c3c46e\">Baixar<\/a><\/div>\n","protected":false},"excerpt":{"rendered":"<p>30 de maio de 2025 Est\u00e3o abertas as inscri\u00e7\u00f5es para a sele\u00e7\u00e3o de bolsistas de extens\u00e3o&nbsp;no N\u00facleo de A\u00e7\u00f5es Educativas e Acessibilidade do Espa\u00e7o do Conhecimento UFMG. Vagas:&nbsp; \u2013&nbsp;03 (tr\u00eas) vagas, na modalidade de bolsa&nbsp;PBEXT (preferencialmente para alunos de licenciaturas).&nbsp;Haver\u00e1 forma\u00e7\u00e3o de cadastro de reserva para suprir vagas que surjam posteriormente. Inscri\u00e7\u00f5es: As inscri\u00e7\u00f5es ser\u00e3o [&hellip;]<\/p>\n","protected":false},"author":3,"featured_media":0,"parent":0,"menu_order":0,"comment_status":"closed","ping_status":"closed","template":"","meta":{"_acf_changed":false,"footnotes":""},"class_list":["post-9201","page","type-page","status-publish","hentry"],"acf":[],"_links":{"self":[{"href":"https:\/\/www.ufmg.br\/espacodoconhecimento\/wp-json\/wp\/v2\/pages\/9201"}],"collection":[{"href":"https:\/\/www.ufmg.br\/espacodoconhecimento\/wp-json\/wp\/v2\/pages"}],"about":[{"href":"https:\/\/www.ufmg.br\/espacodoconhecimento\/wp-json\/wp\/v2\/types\/page"}],"author":[{"embeddable":true,"href":"https:\/\/www.ufmg.br\/espacodoconhecimento\/wp-json\/wp\/v2\/users\/3"}],"replies":[{"embeddable":true,"href":"https:\/\/www.ufmg.br\/espacodoconhecimento\/wp-json\/wp\/v2\/comments?post=9201"}],"version-history":[{"count":1,"href":"https:\/\/www.ufmg.br\/espacodoconhecimento\/wp-json\/wp\/v2\/pages\/9201\/revisions"}],"predecessor-version":[{"id":9202,"href":"https:\/\/www.ufmg.br\/espacodoconhecimento\/wp-json\/wp\/v2\/pages\/9201\/revisions\/9202"}],"wp:attachment":[{"href":"https:\/\/www.ufmg.br\/espacodoconhecimento\/wp-json\/wp\/v2\/media?parent=9201"}],"curies":[{"name":"wp","href":"https:\/\/api.w.org\/{rel}","templated":true}]}}