{"id":9211,"date":"2026-03-11T15:24:13","date_gmt":"2026-03-11T18:24:13","guid":{"rendered":"https:\/\/www.ufmg.br\/espacodoconhecimento\/?page_id=9211"},"modified":"2026-03-11T15:24:14","modified_gmt":"2026-03-11T18:24:14","slug":"bolsa-de-extensao-nucleo-de-expografia-do-espaco-do-conhecimento-ufmg","status":"publish","type":"page","link":"https:\/\/www.ufmg.br\/espacodoconhecimento\/bolsa-de-extensao-nucleo-de-expografia-do-espaco-do-conhecimento-ufmg\/","title":{"rendered":"BOLSA DE EXTENS\u00c3O &#8211; N\u00facleo de Expografia do Espa\u00e7o do Conhecimento UFMG"},"content":{"rendered":"\n<p><\/p>\n\n\n\n<figure class=\"wp-block-gallery has-nested-images columns-default is-cropped wp-block-gallery-1 is-layout-flex wp-block-gallery-is-layout-flex\">\n<figure class=\"wp-block-image size-large\"><img loading=\"lazy\" decoding=\"async\" width=\"1024\" height=\"512\" data-id=\"8798\" src=\"https:\/\/www.ufmg.br\/espacodoconhecimento\/wp-content\/uploads\/2026\/02\/capa-noticias-13-1024x512.png\" alt=\"\" class=\"wp-image-8798\" srcset=\"https:\/\/www.ufmg.br\/espacodoconhecimento\/wp-content\/uploads\/2026\/02\/capa-noticias-13-1024x512.png 1024w, https:\/\/www.ufmg.br\/espacodoconhecimento\/wp-content\/uploads\/2026\/02\/capa-noticias-13-300x150.png 300w, https:\/\/www.ufmg.br\/espacodoconhecimento\/wp-content\/uploads\/2026\/02\/capa-noticias-13-768x384.png 768w, https:\/\/www.ufmg.br\/espacodoconhecimento\/wp-content\/uploads\/2026\/02\/capa-noticias-13-1536x768.png 1536w, https:\/\/www.ufmg.br\/espacodoconhecimento\/wp-content\/uploads\/2026\/02\/capa-noticias-13.png 2048w\" sizes=\"(max-width: 1024px) 100vw, 1024px\" \/><\/figure>\n<\/figure>\n\n\n\n<div style=\"height:34px\" aria-hidden=\"true\" class=\"wp-block-spacer\"><\/div>\n\n\n\n<h3 class=\"wp-block-heading\"><mark style=\"background-color:rgba(0, 0, 0, 0);color:#0cc0df\" class=\"has-inline-color\">BOLSA DE EXTENS\u00c3O<\/mark><\/h3>\n\n\n\n<div style=\"height:34px\" aria-hidden=\"true\" class=\"wp-block-spacer\"><\/div>\n\n\n\n<h4 class=\"wp-block-heading\"><mark style=\"background-color:rgba(0, 0, 0, 0);color:#0cc0df\" class=\"has-inline-color\">N\u00facleo de Expografia do Espa\u00e7o do Conhecimento UFMG<\/mark><\/h4>\n\n\n\n<p><\/p>\n\n\n\n<p><em>01 de setembro de 2025<\/em><\/p>\n\n\n\n<div style=\"height:34px\" aria-hidden=\"true\" class=\"wp-block-spacer\"><\/div>\n\n\n\n<p>Est\u00e3o abertas as inscri\u00e7\u00f5es para a sele\u00e7\u00e3o de bolsista de extens\u00e3o&nbsp;no N\u00facleo de Expografia do Espa\u00e7o do Conhecimento UFMG.<\/p>\n\n\n\n<div style=\"height:34px\" aria-hidden=\"true\" class=\"wp-block-spacer\"><\/div>\n\n\n\n<p><strong>Vagas:&nbsp;<\/strong><\/p>\n\n\n\n<p><\/p>\n\n\n\n<p>\u2013&nbsp;<strong>01 (uma) vaga<\/strong> <strong>PBEXT<\/strong> para atuar no N\u00facleo de Expografia do museu. Haver\u00e1&nbsp;<strong>forma\u00e7\u00e3o de cadastro de reserva<\/strong>&nbsp;para suprir vagas que surjam posteriormente.<\/p>\n\n\n\n<p><strong>Inscri\u00e7\u00f5es<\/strong>:&nbsp;As inscri\u00e7\u00f5es dever\u00e3o ser realizadas de <strong>01 a 08 de setembro de 2025<\/strong>, por meio do seguinte formul\u00e1rio:&nbsp;<a href=\"https:\/\/forms.gle\/pWQiCVkARG25H22r9\" target=\"_blank\" rel=\"noreferrer noopener\"><mark style=\"background-color:rgba(0, 0, 0, 0);color:#0cc0df\" class=\"has-inline-color\">https:\/\/forms.gle\/pWQiCVkARG25H22r9<\/mark><\/a><\/p>\n\n\n\n<div style=\"height:34px\" aria-hidden=\"true\" class=\"wp-block-spacer\"><\/div>\n\n\n\n<p><strong>Per\u00edodo de vig\u00eancia da bolsa<\/strong>: at\u00e9 28\/02\/2026<\/p>\n\n\n\n<p><strong>Valor da bolsa<\/strong>: R$ 700,00<\/p>\n\n\n\n<p><strong>Carga-hor\u00e1ria<\/strong>: 20 horas semanais<\/p>\n\n\n\n<div style=\"height:34px\" aria-hidden=\"true\" class=\"wp-block-spacer\"><\/div>\n\n\n\n<p><strong>Pr\u00e9-requisitos:<\/strong><\/p>\n\n\n\n<p><\/p>\n\n\n\n<p>\u2013&nbsp;Estar matriculado <em>preferencialmente<\/em> nos cursos de gradua\u00e7\u00e3o em Arquitetura e Urbanismo, Design, Comunica\u00e7\u00e3o, Artes Visuais ou Museologia da UFMG;<\/p>\n\n\n\n<p>\u2013 Ter&nbsp;disponibilidade de 20 horas semanais&nbsp;para dedica\u00e7\u00e3o \u00e0s atividades de extens\u00e3o (pesquisas aplicadas \u00e0 concep\u00e7\u00e3o de exposi\u00e7\u00f5es, observando a dimens\u00e3o da acessibilidade de p\u00fablico com necessidades especiais; conceitua\u00e7\u00e3o e elabora\u00e7\u00e3o de projeto expogr\u00e1fico; detalhamento de projetos expogr\u00e1ficos; elabora\u00e7\u00e3o de pe\u00e7as gr\u00e1ficas para exposi\u00e7\u00f5es);<\/p>\n\n\n\n<p>\u2013 N\u00e3o ter v\u00ednculo empregat\u00edcio ou ac\u00famulo de bolsas no per\u00edodo de desenvolvimento do projeto;<\/p>\n\n\n\n<p>\u2013 Estar dispon\u00edvel para assumir a bolsa em&nbsp;<strong>setembro de 2025<\/strong>;<\/p>\n\n\n\n<p>\u2013 Caso seja selecionado para a bolsa, possuir conta banc\u00e1ria ativa, do tipo conta-corrente, da qual seja o \u00fanico titular.<\/p>\n\n\n\n<div style=\"height:34px\" aria-hidden=\"true\" class=\"wp-block-spacer\"><\/div>\n\n\n\n<p><strong>Documentos para inscri\u00e7\u00e3o:<\/strong><\/p>\n\n\n\n<p><\/p>\n\n\n\n<p>O(a) candidato(a) deve informar no formul\u00e1rio: nome, curso, per\u00edodo, n\u00famero de matr\u00edcula, telefone para contato, disponibilidade de turno para dedica\u00e7\u00e3o \u00e0s atividades presenciais (manh\u00e3, tarde, noite, fim de semana) e os seguintes anexos:<\/p>\n\n\n\n<ul class=\"wp-block-list\">\n<li>Link do Curr\u00edculo Lattes atualizado, necess\u00e1rio para a inscri\u00e7\u00e3o dos selecionados no sistema de fomento da UFMG;<\/li>\n\n\n\n<li>Link do Portf\u00f3lio;<\/li>\n\n\n\n<li>Plano de estudo SIGA (gerado em pdf pelo site<mark style=\"background-color:rgba(0, 0, 0, 0);color:#0cc0df\" class=\"has-inline-color\">&nbsp;<a href=\"https:\/\/sistemas.ufmg.br\/aluno-grad\/home.seam\" target=\"_blank\" rel=\"noreferrer noopener\">https:\/\/sistemas.ufmg.br\/aluno-grad\/home.seam<\/a><\/mark>&nbsp;&gt; Siga UFMG: Siga UFMG: acesso para alunos de gradua\u00e7\u00e3o &gt; Minhas matr\u00edculas &gt; Minhas atividades em curso e cursadas);<\/li>\n\n\n\n<li>Reda\u00e7\u00e3o de at\u00e9 1 lauda sobre o tema \u201cSua percep\u00e7\u00e3o sobre o Espa\u00e7o do Conhecimento UFMG e seu interesse em atuar como bolsista no N\u00facleo de Expografia do Museu\u201d (formato em pdf).<\/li>\n<\/ul>\n\n\n\n<div style=\"height:34px\" aria-hidden=\"true\" class=\"wp-block-spacer\"><\/div>\n\n\n\n<p><strong>Sele\u00e7\u00e3o:<\/strong><\/p>\n\n\n\n<p><\/p>\n\n\n\n<p>\u2013 1\u00aa etapa: Ser\u00e3o avaliados: o curr\u00edculo, o portf\u00f3lio, o plano de estudo e a reda\u00e7\u00e3o, enviados na inscri\u00e7\u00e3o;<\/p>\n\n\n\n<p>\u2013 2\u00aa etapa: Os candidatos aprovados na 1\u00aa etapa ser\u00e3o chamados para entrevista, que acontecer\u00e1 presencialmente no Espa\u00e7o do Conhecimento UFMG, cujo&nbsp;agendamento ser\u00e1 detalhado via e-mail.<\/p>\n\n\n\n<div style=\"height:34px\" aria-hidden=\"true\" class=\"wp-block-spacer\"><\/div>\n\n\n\n<p><strong>Resultados:<\/strong><\/p>\n\n\n\n<p><\/p>\n\n\n\n<p>O resultado ser\u00e1 divulgado at\u00e9 o dia 15 de setembro de 2025,&nbsp;<a href=\"https:\/\/www.ufmg.br\/espacodoconhecimento\/acontece\/vagas\/\" target=\"_blank\" rel=\"noreferrer noopener\"><mark style=\"background-color:rgba(0, 0, 0, 0);color:#0cc0df\" class=\"has-inline-color\">no site do museu<\/mark><\/a>.<\/p>\n\n\n\n<div style=\"height:34px\" aria-hidden=\"true\" class=\"wp-block-spacer\"><\/div>\n\n\n\n<p><strong>Acesse as informa\u00e7\u00f5es completas no Edital:&nbsp;<\/strong><\/p>\n\n\n\n<div style=\"height:34px\" aria-hidden=\"true\" class=\"wp-block-spacer\"><\/div>\n\n\n\n<div data-wp-interactive=\"core\/file\" class=\"wp-block-file\"><object data-wp-bind--hidden=\"!state.hasPdfPreview\"  class=\"wp-block-file__embed\" data=\"https:\/\/www.ufmg.br\/espacodoconhecimento\/wp-content\/uploads\/2025\/09\/Edital-010-2025-Expografia.pdf\" type=\"application\/pdf\" style=\"width:100%;height:600px\" aria-label=\"Incorporado de Edital-010-2025-Expografia.\"><\/object><a id=\"wp-block-file--media-829a68ec-62bb-497c-a375-a10591f2d5d7\" href=\"https:\/\/www.ufmg.br\/espacodoconhecimento\/wp-content\/uploads\/2025\/09\/Edital-010-2025-Expografia.pdf\">Edital-010-2025-Expografia<\/a><a href=\"https:\/\/www.ufmg.br\/espacodoconhecimento\/wp-content\/uploads\/2025\/09\/Edital-010-2025-Expografia.pdf\" class=\"wp-block-file__button wp-element-button\" download aria-describedby=\"wp-block-file--media-829a68ec-62bb-497c-a375-a10591f2d5d7\">Baixar<\/a><\/div>\n\n\n\n<div style=\"height:34px\" aria-hidden=\"true\" class=\"wp-block-spacer\"><\/div>\n\n\n\n<hr class=\"wp-block-separator has-alpha-channel-opacity\"\/>\n\n\n\n<p><\/p>\n","protected":false},"excerpt":{"rendered":"<p>BOLSA DE EXTENS\u00c3O N\u00facleo de Expografia do Espa\u00e7o do Conhecimento UFMG 01 de setembro de 2025 Est\u00e3o abertas as inscri\u00e7\u00f5es para a sele\u00e7\u00e3o de bolsista de extens\u00e3o&nbsp;no N\u00facleo de Expografia do Espa\u00e7o do Conhecimento UFMG. Vagas:&nbsp; \u2013&nbsp;01 (uma) vaga PBEXT para atuar no N\u00facleo de Expografia do museu. Haver\u00e1&nbsp;forma\u00e7\u00e3o de cadastro de reserva&nbsp;para suprir vagas [&hellip;]<\/p>\n","protected":false},"author":3,"featured_media":0,"parent":0,"menu_order":0,"comment_status":"closed","ping_status":"closed","template":"","meta":{"_acf_changed":false,"footnotes":""},"class_list":["post-9211","page","type-page","status-publish","hentry"],"acf":[],"_links":{"self":[{"href":"https:\/\/www.ufmg.br\/espacodoconhecimento\/wp-json\/wp\/v2\/pages\/9211"}],"collection":[{"href":"https:\/\/www.ufmg.br\/espacodoconhecimento\/wp-json\/wp\/v2\/pages"}],"about":[{"href":"https:\/\/www.ufmg.br\/espacodoconhecimento\/wp-json\/wp\/v2\/types\/page"}],"author":[{"embeddable":true,"href":"https:\/\/www.ufmg.br\/espacodoconhecimento\/wp-json\/wp\/v2\/users\/3"}],"replies":[{"embeddable":true,"href":"https:\/\/www.ufmg.br\/espacodoconhecimento\/wp-json\/wp\/v2\/comments?post=9211"}],"version-history":[{"count":1,"href":"https:\/\/www.ufmg.br\/espacodoconhecimento\/wp-json\/wp\/v2\/pages\/9211\/revisions"}],"predecessor-version":[{"id":9212,"href":"https:\/\/www.ufmg.br\/espacodoconhecimento\/wp-json\/wp\/v2\/pages\/9211\/revisions\/9212"}],"wp:attachment":[{"href":"https:\/\/www.ufmg.br\/espacodoconhecimento\/wp-json\/wp\/v2\/media?parent=9211"}],"curies":[{"name":"wp","href":"https:\/\/api.w.org\/{rel}","templated":true}]}}