{"id":9213,"date":"2026-03-11T15:25:03","date_gmt":"2026-03-11T18:25:03","guid":{"rendered":"https:\/\/www.ufmg.br\/espacodoconhecimento\/?page_id=9213"},"modified":"2026-03-11T15:25:03","modified_gmt":"2026-03-11T18:25:03","slug":"resultado-nucleo-de-expografia-bolsa-pbext-set-25","status":"publish","type":"page","link":"https:\/\/www.ufmg.br\/espacodoconhecimento\/resultado-nucleo-de-expografia-bolsa-pbext-set-25\/","title":{"rendered":"RESULTADO \u2013 N\u00facleo de Expografia | Bolsa PBEXT (set\/25)"},"content":{"rendered":"\n<p><\/p>\n\n\n\n<figure class=\"wp-block-gallery has-nested-images columns-default is-cropped wp-block-gallery-1 is-layout-flex wp-block-gallery-is-layout-flex\">\n<figure class=\"wp-block-image size-large\"><img loading=\"lazy\" decoding=\"async\" width=\"1024\" height=\"512\" data-id=\"8798\" src=\"https:\/\/www.ufmg.br\/espacodoconhecimento\/wp-content\/uploads\/2026\/02\/capa-noticias-13-1024x512.png\" alt=\"\" class=\"wp-image-8798\" srcset=\"https:\/\/www.ufmg.br\/espacodoconhecimento\/wp-content\/uploads\/2026\/02\/capa-noticias-13-1024x512.png 1024w, https:\/\/www.ufmg.br\/espacodoconhecimento\/wp-content\/uploads\/2026\/02\/capa-noticias-13-300x150.png 300w, https:\/\/www.ufmg.br\/espacodoconhecimento\/wp-content\/uploads\/2026\/02\/capa-noticias-13-768x384.png 768w, https:\/\/www.ufmg.br\/espacodoconhecimento\/wp-content\/uploads\/2026\/02\/capa-noticias-13-1536x768.png 1536w, https:\/\/www.ufmg.br\/espacodoconhecimento\/wp-content\/uploads\/2026\/02\/capa-noticias-13.png 2048w\" sizes=\"(max-width: 1024px) 100vw, 1024px\" \/><\/figure>\n<\/figure>\n\n\n\n<div style=\"height:34px\" aria-hidden=\"true\" class=\"wp-block-spacer\"><\/div>\n\n\n\n<p><\/p>\n\n\n\n<h4 class=\"wp-block-heading\"><mark style=\"background-color:rgba(0, 0, 0, 0);color:#0cc0df\" class=\"has-inline-color\">Sele\u00e7\u00e3o de bolsista de extens\u00e3o<\/mark><\/h4>\n\n\n\n<div style=\"height:34px\" aria-hidden=\"true\" class=\"wp-block-spacer\"><\/div>\n\n\n\n<h4 class=\"wp-block-heading\"><mark style=\"background-color:rgba(0, 0, 0, 0);color:#0cc0df\" class=\"has-inline-color\">N\u00facleo de Expografia (2025)<\/mark><\/h4>\n\n\n\n<div style=\"height:34px\" aria-hidden=\"true\" class=\"wp-block-spacer\"><\/div>\n\n\n\n<p><em>12 de setembro de 2025<\/em><\/p>\n\n\n\n<div style=\"height:34px\" aria-hidden=\"true\" class=\"wp-block-spacer\"><\/div>\n\n\n\n<h4 class=\"wp-block-heading\"><em><mark style=\"background-color:rgba(0, 0, 0, 0)\" class=\"has-inline-color has-black-color\">Bolsa Pbext<\/mark><\/em><\/h4>\n\n\n\n<div style=\"height:34px\" aria-hidden=\"true\" class=\"wp-block-spacer\"><\/div>\n\n\n\n<p><strong>Selecionada<\/strong><\/p>\n\n\n\n<p>Rachel Borges Silva<\/p>\n\n\n\n<div style=\"height:34px\" aria-hidden=\"true\" class=\"wp-block-spacer\"><\/div>\n\n\n\n<p><strong>Cadastro de reserva<\/strong><\/p>\n\n\n\n<p>Vitt\u00f3rio Pujatti de Mattos<\/p>\n","protected":false},"excerpt":{"rendered":"<p>Sele\u00e7\u00e3o de bolsista de extens\u00e3o N\u00facleo de Expografia (2025) 12 de setembro de 2025 Bolsa Pbext Selecionada Rachel Borges Silva Cadastro de reserva Vitt\u00f3rio Pujatti de Mattos<\/p>\n","protected":false},"author":3,"featured_media":0,"parent":0,"menu_order":0,"comment_status":"closed","ping_status":"closed","template":"","meta":{"_acf_changed":false,"footnotes":""},"class_list":["post-9213","page","type-page","status-publish","hentry"],"acf":[],"_links":{"self":[{"href":"https:\/\/www.ufmg.br\/espacodoconhecimento\/wp-json\/wp\/v2\/pages\/9213"}],"collection":[{"href":"https:\/\/www.ufmg.br\/espacodoconhecimento\/wp-json\/wp\/v2\/pages"}],"about":[{"href":"https:\/\/www.ufmg.br\/espacodoconhecimento\/wp-json\/wp\/v2\/types\/page"}],"author":[{"embeddable":true,"href":"https:\/\/www.ufmg.br\/espacodoconhecimento\/wp-json\/wp\/v2\/users\/3"}],"replies":[{"embeddable":true,"href":"https:\/\/www.ufmg.br\/espacodoconhecimento\/wp-json\/wp\/v2\/comments?post=9213"}],"version-history":[{"count":1,"href":"https:\/\/www.ufmg.br\/espacodoconhecimento\/wp-json\/wp\/v2\/pages\/9213\/revisions"}],"predecessor-version":[{"id":9214,"href":"https:\/\/www.ufmg.br\/espacodoconhecimento\/wp-json\/wp\/v2\/pages\/9213\/revisions\/9214"}],"wp:attachment":[{"href":"https:\/\/www.ufmg.br\/espacodoconhecimento\/wp-json\/wp\/v2\/media?parent=9213"}],"curies":[{"name":"wp","href":"https:\/\/api.w.org\/{rel}","templated":true}]}}