{"id":9215,"date":"2026-03-11T15:25:47","date_gmt":"2026-03-11T18:25:47","guid":{"rendered":"https:\/\/www.ufmg.br\/espacodoconhecimento\/?page_id=9215"},"modified":"2026-03-11T15:25:47","modified_gmt":"2026-03-11T18:25:47","slug":"vaga-de-estagio-nucleo-de-comunicacao-e-design-do-espaco-do-conhecimento-ufmg","status":"publish","type":"page","link":"https:\/\/www.ufmg.br\/espacodoconhecimento\/vaga-de-estagio-nucleo-de-comunicacao-e-design-do-espaco-do-conhecimento-ufmg\/","title":{"rendered":"Vaga de Est\u00e1gio &#8211; N\u00facleo de Comunica\u00e7\u00e3o e Design do Espa\u00e7o do Conhecimento UFMG"},"content":{"rendered":"\n<div style=\"height:20px\" aria-hidden=\"true\" class=\"wp-block-spacer\"><\/div>\n\n\n\n<h4 class=\"wp-block-heading\"><mark style=\"background-color:rgba(0, 0, 0, 0);color:#c44a95\" class=\"has-inline-color\">Vaga de Est\u00e1gio &#8211; N\u00facleo de Comunica\u00e7\u00e3o e Design do Espa\u00e7o do Conhecimento UFMG<\/mark> <\/h4>\n\n\n\n<figure class=\"wp-block-gallery has-nested-images columns-default is-cropped wp-block-gallery-1 is-layout-flex wp-block-gallery-is-layout-flex\">\n<figure class=\"wp-block-image size-large\"><img loading=\"lazy\" decoding=\"async\" width=\"768\" height=\"309\" data-id=\"8663\" src=\"https:\/\/www.ufmg.br\/espacodoconhecimento\/wp-content\/uploads\/2026\/02\/comunicacao-noticia-768x309-1.png\" alt=\"\" class=\"wp-image-8663\" srcset=\"https:\/\/www.ufmg.br\/espacodoconhecimento\/wp-content\/uploads\/2026\/02\/comunicacao-noticia-768x309-1.png 768w, https:\/\/www.ufmg.br\/espacodoconhecimento\/wp-content\/uploads\/2026\/02\/comunicacao-noticia-768x309-1-300x121.png 300w\" sizes=\"(max-width: 768px) 100vw, 768px\" \/><\/figure>\n<\/figure>\n\n\n\n<div style=\"height:20px\" aria-hidden=\"true\" class=\"wp-block-spacer\"><\/div>\n\n\n\n<p><em>22 de outubro de 2025<\/em><\/p>\n\n\n\n<p>Est\u00e1 aberto o processo seletivo para preenchimento de <strong>01 (uma) vaga de est\u00e1gio<\/strong> no&nbsp;N\u00facleo de Comunica\u00e7\u00e3o e Design do Espa\u00e7o do Conhecimento UFMG, relativa aos processos da Assessoria de Comunica\u00e7\u00e3o, incluindo a produ\u00e7\u00e3o de conte\u00fado para m\u00eddias sociais.<\/p>\n\n\n\n<p><strong>Inscri\u00e7\u00f5es:&nbsp;<\/strong><\/p>\n\n\n\n<p>\u2013&nbsp;As inscri\u00e7\u00f5es est\u00e3o abertas de <strong>22 de outubro a 02 de novembro de 2025<\/strong>.<\/p>\n\n\n\n<p><strong>Os interessados devem se inscrever pelo formul\u00e1rio online: <\/strong><a href=\"https:\/\/forms.gle\/ZWcoMosybNVXKGsUA\" target=\"_blank\" rel=\"noreferrer noopener\"><strong>https:\/\/forms.gle\/ZWcoMosybNVXKGsUA<\/strong><\/a><\/p>\n\n\n\n<p><strong>Descri\u00e7\u00e3o das atividades<\/strong><\/p>\n\n\n\n<p>O(a) selecionado(a) atuar\u00e1 na Assessoria de Comunica\u00e7\u00e3o e na produ\u00e7\u00e3o de conte\u00fado para m\u00eddias sociais. Suas responsabilidades incluir\u00e3o:<\/p>\n\n\n\n<ul class=\"wp-block-list\">\n<li>Reda\u00e7\u00e3o e publica\u00e7\u00e3o de posts em diferentes formatos;<\/li>\n\n\n\n<li>Apoio na cria\u00e7\u00e3o de Reels, TikTok e Shorts;<\/li>\n\n\n\n<li>Intera\u00e7\u00e3o com o p\u00fablico virtual, respondendo a coment\u00e1rios e mensagens;<\/li>\n\n\n\n<li>Pesquisa de tend\u00eancias e boas pr\u00e1ticas em m\u00eddias sociais;<\/li>\n\n\n\n<li>Produ\u00e7\u00e3o de textos para o Blog do Espa\u00e7o;<\/li>\n\n\n\n<li>Apoio na reda\u00e7\u00e3o de releases para a imprensa e Jornal Interno;<\/li>\n\n\n\n<li>Apoio em eventos do museu.<\/li>\n<\/ul>\n\n\n\n<div style=\"height:20px\" aria-hidden=\"true\" class=\"wp-block-spacer\"><\/div>\n\n\n\n<p><strong>Requisitos:<\/strong><\/p>\n\n\n\n<ul class=\"wp-block-list\">\n<li>Estar matriculado(a) em qualquer curso da \u00e1rea da Comunica\u00e7\u00e3o (Rela\u00e7\u00f5es P\u00fablicas, Jornalismo, Publicidade e Propaganda, Comunica\u00e7\u00e3o Integrada e afins) de qualquer institui\u00e7\u00e3o superior de ensino reconhecida pelo MEC;<\/li>\n\n\n\n<li>Ter disponibilidade de 6h di\u00e1rias (presencial), totalizando carga hor\u00e1ria de 30 horas semanais;<\/li>\n\n\n\n<li>\u00c9 necess\u00e1rio estar dispon\u00edvel para assumir a vaga em <strong>01 de dezembro de 2025<\/strong>.<\/li>\n<\/ul>\n\n\n\n<div style=\"height:20px\" aria-hidden=\"true\" class=\"wp-block-spacer\"><\/div>\n\n\n\n<p><strong>Documentos necess\u00e1rios para inscri\u00e7\u00e3o:<\/strong><\/p>\n\n\n\n<ul class=\"wp-block-list\">\n<li>Curriculum Vitae;<\/li>\n\n\n\n<li>Portf\u00f3lio;<\/li>\n\n\n\n<li>Hist\u00f3rico escolar da gradua\u00e7\u00e3o;<\/li>\n\n\n\n<li>Reda\u00e7\u00e3o de at\u00e9 2 laudas sobre o tema \u201cSua percep\u00e7\u00e3o sobre o Espa\u00e7o do Conhecimento UFMG e seu interesse em atuar como pessoa estagi\u00e1ria do N\u00facleo de Comunica\u00e7\u00e3o e Design\u201d&nbsp;&nbsp;<\/li>\n<\/ul>\n\n\n\n<p><em>(Fonte: Times New Roman; Tamanho 12; Texto com espa\u00e7o 1,5 entre linhas; Par\u00e1grafo \u00e0 esquerda com recuo de 2 cm; Envio no formato PDF).&nbsp;<\/em><\/p>\n\n\n\n<p>A equipe de Comunica\u00e7\u00e3o e Design do museu incentiva a <strong>submiss\u00e3o de reda\u00e7\u00f5es originais<\/strong>, sendo de responsabilidade dos autores e autoras o texto redigido, com base nas boas pr\u00e1ticas comunicacionais.<\/p>\n\n\n\n<p><strong>Sele\u00e7\u00e3o:<\/strong><\/p>\n\n\n\n<p>\u2013 1\u00aa etapa: Ser\u00e3o avaliados os documentos enviados na inscri\u00e7\u00e3o;<\/p>\n\n\n\n<p>\u2013 2\u00aa etapa:&nbsp;A segunda parte do processo de sele\u00e7\u00e3o ser\u00e1 realizada de maneira presencial e consistir\u00e1 em um bate-papo com os candidatos cujo curr\u00edculo e reda\u00e7\u00e3o foram previamente selecionados.<\/p>\n\n\n\n<p>Os candidatos selecionados ser\u00e3o informados sobre o hor\u00e1rio da entrevista presencial que acontecer\u00e1 entre os dias<strong> 04 e 05 de novembro<\/strong>, a ser agendada por e-mail.<\/p>\n\n\n\n<p><strong>Resultados:<\/strong><\/p>\n\n\n\n<p>O resultado final ser\u00e1 divulgado <strong>at\u00e9 o dia 12 de novembro de 2025<\/strong>, no <a href=\"https:\/\/www.ufmg.br\/espacodoconhecimento\/acontece\/vagas\/\" target=\"_blank\" rel=\"noreferrer noopener\">site do museu<\/a>&nbsp;e por e-mail. Para mais informa\u00e7\u00f5es, envie um e-mail para espacoufmg.comunicacao@gmail.com<\/p>\n","protected":false},"excerpt":{"rendered":"<p>Vaga de Est\u00e1gio &#8211; N\u00facleo de Comunica\u00e7\u00e3o e Design do Espa\u00e7o do Conhecimento UFMG 22 de outubro de 2025 Est\u00e1 aberto o processo seletivo para preenchimento de 01 (uma) vaga de est\u00e1gio no&nbsp;N\u00facleo de Comunica\u00e7\u00e3o e Design do Espa\u00e7o do Conhecimento UFMG, relativa aos processos da Assessoria de Comunica\u00e7\u00e3o, incluindo a produ\u00e7\u00e3o de conte\u00fado para [&hellip;]<\/p>\n","protected":false},"author":3,"featured_media":0,"parent":0,"menu_order":0,"comment_status":"closed","ping_status":"closed","template":"","meta":{"_acf_changed":false,"footnotes":""},"class_list":["post-9215","page","type-page","status-publish","hentry"],"acf":[],"_links":{"self":[{"href":"https:\/\/www.ufmg.br\/espacodoconhecimento\/wp-json\/wp\/v2\/pages\/9215"}],"collection":[{"href":"https:\/\/www.ufmg.br\/espacodoconhecimento\/wp-json\/wp\/v2\/pages"}],"about":[{"href":"https:\/\/www.ufmg.br\/espacodoconhecimento\/wp-json\/wp\/v2\/types\/page"}],"author":[{"embeddable":true,"href":"https:\/\/www.ufmg.br\/espacodoconhecimento\/wp-json\/wp\/v2\/users\/3"}],"replies":[{"embeddable":true,"href":"https:\/\/www.ufmg.br\/espacodoconhecimento\/wp-json\/wp\/v2\/comments?post=9215"}],"version-history":[{"count":1,"href":"https:\/\/www.ufmg.br\/espacodoconhecimento\/wp-json\/wp\/v2\/pages\/9215\/revisions"}],"predecessor-version":[{"id":9216,"href":"https:\/\/www.ufmg.br\/espacodoconhecimento\/wp-json\/wp\/v2\/pages\/9215\/revisions\/9216"}],"wp:attachment":[{"href":"https:\/\/www.ufmg.br\/espacodoconhecimento\/wp-json\/wp\/v2\/media?parent=9215"}],"curies":[{"name":"wp","href":"https:\/\/api.w.org\/{rel}","templated":true}]}}