{"id":9267,"date":"2026-03-18T14:08:04","date_gmt":"2026-03-18T17:08:04","guid":{"rendered":"https:\/\/www.ufmg.br\/espacodoconhecimento\/?page_id=9267"},"modified":"2026-03-20T08:15:04","modified_gmt":"2026-03-20T11:15:04","slug":"%e6%98%9f%e5%ae%98-a-lua-e-o-reino-celeste-chines","status":"publish","type":"page","link":"https:\/\/www.ufmg.br\/espacodoconhecimento\/planetario\/sinopses-planetario\/%e6%98%9f%e5%ae%98-a-lua-e-o-reino-celeste-chines\/","title":{"rendered":"\u661f\u5b98: A Lua e o Reino Celeste Chin\u00eas"},"content":{"rendered":"\n<figure class=\"wp-block-gallery has-nested-images columns-default is-cropped wp-block-gallery-1 is-layout-flex wp-block-gallery-is-layout-flex\">\n<figure class=\"wp-block-image size-large\"><img loading=\"lazy\" decoding=\"async\" width=\"1024\" height=\"398\" data-id=\"9269\" src=\"https:\/\/www.ufmg.br\/espacodoconhecimento\/wp-content\/uploads\/2026\/03\/Sinopses-1-1024x398.png\" alt=\"\" class=\"wp-image-9269\" srcset=\"https:\/\/www.ufmg.br\/espacodoconhecimento\/wp-content\/uploads\/2026\/03\/Sinopses-1-1024x398.png 1024w, https:\/\/www.ufmg.br\/espacodoconhecimento\/wp-content\/uploads\/2026\/03\/Sinopses-1-300x117.png 300w, https:\/\/www.ufmg.br\/espacodoconhecimento\/wp-content\/uploads\/2026\/03\/Sinopses-1-768x299.png 768w, https:\/\/www.ufmg.br\/espacodoconhecimento\/wp-content\/uploads\/2026\/03\/Sinopses-1.png 1409w\" sizes=\"(max-width: 1024px) 100vw, 1024px\" \/><\/figure>\n<\/figure>\n\n\n\n<div style=\"height:46px\" aria-hidden=\"true\" class=\"wp-block-spacer\"><\/div>\n\n\n\n<p>A sess\u00e3o aborda a interpreta\u00e7\u00e3o do c\u00e9u pela China Antiga, criada por volta de 400 a.C. e sistematizada na Dinastia Tang, entre os s\u00e9c. 7 e 10 D.C. Seguindo o movimento da Lua ao longo dos dias, s\u00e3o identificadas algumas das constela\u00e7\u00f5es e s\u00edmbolos celestes mais importantes para a astronomia chinesa antiga, trazendo uma nova perspectiva do c\u00e9u noturno.\u00a0<\/p>\n\n\n\n<p><strong>Dura\u00e7\u00e3o<\/strong>: 30 min.<br><strong>Classifica\u00e7\u00e3o<\/strong>: Livre.<br><strong>Recomenda\u00e7\u00e3o<\/strong>: A partir de 12 anos de idade. S\u00e3o abordados conceitos que exigem abstra\u00e7\u00e3o.<\/p>\n","protected":false},"excerpt":{"rendered":"<p>A sess\u00e3o aborda a interpreta\u00e7\u00e3o do c\u00e9u pela China Antiga, criada por volta de 400 a.C. e sistematizada na Dinastia Tang, entre os s\u00e9c. 7 e 10 D.C. Seguindo o movimento da Lua ao longo dos dias, s\u00e3o identificadas algumas das constela\u00e7\u00f5es e s\u00edmbolos celestes mais importantes para a astronomia chinesa antiga, trazendo uma nova [&hellip;]<\/p>\n","protected":false},"author":3,"featured_media":0,"parent":265,"menu_order":0,"comment_status":"closed","ping_status":"closed","template":"","meta":{"_acf_changed":false,"footnotes":""},"class_list":["post-9267","page","type-page","status-publish","hentry"],"acf":[],"_links":{"self":[{"href":"https:\/\/www.ufmg.br\/espacodoconhecimento\/wp-json\/wp\/v2\/pages\/9267"}],"collection":[{"href":"https:\/\/www.ufmg.br\/espacodoconhecimento\/wp-json\/wp\/v2\/pages"}],"about":[{"href":"https:\/\/www.ufmg.br\/espacodoconhecimento\/wp-json\/wp\/v2\/types\/page"}],"author":[{"embeddable":true,"href":"https:\/\/www.ufmg.br\/espacodoconhecimento\/wp-json\/wp\/v2\/users\/3"}],"replies":[{"embeddable":true,"href":"https:\/\/www.ufmg.br\/espacodoconhecimento\/wp-json\/wp\/v2\/comments?post=9267"}],"version-history":[{"count":5,"href":"https:\/\/www.ufmg.br\/espacodoconhecimento\/wp-json\/wp\/v2\/pages\/9267\/revisions"}],"predecessor-version":[{"id":9361,"href":"https:\/\/www.ufmg.br\/espacodoconhecimento\/wp-json\/wp\/v2\/pages\/9267\/revisions\/9361"}],"up":[{"embeddable":true,"href":"https:\/\/www.ufmg.br\/espacodoconhecimento\/wp-json\/wp\/v2\/pages\/265"}],"wp:attachment":[{"href":"https:\/\/www.ufmg.br\/espacodoconhecimento\/wp-json\/wp\/v2\/media?parent=9267"}],"curies":[{"name":"wp","href":"https:\/\/api.w.org\/{rel}","templated":true}]}}