{"id":9348,"date":"2026-03-19T17:13:36","date_gmt":"2026-03-19T20:13:36","guid":{"rendered":"https:\/\/www.ufmg.br\/espacodoconhecimento\/?page_id=9348"},"modified":"2026-03-19T17:16:26","modified_gmt":"2026-03-19T20:16:26","slug":"edital-nucleo-de-acoes-educativas-e-acessibilidade-bolsa-pipa-mar-2026","status":"publish","type":"page","link":"https:\/\/www.ufmg.br\/espacodoconhecimento\/edital-nucleo-de-acoes-educativas-e-acessibilidade-bolsa-pipa-mar-2026\/","title":{"rendered":"O Espa\u00e7o do Conhecimento UFMG torna p\u00fablico edital\u00a0para a sele\u00e7\u00e3o de 2 (dois) bolsistas de gradua\u00e7\u00e3o do Programa de Apoio a Inclus\u00e3o e Promo\u00e7\u00e3o \u00e0 Acessibilidade da UFMG \u2013 PIPA"},"content":{"rendered":"\n<figure class=\"wp-block-image size-full\"><img loading=\"lazy\" decoding=\"async\" width=\"1024\" height=\"412\" src=\"https:\/\/www.ufmg.br\/espacodoconhecimento\/wp-content\/uploads\/2026\/02\/educativo-noticia-1024x412-2.png\" alt=\"\" class=\"wp-image-8655\" srcset=\"https:\/\/www.ufmg.br\/espacodoconhecimento\/wp-content\/uploads\/2026\/02\/educativo-noticia-1024x412-2.png 1024w, https:\/\/www.ufmg.br\/espacodoconhecimento\/wp-content\/uploads\/2026\/02\/educativo-noticia-1024x412-2-300x121.png 300w, https:\/\/www.ufmg.br\/espacodoconhecimento\/wp-content\/uploads\/2026\/02\/educativo-noticia-1024x412-2-768x309.png 768w\" sizes=\"(max-width: 1024px) 100vw, 1024px\" \/><\/figure>\n\n\n\n<div style=\"height:61px\" aria-hidden=\"true\" class=\"wp-block-spacer\"><\/div>\n\n\n\n<p><em>19 de mar\u00e7o de 2026<\/em><\/p>\n\n\n\n<div style=\"height:38px\" aria-hidden=\"true\" class=\"wp-block-spacer\"><\/div>\n\n\n\n<p><strong>VAGAS<\/strong><\/p>\n\n\n\n<div style=\"height:0px\" aria-hidden=\"true\" class=\"wp-block-spacer\"><\/div>\n\n\n\n<ul class=\"wp-block-list\">\n<li><strong>01 vaga Bolsa PIPA<\/strong>: destinada a discentes de gradua\u00e7\u00e3o \u2013 ampla concorr\u00eancia.<\/li>\n<\/ul>\n\n\n\n<div style=\"height:9px\" aria-hidden=\"true\" class=\"wp-block-spacer\"><\/div>\n\n\n\n<ul class=\"wp-block-list\">\n<li><strong>01 vaga Bolsa PIPA A\u00c7\u00c3O AFIRMATIVA<\/strong>&nbsp;\u2013 destinada exclusivamente a discentes de gradua\u00e7\u00e3o classificados socioeconomicamente no n\u00edvel I, II ou III pela Funda\u00e7\u00e3o Universit\u00e1ria Mendes Pimentel (FUMP); e\/ou discentes que ingressaram na UFMG pelo sistema de cotas \u2013 pessoa com defici\u00eancia e \u00e9tnico-racial.<\/li>\n<\/ul>\n\n\n\n<div style=\"height:13px\" aria-hidden=\"true\" class=\"wp-block-spacer\"><\/div>\n\n\n\n<p><strong>INSCRI\u00c7\u00d5ES<\/strong><\/p>\n\n\n\n<p>As inscri\u00e7\u00f5es ser\u00e3o realizadas no per\u00edodo de&nbsp;<strong>19 a 26 de mar\u00e7o de 2026<\/strong>, por meio do formul\u00e1rio dispon\u00edvel em&nbsp;<a href=\"https:\/\/forms.gle\/fy6pv9fk3YgjY87r6 \"><mark style=\"background-color:rgba(0, 0, 0, 0)\" class=\"has-inline-color has-luminous-vivid-orange-color\">https:\/\/forms.gle\/fy6pv9fk3YgjY87r6<\/mark><\/a> (clique no link para abrir o<br>formul\u00e1rio ou copie e cole o endere\u00e7o eletr\u00f4nico no seu navegador).<\/p>\n\n\n\n<p>No ato da inscri\u00e7\u00e3o, os(as) candidatos(as) dever\u00e3o encaminhar \u2013 como anexo \u2013 c\u00f3pia dos seguintes documentos:<\/p>\n\n\n\n<div style=\"height:10px\" aria-hidden=\"true\" class=\"wp-block-spacer\"><\/div>\n\n\n\n<p><strong>Para Ampla Concorr\u00eancia<br><\/strong>a. Carteira de identidade, CPF e Certid\u00e3o Social (se houver);<br>b. Comprovante de matr\u00edcula, telefone e e-mail,<br>c. Hist\u00f3rico Escolar;<br>d. Curriculum Vitae.<\/p>\n\n\n\n<div style=\"height:6px\" aria-hidden=\"true\" class=\"wp-block-spacer\"><\/div>\n\n\n\n<p><strong>Para A\u00e7\u00f5es Afirmativas<\/strong><br>a. Carteira de identidade, CPF e Certid\u00e3o Social (se houver);<br>b. Comprovante de matr\u00edcula, telefone e e-mail,<br>c. Hist\u00f3rico Escolar;<br>d. Curriculum Vitae;<br>e. Declara\u00e7\u00e3o de Assist\u00eancia socioecon\u00f4mica pela FUMP.<br>f. Comprovante de Registro Acad\u00eamico ou outra documenta\u00e7\u00e3o que comprove<br>ingresso na universidade por meio de Sistema de Cotas.<\/p>\n\n\n\n<div style=\"height:10px\" aria-hidden=\"true\" class=\"wp-block-spacer\"><\/div>\n\n\n\n<p><strong>SELE\u00c7\u00c3O<\/strong><\/p>\n\n\n\n<p>O exame de sele\u00e7\u00e3o ser\u00e1 no dia 31 de mar\u00e7o de 2026. Os hor\u00e1rios para as entrevistas ser\u00e3o informados por e-mail. A sele\u00e7\u00e3o compreender\u00e1:<\/p>\n\n\n\n<div style=\"height:2px\" aria-hidden=\"true\" class=\"wp-block-spacer\"><\/div>\n\n\n\n<p>a. An\u00e1lise de Hist\u00f3rico Escolar;<br>b. An\u00e1lise de Curriculum Vitae;<br>c. An\u00e1lise de RSG ou NSG;<br>d. Entrevista.<\/p>\n\n\n\n<div style=\"height:11px\" aria-hidden=\"true\" class=\"wp-block-spacer\"><\/div>\n\n\n\n<p><strong>RESULTADO E EDITAL<\/strong><\/p>\n\n\n\n<p>Data da divulga\u00e7\u00e3o do Resultado da Sele\u00e7\u00e3o: 02\/04\/2026<\/p>\n\n\n\n<div style=\"height:6px\" aria-hidden=\"true\" class=\"wp-block-spacer\"><\/div>\n\n\n\n<p>Verifique no Edital as informa\u00e7\u00f5es completas sobre o processo seletivo antes de realizar a sua inscri\u00e7\u00e3o. <strong>Acesse:&nbsp;<\/strong><\/p>\n\n\n\n<div data-wp-interactive=\"core\/file\" class=\"wp-block-file\"><object data-wp-bind--hidden=\"!state.hasPdfPreview\"  class=\"wp-block-file__embed\" data=\"https:\/\/www.ufmg.br\/espacodoconhecimento\/wp-content\/uploads\/2026\/03\/Edital_selecao_bolsistas_PIPA_2026.docx_assinado.pdf\" type=\"application\/pdf\" style=\"width:100%;height:600px\" aria-label=\"Incorporado de Edital_selecao_bolsistas_PIPA_2026.\"><\/object><a id=\"wp-block-file--media-cbb6f4e1-8f87-43c5-8905-2f2d14c1af9a\" href=\"https:\/\/www.ufmg.br\/espacodoconhecimento\/wp-content\/uploads\/2026\/03\/Edital_selecao_bolsistas_PIPA_2026.docx_assinado.pdf\">Edital_selecao_bolsistas_PIPA_2026<\/a><a href=\"https:\/\/www.ufmg.br\/espacodoconhecimento\/wp-content\/uploads\/2026\/03\/Edital_selecao_bolsistas_PIPA_2026.docx_assinado.pdf\" class=\"wp-block-file__button wp-element-button\" download aria-describedby=\"wp-block-file--media-cbb6f4e1-8f87-43c5-8905-2f2d14c1af9a\">Baixar<\/a><\/div>\n","protected":false},"excerpt":{"rendered":"<p>19 de mar\u00e7o de 2026 VAGAS INSCRI\u00c7\u00d5ES As inscri\u00e7\u00f5es ser\u00e3o realizadas no per\u00edodo de&nbsp;19 a 26 de mar\u00e7o de 2026, por meio do formul\u00e1rio dispon\u00edvel em&nbsp;https:\/\/forms.gle\/fy6pv9fk3YgjY87r6 (clique no link para abrir oformul\u00e1rio ou copie e cole o endere\u00e7o eletr\u00f4nico no seu navegador). No ato da inscri\u00e7\u00e3o, os(as) candidatos(as) dever\u00e3o encaminhar \u2013 como anexo \u2013 c\u00f3pia [&hellip;]<\/p>\n","protected":false},"author":3,"featured_media":1274,"parent":0,"menu_order":0,"comment_status":"closed","ping_status":"closed","template":"","meta":{"_acf_changed":false,"footnotes":""},"class_list":["post-9348","page","type-page","status-publish","has-post-thumbnail","hentry"],"acf":[],"_links":{"self":[{"href":"https:\/\/www.ufmg.br\/espacodoconhecimento\/wp-json\/wp\/v2\/pages\/9348"}],"collection":[{"href":"https:\/\/www.ufmg.br\/espacodoconhecimento\/wp-json\/wp\/v2\/pages"}],"about":[{"href":"https:\/\/www.ufmg.br\/espacodoconhecimento\/wp-json\/wp\/v2\/types\/page"}],"author":[{"embeddable":true,"href":"https:\/\/www.ufmg.br\/espacodoconhecimento\/wp-json\/wp\/v2\/users\/3"}],"replies":[{"embeddable":true,"href":"https:\/\/www.ufmg.br\/espacodoconhecimento\/wp-json\/wp\/v2\/comments?post=9348"}],"version-history":[{"count":7,"href":"https:\/\/www.ufmg.br\/espacodoconhecimento\/wp-json\/wp\/v2\/pages\/9348\/revisions"}],"predecessor-version":[{"id":9357,"href":"https:\/\/www.ufmg.br\/espacodoconhecimento\/wp-json\/wp\/v2\/pages\/9348\/revisions\/9357"}],"wp:featuredmedia":[{"embeddable":true,"href":"https:\/\/www.ufmg.br\/espacodoconhecimento\/wp-json\/wp\/v2\/media\/1274"}],"wp:attachment":[{"href":"https:\/\/www.ufmg.br\/espacodoconhecimento\/wp-json\/wp\/v2\/media?parent=9348"}],"curies":[{"name":"wp","href":"https:\/\/api.w.org\/{rel}","templated":true}]}}