{"id":9643,"date":"2026-04-02T09:09:43","date_gmt":"2026-04-02T12:09:43","guid":{"rendered":"https:\/\/www.ufmg.br\/espacodoconhecimento\/?page_id=9643"},"modified":"2026-04-02T09:18:34","modified_gmt":"2026-04-02T12:18:34","slug":"resultado-nucleo-de-acoes-educativas-e-acessibilidade-bolsa-pipa-abr-2026","status":"publish","type":"page","link":"https:\/\/www.ufmg.br\/espacodoconhecimento\/trabalhe-conosco\/resultado-nucleo-de-acoes-educativas-e-acessibilidade-bolsa-pipa-abr-2026\/","title":{"rendered":"Resultado \u2013 N\u00facleo de A\u00e7\u00f5es Educativas e Acessibilidade | Bolsa PIPA (abr\/2026)"},"content":{"rendered":"\n<figure class=\"wp-block-image size-large\"><img loading=\"lazy\" decoding=\"async\" width=\"1024\" height=\"512\" src=\"https:\/\/www.ufmg.br\/espacodoconhecimento\/wp-content\/uploads\/2026\/02\/capa-noticias-1-1024x512.png\" alt=\"\" class=\"wp-image-8739\" srcset=\"https:\/\/www.ufmg.br\/espacodoconhecimento\/wp-content\/uploads\/2026\/02\/capa-noticias-1-1024x512.png 1024w, https:\/\/www.ufmg.br\/espacodoconhecimento\/wp-content\/uploads\/2026\/02\/capa-noticias-1-300x150.png 300w, https:\/\/www.ufmg.br\/espacodoconhecimento\/wp-content\/uploads\/2026\/02\/capa-noticias-1-768x384.png 768w, https:\/\/www.ufmg.br\/espacodoconhecimento\/wp-content\/uploads\/2026\/02\/capa-noticias-1-1536x768.png 1536w, https:\/\/www.ufmg.br\/espacodoconhecimento\/wp-content\/uploads\/2026\/02\/capa-noticias-1.png 2048w\" sizes=\"(max-width: 1024px) 100vw, 1024px\" \/><\/figure>\n\n\n\n<div style=\"height:50px\" aria-hidden=\"true\" class=\"wp-block-spacer\"><\/div>\n\n\n\n<p><strong><mark style=\"background-color:rgba(0, 0, 0, 0)\" class=\"has-inline-color has-luminous-vivid-orange-color\">RESULTADO<\/mark><\/strong><\/p>\n\n\n\n<p><strong><mark style=\"background-color:rgba(0, 0, 0, 0)\" class=\"has-inline-color has-luminous-vivid-orange-color\">BOLSA PIPA<\/mark><\/strong><\/p>\n\n\n\n<p><strong><mark style=\"background-color:rgba(0, 0, 0, 0)\" class=\"has-inline-color has-luminous-vivid-orange-color\">N\u00facleo de A\u00e7\u00f5es Educativas e Acessibilidade do Espa\u00e7o do Conhecimento UFMG<\/mark><\/strong><\/p>\n\n\n\n<div style=\"height:30px\" aria-hidden=\"true\" class=\"wp-block-spacer\"><\/div>\n\n\n\n<p><em>02 de abril de 2026<\/em><\/p>\n\n\n\n<div style=\"height:30px\" aria-hidden=\"true\" class=\"wp-block-spacer\"><\/div>\n\n\n\n<p>O N\u00facleo de A\u00e7\u00f5es Educativas e Acessibilidade do Espa\u00e7o do Conhecimento UFMG informa o resultado da sele\u00e7\u00e3o de bolsista do Programa de Apoio a Inclus\u00e3o e Promo\u00e7\u00e3o \u00e0 Acessibilidade da UFMG \u2013 PIPA:<\/p>\n\n\n\n<div style=\"height:15px\" aria-hidden=\"true\" class=\"wp-block-spacer\"><\/div>\n\n\n\n<p id=\"m_6553725596363641152m_-9097814445005246508gmail-docs-internal-guid-a454ef49-7fff-e74b-61b3-63f022cf44f9\"><strong>APROVADOS<\/strong><\/p>\n\n\n\n<p id=\"m_6553725596363641152m_-9097814445005246508gmail-docs-internal-guid-0ea892db-7fff-3aa7-4d16-ab69a323ae9f\">Daniela Campos de Freitas<br>Nickolle Nascimento de Souza<\/p>\n\n\n\n<div style=\"height:30px\" aria-hidden=\"true\" class=\"wp-block-spacer\"><\/div>\n\n\n\n<p id=\"m_6553725596363641152m_-9097814445005246508gmail-docs-internal-guid-0ea892db-7fff-3aa7-4d16-ab69a323ae9f\"><strong>LISTA DE ESPERA<\/strong><\/p>\n\n\n\n<p>Christel Appolon Souffrant<br>Isabella Martins Fernandes da Silva<br>Yasmin Jassanan Resende Martins<br>La\u00eds Vila\u00e7a de Souza Gomes<br>Laura Lobato Oliveira<br>Alexia Katlen Ribeiro Ramos da Silva<br>Caetano dos Santos Rocha<br>Matheus Daniel Faleiro<br>Sabri de Azevedo Vieira Souza<\/p>\n","protected":false},"excerpt":{"rendered":"<p>RESULTADO BOLSA PIPA N\u00facleo de A\u00e7\u00f5es Educativas e Acessibilidade do Espa\u00e7o do Conhecimento UFMG 02 de abril de 2026 O N\u00facleo de A\u00e7\u00f5es Educativas e Acessibilidade do Espa\u00e7o do Conhecimento UFMG informa o resultado da sele\u00e7\u00e3o de bolsista do Programa de Apoio a Inclus\u00e3o e Promo\u00e7\u00e3o \u00e0 Acessibilidade da UFMG \u2013 PIPA: APROVADOS Daniela Campos [&hellip;]<\/p>\n","protected":false},"author":3,"featured_media":0,"parent":243,"menu_order":0,"comment_status":"closed","ping_status":"closed","template":"","meta":{"_acf_changed":false,"footnotes":""},"class_list":["post-9643","page","type-page","status-publish","hentry"],"acf":[],"_links":{"self":[{"href":"https:\/\/www.ufmg.br\/espacodoconhecimento\/wp-json\/wp\/v2\/pages\/9643"}],"collection":[{"href":"https:\/\/www.ufmg.br\/espacodoconhecimento\/wp-json\/wp\/v2\/pages"}],"about":[{"href":"https:\/\/www.ufmg.br\/espacodoconhecimento\/wp-json\/wp\/v2\/types\/page"}],"author":[{"embeddable":true,"href":"https:\/\/www.ufmg.br\/espacodoconhecimento\/wp-json\/wp\/v2\/users\/3"}],"replies":[{"embeddable":true,"href":"https:\/\/www.ufmg.br\/espacodoconhecimento\/wp-json\/wp\/v2\/comments?post=9643"}],"version-history":[{"count":3,"href":"https:\/\/www.ufmg.br\/espacodoconhecimento\/wp-json\/wp\/v2\/pages\/9643\/revisions"}],"predecessor-version":[{"id":9649,"href":"https:\/\/www.ufmg.br\/espacodoconhecimento\/wp-json\/wp\/v2\/pages\/9643\/revisions\/9649"}],"up":[{"embeddable":true,"href":"https:\/\/www.ufmg.br\/espacodoconhecimento\/wp-json\/wp\/v2\/pages\/243"}],"wp:attachment":[{"href":"https:\/\/www.ufmg.br\/espacodoconhecimento\/wp-json\/wp\/v2\/media?parent=9643"}],"curies":[{"name":"wp","href":"https:\/\/api.w.org\/{rel}","templated":true}]}}