{"id":16820,"date":"2020-05-05T12:29:39","date_gmt":"2020-05-05T15:29:39","guid":{"rendered":"https:\/\/www.ufmg.br\/estacaoecologica-novo2\/?page_id=16820"},"modified":"2026-01-26T10:30:48","modified_gmt":"2026-01-26T13:30:48","slug":"institucional","status":"publish","type":"page","link":"https:\/\/www.ufmg.br\/estacaoecologica\/institucional\/","title":{"rendered":"Institucional"},"content":{"rendered":"[vc_row][vc_column]<nav class=\"vcex-breadcrumbs\" style=\"font-size:14px;\"><span><span><a href=\"https:\/\/www.ufmg.br\/estacaoecologica\/\">In\u00edcio<\/a><\/span><\/span><\/nav>[\/vc_column][\/vc_row][vc_row][vc_column]<figure class=\"vcex-image vcex-module wpex-clr figcaption-legenda\"><div class=\"vcex-image-inner wpex-relative wpex-inline-block\"><a href=\"https:\/\/www.ufmg.br\/estacaoecologica\/wp-content\/uploads\/2020\/05\/administracao-estacao.jpg\" class=\"wpex-lightbox\"><img decoding=\"async\" width=\"1280\" height=\"548\" src=\"https:\/\/www.ufmg.br\/estacaoecologica\/wp-content\/uploads\/2020\/05\/administracao-estacao.jpg\" class=\"wpex-align-middle\" alt=\"Vista frontal da administra\u00e7\u00e3o da Esta\u00e7\u00e3o Ecol\u00f3gica da UFMG. (foto acervo)\" loading=\"lazy\" srcset=\"https:\/\/www.ufmg.br\/estacaoecologica\/wp-content\/uploads\/2020\/05\/administracao-estacao.jpg 1280w, https:\/\/www.ufmg.br\/estacaoecologica\/wp-content\/uploads\/2020\/05\/administracao-estacao-300x128.jpg 300w, https:\/\/www.ufmg.br\/estacaoecologica\/wp-content\/uploads\/2020\/05\/administracao-estacao-1024x438.jpg 1024w, https:\/\/www.ufmg.br\/estacaoecologica\/wp-content\/uploads\/2020\/05\/administracao-estacao-768x329.jpg 768w\" sizes=\"auto, (max-width: 1280px) 100vw, 1280px\" \/><\/a><\/div><figcaption class=\"wpex-mt-10\">Vista frontal da administra\u00e7\u00e3o da Esta\u00e7\u00e3o Ecol\u00f3gica da UFMG. (foto acervo)<\/figcaption><\/figure>[\/vc_column][\/vc_row][vc_row][vc_column]<h1 class=\"vcex-heading vcex-module wpex-text-2xl wpex-font-normal wpex-m-auto wpex-max-w-100 vcex-heading-plain wpex-block wpex-italic\" style=\"color:#254151;font-family:Merriweather;font-size:32px;letter-spacing:-1px;font-weight:800;line-height:48px;\"><span class=\"vcex-heading-inner wpex-inline-block wpex-clr\">Esta\u00e7\u00e3o Ecol\u00f3gica da UFMG<\/span><\/h1>[vc_separator][\/vc_column][\/vc_row][vc_row][vc_column][vc_column_text]A Esta\u00e7\u00e3o Ecol\u00f3gica se encontra dentro da cidade universit\u00e1ria da Universidade Federal de Minas Gerais (UFMG). A Esta\u00e7\u00e3o conta com 114 hectares \u2013 mais de um milh\u00e3o de metros quadrados \u2013 de uma flora diversa, com v\u00e1rias esp\u00e9cies nativas da regi\u00e3o e outras ex\u00f3ticas, como o baob\u00e1 eternizado por Antoine de Saint-Exup\u00e9ry, em O pequeno pr\u00edncipe. A \u00e1rea \u00e9 o habitat de uma s\u00e9rie de mam\u00edferos, anf\u00edbios, r\u00e9pteis e de uma centena e meia de aves, o que tamb\u00e9m faz dela um importante centro de estudos e pesquisas.[\/vc_column_text][\/vc_column][\/vc_row][vc_row][vc_column][vc_video link=&#8221;https:\/\/vimeo.com\/1130686806\/9fba89dc53&#8243;][\/vc_column][\/vc_row]\n","protected":false},"excerpt":{"rendered":"<p>[vc_row][vc_column][\/vc_column][\/vc_row][vc_row][vc_column][\/vc_column][\/vc_row][vc_row][vc_column][vc_separator][\/vc_column][\/vc_row][vc_row][vc_column][vc_column_text]A Esta\u00e7\u00e3o Ecol\u00f3gica se encontra dentro da cidade universit\u00e1ria da Universidade Federal de Minas Gerais (UFMG). A Esta\u00e7\u00e3o conta com 114 hectares \u2013 mais de um milh\u00e3o de metros quadrados&hellip;<\/p>\n","protected":false},"author":1,"featured_media":0,"parent":0,"menu_order":1,"comment_status":"closed","ping_status":"closed","template":"","meta":{"_EventAllDay":false,"_EventTimezone":"","_EventStartDate":"","_EventEndDate":"","_EventStartDateUTC":"","_EventEndDateUTC":"","_EventShowMap":false,"_EventShowMapLink":false,"_EventURL":"","_EventCost":"","_EventCostDescription":"","_EventCurrencySymbol":"","_EventCurrencyCode":"","_EventCurrencyPosition":"","_EventDateTimeSeparator":"","_EventTimeRangeSeparator":"","_EventOrganizerID":[],"_EventVenueID":[],"_OrganizerEmail":"","_OrganizerPhone":"","_OrganizerWebsite":"","_VenueAddress":"","_VenueCity":"","_VenueCountry":"","_VenueProvince":"","_VenueState":"","_VenueZip":"","_VenuePhone":"","_VenueURL":"","_VenueStateProvince":"","_VenueLat":"","_VenueLng":"","_VenueShowMap":false,"_VenueShowMapLink":false,"footnotes":""},"class_list":["post-16820","page","type-page","status-publish","hentry","entry","no-media"],"yoast_head":"<!-- This site is optimized with the Yoast SEO plugin v27.5 - https:\/\/yoast.com\/product\/yoast-seo-wordpress\/ -->\n<title>Institucional - Esta\u00e7\u00e3o Ecol\u00f3gica da UFMG<\/title>\n<meta name=\"robots\" content=\"index, follow, max-snippet:-1, max-image-preview:large, max-video-preview:-1\" \/>\n<link rel=\"canonical\" href=\"https:\/\/www.ufmg.br\/estacaoecologica\/institucional\/\" \/>\n<meta property=\"og:locale\" content=\"pt_BR\" \/>\n<meta property=\"og:type\" content=\"article\" \/>\n<meta property=\"og:title\" content=\"Institucional - Esta\u00e7\u00e3o Ecol\u00f3gica da UFMG\" \/>\n<meta property=\"og:description\" content=\"[vc_row][vc_column][\/vc_column][\/vc_row][vc_row][vc_column][\/vc_column][\/vc_row][vc_row][vc_column][vc_separator][\/vc_column][\/vc_row][vc_row][vc_column][vc_column_text]A Esta\u00e7\u00e3o Ecol\u00f3gica se encontra dentro da cidade universit\u00e1ria da Universidade Federal de Minas Gerais (UFMG). A Esta\u00e7\u00e3o conta com 114 hectares \u2013 mais de um milh\u00e3o de metros quadrados&hellip;\" \/>\n<meta property=\"og:url\" content=\"https:\/\/www.ufmg.br\/estacaoecologica\/institucional\/\" \/>\n<meta property=\"og:site_name\" content=\"Esta\u00e7\u00e3o Ecol\u00f3gica da UFMG\" \/>\n<meta property=\"article:modified_time\" content=\"2026-01-26T13:30:48+00:00\" \/>\n<meta name=\"twitter:card\" content=\"summary_large_image\" \/>\n<meta name=\"twitter:label1\" content=\"Est. tempo de leitura\" \/>\n\t<meta name=\"twitter:data1\" content=\"1 minuto\" \/>\n<script type=\"application\/ld+json\" class=\"yoast-schema-graph\">{\"@context\":\"https:\\\/\\\/schema.org\",\"@graph\":[{\"@type\":\"WebPage\",\"@id\":\"https:\\\/\\\/www.ufmg.br\\\/estacaoecologica\\\/institucional\\\/\",\"url\":\"https:\\\/\\\/www.ufmg.br\\\/estacaoecologica\\\/institucional\\\/\",\"name\":\"Institucional - Esta\u00e7\u00e3o Ecol\u00f3gica da UFMG\",\"isPartOf\":{\"@id\":\"https:\\\/\\\/www.ufmg.br\\\/estacaoecologica\\\/#website\"},\"datePublished\":\"2020-05-05T15:29:39+00:00\",\"dateModified\":\"2026-01-26T13:30:48+00:00\",\"breadcrumb\":{\"@id\":\"https:\\\/\\\/www.ufmg.br\\\/estacaoecologica\\\/institucional\\\/#breadcrumb\"},\"inLanguage\":\"pt-BR\",\"potentialAction\":[{\"@type\":\"ReadAction\",\"target\":[\"https:\\\/\\\/www.ufmg.br\\\/estacaoecologica\\\/institucional\\\/\"]}]},{\"@type\":\"BreadcrumbList\",\"@id\":\"https:\\\/\\\/www.ufmg.br\\\/estacaoecologica\\\/institucional\\\/#breadcrumb\",\"itemListElement\":[{\"@type\":\"ListItem\",\"position\":1,\"name\":\"In\u00edcio\",\"item\":\"https:\\\/\\\/www.ufmg.br\\\/estacaoecologica\\\/\"},{\"@type\":\"ListItem\",\"position\":2,\"name\":\"Institucional\"}]},{\"@type\":\"WebSite\",\"@id\":\"https:\\\/\\\/www.ufmg.br\\\/estacaoecologica\\\/#website\",\"url\":\"https:\\\/\\\/www.ufmg.br\\\/estacaoecologica\\\/\",\"name\":\"Esta\u00e7\u00e3o Ecol\u00f3gica da UFMG\",\"description\":\"Natureza, hist\u00f3ria e preserva\u00e7\u00e3o\",\"publisher\":{\"@id\":\"https:\\\/\\\/www.ufmg.br\\\/estacaoecologica\\\/#organization\"},\"potentialAction\":[{\"@type\":\"SearchAction\",\"target\":{\"@type\":\"EntryPoint\",\"urlTemplate\":\"https:\\\/\\\/www.ufmg.br\\\/estacaoecologica\\\/?s={search_term_string}\"},\"query-input\":{\"@type\":\"PropertyValueSpecification\",\"valueRequired\":true,\"valueName\":\"search_term_string\"}}],\"inLanguage\":\"pt-BR\"},{\"@type\":\"Organization\",\"@id\":\"https:\\\/\\\/www.ufmg.br\\\/estacaoecologica\\\/#organization\",\"name\":\"Esta\u00e7\u00e3o Ecol\u00f3gica da UFMG\",\"url\":\"https:\\\/\\\/www.ufmg.br\\\/estacaoecologica\\\/\",\"logo\":{\"@type\":\"ImageObject\",\"inLanguage\":\"pt-BR\",\"@id\":\"https:\\\/\\\/www.ufmg.br\\\/estacaoecologica\\\/#\\\/schema\\\/logo\\\/image\\\/\",\"url\":\"https:\\\/\\\/www.ufmg.br\\\/estacaoecologica\\\/wp-content\\\/uploads\\\/2020\\\/04\\\/logo-proex-v2.png\",\"contentUrl\":\"https:\\\/\\\/www.ufmg.br\\\/estacaoecologica\\\/wp-content\\\/uploads\\\/2020\\\/04\\\/logo-proex-v2.png\",\"width\":500,\"height\":104,\"caption\":\"Esta\u00e7\u00e3o Ecol\u00f3gica da UFMG\"},\"image\":{\"@id\":\"https:\\\/\\\/www.ufmg.br\\\/estacaoecologica\\\/#\\\/schema\\\/logo\\\/image\\\/\"}}]}<\/script>\n<!-- \/ Yoast SEO plugin. -->","yoast_head_json":{"title":"Institucional - Esta\u00e7\u00e3o Ecol\u00f3gica da UFMG","robots":{"index":"index","follow":"follow","max-snippet":"max-snippet:-1","max-image-preview":"max-image-preview:large","max-video-preview":"max-video-preview:-1"},"canonical":"https:\/\/www.ufmg.br\/estacaoecologica\/institucional\/","og_locale":"pt_BR","og_type":"article","og_title":"Institucional - Esta\u00e7\u00e3o Ecol\u00f3gica da UFMG","og_description":"[vc_row][vc_column][\/vc_column][\/vc_row][vc_row][vc_column][\/vc_column][\/vc_row][vc_row][vc_column][vc_separator][\/vc_column][\/vc_row][vc_row][vc_column][vc_column_text]A Esta\u00e7\u00e3o Ecol\u00f3gica se encontra dentro da cidade universit\u00e1ria da Universidade Federal de Minas Gerais (UFMG). A Esta\u00e7\u00e3o conta com 114 hectares \u2013 mais de um milh\u00e3o de metros quadrados&hellip;","og_url":"https:\/\/www.ufmg.br\/estacaoecologica\/institucional\/","og_site_name":"Esta\u00e7\u00e3o Ecol\u00f3gica da UFMG","article_modified_time":"2026-01-26T13:30:48+00:00","twitter_card":"summary_large_image","twitter_misc":{"Est. tempo de leitura":"1 minuto"},"schema":{"@context":"https:\/\/schema.org","@graph":[{"@type":"WebPage","@id":"https:\/\/www.ufmg.br\/estacaoecologica\/institucional\/","url":"https:\/\/www.ufmg.br\/estacaoecologica\/institucional\/","name":"Institucional - Esta\u00e7\u00e3o Ecol\u00f3gica da UFMG","isPartOf":{"@id":"https:\/\/www.ufmg.br\/estacaoecologica\/#website"},"datePublished":"2020-05-05T15:29:39+00:00","dateModified":"2026-01-26T13:30:48+00:00","breadcrumb":{"@id":"https:\/\/www.ufmg.br\/estacaoecologica\/institucional\/#breadcrumb"},"inLanguage":"pt-BR","potentialAction":[{"@type":"ReadAction","target":["https:\/\/www.ufmg.br\/estacaoecologica\/institucional\/"]}]},{"@type":"BreadcrumbList","@id":"https:\/\/www.ufmg.br\/estacaoecologica\/institucional\/#breadcrumb","itemListElement":[{"@type":"ListItem","position":1,"name":"In\u00edcio","item":"https:\/\/www.ufmg.br\/estacaoecologica\/"},{"@type":"ListItem","position":2,"name":"Institucional"}]},{"@type":"WebSite","@id":"https:\/\/www.ufmg.br\/estacaoecologica\/#website","url":"https:\/\/www.ufmg.br\/estacaoecologica\/","name":"Esta\u00e7\u00e3o Ecol\u00f3gica da UFMG","description":"Natureza, hist\u00f3ria e preserva\u00e7\u00e3o","publisher":{"@id":"https:\/\/www.ufmg.br\/estacaoecologica\/#organization"},"potentialAction":[{"@type":"SearchAction","target":{"@type":"EntryPoint","urlTemplate":"https:\/\/www.ufmg.br\/estacaoecologica\/?s={search_term_string}"},"query-input":{"@type":"PropertyValueSpecification","valueRequired":true,"valueName":"search_term_string"}}],"inLanguage":"pt-BR"},{"@type":"Organization","@id":"https:\/\/www.ufmg.br\/estacaoecologica\/#organization","name":"Esta\u00e7\u00e3o Ecol\u00f3gica da UFMG","url":"https:\/\/www.ufmg.br\/estacaoecologica\/","logo":{"@type":"ImageObject","inLanguage":"pt-BR","@id":"https:\/\/www.ufmg.br\/estacaoecologica\/#\/schema\/logo\/image\/","url":"https:\/\/www.ufmg.br\/estacaoecologica\/wp-content\/uploads\/2020\/04\/logo-proex-v2.png","contentUrl":"https:\/\/www.ufmg.br\/estacaoecologica\/wp-content\/uploads\/2020\/04\/logo-proex-v2.png","width":500,"height":104,"caption":"Esta\u00e7\u00e3o Ecol\u00f3gica da UFMG"},"image":{"@id":"https:\/\/www.ufmg.br\/estacaoecologica\/#\/schema\/logo\/image\/"}}]}},"_links":{"self":[{"href":"https:\/\/www.ufmg.br\/estacaoecologica\/wp-json\/wp\/v2\/pages\/16820","targetHints":{"allow":["GET"]}}],"collection":[{"href":"https:\/\/www.ufmg.br\/estacaoecologica\/wp-json\/wp\/v2\/pages"}],"about":[{"href":"https:\/\/www.ufmg.br\/estacaoecologica\/wp-json\/wp\/v2\/types\/page"}],"author":[{"embeddable":true,"href":"https:\/\/www.ufmg.br\/estacaoecologica\/wp-json\/wp\/v2\/users\/1"}],"replies":[{"embeddable":true,"href":"https:\/\/www.ufmg.br\/estacaoecologica\/wp-json\/wp\/v2\/comments?post=16820"}],"version-history":[{"count":27,"href":"https:\/\/www.ufmg.br\/estacaoecologica\/wp-json\/wp\/v2\/pages\/16820\/revisions"}],"predecessor-version":[{"id":21219,"href":"https:\/\/www.ufmg.br\/estacaoecologica\/wp-json\/wp\/v2\/pages\/16820\/revisions\/21219"}],"wp:attachment":[{"href":"https:\/\/www.ufmg.br\/estacaoecologica\/wp-json\/wp\/v2\/media?parent=16820"}],"curies":[{"name":"wp","href":"https:\/\/api.w.org\/{rel}","templated":true}]}}