{"id":16831,"date":"2020-05-05T12:51:47","date_gmt":"2020-05-05T15:51:47","guid":{"rendered":"https:\/\/www.ufmg.br\/estacaoecologica-novo2\/?page_id=16831"},"modified":"2021-02-26T13:18:53","modified_gmt":"2021-02-26T16:18:53","slug":"mapa-da-estacao","status":"publish","type":"page","link":"https:\/\/www.ufmg.br\/estacaoecologica\/institucional\/mapa-da-estacao\/","title":{"rendered":"Mapa da Esta\u00e7\u00e3o"},"content":{"rendered":"[vc_row][vc_column]<nav class=\"vcex-breadcrumbs\" style=\"font-size:14px;\"><span><span><a href=\"https:\/\/www.ufmg.br\/estacaoecologica\/\">In\u00edcio<\/a><\/span><\/span><\/nav>[\/vc_column][\/vc_row][vc_row][vc_column]<h1 class=\"vcex-heading vcex-module wpex-text-2xl wpex-font-normal wpex-m-auto wpex-max-w-100 vcex-heading-plain wpex-block wpex-italic\" style=\"color:#254151;font-family:Merriweather;font-size:32px;letter-spacing:-1px;font-weight:800;line-height:48px;\"><span class=\"vcex-heading-inner wpex-inline-block wpex-clr\">Mapas da Esta\u00e7\u00e3o Ecol\u00f3gica UFMG<\/span><\/h1>[vc_separator]<div class=\"vcex-spacing wpex-w-100 wpex-clear\" style=\"height:50px;\"><\/div><figure class=\"vcex-image vcex-module wpex-clr textcenter figcaption-legenda\"><div class=\"vcex-image-inner wpex-relative wpex-inline-block\"><a href=\"https:\/\/www.ufmg.br\/estacaoecologica\/wp-content\/uploads\/2021\/02\/mapa-tombamento.jpeg\" class=\"wpex-lightbox\"><img decoding=\"async\" width=\"567\" height=\"778\" src=\"https:\/\/www.ufmg.br\/estacaoecologica\/wp-content\/uploads\/2021\/02\/mapa-tombamento.jpeg\" class=\"wpex-align-middle\" alt=\"Mapa do per\u00edmetro de tombamento da Esta\u00e7\u00e3o Ecol\u00f3gica da UFMG\" loading=\"lazy\" srcset=\"https:\/\/www.ufmg.br\/estacaoecologica\/wp-content\/uploads\/2021\/02\/mapa-tombamento.jpeg 567w, https:\/\/www.ufmg.br\/estacaoecologica\/wp-content\/uploads\/2021\/02\/mapa-tombamento-219x300.jpeg 219w\" sizes=\"auto, (max-width: 567px) 100vw, 567px\" \/><\/a><\/div><figcaption class=\"wpex-mt-10\">Mapa do per\u00edmetro de tombamento da Esta\u00e7\u00e3o Ecol\u00f3gica da UFMG<\/figcaption><\/figure><div class=\"vcex-spacing wpex-w-100 wpex-clear\" style=\"height:50px;\"><\/div><figure class=\"vcex-image vcex-module wpex-clr textcenter figcaption-legenda\"><div class=\"vcex-image-inner wpex-relative wpex-inline-block\"><a href=\"https:\/\/www.ufmg.br\/estacaoecologica\/wp-content\/uploads\/2021\/02\/vista-area-satelite.jpg\" class=\"wpex-lightbox\"><img decoding=\"async\" loading=\"lazy\" class=\"wpex-align-middle\" src=\"https:\/\/www.ufmg.br\/estacaoecologica\/wp-content\/uploads\/2021\/02\/vista-area-satelite-567x772.jpg\" alt=\"Croqui Baseado No Mapa De Tombamento\" srcset=\"https:\/\/www.ufmg.br\/estacaoecologica\/wp-content\/uploads\/2021\/02\/vista-area-satelite-567x772.jpg 567w, https:\/\/www.ufmg.br\/estacaoecologica\/wp-content\/uploads\/2021\/02\/vista-area-satelite-220x300.jpg 220w, https:\/\/www.ufmg.br\/estacaoecologica\/wp-content\/uploads\/2021\/02\/vista-area-satelite.jpg 652w\" width=\"567\" height=\"772\"><\/a><\/div><figcaption class=\"wpex-mt-10\">Croqui baseado no mapa de tombamento de per\u00edmetro em sobreposi\u00e7\u00e3o a vista a\u00e9rea da regi\u00e3o.<\/figcaption><\/figure><div class=\"vcex-spacing wpex-w-100 wpex-clear\" style=\"height:50px;\"><\/div>[vc_gmaps link=&#8221;#E-8_JTNDaWZyYW1lJTIwc3JjJTNEJTIyaHR0cHMlM0ElMkYlMkZ3d3cuZ29vZ2xlLmNvbSUyRm1hcHMlMkZkJTJGZW1iZWQlM0ZtaWQlM0QxZ2pJYlo1MHhEN1NSOUxjUlZSR2ZKdE5NNlRHSk9qV0olMjIlMjB3aWR0aCUzRCUyMjYwMCUyMiUyMGhlaWdodCUzRCUyMjkwMCUyMiUyMGZyYW1lYm9yZGVyJTNEJTIyMCUyMiUyMHN0eWxlJTNEJTIyYm9yZGVyJTNBMCUyMiUyMGFsbG93ZnVsbHNjcmVlbiUzRSUzQyUyRmlmcmFtZSUzRQ==&#8221;][\/vc_column][\/vc_row][vc_row][vc_column]<div class=\"vcex-multi-buttons wpex-flex wpex-flex-wrap wpex-items-center wpex-gap-10 wpex-justify-center\" style=\"font-size:16px;font-weight:600;border-radius:45px;\"><a href=\"https:\/\/www.ufmg.br\/estacaoecologica\/wp-content\/uploads\/2020\/05\/mapa_ufmg.pdf\" class=\"theme-button flat local-scroll-link vcex-count-1\" target=\"_blank\" rel=\"noopener noreferrer\" style=\"padding-top:8px;padding-right:24px;padding-bottom:8px;padding-left:24px; background:#fcca3d;\" data-wpex-hover=\"{&quot;background&quot;:&quot;#013f51&quot;}\" download>Mapa Ilustrativo - Campus UFMG<\/a><\/div>[\/vc_column][\/vc_row]\n","protected":false},"excerpt":{"rendered":"<p>[vc_row][vc_column][\/vc_column][\/vc_row][vc_row][vc_column][vc_separator][vc_gmaps link=&#8221;#E-8_JTNDaWZyYW1lJTIwc3JjJTNEJTIyaHR0cHMlM0ElMkYlMkZ3d3cuZ29vZ2xlLmNvbSUyRm1hcHMlMkZkJTJGZW1iZWQlM0ZtaWQlM0QxZ2pJYlo1MHhEN1NSOUxjUlZSR2ZKdE5NNlRHSk9qV0olMjIlMjB3aWR0aCUzRCUyMjYwMCUyMiUyMGhlaWdodCUzRCUyMjkwMCUyMiUyMGZyYW1lYm9yZGVyJTNEJTIyMCUyMiUyMHN0eWxlJTNEJTIyYm9yZGVyJTNBMCUyMiUyMGFsbG93ZnVsbHNjcmVlbiUzRSUzQyUyRmlmcmFtZSUzRQ==&#8221;][\/vc_column][\/vc_row][vc_row][vc_column][\/vc_column][\/vc_row]<\/p>\n","protected":false},"author":1,"featured_media":0,"parent":16820,"menu_order":0,"comment_status":"closed","ping_status":"closed","template":"","meta":{"_EventAllDay":false,"_EventTimezone":"","_EventStartDate":"","_EventEndDate":"","_EventStartDateUTC":"","_EventEndDateUTC":"","_EventShowMap":false,"_EventShowMapLink":false,"_EventURL":"","_EventCost":"","_EventCostDescription":"","_EventCurrencySymbol":"","_EventCurrencyCode":"","_EventCurrencyPosition":"","_EventDateTimeSeparator":"","_EventTimeRangeSeparator":"","_EventOrganizerID":[],"_EventVenueID":[],"_OrganizerEmail":"","_OrganizerPhone":"","_OrganizerWebsite":"","_VenueAddress":"","_VenueCity":"","_VenueCountry":"","_VenueProvince":"","_VenueState":"","_VenueZip":"","_VenuePhone":"","_VenueURL":"","_VenueStateProvince":"","_VenueLat":"","_VenueLng":"","_VenueShowMap":false,"_VenueShowMapLink":false,"footnotes":""},"class_list":["post-16831","page","type-page","status-publish","hentry","entry","no-media"],"yoast_head":"<!-- This site is optimized with the Yoast SEO plugin v27.5 - https:\/\/yoast.com\/product\/yoast-seo-wordpress\/ -->\n<title>Mapa da Esta\u00e7\u00e3o - Esta\u00e7\u00e3o Ecol\u00f3gica da UFMG<\/title>\n<meta name=\"robots\" content=\"index, follow, max-snippet:-1, max-image-preview:large, max-video-preview:-1\" \/>\n<link rel=\"canonical\" href=\"https:\/\/www.ufmg.br\/estacaoecologica\/institucional\/mapa-da-estacao\/\" \/>\n<meta property=\"og:locale\" content=\"pt_BR\" \/>\n<meta property=\"og:type\" content=\"article\" \/>\n<meta property=\"og:title\" content=\"Mapa da Esta\u00e7\u00e3o - Esta\u00e7\u00e3o Ecol\u00f3gica da UFMG\" \/>\n<meta property=\"og:description\" content=\"[vc_row][vc_column][\/vc_column][\/vc_row][vc_row][vc_column][vc_separator][vc_gmaps link=&#8221;#E-8_JTNDaWZyYW1lJTIwc3JjJTNEJTIyaHR0cHMlM0ElMkYlMkZ3d3cuZ29vZ2xlLmNvbSUyRm1hcHMlMkZkJTJGZW1iZWQlM0ZtaWQlM0QxZ2pJYlo1MHhEN1NSOUxjUlZSR2ZKdE5NNlRHSk9qV0olMjIlMjB3aWR0aCUzRCUyMjYwMCUyMiUyMGhlaWdodCUzRCUyMjkwMCUyMiUyMGZyYW1lYm9yZGVyJTNEJTIyMCUyMiUyMHN0eWxlJTNEJTIyYm9yZGVyJTNBMCUyMiUyMGFsbG93ZnVsbHNjcmVlbiUzRSUzQyUyRmlmcmFtZSUzRQ==&#8221;][\/vc_column][\/vc_row][vc_row][vc_column][\/vc_column][\/vc_row]\" \/>\n<meta property=\"og:url\" content=\"https:\/\/www.ufmg.br\/estacaoecologica\/institucional\/mapa-da-estacao\/\" \/>\n<meta property=\"og:site_name\" content=\"Esta\u00e7\u00e3o Ecol\u00f3gica da UFMG\" \/>\n<meta property=\"article:modified_time\" content=\"2021-02-26T16:18:53+00:00\" \/>\n<meta name=\"twitter:card\" content=\"summary_large_image\" \/>\n<meta name=\"twitter:label1\" content=\"Est. tempo de leitura\" \/>\n\t<meta name=\"twitter:data1\" content=\"1 minuto\" \/>\n<script type=\"application\/ld+json\" class=\"yoast-schema-graph\">{\"@context\":\"https:\\\/\\\/schema.org\",\"@graph\":[{\"@type\":\"WebPage\",\"@id\":\"https:\\\/\\\/www.ufmg.br\\\/estacaoecologica\\\/institucional\\\/mapa-da-estacao\\\/\",\"url\":\"https:\\\/\\\/www.ufmg.br\\\/estacaoecologica\\\/institucional\\\/mapa-da-estacao\\\/\",\"name\":\"Mapa da Esta\u00e7\u00e3o - Esta\u00e7\u00e3o Ecol\u00f3gica da UFMG\",\"isPartOf\":{\"@id\":\"https:\\\/\\\/www.ufmg.br\\\/estacaoecologica\\\/#website\"},\"datePublished\":\"2020-05-05T15:51:47+00:00\",\"dateModified\":\"2021-02-26T16:18:53+00:00\",\"breadcrumb\":{\"@id\":\"https:\\\/\\\/www.ufmg.br\\\/estacaoecologica\\\/institucional\\\/mapa-da-estacao\\\/#breadcrumb\"},\"inLanguage\":\"pt-BR\",\"potentialAction\":[{\"@type\":\"ReadAction\",\"target\":[\"https:\\\/\\\/www.ufmg.br\\\/estacaoecologica\\\/institucional\\\/mapa-da-estacao\\\/\"]}]},{\"@type\":\"BreadcrumbList\",\"@id\":\"https:\\\/\\\/www.ufmg.br\\\/estacaoecologica\\\/institucional\\\/mapa-da-estacao\\\/#breadcrumb\",\"itemListElement\":[{\"@type\":\"ListItem\",\"position\":1,\"name\":\"In\u00edcio\",\"item\":\"https:\\\/\\\/www.ufmg.br\\\/estacaoecologica\\\/\"},{\"@type\":\"ListItem\",\"position\":2,\"name\":\"Institucional\",\"item\":\"https:\\\/\\\/www.ufmg.br\\\/estacaoecologica\\\/institucional\\\/\"},{\"@type\":\"ListItem\",\"position\":3,\"name\":\"Mapa da Esta\u00e7\u00e3o\"}]},{\"@type\":\"WebSite\",\"@id\":\"https:\\\/\\\/www.ufmg.br\\\/estacaoecologica\\\/#website\",\"url\":\"https:\\\/\\\/www.ufmg.br\\\/estacaoecologica\\\/\",\"name\":\"Esta\u00e7\u00e3o Ecol\u00f3gica da UFMG\",\"description\":\"Natureza, hist\u00f3ria e preserva\u00e7\u00e3o\",\"publisher\":{\"@id\":\"https:\\\/\\\/www.ufmg.br\\\/estacaoecologica\\\/#organization\"},\"potentialAction\":[{\"@type\":\"SearchAction\",\"target\":{\"@type\":\"EntryPoint\",\"urlTemplate\":\"https:\\\/\\\/www.ufmg.br\\\/estacaoecologica\\\/?s={search_term_string}\"},\"query-input\":{\"@type\":\"PropertyValueSpecification\",\"valueRequired\":true,\"valueName\":\"search_term_string\"}}],\"inLanguage\":\"pt-BR\"},{\"@type\":\"Organization\",\"@id\":\"https:\\\/\\\/www.ufmg.br\\\/estacaoecologica\\\/#organization\",\"name\":\"Esta\u00e7\u00e3o Ecol\u00f3gica da UFMG\",\"url\":\"https:\\\/\\\/www.ufmg.br\\\/estacaoecologica\\\/\",\"logo\":{\"@type\":\"ImageObject\",\"inLanguage\":\"pt-BR\",\"@id\":\"https:\\\/\\\/www.ufmg.br\\\/estacaoecologica\\\/#\\\/schema\\\/logo\\\/image\\\/\",\"url\":\"https:\\\/\\\/www.ufmg.br\\\/estacaoecologica\\\/wp-content\\\/uploads\\\/2020\\\/04\\\/logo-proex-v2.png\",\"contentUrl\":\"https:\\\/\\\/www.ufmg.br\\\/estacaoecologica\\\/wp-content\\\/uploads\\\/2020\\\/04\\\/logo-proex-v2.png\",\"width\":500,\"height\":104,\"caption\":\"Esta\u00e7\u00e3o Ecol\u00f3gica da UFMG\"},\"image\":{\"@id\":\"https:\\\/\\\/www.ufmg.br\\\/estacaoecologica\\\/#\\\/schema\\\/logo\\\/image\\\/\"}}]}<\/script>\n<!-- \/ Yoast SEO plugin. -->","yoast_head_json":{"title":"Mapa da Esta\u00e7\u00e3o - Esta\u00e7\u00e3o Ecol\u00f3gica da UFMG","robots":{"index":"index","follow":"follow","max-snippet":"max-snippet:-1","max-image-preview":"max-image-preview:large","max-video-preview":"max-video-preview:-1"},"canonical":"https:\/\/www.ufmg.br\/estacaoecologica\/institucional\/mapa-da-estacao\/","og_locale":"pt_BR","og_type":"article","og_title":"Mapa da Esta\u00e7\u00e3o - Esta\u00e7\u00e3o Ecol\u00f3gica da UFMG","og_description":"[vc_row][vc_column][\/vc_column][\/vc_row][vc_row][vc_column][vc_separator][vc_gmaps link=&#8221;#E-8_JTNDaWZyYW1lJTIwc3JjJTNEJTIyaHR0cHMlM0ElMkYlMkZ3d3cuZ29vZ2xlLmNvbSUyRm1hcHMlMkZkJTJGZW1iZWQlM0ZtaWQlM0QxZ2pJYlo1MHhEN1NSOUxjUlZSR2ZKdE5NNlRHSk9qV0olMjIlMjB3aWR0aCUzRCUyMjYwMCUyMiUyMGhlaWdodCUzRCUyMjkwMCUyMiUyMGZyYW1lYm9yZGVyJTNEJTIyMCUyMiUyMHN0eWxlJTNEJTIyYm9yZGVyJTNBMCUyMiUyMGFsbG93ZnVsbHNjcmVlbiUzRSUzQyUyRmlmcmFtZSUzRQ==&#8221;][\/vc_column][\/vc_row][vc_row][vc_column][\/vc_column][\/vc_row]","og_url":"https:\/\/www.ufmg.br\/estacaoecologica\/institucional\/mapa-da-estacao\/","og_site_name":"Esta\u00e7\u00e3o Ecol\u00f3gica da UFMG","article_modified_time":"2021-02-26T16:18:53+00:00","twitter_card":"summary_large_image","twitter_misc":{"Est. tempo de leitura":"1 minuto"},"schema":{"@context":"https:\/\/schema.org","@graph":[{"@type":"WebPage","@id":"https:\/\/www.ufmg.br\/estacaoecologica\/institucional\/mapa-da-estacao\/","url":"https:\/\/www.ufmg.br\/estacaoecologica\/institucional\/mapa-da-estacao\/","name":"Mapa da Esta\u00e7\u00e3o - Esta\u00e7\u00e3o Ecol\u00f3gica da UFMG","isPartOf":{"@id":"https:\/\/www.ufmg.br\/estacaoecologica\/#website"},"datePublished":"2020-05-05T15:51:47+00:00","dateModified":"2021-02-26T16:18:53+00:00","breadcrumb":{"@id":"https:\/\/www.ufmg.br\/estacaoecologica\/institucional\/mapa-da-estacao\/#breadcrumb"},"inLanguage":"pt-BR","potentialAction":[{"@type":"ReadAction","target":["https:\/\/www.ufmg.br\/estacaoecologica\/institucional\/mapa-da-estacao\/"]}]},{"@type":"BreadcrumbList","@id":"https:\/\/www.ufmg.br\/estacaoecologica\/institucional\/mapa-da-estacao\/#breadcrumb","itemListElement":[{"@type":"ListItem","position":1,"name":"In\u00edcio","item":"https:\/\/www.ufmg.br\/estacaoecologica\/"},{"@type":"ListItem","position":2,"name":"Institucional","item":"https:\/\/www.ufmg.br\/estacaoecologica\/institucional\/"},{"@type":"ListItem","position":3,"name":"Mapa da Esta\u00e7\u00e3o"}]},{"@type":"WebSite","@id":"https:\/\/www.ufmg.br\/estacaoecologica\/#website","url":"https:\/\/www.ufmg.br\/estacaoecologica\/","name":"Esta\u00e7\u00e3o Ecol\u00f3gica da UFMG","description":"Natureza, hist\u00f3ria e preserva\u00e7\u00e3o","publisher":{"@id":"https:\/\/www.ufmg.br\/estacaoecologica\/#organization"},"potentialAction":[{"@type":"SearchAction","target":{"@type":"EntryPoint","urlTemplate":"https:\/\/www.ufmg.br\/estacaoecologica\/?s={search_term_string}"},"query-input":{"@type":"PropertyValueSpecification","valueRequired":true,"valueName":"search_term_string"}}],"inLanguage":"pt-BR"},{"@type":"Organization","@id":"https:\/\/www.ufmg.br\/estacaoecologica\/#organization","name":"Esta\u00e7\u00e3o Ecol\u00f3gica da UFMG","url":"https:\/\/www.ufmg.br\/estacaoecologica\/","logo":{"@type":"ImageObject","inLanguage":"pt-BR","@id":"https:\/\/www.ufmg.br\/estacaoecologica\/#\/schema\/logo\/image\/","url":"https:\/\/www.ufmg.br\/estacaoecologica\/wp-content\/uploads\/2020\/04\/logo-proex-v2.png","contentUrl":"https:\/\/www.ufmg.br\/estacaoecologica\/wp-content\/uploads\/2020\/04\/logo-proex-v2.png","width":500,"height":104,"caption":"Esta\u00e7\u00e3o Ecol\u00f3gica da UFMG"},"image":{"@id":"https:\/\/www.ufmg.br\/estacaoecologica\/#\/schema\/logo\/image\/"}}]}},"_links":{"self":[{"href":"https:\/\/www.ufmg.br\/estacaoecologica\/wp-json\/wp\/v2\/pages\/16831","targetHints":{"allow":["GET"]}}],"collection":[{"href":"https:\/\/www.ufmg.br\/estacaoecologica\/wp-json\/wp\/v2\/pages"}],"about":[{"href":"https:\/\/www.ufmg.br\/estacaoecologica\/wp-json\/wp\/v2\/types\/page"}],"author":[{"embeddable":true,"href":"https:\/\/www.ufmg.br\/estacaoecologica\/wp-json\/wp\/v2\/users\/1"}],"replies":[{"embeddable":true,"href":"https:\/\/www.ufmg.br\/estacaoecologica\/wp-json\/wp\/v2\/comments?post=16831"}],"version-history":[{"count":31,"href":"https:\/\/www.ufmg.br\/estacaoecologica\/wp-json\/wp\/v2\/pages\/16831\/revisions"}],"predecessor-version":[{"id":19379,"href":"https:\/\/www.ufmg.br\/estacaoecologica\/wp-json\/wp\/v2\/pages\/16831\/revisions\/19379"}],"up":[{"embeddable":true,"href":"https:\/\/www.ufmg.br\/estacaoecologica\/wp-json\/wp\/v2\/pages\/16820"}],"wp:attachment":[{"href":"https:\/\/www.ufmg.br\/estacaoecologica\/wp-json\/wp\/v2\/media?parent=16831"}],"curies":[{"name":"wp","href":"https:\/\/api.w.org\/{rel}","templated":true}]}}