{"id":17810,"date":"2020-09-02T22:20:02","date_gmt":"2020-09-03T01:20:02","guid":{"rendered":"https:\/\/www.ufmg.br\/estacaoecologica-novo2\/?page_id=17810"},"modified":"2022-11-13T20:49:41","modified_gmt":"2022-11-13T23:49:41","slug":"eventos","status":"publish","type":"page","link":"https:\/\/www.ufmg.br\/estacaoecologica\/institucional\/galeria-de-imagens\/eventos\/","title":{"rendered":"Eventos"},"content":{"rendered":"[vc_row][vc_column]<nav class=\"vcex-breadcrumbs\" style=\"font-size:14px;\"><span><span><a href=\"https:\/\/www.ufmg.br\/estacaoecologica\/\">In\u00edcio<\/a><\/span><\/span><\/nav>[\/vc_column][\/vc_row][vc_row][vc_column]<h1 class=\"vcex-heading vcex-module wpex-text-2xl wpex-font-normal wpex-m-auto wpex-max-w-100 vcex-heading-plain wpex-block wpex-italic\" style=\"color:#254151;font-family:Merriweather;font-size:32px;letter-spacing:-1px;font-weight:800;line-height:48px;\"><span class=\"vcex-heading-inner wpex-inline-block wpex-clr\">Galeria de Imagens - Eventos<\/span><\/h1>[vc_separator]<div class=\"vcex-spacing wpex-w-100 wpex-clear\" style=\"height:20px;\"><\/div>[\/vc_column][\/vc_row][vc_row][vc_column]<div class=\"vcex-heading vcex-module wpex-text-2xl wpex-font-normal wpex-m-auto wpex-max-w-100 vcex-heading-plain wpex-block\"><span class=\"vcex-heading-inner wpex-inline-block wpex-clr\">1\u00b0 Encontro Nacional de Brigadistas Florestais Volunt\u00e1rios (2022)<\/span><\/div><div class=\"vcex-spacing wpex-w-100 wpex-clear\" style=\"height:20px;\"><\/div>[vc_column_text]O Evento da Esta\u00e7\u00e3o Ecol\u00f3gica da UFMG discutiu import\u00e2ncia dos trabalhos desenvolvidos pelos brigadistas volunt\u00e1rios e os desafios por eles enfrentados na preven\u00e7\u00e3o e combate aos inc\u00eandios florestais no Brasil, com o objetivo de fortalecer a atua\u00e7\u00e3o e o apoio \u00e0 categoria.[\/vc_column_text]<div class=\"vcex-spacing wpex-w-100 wpex-clear\"><\/div>[vc_media_grid style=&#8221;pagination&#8221; items_per_page=&#8221;12&#8243; element_width=&#8221;3&#8243; grid_id=&#8221;vc_gid:1668383299590-b7ff511f-b210-3&#8243; include=&#8221;19892,19893,19894,19895,19896,19898,19897,19899,19900,19901,19902,19903,19904,19905,19906,19907,19908,19909,19910,19912,19911,19913,19914,19916,19915,19917,19918,19919,19920,19921,19922,19923,19924,19925,19926,19927,19928,19929,19930,19931,19932,19933,19934,19935,19936,19937,19938,19939,19940,19941,19942,19891&#8243;][\/vc_column][\/vc_row][vc_row][vc_column]<div class=\"vcex-heading vcex-module wpex-text-2xl wpex-font-normal wpex-m-auto wpex-max-w-100 vcex-heading-plain wpex-block\"><span class=\"vcex-heading-inner wpex-inline-block wpex-clr\">Mostra de Investiga\u00e7\u00e3o Cient\u00edfica Escolar (MICE) 2019<\/span><\/div><div class=\"vcex-spacing wpex-w-100 wpex-clear\" style=\"height:20px;\"><\/div>[vc_column_text]A MICE\u00a0consiste em um evento anual que d\u00e1 visibilidade \u00e0s a\u00e7\u00f5es pedag\u00f3gicas de \u201cinvestiga\u00e7\u00e3o e pesquisa\u201d, orientadas por professores de diversas disciplinas da Rede Municipal de Educa\u00e7\u00e3o de Belo Horizonte (RME\/BH).<\/p>\n<p>Fonte:<a href=\"https:\/\/prefeitura.pbh.gov.br\/educacao\/mice-mostra-de-investigacao-cientifica-escolar\">https:\/\/prefeitura.pbh.gov.br\/educacao\/mice-mostra-de-investigacao-cientifica-escolar<\/a><\/p>\n<p>Estivemos presentes nos dia 17 e 18 de setembro de 2019, no Parque Municipal.<\/p>\n<p>Oficinas que estivem presentes neste evento:<\/p>\n<ul>\n<li>Oficina de Energia<\/li>\n<li>Oficina de Cart\u00e3o Ecol\u00f3gico<\/li>\n<li>Oficina Bicho-pau<\/li>\n<li>Jogo Ecol\u00f3gico<\/li>\n<\/ul>\n[\/vc_column_text]<div class=\"vcex-spacing wpex-w-100 wpex-clear\"><\/div>[vc_media_grid style=&#8221;pagination&#8221; items_per_page=&#8221;8&#8243; element_width=&#8221;3&#8243; grid_id=&#8221;vc_gid:1668383299663-c57a4128-f841-9&#8243; include=&#8221;17571,17572,17578,17576,17574,17569,17568,17567,17566,17565,17564,17563,17562,17561,17559,17558,17557,18551,18550,18549,18547,18545&#8243;][\/vc_column][\/vc_row][vc_row][vc_column]<div class=\"vcex-heading vcex-module wpex-text-2xl wpex-font-normal wpex-m-auto wpex-max-w-100 vcex-heading-plain wpex-block\"><span class=\"vcex-heading-inner wpex-inline-block wpex-clr\">Quarta crescente<\/span><\/div><div class=\"vcex-spacing wpex-w-100 wpex-clear\" style=\"height:20px;\"><\/div>[vc_column_text]O projeto \u201cQuarta Crescente\u201d foi fruto de uma parceria entre o Grupo de Astronomia (ICEx-F\u00edsica) e a Esta\u00e7\u00e3o Ecol\u00f3gica da UFMG e ocorreu de abril a setembro nas quartas-feiras de Lua Crescente. Foi dirigido ao p\u00fablico externo e \u00e0 comunidade da UFMG.<\/p>\n<p>Seu objetivos eram popularizar a Astronomia, atrav\u00e9s de palestras; observa\u00e7\u00f5es astron\u00f4micas; sess\u00f5es de planet\u00e1rio e laborat\u00f3rios interativos\/demonstrativos; assim como conscientizar os cidad\u00e3os da necessidade de adotarmos posturas ecol\u00f3gicas tendo em vista a preserva\u00e7\u00e3o da Humanidade e do planeta Terra.[\/vc_column_text]<div class=\"vcex-spacing wpex-w-100 wpex-clear\"><\/div>[vc_media_grid style=&#8221;pagination&#8221; items_per_page=&#8221;8&#8243; element_width=&#8221;3&#8243; grid_id=&#8221;vc_gid:1668383299688-13731b02-da24-1&#8243; include=&#8221;17620,17621,17623,17624,16916,16918,16920,16919,16921,16928,17629,17630,17631,18560,18561&#8243;][\/vc_column][\/vc_row][vc_row][vc_column]<div class=\"vcex-heading vcex-module wpex-text-2xl wpex-font-normal wpex-m-auto wpex-max-w-100 vcex-heading-plain wpex-block\"><span class=\"vcex-heading-inner wpex-inline-block wpex-clr\">Saberes Tradicionais<\/span><\/div><div class=\"vcex-spacing wpex-w-100 wpex-clear\" style=\"height:20px;\"><\/div>[vc_column_text]O Programa de Forma\u00e7\u00e3o Transversal em Saberes Tradicionais constitui um desdobramento da luta por uma pol\u00edtica de inclus\u00e3o e de a\u00e7\u00f5es afirmativas, principalmente para negros e ind\u00edgenas, nas universidades brasileiras.<\/p>\n<p>Fonte: <a href=\"http:\/\/www.saberestradicionais.org\/sobre\/\">http:\/\/www.saberestradicionais.org\/sobre\/<\/a>[\/vc_column_text]<div class=\"vcex-spacing wpex-w-100 wpex-clear\"><\/div>[vc_media_grid element_width=&#8221;3&#8243; grid_id=&#8221;vc_gid:1668383299711-af252367-7e8c-7&#8243; include=&#8221;18563,18564,18565,18566,18567,18568&#8243;]<div class=\"vcex-spacing wpex-w-100 wpex-clear\" style=\"height:40px;\"><\/div>[\/vc_column][\/vc_row][vc_row][vc_column]<div class=\"vcex-heading vcex-module wpex-text-2xl wpex-font-normal wpex-m-auto wpex-max-w-100 vcex-heading-plain wpex-block\"><span class=\"vcex-heading-inner wpex-inline-block wpex-clr\">Evento na Fundep<\/span><\/div><div class=\"vcex-spacing wpex-w-100 wpex-clear\" style=\"height:20px;\"><\/div>[vc_media_grid style=&#8221;pagination&#8221; items_per_page=&#8221;8&#8243; element_width=&#8221;3&#8243; grid_id=&#8221;vc_gid:1668383299727-72d0aebd-1d1e-10&#8243; include=&#8221;18572,18573,18574,18575,18576,18577,18578,18579,18580&#8243;][\/vc_column][\/vc_row][vc_row][vc_column]<div class=\"vcex-heading vcex-module wpex-text-2xl wpex-font-normal wpex-m-auto wpex-max-w-100 vcex-heading-plain wpex-block\"><span class=\"vcex-heading-inner wpex-inline-block wpex-clr\">Domingo no Campus<\/span><\/div><div class=\"vcex-spacing wpex-w-100 wpex-clear\" style=\"height:20px;\"><\/div>[vc_media_grid element_width=&#8221;3&#8243; grid_id=&#8221;vc_gid:1668383299745-c4c81bb6-9987-7&#8243; include=&#8221;18582,18583,18584,18585,18587,18588&#8243;][\/vc_column][\/vc_row]\n","protected":false},"excerpt":{"rendered":"<p>[vc_row][vc_column][\/vc_column][\/vc_row][vc_row][vc_column][vc_separator][\/vc_column][\/vc_row][vc_row][vc_column][vc_column_text]O Evento da Esta\u00e7\u00e3o Ecol\u00f3gica da UFMG discutiu import\u00e2ncia dos trabalhos desenvolvidos pelos brigadistas volunt\u00e1rios e os desafios por eles enfrentados na preven\u00e7\u00e3o e combate aos inc\u00eandios florestais no Brasil,&hellip;<\/p>\n","protected":false},"author":1,"featured_media":0,"parent":16829,"menu_order":0,"comment_status":"closed","ping_status":"closed","template":"","meta":{"_EventAllDay":false,"_EventTimezone":"","_EventStartDate":"","_EventEndDate":"","_EventStartDateUTC":"","_EventEndDateUTC":"","_EventShowMap":false,"_EventShowMapLink":false,"_EventURL":"","_EventCost":"","_EventCostDescription":"","_EventCurrencySymbol":"","_EventCurrencyCode":"","_EventCurrencyPosition":"","_EventDateTimeSeparator":"","_EventTimeRangeSeparator":"","_EventOrganizerID":[],"_EventVenueID":[],"_OrganizerEmail":"","_OrganizerPhone":"","_OrganizerWebsite":"","_VenueAddress":"","_VenueCity":"","_VenueCountry":"","_VenueProvince":"","_VenueState":"","_VenueZip":"","_VenuePhone":"","_VenueURL":"","_VenueStateProvince":"","_VenueLat":"","_VenueLng":"","_VenueShowMap":false,"_VenueShowMapLink":false,"footnotes":""},"class_list":["post-17810","page","type-page","status-publish","hentry","entry","no-media"],"yoast_head":"<!-- This site is optimized with the Yoast SEO plugin v27.5 - https:\/\/yoast.com\/product\/yoast-seo-wordpress\/ -->\n<title>Eventos - Esta\u00e7\u00e3o Ecol\u00f3gica da UFMG<\/title>\n<meta name=\"robots\" content=\"index, follow, max-snippet:-1, max-image-preview:large, max-video-preview:-1\" \/>\n<link rel=\"canonical\" href=\"https:\/\/www.ufmg.br\/estacaoecologica\/institucional\/galeria-de-imagens\/eventos\/\" \/>\n<meta property=\"og:locale\" content=\"pt_BR\" \/>\n<meta property=\"og:type\" content=\"article\" \/>\n<meta property=\"og:title\" content=\"Eventos - Esta\u00e7\u00e3o Ecol\u00f3gica da UFMG\" \/>\n<meta property=\"og:description\" content=\"[vc_row][vc_column][\/vc_column][\/vc_row][vc_row][vc_column][vc_separator][\/vc_column][\/vc_row][vc_row][vc_column][vc_column_text]O Evento da Esta\u00e7\u00e3o Ecol\u00f3gica da UFMG discutiu import\u00e2ncia dos trabalhos desenvolvidos pelos brigadistas volunt\u00e1rios e os desafios por eles enfrentados na preven\u00e7\u00e3o e combate aos inc\u00eandios florestais no Brasil,&hellip;\" \/>\n<meta property=\"og:url\" content=\"https:\/\/www.ufmg.br\/estacaoecologica\/institucional\/galeria-de-imagens\/eventos\/\" \/>\n<meta property=\"og:site_name\" content=\"Esta\u00e7\u00e3o Ecol\u00f3gica da UFMG\" \/>\n<meta property=\"article:modified_time\" content=\"2022-11-13T23:49:41+00:00\" \/>\n<meta name=\"twitter:card\" content=\"summary_large_image\" \/>\n<meta name=\"twitter:label1\" content=\"Est. tempo de leitura\" \/>\n\t<meta name=\"twitter:data1\" content=\"2 minutos\" \/>\n<script type=\"application\/ld+json\" class=\"yoast-schema-graph\">{\"@context\":\"https:\\\/\\\/schema.org\",\"@graph\":[{\"@type\":\"WebPage\",\"@id\":\"https:\\\/\\\/www.ufmg.br\\\/estacaoecologica\\\/institucional\\\/galeria-de-imagens\\\/eventos\\\/\",\"url\":\"https:\\\/\\\/www.ufmg.br\\\/estacaoecologica\\\/institucional\\\/galeria-de-imagens\\\/eventos\\\/\",\"name\":\"Eventos - Esta\u00e7\u00e3o Ecol\u00f3gica da UFMG\",\"isPartOf\":{\"@id\":\"https:\\\/\\\/www.ufmg.br\\\/estacaoecologica\\\/#website\"},\"datePublished\":\"2020-09-03T01:20:02+00:00\",\"dateModified\":\"2022-11-13T23:49:41+00:00\",\"breadcrumb\":{\"@id\":\"https:\\\/\\\/www.ufmg.br\\\/estacaoecologica\\\/institucional\\\/galeria-de-imagens\\\/eventos\\\/#breadcrumb\"},\"inLanguage\":\"pt-BR\",\"potentialAction\":[{\"@type\":\"ReadAction\",\"target\":[\"https:\\\/\\\/www.ufmg.br\\\/estacaoecologica\\\/institucional\\\/galeria-de-imagens\\\/eventos\\\/\"]}]},{\"@type\":\"BreadcrumbList\",\"@id\":\"https:\\\/\\\/www.ufmg.br\\\/estacaoecologica\\\/institucional\\\/galeria-de-imagens\\\/eventos\\\/#breadcrumb\",\"itemListElement\":[{\"@type\":\"ListItem\",\"position\":1,\"name\":\"In\u00edcio\",\"item\":\"https:\\\/\\\/www.ufmg.br\\\/estacaoecologica\\\/\"},{\"@type\":\"ListItem\",\"position\":2,\"name\":\"Institucional\",\"item\":\"https:\\\/\\\/www.ufmg.br\\\/estacaoecologica\\\/institucional\\\/\"},{\"@type\":\"ListItem\",\"position\":3,\"name\":\"Galeria de Imagens\",\"item\":\"https:\\\/\\\/www.ufmg.br\\\/estacaoecologica\\\/institucional\\\/galeria-de-imagens\\\/\"},{\"@type\":\"ListItem\",\"position\":4,\"name\":\"Eventos\"}]},{\"@type\":\"WebSite\",\"@id\":\"https:\\\/\\\/www.ufmg.br\\\/estacaoecologica\\\/#website\",\"url\":\"https:\\\/\\\/www.ufmg.br\\\/estacaoecologica\\\/\",\"name\":\"Esta\u00e7\u00e3o Ecol\u00f3gica da UFMG\",\"description\":\"Natureza, hist\u00f3ria e preserva\u00e7\u00e3o\",\"publisher\":{\"@id\":\"https:\\\/\\\/www.ufmg.br\\\/estacaoecologica\\\/#organization\"},\"potentialAction\":[{\"@type\":\"SearchAction\",\"target\":{\"@type\":\"EntryPoint\",\"urlTemplate\":\"https:\\\/\\\/www.ufmg.br\\\/estacaoecologica\\\/?s={search_term_string}\"},\"query-input\":{\"@type\":\"PropertyValueSpecification\",\"valueRequired\":true,\"valueName\":\"search_term_string\"}}],\"inLanguage\":\"pt-BR\"},{\"@type\":\"Organization\",\"@id\":\"https:\\\/\\\/www.ufmg.br\\\/estacaoecologica\\\/#organization\",\"name\":\"Esta\u00e7\u00e3o Ecol\u00f3gica da UFMG\",\"url\":\"https:\\\/\\\/www.ufmg.br\\\/estacaoecologica\\\/\",\"logo\":{\"@type\":\"ImageObject\",\"inLanguage\":\"pt-BR\",\"@id\":\"https:\\\/\\\/www.ufmg.br\\\/estacaoecologica\\\/#\\\/schema\\\/logo\\\/image\\\/\",\"url\":\"https:\\\/\\\/www.ufmg.br\\\/estacaoecologica\\\/wp-content\\\/uploads\\\/2020\\\/04\\\/logo-proex-v2.png\",\"contentUrl\":\"https:\\\/\\\/www.ufmg.br\\\/estacaoecologica\\\/wp-content\\\/uploads\\\/2020\\\/04\\\/logo-proex-v2.png\",\"width\":500,\"height\":104,\"caption\":\"Esta\u00e7\u00e3o Ecol\u00f3gica da UFMG\"},\"image\":{\"@id\":\"https:\\\/\\\/www.ufmg.br\\\/estacaoecologica\\\/#\\\/schema\\\/logo\\\/image\\\/\"}}]}<\/script>\n<!-- \/ Yoast SEO plugin. -->","yoast_head_json":{"title":"Eventos - Esta\u00e7\u00e3o Ecol\u00f3gica da UFMG","robots":{"index":"index","follow":"follow","max-snippet":"max-snippet:-1","max-image-preview":"max-image-preview:large","max-video-preview":"max-video-preview:-1"},"canonical":"https:\/\/www.ufmg.br\/estacaoecologica\/institucional\/galeria-de-imagens\/eventos\/","og_locale":"pt_BR","og_type":"article","og_title":"Eventos - Esta\u00e7\u00e3o Ecol\u00f3gica da UFMG","og_description":"[vc_row][vc_column][\/vc_column][\/vc_row][vc_row][vc_column][vc_separator][\/vc_column][\/vc_row][vc_row][vc_column][vc_column_text]O Evento da Esta\u00e7\u00e3o Ecol\u00f3gica da UFMG discutiu import\u00e2ncia dos trabalhos desenvolvidos pelos brigadistas volunt\u00e1rios e os desafios por eles enfrentados na preven\u00e7\u00e3o e combate aos inc\u00eandios florestais no Brasil,&hellip;","og_url":"https:\/\/www.ufmg.br\/estacaoecologica\/institucional\/galeria-de-imagens\/eventos\/","og_site_name":"Esta\u00e7\u00e3o Ecol\u00f3gica da UFMG","article_modified_time":"2022-11-13T23:49:41+00:00","twitter_card":"summary_large_image","twitter_misc":{"Est. tempo de leitura":"2 minutos"},"schema":{"@context":"https:\/\/schema.org","@graph":[{"@type":"WebPage","@id":"https:\/\/www.ufmg.br\/estacaoecologica\/institucional\/galeria-de-imagens\/eventos\/","url":"https:\/\/www.ufmg.br\/estacaoecologica\/institucional\/galeria-de-imagens\/eventos\/","name":"Eventos - Esta\u00e7\u00e3o Ecol\u00f3gica da UFMG","isPartOf":{"@id":"https:\/\/www.ufmg.br\/estacaoecologica\/#website"},"datePublished":"2020-09-03T01:20:02+00:00","dateModified":"2022-11-13T23:49:41+00:00","breadcrumb":{"@id":"https:\/\/www.ufmg.br\/estacaoecologica\/institucional\/galeria-de-imagens\/eventos\/#breadcrumb"},"inLanguage":"pt-BR","potentialAction":[{"@type":"ReadAction","target":["https:\/\/www.ufmg.br\/estacaoecologica\/institucional\/galeria-de-imagens\/eventos\/"]}]},{"@type":"BreadcrumbList","@id":"https:\/\/www.ufmg.br\/estacaoecologica\/institucional\/galeria-de-imagens\/eventos\/#breadcrumb","itemListElement":[{"@type":"ListItem","position":1,"name":"In\u00edcio","item":"https:\/\/www.ufmg.br\/estacaoecologica\/"},{"@type":"ListItem","position":2,"name":"Institucional","item":"https:\/\/www.ufmg.br\/estacaoecologica\/institucional\/"},{"@type":"ListItem","position":3,"name":"Galeria de Imagens","item":"https:\/\/www.ufmg.br\/estacaoecologica\/institucional\/galeria-de-imagens\/"},{"@type":"ListItem","position":4,"name":"Eventos"}]},{"@type":"WebSite","@id":"https:\/\/www.ufmg.br\/estacaoecologica\/#website","url":"https:\/\/www.ufmg.br\/estacaoecologica\/","name":"Esta\u00e7\u00e3o Ecol\u00f3gica da UFMG","description":"Natureza, hist\u00f3ria e preserva\u00e7\u00e3o","publisher":{"@id":"https:\/\/www.ufmg.br\/estacaoecologica\/#organization"},"potentialAction":[{"@type":"SearchAction","target":{"@type":"EntryPoint","urlTemplate":"https:\/\/www.ufmg.br\/estacaoecologica\/?s={search_term_string}"},"query-input":{"@type":"PropertyValueSpecification","valueRequired":true,"valueName":"search_term_string"}}],"inLanguage":"pt-BR"},{"@type":"Organization","@id":"https:\/\/www.ufmg.br\/estacaoecologica\/#organization","name":"Esta\u00e7\u00e3o Ecol\u00f3gica da UFMG","url":"https:\/\/www.ufmg.br\/estacaoecologica\/","logo":{"@type":"ImageObject","inLanguage":"pt-BR","@id":"https:\/\/www.ufmg.br\/estacaoecologica\/#\/schema\/logo\/image\/","url":"https:\/\/www.ufmg.br\/estacaoecologica\/wp-content\/uploads\/2020\/04\/logo-proex-v2.png","contentUrl":"https:\/\/www.ufmg.br\/estacaoecologica\/wp-content\/uploads\/2020\/04\/logo-proex-v2.png","width":500,"height":104,"caption":"Esta\u00e7\u00e3o Ecol\u00f3gica da UFMG"},"image":{"@id":"https:\/\/www.ufmg.br\/estacaoecologica\/#\/schema\/logo\/image\/"}}]}},"_links":{"self":[{"href":"https:\/\/www.ufmg.br\/estacaoecologica\/wp-json\/wp\/v2\/pages\/17810","targetHints":{"allow":["GET"]}}],"collection":[{"href":"https:\/\/www.ufmg.br\/estacaoecologica\/wp-json\/wp\/v2\/pages"}],"about":[{"href":"https:\/\/www.ufmg.br\/estacaoecologica\/wp-json\/wp\/v2\/types\/page"}],"author":[{"embeddable":true,"href":"https:\/\/www.ufmg.br\/estacaoecologica\/wp-json\/wp\/v2\/users\/1"}],"replies":[{"embeddable":true,"href":"https:\/\/www.ufmg.br\/estacaoecologica\/wp-json\/wp\/v2\/comments?post=17810"}],"version-history":[{"count":35,"href":"https:\/\/www.ufmg.br\/estacaoecologica\/wp-json\/wp\/v2\/pages\/17810\/revisions"}],"predecessor-version":[{"id":19947,"href":"https:\/\/www.ufmg.br\/estacaoecologica\/wp-json\/wp\/v2\/pages\/17810\/revisions\/19947"}],"up":[{"embeddable":true,"href":"https:\/\/www.ufmg.br\/estacaoecologica\/wp-json\/wp\/v2\/pages\/16829"}],"wp:attachment":[{"href":"https:\/\/www.ufmg.br\/estacaoecologica\/wp-json\/wp\/v2\/media?parent=17810"}],"curies":[{"name":"wp","href":"https:\/\/api.w.org\/{rel}","templated":true}]}}