{"id":19083,"date":"2021-02-01T16:47:45","date_gmt":"2021-02-01T18:47:45","guid":{"rendered":"https:\/\/www.ufmg.br\/estacaoecologica-novo2\/?page_id=19083"},"modified":"2022-08-24T16:37:33","modified_gmt":"2022-08-24T19:37:33","slug":"estrutura","status":"publish","type":"page","link":"https:\/\/www.ufmg.br\/estacaoecologica\/institucional\/estrutura\/","title":{"rendered":"Estrutura"},"content":{"rendered":"[vc_row][vc_column]<nav class=\"vcex-breadcrumbs\" style=\"font-size:14px;\"><span><span><a href=\"https:\/\/www.ufmg.br\/estacaoecologica\/\">In\u00edcio<\/a><\/span><\/span><\/nav>[\/vc_column][\/vc_row][vc_row][vc_column]<figure class=\"vcex-image vcex-module wpex-clr figcaption-legenda\"><div class=\"vcex-image-inner wpex-relative wpex-inline-block\"><a href=\"https:\/\/www.ufmg.br\/estacaoecologica\/wp-content\/uploads\/2020\/05\/administracao-estacao.jpg\" class=\"wpex-lightbox\"><img decoding=\"async\" width=\"1280\" height=\"548\" src=\"https:\/\/www.ufmg.br\/estacaoecologica\/wp-content\/uploads\/2020\/05\/administracao-estacao.jpg\" class=\"wpex-align-middle\" alt=\"Vista frontal da administra\u00e7\u00e3o da Esta\u00e7\u00e3o Ecol\u00f3gica da UFMG. (foto acervo)\" loading=\"lazy\" srcset=\"https:\/\/www.ufmg.br\/estacaoecologica\/wp-content\/uploads\/2020\/05\/administracao-estacao.jpg 1280w, https:\/\/www.ufmg.br\/estacaoecologica\/wp-content\/uploads\/2020\/05\/administracao-estacao-300x128.jpg 300w, https:\/\/www.ufmg.br\/estacaoecologica\/wp-content\/uploads\/2020\/05\/administracao-estacao-1024x438.jpg 1024w, https:\/\/www.ufmg.br\/estacaoecologica\/wp-content\/uploads\/2020\/05\/administracao-estacao-768x329.jpg 768w\" sizes=\"auto, (max-width: 1280px) 100vw, 1280px\" \/><\/a><\/div><figcaption class=\"wpex-mt-10\">Vista frontal da administra\u00e7\u00e3o da Esta\u00e7\u00e3o Ecol\u00f3gica da UFMG. (foto acervo)<\/figcaption><\/figure>[\/vc_column][\/vc_row][vc_row][vc_column]<h1 class=\"vcex-heading vcex-module wpex-text-2xl wpex-font-normal wpex-m-auto wpex-max-w-100 vcex-heading-plain wpex-block wpex-italic\" style=\"color:#254151;font-family:Merriweather;font-size:32px;letter-spacing:-1px;font-weight:800;line-height:48px;\"><span class=\"vcex-heading-inner wpex-inline-block wpex-clr\">Esta\u00e7\u00e3o Ecol\u00f3gica da UFMG<\/span><\/h1>[vc_separator][\/vc_column][\/vc_row][vc_row][vc_column][vc_column_text]EEco-UFMG tem a seguinte estrutura organizacional:<\/p>\n<ul>\n<li>I &#8211; Conselho Diretor;<\/li>\n<li>II &#8211; Diretoria;<\/li>\n<li>III &#8211; Se\u00e7\u00e3o de Apoio Administrativo;<\/li>\n<li>IV &#8211; N\u00facleo de Apoio Acad\u00eamico.<\/li>\n<\/ul>\n<p>O Conselho Diretor, \u00f3rg\u00e3o superior de delibera\u00e7\u00e3o da EEco-UFMG, \u00e9 constitu\u00eddo por 10 (dez) membros e, entre outras fun\u00e7\u00f5es, \u00e9 respons\u00e1vel por deliberar sobre a pol\u00edtica e as diretrizes da Esta\u00e7\u00e3o Ecol\u00f3gica, em conson\u00e2ncia com o Regimento Interno da Esta\u00e7\u00e3o.<\/p>\n<p>A Diretoria \u00e9 integrada por 2 (dois) docentes, ocupantes do cargo de Diretor e de Vice-Diretor, respectivamente, nomeados pelo Reitor, ouvido o Conselho de Ensino, Pesquisa e Extens\u00e3o (CEPE) da UFMG, com mandato de 2 (dois) anos, permitida a recondu\u00e7\u00e3o. A Diretoria \u00e9 a inst\u00e2ncia respons\u00e1vel por fazer cumprir os objetivos e finalidades da Esta\u00e7\u00e3o Ecol\u00f3gica e executar as determina\u00e7\u00f5es do Conselho Diretor.<\/p>\n<p>A se\u00e7\u00e3o de Apoio Administrativo \u00e9 composta pelo Gerente Administrativo e pelos servidores t\u00e9cnico-administrativos, em exerc\u00edcio na EEco-UFMG, com fun\u00e7\u00e3o de assessorar e cumprir as determina\u00e7\u00f5es da Diretoria.<\/p>\n<p>O N\u00facleo de Apoio Acad\u00eamico da EEco-UFMG tem car\u00e1ter consultivo e \u00e9 composto pela diretoria, pelo Gerente Administrativo e por 03 (tr\u00eas) representantes, pertencentes ao quadro de docentes da UFMG. Cabe ao N\u00facleo, entre outras atribui\u00e7\u00f5es, emitir pareceres sobre atividades de pesquisa, ensino e extens\u00e3o desenvolvidas na Esta\u00e7\u00e3o Ecol\u00f3gica.[\/vc_column_text]<div class=\"vcex-spacing wpex-w-100 wpex-clear\"><\/div>[\/vc_column][\/vc_row][vc_row][vc_column]<div class=\"theme-button-wrap textcenter wpex-clr\"><a href=\"https:\/\/www.ufmg.br\/estacaoecologica\/wp-content\/uploads\/2021\/03\/RESOLUC\u0327A\u0303O-03_2021-E-REGIMENTO-EECO.pdf\" class=\"vcex-button theme-button align-center inline\" target=\"_blank\" style=\"background:#fcca3d;padding-top:8px;padding-right:24px;padding-bottom:8px;padding-left:24px;font-size:16px;font-weight:600;border-radius:45px;\" rel=\"noopener noreferrer\" data-wpex-hover='{&quot;background&quot;:&quot;#013f51&quot;}'><span class=\"theme-button-inner\">Resolu\u00e7\u00e3o 03\/2021 &#8211; Regimento Interno<\/span><\/a><\/div> <div class=\"vcex-spacing wpex-w-100 wpex-clear\"><\/div><div class=\"theme-button-wrap textcenter wpex-clr\"><a href=\"https:\/\/www.ufmg.br\/estacaoecologica\/wp-content\/uploads\/2022\/06\/PLANO-DE-MANEJO-FINAL_11_maio.pdf\" class=\"vcex-button theme-button align-center inline\" target=\"_blank\" style=\"background:#fcca3d;padding-top:8px;padding-right:24px;padding-bottom:8px;padding-left:24px;font-size:16px;font-weight:600;border-radius:45px;\" rel=\"noopener noreferrer\" data-wpex-hover='{&quot;background&quot;:&quot;#013f51&quot;}'><span class=\"theme-button-inner\">Plano de Manejo da EECO (*)<\/span><\/a><\/div> <div class=\"vcex-spacing wpex-w-100 wpex-clear\"><\/div><div class=\"theme-button-wrap textcenter wpex-clr\"><a href=\"https:\/\/www.ufmg.br\/estacaoecologica\/wp-content\/uploads\/2022\/08\/Matriz-de-Planejamento-do-Plano-de-Manejo-da-Estacao-Ecologica-da-UFMG.pdf\" class=\"vcex-button theme-button align-center inline\" target=\"_blank\" style=\"background:#fcca3d;padding-top:8px;padding-right:24px;padding-bottom:8px;padding-left:24px;font-size:16px;font-weight:600;border-radius:45px;\" rel=\"noopener noreferrer\" data-wpex-hover='{&quot;background&quot;:&quot;#013f51&quot;}'><span class=\"theme-button-inner\">Matriz do Plano de Manejo da EECO<\/span><\/a><\/div> <div class=\"vcex-spacing wpex-w-100 wpex-clear\"><\/div><div class=\"theme-button-wrap textcenter wpex-clr\"><a href=\"https:\/\/www.ufmg.br\/estacaoecologica\/wp-content\/uploads\/2022\/08\/Mata-do-Campus-da-UFMG.pdf\" class=\"vcex-button theme-button align-center inline\" target=\"_blank\" style=\"background:#fcca3d;padding-top:8px;padding-right:24px;padding-bottom:8px;padding-left:24px;font-size:16px;font-weight:600;border-radius:45px;\" rel=\"noopener noreferrer\" data-wpex-hover='{&quot;background&quot;:&quot;#013f51&quot;}'><span class=\"theme-button-inner\">Processo de Tombamento da EEco-UFMG<\/span><\/a><\/div> <div class=\"vcex-spacing wpex-w-100 wpex-clear\"><\/div>[vc_column_text]\n<pre>(*) O Plano de Manejo da Esta\u00e7\u00e3o Ecol\u00f3gica da UFMG encontra-se em fase de \"<em>diagrama\u00e7\u00e3o<\/em>\".<\/pre>\n[\/vc_column_text][\/vc_column][\/vc_row]\n","protected":false},"excerpt":{"rendered":"<p>[vc_row][vc_column][\/vc_column][\/vc_row][vc_row][vc_column][\/vc_column][\/vc_row][vc_row][vc_column][vc_separator][\/vc_column][\/vc_row][vc_row][vc_column][vc_column_text]EEco-UFMG tem a seguinte estrutura organizacional: I &#8211; Conselho Diretor; II &#8211; Diretoria; III &#8211; Se\u00e7\u00e3o de Apoio Administrativo; IV &#8211; N\u00facleo de Apoio Acad\u00eamico. O Conselho Diretor, \u00f3rg\u00e3o superior&hellip;<\/p>\n","protected":false},"author":1,"featured_media":0,"parent":16820,"menu_order":1,"comment_status":"closed","ping_status":"closed","template":"","meta":{"_EventAllDay":false,"_EventTimezone":"","_EventStartDate":"","_EventEndDate":"","_EventStartDateUTC":"","_EventEndDateUTC":"","_EventShowMap":false,"_EventShowMapLink":false,"_EventURL":"","_EventCost":"","_EventCostDescription":"","_EventCurrencySymbol":"","_EventCurrencyCode":"","_EventCurrencyPosition":"","_EventDateTimeSeparator":"","_EventTimeRangeSeparator":"","_EventOrganizerID":[],"_EventVenueID":[],"_OrganizerEmail":"","_OrganizerPhone":"","_OrganizerWebsite":"","_VenueAddress":"","_VenueCity":"","_VenueCountry":"","_VenueProvince":"","_VenueState":"","_VenueZip":"","_VenuePhone":"","_VenueURL":"","_VenueStateProvince":"","_VenueLat":"","_VenueLng":"","_VenueShowMap":false,"_VenueShowMapLink":false,"footnotes":""},"class_list":["post-19083","page","type-page","status-publish","hentry","entry","no-media"],"yoast_head":"<!-- This site is optimized with the Yoast SEO plugin v27.6 - https:\/\/yoast.com\/product\/yoast-seo-wordpress\/ -->\n<title>Estrutura - Esta\u00e7\u00e3o Ecol\u00f3gica da UFMG<\/title>\n<meta name=\"robots\" content=\"index, follow, max-snippet:-1, max-image-preview:large, max-video-preview:-1\" \/>\n<link rel=\"canonical\" href=\"https:\/\/www.ufmg.br\/estacaoecologica\/institucional\/estrutura\/\" \/>\n<meta property=\"og:locale\" content=\"pt_BR\" \/>\n<meta property=\"og:type\" content=\"article\" \/>\n<meta property=\"og:title\" content=\"Estrutura - Esta\u00e7\u00e3o Ecol\u00f3gica da UFMG\" \/>\n<meta property=\"og:description\" content=\"[vc_row][vc_column][\/vc_column][\/vc_row][vc_row][vc_column][\/vc_column][\/vc_row][vc_row][vc_column][vc_separator][\/vc_column][\/vc_row][vc_row][vc_column][vc_column_text]EEco-UFMG tem a seguinte estrutura organizacional: I &#8211; Conselho Diretor; II &#8211; Diretoria; III &#8211; Se\u00e7\u00e3o de Apoio Administrativo; IV &#8211; N\u00facleo de Apoio Acad\u00eamico. O Conselho Diretor, \u00f3rg\u00e3o superior&hellip;\" \/>\n<meta property=\"og:url\" content=\"https:\/\/www.ufmg.br\/estacaoecologica\/institucional\/estrutura\/\" \/>\n<meta property=\"og:site_name\" content=\"Esta\u00e7\u00e3o Ecol\u00f3gica da UFMG\" \/>\n<meta property=\"article:modified_time\" content=\"2022-08-24T19:37:33+00:00\" \/>\n<meta name=\"twitter:card\" content=\"summary_large_image\" \/>\n<meta name=\"twitter:label1\" content=\"Est. tempo de leitura\" \/>\n\t<meta name=\"twitter:data1\" content=\"2 minutos\" \/>\n<script type=\"application\/ld+json\" class=\"yoast-schema-graph\">{\"@context\":\"https:\\\/\\\/schema.org\",\"@graph\":[{\"@type\":\"WebPage\",\"@id\":\"https:\\\/\\\/www.ufmg.br\\\/estacaoecologica\\\/institucional\\\/estrutura\\\/\",\"url\":\"https:\\\/\\\/www.ufmg.br\\\/estacaoecologica\\\/institucional\\\/estrutura\\\/\",\"name\":\"Estrutura - Esta\u00e7\u00e3o Ecol\u00f3gica da UFMG\",\"isPartOf\":{\"@id\":\"https:\\\/\\\/www.ufmg.br\\\/estacaoecologica\\\/#website\"},\"datePublished\":\"2021-02-01T18:47:45+00:00\",\"dateModified\":\"2022-08-24T19:37:33+00:00\",\"breadcrumb\":{\"@id\":\"https:\\\/\\\/www.ufmg.br\\\/estacaoecologica\\\/institucional\\\/estrutura\\\/#breadcrumb\"},\"inLanguage\":\"pt-BR\",\"potentialAction\":[{\"@type\":\"ReadAction\",\"target\":[\"https:\\\/\\\/www.ufmg.br\\\/estacaoecologica\\\/institucional\\\/estrutura\\\/\"]}]},{\"@type\":\"BreadcrumbList\",\"@id\":\"https:\\\/\\\/www.ufmg.br\\\/estacaoecologica\\\/institucional\\\/estrutura\\\/#breadcrumb\",\"itemListElement\":[{\"@type\":\"ListItem\",\"position\":1,\"name\":\"In\u00edcio\",\"item\":\"https:\\\/\\\/www.ufmg.br\\\/estacaoecologica\\\/\"},{\"@type\":\"ListItem\",\"position\":2,\"name\":\"Institucional\",\"item\":\"https:\\\/\\\/www.ufmg.br\\\/estacaoecologica\\\/institucional\\\/\"},{\"@type\":\"ListItem\",\"position\":3,\"name\":\"Estrutura\"}]},{\"@type\":\"WebSite\",\"@id\":\"https:\\\/\\\/www.ufmg.br\\\/estacaoecologica\\\/#website\",\"url\":\"https:\\\/\\\/www.ufmg.br\\\/estacaoecologica\\\/\",\"name\":\"Esta\u00e7\u00e3o Ecol\u00f3gica da UFMG\",\"description\":\"Natureza, hist\u00f3ria e preserva\u00e7\u00e3o\",\"publisher\":{\"@id\":\"https:\\\/\\\/www.ufmg.br\\\/estacaoecologica\\\/#organization\"},\"potentialAction\":[{\"@type\":\"SearchAction\",\"target\":{\"@type\":\"EntryPoint\",\"urlTemplate\":\"https:\\\/\\\/www.ufmg.br\\\/estacaoecologica\\\/?s={search_term_string}\"},\"query-input\":{\"@type\":\"PropertyValueSpecification\",\"valueRequired\":true,\"valueName\":\"search_term_string\"}}],\"inLanguage\":\"pt-BR\"},{\"@type\":\"Organization\",\"@id\":\"https:\\\/\\\/www.ufmg.br\\\/estacaoecologica\\\/#organization\",\"name\":\"Esta\u00e7\u00e3o Ecol\u00f3gica da UFMG\",\"url\":\"https:\\\/\\\/www.ufmg.br\\\/estacaoecologica\\\/\",\"logo\":{\"@type\":\"ImageObject\",\"inLanguage\":\"pt-BR\",\"@id\":\"https:\\\/\\\/www.ufmg.br\\\/estacaoecologica\\\/#\\\/schema\\\/logo\\\/image\\\/\",\"url\":\"https:\\\/\\\/www.ufmg.br\\\/estacaoecologica\\\/wp-content\\\/uploads\\\/2020\\\/04\\\/logo-proex-v2.png\",\"contentUrl\":\"https:\\\/\\\/www.ufmg.br\\\/estacaoecologica\\\/wp-content\\\/uploads\\\/2020\\\/04\\\/logo-proex-v2.png\",\"width\":500,\"height\":104,\"caption\":\"Esta\u00e7\u00e3o Ecol\u00f3gica da UFMG\"},\"image\":{\"@id\":\"https:\\\/\\\/www.ufmg.br\\\/estacaoecologica\\\/#\\\/schema\\\/logo\\\/image\\\/\"}}]}<\/script>\n<!-- \/ Yoast SEO plugin. -->","yoast_head_json":{"title":"Estrutura - Esta\u00e7\u00e3o Ecol\u00f3gica da UFMG","robots":{"index":"index","follow":"follow","max-snippet":"max-snippet:-1","max-image-preview":"max-image-preview:large","max-video-preview":"max-video-preview:-1"},"canonical":"https:\/\/www.ufmg.br\/estacaoecologica\/institucional\/estrutura\/","og_locale":"pt_BR","og_type":"article","og_title":"Estrutura - Esta\u00e7\u00e3o Ecol\u00f3gica da UFMG","og_description":"[vc_row][vc_column][\/vc_column][\/vc_row][vc_row][vc_column][\/vc_column][\/vc_row][vc_row][vc_column][vc_separator][\/vc_column][\/vc_row][vc_row][vc_column][vc_column_text]EEco-UFMG tem a seguinte estrutura organizacional: I &#8211; Conselho Diretor; II &#8211; Diretoria; III &#8211; Se\u00e7\u00e3o de Apoio Administrativo; IV &#8211; N\u00facleo de Apoio Acad\u00eamico. O Conselho Diretor, \u00f3rg\u00e3o superior&hellip;","og_url":"https:\/\/www.ufmg.br\/estacaoecologica\/institucional\/estrutura\/","og_site_name":"Esta\u00e7\u00e3o Ecol\u00f3gica da UFMG","article_modified_time":"2022-08-24T19:37:33+00:00","twitter_card":"summary_large_image","twitter_misc":{"Est. tempo de leitura":"2 minutos"},"schema":{"@context":"https:\/\/schema.org","@graph":[{"@type":"WebPage","@id":"https:\/\/www.ufmg.br\/estacaoecologica\/institucional\/estrutura\/","url":"https:\/\/www.ufmg.br\/estacaoecologica\/institucional\/estrutura\/","name":"Estrutura - Esta\u00e7\u00e3o Ecol\u00f3gica da UFMG","isPartOf":{"@id":"https:\/\/www.ufmg.br\/estacaoecologica\/#website"},"datePublished":"2021-02-01T18:47:45+00:00","dateModified":"2022-08-24T19:37:33+00:00","breadcrumb":{"@id":"https:\/\/www.ufmg.br\/estacaoecologica\/institucional\/estrutura\/#breadcrumb"},"inLanguage":"pt-BR","potentialAction":[{"@type":"ReadAction","target":["https:\/\/www.ufmg.br\/estacaoecologica\/institucional\/estrutura\/"]}]},{"@type":"BreadcrumbList","@id":"https:\/\/www.ufmg.br\/estacaoecologica\/institucional\/estrutura\/#breadcrumb","itemListElement":[{"@type":"ListItem","position":1,"name":"In\u00edcio","item":"https:\/\/www.ufmg.br\/estacaoecologica\/"},{"@type":"ListItem","position":2,"name":"Institucional","item":"https:\/\/www.ufmg.br\/estacaoecologica\/institucional\/"},{"@type":"ListItem","position":3,"name":"Estrutura"}]},{"@type":"WebSite","@id":"https:\/\/www.ufmg.br\/estacaoecologica\/#website","url":"https:\/\/www.ufmg.br\/estacaoecologica\/","name":"Esta\u00e7\u00e3o Ecol\u00f3gica da UFMG","description":"Natureza, hist\u00f3ria e preserva\u00e7\u00e3o","publisher":{"@id":"https:\/\/www.ufmg.br\/estacaoecologica\/#organization"},"potentialAction":[{"@type":"SearchAction","target":{"@type":"EntryPoint","urlTemplate":"https:\/\/www.ufmg.br\/estacaoecologica\/?s={search_term_string}"},"query-input":{"@type":"PropertyValueSpecification","valueRequired":true,"valueName":"search_term_string"}}],"inLanguage":"pt-BR"},{"@type":"Organization","@id":"https:\/\/www.ufmg.br\/estacaoecologica\/#organization","name":"Esta\u00e7\u00e3o Ecol\u00f3gica da UFMG","url":"https:\/\/www.ufmg.br\/estacaoecologica\/","logo":{"@type":"ImageObject","inLanguage":"pt-BR","@id":"https:\/\/www.ufmg.br\/estacaoecologica\/#\/schema\/logo\/image\/","url":"https:\/\/www.ufmg.br\/estacaoecologica\/wp-content\/uploads\/2020\/04\/logo-proex-v2.png","contentUrl":"https:\/\/www.ufmg.br\/estacaoecologica\/wp-content\/uploads\/2020\/04\/logo-proex-v2.png","width":500,"height":104,"caption":"Esta\u00e7\u00e3o Ecol\u00f3gica da UFMG"},"image":{"@id":"https:\/\/www.ufmg.br\/estacaoecologica\/#\/schema\/logo\/image\/"}}]}},"_links":{"self":[{"href":"https:\/\/www.ufmg.br\/estacaoecologica\/wp-json\/wp\/v2\/pages\/19083","targetHints":{"allow":["GET"]}}],"collection":[{"href":"https:\/\/www.ufmg.br\/estacaoecologica\/wp-json\/wp\/v2\/pages"}],"about":[{"href":"https:\/\/www.ufmg.br\/estacaoecologica\/wp-json\/wp\/v2\/types\/page"}],"author":[{"embeddable":true,"href":"https:\/\/www.ufmg.br\/estacaoecologica\/wp-json\/wp\/v2\/users\/1"}],"replies":[{"embeddable":true,"href":"https:\/\/www.ufmg.br\/estacaoecologica\/wp-json\/wp\/v2\/comments?post=19083"}],"version-history":[{"count":13,"href":"https:\/\/www.ufmg.br\/estacaoecologica\/wp-json\/wp\/v2\/pages\/19083\/revisions"}],"predecessor-version":[{"id":19479,"href":"https:\/\/www.ufmg.br\/estacaoecologica\/wp-json\/wp\/v2\/pages\/19083\/revisions\/19479"}],"up":[{"embeddable":true,"href":"https:\/\/www.ufmg.br\/estacaoecologica\/wp-json\/wp\/v2\/pages\/16820"}],"wp:attachment":[{"href":"https:\/\/www.ufmg.br\/estacaoecologica\/wp-json\/wp\/v2\/media?parent=19083"}],"curies":[{"name":"wp","href":"https:\/\/api.w.org\/{rel}","templated":true}]}}